{"id":41256,"date":"2021-10-15T12:39:52","date_gmt":"2021-10-15T12:39:52","guid":{"rendered":"https:\/\/scorecardhub.org\/?page_id=41256"},"modified":"2021-10-15T12:40:07","modified_gmt":"2021-10-15T12:40:07","slug":"sobre-a-alma","status":"publish","type":"page","link":"https:\/\/scorecardhub.org\/pt-pt\/sobre-a-alma\/","title":{"rendered":"Sobre a ALMA"},"content":{"rendered":"\n<p>O Centro de comunica\u00e7\u00e3o do cart\u00e3o de pontua\u00e7\u00e3o da ALMA foi criado pela A Alian\u00e7a dos L\u00edderes Africanos contra a Mal\u00e1ria (ALMA).<\/p>\n\n\n\n<p>A <a href=\"https:\/\/alma2030.org\/\">Alian\u00e7a dos L\u00edderes Africanos contra a Mal\u00e1ria<\/a> \u00e9 uma coliga\u00e7\u00e3o de Chefes de Estado e de Governo da Uni\u00e3o Africana criada para promover a responsabilidade e ac\u00e7\u00f5es para obter resultados contra:<\/p>\n\n\n\n<ul class=\"wp-block-list\"><li>Mal\u00e1ria<\/li><li>Doen\u00e7as tropicais negligenciadas (TDN)<\/li><li>Sa\u00fade reprodutiva, materna, neonatal, infantil e adolescente (SRMNIA)<\/li><li>Nutri\u00e7\u00e3o<\/li><\/ul>\n","protected":false},"excerpt":{"rendered":"<p>O Centro de comunica\u00e7\u00e3o do cart\u00e3o de pontua\u00e7\u00e3o da ALMA foi criado pela A Alian\u00e7a dos L\u00edderes Africanos contra a Mal\u00e1ria (ALMA). A Alian\u00e7a dos L\u00edderes Africanos contra a Mal\u00e1ria [&hellip;]<\/p>\n","protected":false},"author":14,"featured_media":0,"parent":0,"menu_order":0,"comment_status":"closed","ping_status":"closed","template":"","meta":{"footnotes":""},"class_list":["post-41256","page","type-page","status-publish","hentry"],"acf":[],"yoast_head":"<!-- This site is optimized with the Yoast SEO plugin v26.8 - https:\/\/yoast.com\/product\/yoast-seo-wordpress\/ -->\n<title>Sobre a ALMA - ALMA Scorecard Hub<\/title>\n<meta name=\"robots\" content=\"index, follow, max-snippet:-1, max-image-preview:large, max-video-preview:-1\" \/>\n<link rel=\"canonical\" href=\"https:\/\/scorecardhub.org\/pt-pt\/sobre-a-alma\/\" \/>\n<meta property=\"og:locale\" content=\"pt_PT\" \/>\n<meta property=\"og:type\" content=\"article\" \/>\n<meta property=\"og:title\" content=\"Sobre a ALMA - ALMA Scorecard Hub\" \/>\n<meta property=\"og:description\" content=\"O Centro de comunica\u00e7\u00e3o do cart\u00e3o de pontua\u00e7\u00e3o da ALMA foi criado pela A Alian\u00e7a dos L\u00edderes Africanos contra a Mal\u00e1ria (ALMA). A Alian\u00e7a dos L\u00edderes Africanos contra a Mal\u00e1ria [&hellip;]\" \/>\n<meta property=\"og:url\" content=\"https:\/\/scorecardhub.org\/pt-pt\/sobre-a-alma\/\" \/>\n<meta property=\"og:site_name\" content=\"ALMA Scorecard Hub\" \/>\n<meta property=\"article:modified_time\" content=\"2021-10-15T12:40:07+00:00\" \/>\n<meta property=\"og:image\" content=\"https:\/\/scorecardhub.org\/wp-content\/uploads\/2021\/02\/scorecard-hub-generic-colourful-thumbnail.png\" \/>\n\t<meta property=\"og:image:width\" content=\"800\" \/>\n\t<meta property=\"og:image:height\" content=\"450\" \/>\n\t<meta property=\"og:image:type\" content=\"image\/png\" \/>\n<meta name=\"twitter:card\" content=\"summary_large_image\" \/>\n<meta name=\"twitter:site\" content=\"@ALMA_2030\" \/>\n<meta name=\"twitter:label1\" content=\"Tempo estimado de leitura\" \/>\n\t<meta name=\"twitter:data1\" content=\"1 minuto\" \/>\n<script type=\"application\/ld+json\" class=\"yoast-schema-graph\">{\"@context\":\"https:\/\/schema.org\",\"@graph\":[{\"@type\":\"WebPage\",\"@id\":\"https:\/\/scorecardhub.org\/pt-pt\/sobre-a-alma\/\",\"url\":\"https:\/\/scorecardhub.org\/pt-pt\/sobre-a-alma\/\",\"name\":\"Sobre a ALMA - ALMA Scorecard Hub\",\"isPartOf\":{\"@id\":\"https:\/\/scorecardhub.org\/pt-pt\/#website\"},\"datePublished\":\"2021-10-15T12:39:52+00:00\",\"dateModified\":\"2021-10-15T12:40:07+00:00\",\"breadcrumb\":{\"@id\":\"https:\/\/scorecardhub.org\/pt-pt\/sobre-a-alma\/#breadcrumb\"},\"inLanguage\":\"pt-PT\",\"potentialAction\":[{\"@type\":\"ReadAction\",\"target\":[\"https:\/\/scorecardhub.org\/pt-pt\/sobre-a-alma\/\"]}]},{\"@type\":\"BreadcrumbList\",\"@id\":\"https:\/\/scorecardhub.org\/pt-pt\/sobre-a-alma\/#breadcrumb\",\"itemListElement\":[{\"@type\":\"ListItem\",\"position\":1,\"name\":\"Home\",\"item\":\"https:\/\/scorecardhub.org\/pt-pt\/\"},{\"@type\":\"ListItem\",\"position\":2,\"name\":\"Sobre a ALMA\"}]},{\"@type\":\"WebSite\",\"@id\":\"https:\/\/scorecardhub.org\/pt-pt\/#website\",\"url\":\"https:\/\/scorecardhub.org\/pt-pt\/\",\"name\":\"ALMA Scorecard Hub\",\"description\":\"\",\"publisher\":{\"@id\":\"https:\/\/scorecardhub.org\/pt-pt\/#organization\"},\"potentialAction\":[{\"@type\":\"SearchAction\",\"target\":{\"@type\":\"EntryPoint\",\"urlTemplate\":\"https:\/\/scorecardhub.org\/pt-pt\/?s={search_term_string}\"},\"query-input\":{\"@type\":\"PropertyValueSpecification\",\"valueRequired\":true,\"valueName\":\"search_term_string\"}}],\"inLanguage\":\"pt-PT\"},{\"@type\":\"Organization\",\"@id\":\"https:\/\/scorecardhub.org\/pt-pt\/#organization\",\"name\":\"ALMA Scorecard Hub\",\"url\":\"https:\/\/scorecardhub.org\/pt-pt\/\",\"logo\":{\"@type\":\"ImageObject\",\"inLanguage\":\"pt-PT\",\"@id\":\"https:\/\/scorecardhub.org\/pt-pt\/#\/schema\/logo\/image\/\",\"url\":\"https:\/\/scorecardhub.org\/wp-content\/uploads\/2021\/02\/alma_logo-1.svg\",\"contentUrl\":\"https:\/\/scorecardhub.org\/wp-content\/uploads\/2021\/02\/alma_logo-1.svg\",\"width\":276,\"height\":58,\"caption\":\"ALMA Scorecard Hub\"},\"image\":{\"@id\":\"https:\/\/scorecardhub.org\/pt-pt\/#\/schema\/logo\/image\/\"},\"sameAs\":[\"https:\/\/x.com\/ALMA_2030\"]}]}<\/script>\n<!-- \/ Yoast SEO plugin. -->","yoast_head_json":{"title":"Sobre a ALMA - ALMA Scorecard Hub","robots":{"index":"index","follow":"follow","max-snippet":"max-snippet:-1","max-image-preview":"max-image-preview:large","max-video-preview":"max-video-preview:-1"},"canonical":"https:\/\/scorecardhub.org\/pt-pt\/sobre-a-alma\/","og_locale":"pt_PT","og_type":"article","og_title":"Sobre a ALMA - ALMA Scorecard Hub","og_description":"O Centro de comunica\u00e7\u00e3o do cart\u00e3o de pontua\u00e7\u00e3o da ALMA foi criado pela A Alian\u00e7a dos L\u00edderes Africanos contra a Mal\u00e1ria (ALMA). A Alian\u00e7a dos L\u00edderes Africanos contra a Mal\u00e1ria [&hellip;]","og_url":"https:\/\/scorecardhub.org\/pt-pt\/sobre-a-alma\/","og_site_name":"ALMA Scorecard Hub","article_modified_time":"2021-10-15T12:40:07+00:00","og_image":[{"width":800,"height":450,"url":"https:\/\/scorecardhub.org\/wp-content\/uploads\/2021\/02\/scorecard-hub-generic-colourful-thumbnail.png","type":"image\/png"}],"twitter_card":"summary_large_image","twitter_site":"@ALMA_2030","twitter_misc":{"Tempo estimado de leitura":"1 minuto"},"schema":{"@context":"https:\/\/schema.org","@graph":[{"@type":"WebPage","@id":"https:\/\/scorecardhub.org\/pt-pt\/sobre-a-alma\/","url":"https:\/\/scorecardhub.org\/pt-pt\/sobre-a-alma\/","name":"Sobre a ALMA - ALMA Scorecard Hub","isPartOf":{"@id":"https:\/\/scorecardhub.org\/pt-pt\/#website"},"datePublished":"2021-10-15T12:39:52+00:00","dateModified":"2021-10-15T12:40:07+00:00","breadcrumb":{"@id":"https:\/\/scorecardhub.org\/pt-pt\/sobre-a-alma\/#breadcrumb"},"inLanguage":"pt-PT","potentialAction":[{"@type":"ReadAction","target":["https:\/\/scorecardhub.org\/pt-pt\/sobre-a-alma\/"]}]},{"@type":"BreadcrumbList","@id":"https:\/\/scorecardhub.org\/pt-pt\/sobre-a-alma\/#breadcrumb","itemListElement":[{"@type":"ListItem","position":1,"name":"Home","item":"https:\/\/scorecardhub.org\/pt-pt\/"},{"@type":"ListItem","position":2,"name":"Sobre a ALMA"}]},{"@type":"WebSite","@id":"https:\/\/scorecardhub.org\/pt-pt\/#website","url":"https:\/\/scorecardhub.org\/pt-pt\/","name":"ALMA Scorecard Hub","description":"","publisher":{"@id":"https:\/\/scorecardhub.org\/pt-pt\/#organization"},"potentialAction":[{"@type":"SearchAction","target":{"@type":"EntryPoint","urlTemplate":"https:\/\/scorecardhub.org\/pt-pt\/?s={search_term_string}"},"query-input":{"@type":"PropertyValueSpecification","valueRequired":true,"valueName":"search_term_string"}}],"inLanguage":"pt-PT"},{"@type":"Organization","@id":"https:\/\/scorecardhub.org\/pt-pt\/#organization","name":"ALMA Scorecard Hub","url":"https:\/\/scorecardhub.org\/pt-pt\/","logo":{"@type":"ImageObject","inLanguage":"pt-PT","@id":"https:\/\/scorecardhub.org\/pt-pt\/#\/schema\/logo\/image\/","url":"https:\/\/scorecardhub.org\/wp-content\/uploads\/2021\/02\/alma_logo-1.svg","contentUrl":"https:\/\/scorecardhub.org\/wp-content\/uploads\/2021\/02\/alma_logo-1.svg","width":276,"height":58,"caption":"ALMA Scorecard Hub"},"image":{"@id":"https:\/\/scorecardhub.org\/pt-pt\/#\/schema\/logo\/image\/"},"sameAs":["https:\/\/x.com\/ALMA_2030"]}]}},"_links":{"self":[{"href":"https:\/\/scorecardhub.org\/pt-pt\/wp-json\/wp\/v2\/pages\/41256","targetHints":{"allow":["GET"]}}],"collection":[{"href":"https:\/\/scorecardhub.org\/pt-pt\/wp-json\/wp\/v2\/pages"}],"about":[{"href":"https:\/\/scorecardhub.org\/pt-pt\/wp-json\/wp\/v2\/types\/page"}],"author":[{"embeddable":true,"href":"https:\/\/scorecardhub.org\/pt-pt\/wp-json\/wp\/v2\/users\/14"}],"replies":[{"embeddable":true,"href":"https:\/\/scorecardhub.org\/pt-pt\/wp-json\/wp\/v2\/comments?post=41256"}],"version-history":[{"count":2,"href":"https:\/\/scorecardhub.org\/pt-pt\/wp-json\/wp\/v2\/pages\/41256\/revisions"}],"predecessor-version":[{"id":41262,"href":"https:\/\/scorecardhub.org\/pt-pt\/wp-json\/wp\/v2\/pages\/41256\/revisions\/41262"}],"wp:attachment":[{"href":"https:\/\/scorecardhub.org\/pt-pt\/wp-json\/wp\/v2\/media?parent=41256"}],"curies":[{"name":"wp","href":"https:\/\/api.w.org\/{rel}","templated":true}]}}