{"id":39981,"date":"2020-12-04T14:24:35","date_gmt":"2020-12-04T14:24:35","guid":{"rendered":"https:\/\/scorecardhub.org\/member-login\/"},"modified":"2021-10-15T11:52:59","modified_gmt":"2021-10-15T11:52:59","slug":"fazer-o-login","status":"publish","type":"page","link":"https:\/\/scorecardhub.org\/pt-pt\/fazer-o-login\/","title":{"rendered":"Fazer o login"},"content":{"rendered":"<!--<section class=\"account-section\">-->\n<!--    <div class=\"container\">-->\n<div class=\"page-columns\">\n    <div class=\"main-col\">\n        <div class=\"section-heading\">\n            \n            <p>Para fazer um curso online, basta fazer o login. Se n\u00e3o tem uma conta, pode criar uma facilmente. N\u00e3o se preocupe, leva apenas alguns minutos para <a href=\"https:\/\/scorecardhub.org\/pt-pt\/wp-login.php?action=register&redirect\\_to=https:\/\/scorecardhub.org\/pt-pt\/member-login\/\">criar uma conta<\/a>. Pedimos apenas o seu nome, endere\u00e7o de email e uma palavra-passe. <\/p>\n\n            <p>\n                N\u00e3o \u00e9 poss\u00edvel utilizar a sua conta almalearning.org neste site. Ser\u00e1 necess\u00e1rio criar uma nova conta.            <\/p>\n            \n            <!-- Show errors if there are any -->\n            \n            <!-- Show logged out message if user just logged out -->\n            \n            <!-- Show change password -->\n                    <\/div>\n        <form name=\"loginform\" id=\"loginform\"\n              action=\"https:\/\/scorecardhub.org\/pt-pt\/wp-login.php\" class=\"signup-form\"\n              method=\"post\">\n            <div class=\"form-row\">\n                <label>\n                    <span class=\"label-text\">Endere\u00e7o de e-mail <\/span>\n                    <input name=\"log\" id=\"user_login\" type=\"email\" class=\"form-control\">\n                <\/label>\n            <\/div>\n            <div class=\"form-row\">\n                <label>\n                    <span class=\"label-text\">Senha<\/span>\n                    <input name=\"pwd\" type=\"password\" id=\"user_pass\" class=\"form-control\">\n                <\/label>\n            <\/div>\n            <div class=\"submit-holder\">\n                <button type=\"submit\" class=\"btn\">Fazer o login <\/button>\n                <div class=\"note-text\">\n                    <a href=\"https:\/\/scorecardhub.org\/pt-pt\/wp-login.php?action=lostpassword\">Esqueceu-se da senha? <\/a>\n                <\/div>\n                <div class=\"note-text\">\n                    <a rel=\"nofollow\" href=\"https:\/\/scorecardhub.org\/pt-pt\/member-register\/\">Criar uma conta<\/a>                <\/div>\n            <\/div>\n            <input type=\"hidden\" name=\"redirect_to\" value=\"\"\/>\n        <\/form>\n    <\/div>\n<\/div>\n<!--    <\/div>-->\n<!--<\/section>-->\n\n","protected":false},"excerpt":{"rendered":"","protected":false},"author":1,"featured_media":0,"parent":0,"menu_order":0,"comment_status":"closed","ping_status":"closed","template":"login.php","meta":{"footnotes":""},"class_list":["post-39981","page","type-page","status-publish","hentry"],"acf":[],"yoast_head":"<!-- This site is optimized with the Yoast SEO plugin v26.8 - https:\/\/yoast.com\/product\/yoast-seo-wordpress\/ -->\n<title>Fazer o login - ALMA Scorecard Hub<\/title>\n<meta name=\"robots\" content=\"index, follow, max-snippet:-1, max-image-preview:large, max-video-preview:-1\" \/>\n<link rel=\"canonical\" href=\"https:\/\/scorecardhub.org\/pt-pt\/fazer-o-login\/\" \/>\n<meta property=\"og:locale\" content=\"pt_PT\" \/>\n<meta property=\"og:type\" content=\"article\" \/>\n<meta property=\"og:title\" content=\"Fazer o login - ALMA Scorecard Hub\" \/>\n<meta property=\"og:url\" content=\"https:\/\/scorecardhub.org\/pt-pt\/fazer-o-login\/\" \/>\n<meta property=\"og:site_name\" content=\"ALMA Scorecard Hub\" \/>\n<meta property=\"article:modified_time\" content=\"2021-10-15T11:52:59+00:00\" \/>\n<meta property=\"og:image\" content=\"https:\/\/scorecardhub.org\/wp-content\/uploads\/2021\/02\/scorecard-hub-generic-colourful-thumbnail.png\" \/>\n\t<meta property=\"og:image:width\" content=\"800\" \/>\n\t<meta property=\"og:image:height\" content=\"450\" \/>\n\t<meta property=\"og:image:type\" content=\"image\/png\" \/>\n<meta name=\"twitter:card\" content=\"summary_large_image\" \/>\n<meta name=\"twitter:site\" content=\"@ALMA_2030\" \/>\n<meta name=\"twitter:label1\" content=\"Tempo estimado de leitura\" \/>\n\t<meta name=\"twitter:data1\" content=\"1 minuto\" \/>\n<script type=\"application\/ld+json\" class=\"yoast-schema-graph\">{\"@context\":\"https:\/\/schema.org\",\"@graph\":[{\"@type\":\"WebPage\",\"@id\":\"https:\/\/scorecardhub.org\/pt-pt\/fazer-o-login\/\",\"url\":\"https:\/\/scorecardhub.org\/pt-pt\/fazer-o-login\/\",\"name\":\"Fazer o login - ALMA Scorecard Hub\",\"isPartOf\":{\"@id\":\"https:\/\/scorecardhub.org\/pt-pt\/#website\"},\"datePublished\":\"2020-12-04T14:24:35+00:00\",\"dateModified\":\"2021-10-15T11:52:59+00:00\",\"breadcrumb\":{\"@id\":\"https:\/\/scorecardhub.org\/pt-pt\/fazer-o-login\/#breadcrumb\"},\"inLanguage\":\"pt-PT\",\"potentialAction\":[{\"@type\":\"ReadAction\",\"target\":[\"https:\/\/scorecardhub.org\/pt-pt\/fazer-o-login\/\"]}]},{\"@type\":\"BreadcrumbList\",\"@id\":\"https:\/\/scorecardhub.org\/pt-pt\/fazer-o-login\/#breadcrumb\",\"itemListElement\":[{\"@type\":\"ListItem\",\"position\":1,\"name\":\"Home\",\"item\":\"https:\/\/scorecardhub.org\/pt-pt\/\"},{\"@type\":\"ListItem\",\"position\":2,\"name\":\"Fazer o login\"}]},{\"@type\":\"WebSite\",\"@id\":\"https:\/\/scorecardhub.org\/pt-pt\/#website\",\"url\":\"https:\/\/scorecardhub.org\/pt-pt\/\",\"name\":\"ALMA Scorecard Hub\",\"description\":\"\",\"publisher\":{\"@id\":\"https:\/\/scorecardhub.org\/pt-pt\/#organization\"},\"potentialAction\":[{\"@type\":\"SearchAction\",\"target\":{\"@type\":\"EntryPoint\",\"urlTemplate\":\"https:\/\/scorecardhub.org\/pt-pt\/?s={search_term_string}\"},\"query-input\":{\"@type\":\"PropertyValueSpecification\",\"valueRequired\":true,\"valueName\":\"search_term_string\"}}],\"inLanguage\":\"pt-PT\"},{\"@type\":\"Organization\",\"@id\":\"https:\/\/scorecardhub.org\/pt-pt\/#organization\",\"name\":\"ALMA Scorecard Hub\",\"url\":\"https:\/\/scorecardhub.org\/pt-pt\/\",\"logo\":{\"@type\":\"ImageObject\",\"inLanguage\":\"pt-PT\",\"@id\":\"https:\/\/scorecardhub.org\/pt-pt\/#\/schema\/logo\/image\/\",\"url\":\"https:\/\/scorecardhub.org\/wp-content\/uploads\/2021\/02\/alma_logo-1.svg\",\"contentUrl\":\"https:\/\/scorecardhub.org\/wp-content\/uploads\/2021\/02\/alma_logo-1.svg\",\"width\":276,\"height\":58,\"caption\":\"ALMA Scorecard Hub\"},\"image\":{\"@id\":\"https:\/\/scorecardhub.org\/pt-pt\/#\/schema\/logo\/image\/\"},\"sameAs\":[\"https:\/\/x.com\/ALMA_2030\"]}]}<\/script>\n<!-- \/ Yoast SEO plugin. -->","yoast_head_json":{"title":"Fazer o login - ALMA Scorecard Hub","robots":{"index":"index","follow":"follow","max-snippet":"max-snippet:-1","max-image-preview":"max-image-preview:large","max-video-preview":"max-video-preview:-1"},"canonical":"https:\/\/scorecardhub.org\/pt-pt\/fazer-o-login\/","og_locale":"pt_PT","og_type":"article","og_title":"Fazer o login - ALMA Scorecard Hub","og_url":"https:\/\/scorecardhub.org\/pt-pt\/fazer-o-login\/","og_site_name":"ALMA Scorecard Hub","article_modified_time":"2021-10-15T11:52:59+00:00","og_image":[{"width":800,"height":450,"url":"https:\/\/scorecardhub.org\/wp-content\/uploads\/2021\/02\/scorecard-hub-generic-colourful-thumbnail.png","type":"image\/png"}],"twitter_card":"summary_large_image","twitter_site":"@ALMA_2030","twitter_misc":{"Tempo estimado de leitura":"1 minuto"},"schema":{"@context":"https:\/\/schema.org","@graph":[{"@type":"WebPage","@id":"https:\/\/scorecardhub.org\/pt-pt\/fazer-o-login\/","url":"https:\/\/scorecardhub.org\/pt-pt\/fazer-o-login\/","name":"Fazer o login - ALMA Scorecard Hub","isPartOf":{"@id":"https:\/\/scorecardhub.org\/pt-pt\/#website"},"datePublished":"2020-12-04T14:24:35+00:00","dateModified":"2021-10-15T11:52:59+00:00","breadcrumb":{"@id":"https:\/\/scorecardhub.org\/pt-pt\/fazer-o-login\/#breadcrumb"},"inLanguage":"pt-PT","potentialAction":[{"@type":"ReadAction","target":["https:\/\/scorecardhub.org\/pt-pt\/fazer-o-login\/"]}]},{"@type":"BreadcrumbList","@id":"https:\/\/scorecardhub.org\/pt-pt\/fazer-o-login\/#breadcrumb","itemListElement":[{"@type":"ListItem","position":1,"name":"Home","item":"https:\/\/scorecardhub.org\/pt-pt\/"},{"@type":"ListItem","position":2,"name":"Fazer o login"}]},{"@type":"WebSite","@id":"https:\/\/scorecardhub.org\/pt-pt\/#website","url":"https:\/\/scorecardhub.org\/pt-pt\/","name":"ALMA Scorecard Hub","description":"","publisher":{"@id":"https:\/\/scorecardhub.org\/pt-pt\/#organization"},"potentialAction":[{"@type":"SearchAction","target":{"@type":"EntryPoint","urlTemplate":"https:\/\/scorecardhub.org\/pt-pt\/?s={search_term_string}"},"query-input":{"@type":"PropertyValueSpecification","valueRequired":true,"valueName":"search_term_string"}}],"inLanguage":"pt-PT"},{"@type":"Organization","@id":"https:\/\/scorecardhub.org\/pt-pt\/#organization","name":"ALMA Scorecard Hub","url":"https:\/\/scorecardhub.org\/pt-pt\/","logo":{"@type":"ImageObject","inLanguage":"pt-PT","@id":"https:\/\/scorecardhub.org\/pt-pt\/#\/schema\/logo\/image\/","url":"https:\/\/scorecardhub.org\/wp-content\/uploads\/2021\/02\/alma_logo-1.svg","contentUrl":"https:\/\/scorecardhub.org\/wp-content\/uploads\/2021\/02\/alma_logo-1.svg","width":276,"height":58,"caption":"ALMA Scorecard Hub"},"image":{"@id":"https:\/\/scorecardhub.org\/pt-pt\/#\/schema\/logo\/image\/"},"sameAs":["https:\/\/x.com\/ALMA_2030"]}]}},"_links":{"self":[{"href":"https:\/\/scorecardhub.org\/pt-pt\/wp-json\/wp\/v2\/pages\/39981","targetHints":{"allow":["GET"]}}],"collection":[{"href":"https:\/\/scorecardhub.org\/pt-pt\/wp-json\/wp\/v2\/pages"}],"about":[{"href":"https:\/\/scorecardhub.org\/pt-pt\/wp-json\/wp\/v2\/types\/page"}],"author":[{"embeddable":true,"href":"https:\/\/scorecardhub.org\/pt-pt\/wp-json\/wp\/v2\/users\/1"}],"replies":[{"embeddable":true,"href":"https:\/\/scorecardhub.org\/pt-pt\/wp-json\/wp\/v2\/comments?post=39981"}],"version-history":[{"count":1,"href":"https:\/\/scorecardhub.org\/pt-pt\/wp-json\/wp\/v2\/pages\/39981\/revisions"}],"predecessor-version":[{"id":41085,"href":"https:\/\/scorecardhub.org\/pt-pt\/wp-json\/wp\/v2\/pages\/39981\/revisions\/41085"}],"wp:attachment":[{"href":"https:\/\/scorecardhub.org\/pt-pt\/wp-json\/wp\/v2\/media?parent=39981"}],"curies":[{"name":"wp","href":"https:\/\/api.w.org\/{rel}","templated":true}]}}