{"id":39972,"date":"2020-12-04T09:26:45","date_gmt":"2020-12-04T09:26:45","guid":{"rendered":"https:\/\/scorecardhub.org\/online-courses\/"},"modified":"2025-04-03T09:18:06","modified_gmt":"2025-04-03T09:18:06","slug":"cursos-online","status":"publish","type":"page","link":"https:\/\/scorecardhub.org\/pt-pt\/cursos-online\/","title":{"rendered":"Cursos online"},"content":{"rendered":"\n<p>O Centro de comunica\u00e7\u00e3o do cart\u00e3o de pontua\u00e7\u00e3o e a ferramenta de gest\u00e3o ajuda os pa\u00edses a aprenderem como podem utilizar as ferramentas de gest\u00e3o de cart\u00e3o de pontua\u00e7\u00e3o para melhorar os resultados de sa\u00fade, responsabilidade e ac\u00e7\u00e3o.<\/p>\n\n\n\n<p>Os nossos cursos online est\u00e3o dispon\u00edveis em portugu\u00eas, ingl\u00eas e franc\u00eas. Outros conte\u00fados do Centro de comunica\u00e7\u00e3o do cart\u00e3o de pontua\u00e7\u00e3o (cart\u00f5es de pontua\u00e7\u00e3o do pa\u00eds, melhores pr\u00e1ticas, guias e kits de ferramentas) est\u00e3o actualmente dispon\u00edveis em ingl\u00eas e franc\u00eas.<\/p>\n\n\n\n<p>Aprenda novas habilidades na cria\u00e7\u00e3o duma ferramenta de gest\u00e3o do cart\u00e3o de pontua\u00e7\u00e3o, aprimorando um cart\u00e3o de pontua\u00e7\u00e3o existente e utilizando a plataforma web do cart\u00e3o de pontua\u00e7\u00e3o.<\/p>\n\n\n<section class=\"updates-section\">\r\n    <div class=\"container\">\r\n        <h2><\/h2>\r\n                    <div class=\"courses-holder \">\r\n                                    <a href=\"https:\/\/scorecardhub.org\/pt-pt\/courses\/crie-e-implemente-um-novo-cartao-de-pontuacao\/\"\r\n                       class=\"post-item  \">\r\n                        <div class=\"img-holder\"\r\n                             style=\"background-image: url('https:\/\/scorecardhub.org\/wp-content\/uploads\/2020\/10\/thumbnail-create-port.png');\">\r\n                        <\/div>\r\n                        <div class=\"content-holder\">\r\n                            <div class=\"heading-block\">\r\n                                <h3>\r\n                                    Crie e implemente um novo cart\u00e3o de pontua\u00e7\u00e3o                                <\/h3>\r\n                            <\/div>\r\n                            <p>Este curso apresenta a ferramenta de gest\u00e3o do cart\u00e3o de pontua\u00e7\u00e3o e como ela pode ajud\u00e1-lo a monitorar indicadores relevantes para as prioridades de seu pa\u00eds e melhorar os resultados de sa\u00fade.<\/p>\r\n                        <\/div>\r\n                    <\/a>\r\n                                    <a href=\"https:\/\/scorecardhub.org\/pt-pt\/courses\/fortalecer-um-cartao-de-pontuacao-existente\/\"\r\n                       class=\"post-item  \">\r\n                        <div class=\"img-holder\"\r\n                             style=\"background-image: url('https:\/\/scorecardhub.org\/wp-content\/uploads\/2020\/10\/thumbnail-strengthen-port.png');\">\r\n                        <\/div>\r\n                        <div class=\"content-holder\">\r\n                            <div class=\"heading-block\">\r\n                                <h3>\r\n                                    Fortalecer um cart\u00e3o de pontua\u00e7\u00e3o existente                                <\/h3>\r\n                            <\/div>\r\n                            <p>Este curso explora v\u00e1rias abordagens diferentes que pode utilizar para fortalecer uma ferramenta de gest\u00e3o do cart\u00e3o de pontua\u00e7\u00e3o existente.<\/p>\r\n                        <\/div>\r\n                    <\/a>\r\n                                    <a href=\"https:\/\/scorecardhub.org\/pt-pt\/courses\/treino-geral-da-plataforma-web\/\"\r\n                       class=\"post-item  \">\r\n                        <div class=\"img-holder\"\r\n                             style=\"background-image: url('https:\/\/scorecardhub.org\/wp-content\/uploads\/2021\/02\/scorecard-web-platform-thumbnail.png');\">\r\n                        <\/div>\r\n                        <div class=\"content-holder\">\r\n                            <div class=\"heading-block\">\r\n                                <h3>\r\n                                    Treino geral da plataforma web                                <\/h3>\r\n                            <\/div>\r\n                            <p>Este curso apresenta a plataforma web do cart\u00e3o de pontua\u00e7\u00e3o \u2013 a ferramenta online para gerir cart\u00f5es de pontua\u00e7\u00e3o \u2013 e os v\u00e1rios recursos que ajudam a controlar a responsabilidade por ac\u00e7\u00f5es.<\/p>\r\n                        <\/div>\r\n                    <\/a>\r\n                                    <a href=\"https:\/\/scorecardhub.org\/pt-pt\/courses\/treino-da-plataforma-web-para-administradores\/\"\r\n                       class=\"post-item  \">\r\n                        <div class=\"img-holder\"\r\n                             style=\"background-image: url('https:\/\/scorecardhub.org\/wp-content\/uploads\/2021\/02\/scorecard-web-platform-thumbnail.png');\">\r\n                        <\/div>\r\n                        <div class=\"content-holder\">\r\n                            <div class=\"heading-block\">\r\n                                <h3>\r\n                                    Treino da plataforma web para administradores                                <\/h3>\r\n                            <\/div>\r\n                            <p>Este curso apresenta a funcionalidade de administrador da plataforma web do cart\u00e3o de pontua\u00e7\u00e3o \u2013 a nossa ferramenta online para gerir cart\u00f5es de pontua\u00e7\u00e3o \u2013 e os v\u00e1rios recursos que ajudam a controlar a responsabilidade por ac\u00e7\u00f5es.<\/p>\r\n                        <\/div>\r\n                    <\/a>\r\n                            <\/div>\r\n            <\/div>\r\n<\/section>\r\n\n\n<section class=\"updates-section\">\r\n    <div class=\"container\">\r\n        <h2>Rotary Healthy Communities Challenge<\/h2>\r\n                    <div class=\"courses-holder \">\r\n                                    <a href=\"https:\/\/scorecardhub.org\/pt-pt\/courses\/rhcc-mocambique\/\"\r\n                       class=\"post-item  \">\r\n                        <div class=\"img-holder\"\r\n                             style=\"background-image: url('https:\/\/scorecardhub.org\/wp-content\/uploads\/2025\/03\/thumbnail-rotary-mozambique-1024x576.png');\">\r\n                        <\/div>\r\n                        <div class=\"content-holder\">\r\n                            <div class=\"heading-block\">\r\n                                <h3>\r\n                                    Rotary Healthy Communities Challenge \u2013 Mo\u00e7ambique                                <\/h3>\r\n                            <\/div>\r\n                            <p><\/p>\r\n                        <\/div>\r\n                    <\/a>\r\n                            <\/div>\r\n            <\/div>\r\n<\/section>\r\n\n\n<section class=\"updates-section\">\r\n    <div class=\"container\">\r\n        <h2>Pa\u00edses<\/h2>\r\n                    <div class=\"courses-holder \">\r\n                                    <a href=\"https:\/\/scorecardhub.org\/pt-pt\/courses\/angola\/\"\r\n                       class=\"post-item  \">\r\n                        <div class=\"img-holder\"\r\n                             style=\"background-image: url('https:\/\/scorecardhub.org\/wp-content\/uploads\/2021\/01\/thumbnail-angola.png');\">\r\n                        <\/div>\r\n                        <div class=\"content-holder\">\r\n                            <div class=\"heading-block\">\r\n                                <h3>\r\n                                    Angola                                <\/h3>\r\n                            <\/div>\r\n                            <p><\/p>\r\n                        <\/div>\r\n                    <\/a>\r\n                                    <a href=\"https:\/\/scorecardhub.org\/pt-pt\/courses\/guine-bissau\/\"\r\n                       class=\"post-item  \">\r\n                        <div class=\"img-holder\"\r\n                             style=\"background-image: url('https:\/\/scorecardhub.org\/wp-content\/uploads\/2021\/01\/thumbnail-guinea-bissau.png');\">\r\n                        <\/div>\r\n                        <div class=\"content-holder\">\r\n                            <div class=\"heading-block\">\r\n                                <h3>\r\n                                    Guin\u00e9-Bissau                                <\/h3>\r\n                            <\/div>\r\n                            <p><\/p>\r\n                        <\/div>\r\n                    <\/a>\r\n                                    <a href=\"https:\/\/scorecardhub.org\/pt-pt\/courses\/mocambique\/\"\r\n                       class=\"post-item  \">\r\n                        <div class=\"img-holder\"\r\n                             style=\"background-image: url('https:\/\/scorecardhub.org\/wp-content\/uploads\/2021\/01\/thumbnail-mozambique.png');\">\r\n                        <\/div>\r\n                        <div class=\"content-holder\">\r\n                            <div class=\"heading-block\">\r\n                                <h3>\r\n                                    Mo\u00e7ambique                                <\/h3>\r\n                            <\/div>\r\n                            <p><\/p>\r\n                        <\/div>\r\n                    <\/a>\r\n                            <\/div>\r\n            <\/div>\r\n<\/section>\r\n","protected":false},"excerpt":{"rendered":"<p>O Centro de comunica\u00e7\u00e3o do cart\u00e3o de pontua\u00e7\u00e3o e a ferramenta de gest\u00e3o ajuda os pa\u00edses a aprenderem como podem utilizar as ferramentas de gest\u00e3o de cart\u00e3o de pontua\u00e7\u00e3o para [&hellip;]<\/p>\n","protected":false},"author":1,"featured_media":39153,"parent":0,"menu_order":0,"comment_status":"closed","ping_status":"closed","template":"","meta":{"footnotes":""},"class_list":["post-39972","page","type-page","status-publish","has-post-thumbnail","hentry"],"acf":[],"yoast_head":"<!-- This site is optimized with the Yoast SEO plugin v26.8 - https:\/\/yoast.com\/product\/yoast-seo-wordpress\/ -->\n<title>Cursos online - ALMA Scorecard Hub<\/title>\n<meta name=\"robots\" content=\"index, follow, max-snippet:-1, max-image-preview:large, max-video-preview:-1\" \/>\n<link rel=\"canonical\" href=\"https:\/\/scorecardhub.org\/pt-pt\/cursos-online\/\" \/>\n<meta property=\"og:locale\" content=\"pt_PT\" \/>\n<meta property=\"og:type\" content=\"article\" \/>\n<meta property=\"og:title\" content=\"Cursos online - ALMA Scorecard Hub\" \/>\n<meta property=\"og:description\" content=\"O Centro de comunica\u00e7\u00e3o do cart\u00e3o de pontua\u00e7\u00e3o e a ferramenta de gest\u00e3o ajuda os pa\u00edses a aprenderem como podem utilizar as ferramentas de gest\u00e3o de cart\u00e3o de pontua\u00e7\u00e3o para [&hellip;]\" \/>\n<meta property=\"og:url\" content=\"https:\/\/scorecardhub.org\/pt-pt\/cursos-online\/\" \/>\n<meta property=\"og:site_name\" content=\"ALMA Scorecard Hub\" \/>\n<meta property=\"article:modified_time\" content=\"2025-04-03T09:18:06+00:00\" \/>\n<meta property=\"og:image\" content=\"https:\/\/scorecardhub.org\/wp-content\/uploads\/2021\/10\/thumbnail-course-guide.png\" \/>\n\t<meta property=\"og:image:width\" content=\"800\" \/>\n\t<meta property=\"og:image:height\" content=\"450\" \/>\n\t<meta property=\"og:image:type\" content=\"image\/png\" \/>\n<meta name=\"twitter:card\" content=\"summary_large_image\" \/>\n<meta name=\"twitter:site\" content=\"@ALMA_2030\" \/>\n<meta name=\"twitter:label1\" content=\"Tempo estimado de leitura\" \/>\n\t<meta name=\"twitter:data1\" content=\"1 minuto\" \/>\n<script type=\"application\/ld+json\" class=\"yoast-schema-graph\">{\"@context\":\"https:\/\/schema.org\",\"@graph\":[{\"@type\":\"WebPage\",\"@id\":\"https:\/\/scorecardhub.org\/pt-pt\/cursos-online\/\",\"url\":\"https:\/\/scorecardhub.org\/pt-pt\/cursos-online\/\",\"name\":\"Cursos online - ALMA Scorecard Hub\",\"isPartOf\":{\"@id\":\"https:\/\/scorecardhub.org\/pt-pt\/#website\"},\"primaryImageOfPage\":{\"@id\":\"https:\/\/scorecardhub.org\/pt-pt\/cursos-online\/#primaryimage\"},\"image\":{\"@id\":\"https:\/\/scorecardhub.org\/pt-pt\/cursos-online\/#primaryimage\"},\"thumbnailUrl\":\"https:\/\/scorecardhub.org\/wp-content\/uploads\/2021\/10\/thumbnail-course-guide.png\",\"datePublished\":\"2020-12-04T09:26:45+00:00\",\"dateModified\":\"2025-04-03T09:18:06+00:00\",\"breadcrumb\":{\"@id\":\"https:\/\/scorecardhub.org\/pt-pt\/cursos-online\/#breadcrumb\"},\"inLanguage\":\"pt-PT\",\"potentialAction\":[{\"@type\":\"ReadAction\",\"target\":[\"https:\/\/scorecardhub.org\/pt-pt\/cursos-online\/\"]}]},{\"@type\":\"ImageObject\",\"inLanguage\":\"pt-PT\",\"@id\":\"https:\/\/scorecardhub.org\/pt-pt\/cursos-online\/#primaryimage\",\"url\":\"https:\/\/scorecardhub.org\/wp-content\/uploads\/2021\/10\/thumbnail-course-guide.png\",\"contentUrl\":\"https:\/\/scorecardhub.org\/wp-content\/uploads\/2021\/10\/thumbnail-course-guide.png\",\"width\":800,\"height\":450},{\"@type\":\"BreadcrumbList\",\"@id\":\"https:\/\/scorecardhub.org\/pt-pt\/cursos-online\/#breadcrumb\",\"itemListElement\":[{\"@type\":\"ListItem\",\"position\":1,\"name\":\"Home\",\"item\":\"https:\/\/scorecardhub.org\/pt-pt\/\"},{\"@type\":\"ListItem\",\"position\":2,\"name\":\"Cursos online\"}]},{\"@type\":\"WebSite\",\"@id\":\"https:\/\/scorecardhub.org\/pt-pt\/#website\",\"url\":\"https:\/\/scorecardhub.org\/pt-pt\/\",\"name\":\"ALMA Scorecard Hub\",\"description\":\"\",\"publisher\":{\"@id\":\"https:\/\/scorecardhub.org\/pt-pt\/#organization\"},\"potentialAction\":[{\"@type\":\"SearchAction\",\"target\":{\"@type\":\"EntryPoint\",\"urlTemplate\":\"https:\/\/scorecardhub.org\/pt-pt\/?s={search_term_string}\"},\"query-input\":{\"@type\":\"PropertyValueSpecification\",\"valueRequired\":true,\"valueName\":\"search_term_string\"}}],\"inLanguage\":\"pt-PT\"},{\"@type\":\"Organization\",\"@id\":\"https:\/\/scorecardhub.org\/pt-pt\/#organization\",\"name\":\"ALMA Scorecard Hub\",\"url\":\"https:\/\/scorecardhub.org\/pt-pt\/\",\"logo\":{\"@type\":\"ImageObject\",\"inLanguage\":\"pt-PT\",\"@id\":\"https:\/\/scorecardhub.org\/pt-pt\/#\/schema\/logo\/image\/\",\"url\":\"https:\/\/scorecardhub.org\/wp-content\/uploads\/2021\/02\/alma_logo-1.svg\",\"contentUrl\":\"https:\/\/scorecardhub.org\/wp-content\/uploads\/2021\/02\/alma_logo-1.svg\",\"width\":276,\"height\":58,\"caption\":\"ALMA Scorecard Hub\"},\"image\":{\"@id\":\"https:\/\/scorecardhub.org\/pt-pt\/#\/schema\/logo\/image\/\"},\"sameAs\":[\"https:\/\/x.com\/ALMA_2030\"]}]}<\/script>\n<!-- \/ Yoast SEO plugin. -->","yoast_head_json":{"title":"Cursos online - ALMA Scorecard Hub","robots":{"index":"index","follow":"follow","max-snippet":"max-snippet:-1","max-image-preview":"max-image-preview:large","max-video-preview":"max-video-preview:-1"},"canonical":"https:\/\/scorecardhub.org\/pt-pt\/cursos-online\/","og_locale":"pt_PT","og_type":"article","og_title":"Cursos online - ALMA Scorecard Hub","og_description":"O Centro de comunica\u00e7\u00e3o do cart\u00e3o de pontua\u00e7\u00e3o e a ferramenta de gest\u00e3o ajuda os pa\u00edses a aprenderem como podem utilizar as ferramentas de gest\u00e3o de cart\u00e3o de pontua\u00e7\u00e3o para [&hellip;]","og_url":"https:\/\/scorecardhub.org\/pt-pt\/cursos-online\/","og_site_name":"ALMA Scorecard Hub","article_modified_time":"2025-04-03T09:18:06+00:00","og_image":[{"width":800,"height":450,"url":"https:\/\/scorecardhub.org\/wp-content\/uploads\/2021\/10\/thumbnail-course-guide.png","type":"image\/png"}],"twitter_card":"summary_large_image","twitter_site":"@ALMA_2030","twitter_misc":{"Tempo estimado de leitura":"1 minuto"},"schema":{"@context":"https:\/\/schema.org","@graph":[{"@type":"WebPage","@id":"https:\/\/scorecardhub.org\/pt-pt\/cursos-online\/","url":"https:\/\/scorecardhub.org\/pt-pt\/cursos-online\/","name":"Cursos online - ALMA Scorecard Hub","isPartOf":{"@id":"https:\/\/scorecardhub.org\/pt-pt\/#website"},"primaryImageOfPage":{"@id":"https:\/\/scorecardhub.org\/pt-pt\/cursos-online\/#primaryimage"},"image":{"@id":"https:\/\/scorecardhub.org\/pt-pt\/cursos-online\/#primaryimage"},"thumbnailUrl":"https:\/\/scorecardhub.org\/wp-content\/uploads\/2021\/10\/thumbnail-course-guide.png","datePublished":"2020-12-04T09:26:45+00:00","dateModified":"2025-04-03T09:18:06+00:00","breadcrumb":{"@id":"https:\/\/scorecardhub.org\/pt-pt\/cursos-online\/#breadcrumb"},"inLanguage":"pt-PT","potentialAction":[{"@type":"ReadAction","target":["https:\/\/scorecardhub.org\/pt-pt\/cursos-online\/"]}]},{"@type":"ImageObject","inLanguage":"pt-PT","@id":"https:\/\/scorecardhub.org\/pt-pt\/cursos-online\/#primaryimage","url":"https:\/\/scorecardhub.org\/wp-content\/uploads\/2021\/10\/thumbnail-course-guide.png","contentUrl":"https:\/\/scorecardhub.org\/wp-content\/uploads\/2021\/10\/thumbnail-course-guide.png","width":800,"height":450},{"@type":"BreadcrumbList","@id":"https:\/\/scorecardhub.org\/pt-pt\/cursos-online\/#breadcrumb","itemListElement":[{"@type":"ListItem","position":1,"name":"Home","item":"https:\/\/scorecardhub.org\/pt-pt\/"},{"@type":"ListItem","position":2,"name":"Cursos online"}]},{"@type":"WebSite","@id":"https:\/\/scorecardhub.org\/pt-pt\/#website","url":"https:\/\/scorecardhub.org\/pt-pt\/","name":"ALMA Scorecard Hub","description":"","publisher":{"@id":"https:\/\/scorecardhub.org\/pt-pt\/#organization"},"potentialAction":[{"@type":"SearchAction","target":{"@type":"EntryPoint","urlTemplate":"https:\/\/scorecardhub.org\/pt-pt\/?s={search_term_string}"},"query-input":{"@type":"PropertyValueSpecification","valueRequired":true,"valueName":"search_term_string"}}],"inLanguage":"pt-PT"},{"@type":"Organization","@id":"https:\/\/scorecardhub.org\/pt-pt\/#organization","name":"ALMA Scorecard Hub","url":"https:\/\/scorecardhub.org\/pt-pt\/","logo":{"@type":"ImageObject","inLanguage":"pt-PT","@id":"https:\/\/scorecardhub.org\/pt-pt\/#\/schema\/logo\/image\/","url":"https:\/\/scorecardhub.org\/wp-content\/uploads\/2021\/02\/alma_logo-1.svg","contentUrl":"https:\/\/scorecardhub.org\/wp-content\/uploads\/2021\/02\/alma_logo-1.svg","width":276,"height":58,"caption":"ALMA Scorecard Hub"},"image":{"@id":"https:\/\/scorecardhub.org\/pt-pt\/#\/schema\/logo\/image\/"},"sameAs":["https:\/\/x.com\/ALMA_2030"]}]}},"_links":{"self":[{"href":"https:\/\/scorecardhub.org\/pt-pt\/wp-json\/wp\/v2\/pages\/39972","targetHints":{"allow":["GET"]}}],"collection":[{"href":"https:\/\/scorecardhub.org\/pt-pt\/wp-json\/wp\/v2\/pages"}],"about":[{"href":"https:\/\/scorecardhub.org\/pt-pt\/wp-json\/wp\/v2\/types\/page"}],"author":[{"embeddable":true,"href":"https:\/\/scorecardhub.org\/pt-pt\/wp-json\/wp\/v2\/users\/1"}],"replies":[{"embeddable":true,"href":"https:\/\/scorecardhub.org\/pt-pt\/wp-json\/wp\/v2\/comments?post=39972"}],"version-history":[{"count":5,"href":"https:\/\/scorecardhub.org\/pt-pt\/wp-json\/wp\/v2\/pages\/39972\/revisions"}],"predecessor-version":[{"id":107862,"href":"https:\/\/scorecardhub.org\/pt-pt\/wp-json\/wp\/v2\/pages\/39972\/revisions\/107862"}],"wp:featuredmedia":[{"embeddable":true,"href":"https:\/\/scorecardhub.org\/pt-pt\/wp-json\/wp\/v2\/media\/39153"}],"wp:attachment":[{"href":"https:\/\/scorecardhub.org\/pt-pt\/wp-json\/wp\/v2\/media?parent=39972"}],"curies":[{"name":"wp","href":"https:\/\/api.w.org\/{rel}","templated":true}]}}