{"id":69629,"date":"2021-12-15T12:24:23","date_gmt":"2021-12-15T12:24:23","guid":{"rendered":"https:\/\/scorecardhub.org\/joyce-kafanabo-awards\/"},"modified":"2023-02-18T06:55:20","modified_gmt":"2023-02-18T06:55:20","slug":"prix-joyce-kafanabo","status":"publish","type":"page","link":"https:\/\/scorecardhub.org\/fr\/prix-joyce-kafanabo\/","title":{"rendered":"Prix ALMA Joyce Kafanabo pour l\u2019Excellence et l\u2019Innovation"},"content":{"rendered":"\n<p>Son Excellence M. Umaro Sissoco Embal\u00f3, Pr\u00e9sident de la R\u00e9publique de Guin\u00e9e-Bissau et pr\u00e9sident d\u2019ALMA, a inaugur\u00e9 les Prix ALMA Joyce Kafanabo de l\u2019Excellence et de l\u2019Innovation, d\u00e9cern\u00e9s par ALMA \u00e0 l\u2019occasion d&rsquo;une c\u00e9r\u00e9monie parall\u00e8le au Sommet de l\u2019UA en f\u00e9vrier 2023.<\/p>\n\n\n<div class=\"wp-block-image\">\n<figure class=\"alignright size-full is-resized\"><img loading=\"lazy\" decoding=\"async\" src=\"https:\/\/scorecardhub.org\/wp-content\/uploads\/2023\/02\/joyce-framed-photo-375-\u00d7-500px.jpg\" alt=\"Joyce Kafanabo\" class=\"wp-image-92207\" width=\"188\" height=\"250\" srcset=\"https:\/\/scorecardhub.org\/wp-content\/uploads\/2023\/02\/joyce-framed-photo-375-\u00d7-500px.jpg 375w, https:\/\/scorecardhub.org\/wp-content\/uploads\/2023\/02\/joyce-framed-photo-375-\u00d7-500px-225x300.jpg 225w\" sizes=\"auto, (max-width: 188px) 100vw, 188px\" \/><\/figure>\n<\/div>\n\n\n<p>Ces prix portent le nom de <a href=\"https:\/\/scorecardhub.org\/fr\/joyce-kafanabo-awards\/about-joyce-kafanabo\/\">Joyce Kafanabo<\/a>, un des membres fondateurs et directrice senior \u00e0 ALMA, tragiquement d\u00e9c\u00e9d\u00e9e en 2021. Ces prix rendent hommage aux contributions exceptionnelles de Joyce \u00e0 la diplomatie et \u00e0 la lutte contre le paludisme.<\/p>\n\n\n\n<p>Ces prix viennent saluer les pays qui ont r\u00e9alis\u00e9 les plus grands progr\u00e8s sur le plan de la num\u00e9risation, de l&rsquo;institutionnalisation de leurs outils de carte de score pour renforcer leur processus d\u00e9cisionnel \u00e0 base de donn\u00e9es et de l\u2019habilitation de leurs citoyens \u00e0 am\u00e9liorer les services de sant\u00e9 et leurs r\u00e9sultats.<\/p>\n\n\n<section class=\"updates-section\">\r\n    <div class=\"container\">\r\n        <h2><\/h2>\r\n                    <div class=\"courses-holder \">\r\n                                    <a href=\"https:\/\/scorecardhub.org\/fr\/prix-joyce-kafanabo\/introduction\/\"\r\n                       class=\"post-item  \">\r\n                        <div class=\"img-holder\"\r\n                             style=\"background-image: url('https:\/\/scorecardhub.org\/wp-content\/uploads\/2021\/12\/thumbnail-jk-awards-1.png');\">\r\n                                                    <\/div>\r\n                        <div class=\"content-holder\">\r\n                            <div class=\"heading-block\">\r\n                                <h3>\r\n                                    Introduction : Prix ALMA Joyce Kafanabo de l\u2019Excellence et de l\u2019Innovation                                    <!--                            <time datetime=\"-->\r\n                                    <!--\">22.07.2020 \/ 12:00 PM (UTC)<\/time>-->\r\n                                <\/h3>\r\n                            <\/div>\r\n                            <p>Cat\u00e9gories de prix, rendre hommage \u00e0 la contribution de Joyce Kafanabo, c\u00e9l\u00e9brer l\u2019excellence et l\u2019innovation des cartes de score.<\/p>\r\n                        <\/div>\r\n                    <\/a>\r\n                                    <a href=\"https:\/\/scorecardhub.org\/fr\/prix-joyce-kafanabo\/gagnants-2022\/\"\r\n                       class=\"post-item  \">\r\n                        <div class=\"img-holder\"\r\n                             style=\"background-image: url('https:\/\/scorecardhub.org\/wp-content\/uploads\/2023\/02\/thumbnail-jk-awards-joyce-fr.png');\">\r\n                                                    <\/div>\r\n                        <div class=\"content-holder\">\r\n                            <div class=\"heading-block\">\r\n                                <h3>\r\n                                    Gagnants 2022                                    <!--                            <time datetime=\"-->\r\n                                    <!--\">22.07.2020 \/ 12:00 PM (UTC)<\/time>-->\r\n                                <\/h3>\r\n                            <\/div>\r\n                            <p>Ces prix inauguraux c\u00e9l\u00e8brent les succ\u00e8s des pays r\u00e9alis\u00e9s en 2022.<\/p>\r\n                        <\/div>\r\n                    <\/a>\r\n                                    <a href=\"https:\/\/scorecardhub.org\/fr\/prix-joyce-kafanabo\/a-propos-de-joyce-kafanabo\/\"\r\n                       class=\"post-item  \">\r\n                        <div class=\"img-holder\"\r\n                             style=\"background-image: url('https:\/\/scorecardhub.org\/wp-content\/uploads\/2023\/02\/thumbnail-jk-awards-2022-joyce.png');\">\r\n                                                    <\/div>\r\n                        <div class=\"content-holder\">\r\n                            <div class=\"heading-block\">\r\n                                <h3>\r\n                                    \u00c0 propos de Joyce Kafanabo                                    <!--                            <time datetime=\"-->\r\n                                    <!--\">22.07.2020 \/ 12:00 PM (UTC)<\/time>-->\r\n                                <\/h3>\r\n                            <\/div>\r\n                            <p>Ces prix pour l\u2019excellence et l\u2019innovation sont nomm\u00e9s en honneur de la regrett\u00e9e Joyce Kafanabo.<\/p>\r\n                        <\/div>\r\n                    <\/a>\r\n                                    <a href=\"https:\/\/scorecardhub.org\/fr\/prix-joyce-kafanabo\/comite-des-prix\/\"\r\n                       class=\"post-item  \">\r\n                        <div class=\"img-holder\"\r\n                             style=\"background-image: url('https:\/\/scorecardhub.org\/wp-content\/uploads\/2023\/02\/thumbnail-jk-awards-2022-committee-fr.png');\">\r\n                                                    <\/div>\r\n                        <div class=\"content-holder\">\r\n                            <div class=\"heading-block\">\r\n                                <h3>\r\n                                    Comit\u00e9 des Prix                                    <!--                            <time datetime=\"-->\r\n                                    <!--\">22.07.2020 \/ 12:00 PM (UTC)<\/time>-->\r\n                                <\/h3>\r\n                            <\/div>\r\n                            <p>Nous avons mis en place un comit\u00e9 ind\u00e9pendant d\u00e9di\u00e9 aux Prix ALMA Joyce Kafanabo.<\/p>\r\n                        <\/div>\r\n                    <\/a>\r\n                            <\/div>\r\n            <\/div>\r\n<\/section>\r\n","protected":false},"excerpt":{"rendered":"<p>Honorer l&rsquo;excellence et l&rsquo;innovation des cartes de score.<\/p>\n","protected":false},"author":14,"featured_media":92261,"parent":0,"menu_order":0,"comment_status":"closed","ping_status":"closed","template":"","meta":{"footnotes":""},"class_list":["post-69629","page","type-page","status-publish","has-post-thumbnail","hentry"],"acf":[],"yoast_head":"<!-- This site is optimized with the Yoast SEO plugin v26.8 - https:\/\/yoast.com\/product\/yoast-seo-wordpress\/ -->\n<title>Prix ALMA Joyce Kafanabo pour l\u2019Excellence et l\u2019Innovation - ALMA Scorecard Hub<\/title>\n<meta name=\"robots\" content=\"index, follow, max-snippet:-1, max-image-preview:large, max-video-preview:-1\" \/>\n<link rel=\"canonical\" href=\"https:\/\/scorecardhub.org\/fr\/prix-joyce-kafanabo\/\" \/>\n<meta property=\"og:locale\" content=\"fr_FR\" \/>\n<meta property=\"og:type\" content=\"article\" \/>\n<meta property=\"og:title\" content=\"Prix ALMA Joyce Kafanabo pour l\u2019Excellence et l\u2019Innovation - ALMA Scorecard Hub\" \/>\n<meta property=\"og:description\" content=\"Honorer l&#039;excellence et l&#039;innovation des cartes de score.\" \/>\n<meta property=\"og:url\" content=\"https:\/\/scorecardhub.org\/fr\/prix-joyce-kafanabo\/\" \/>\n<meta property=\"og:site_name\" content=\"ALMA Scorecard Hub\" \/>\n<meta property=\"article:modified_time\" content=\"2023-02-18T06:55:20+00:00\" \/>\n<meta property=\"og:image\" content=\"https:\/\/scorecardhub.org\/wp-content\/uploads\/2023\/02\/thumbnail-jk-awards-2022-main-fr.png\" \/>\n\t<meta property=\"og:image:width\" content=\"800\" \/>\n\t<meta property=\"og:image:height\" content=\"450\" \/>\n\t<meta property=\"og:image:type\" content=\"image\/png\" \/>\n<meta name=\"twitter:card\" content=\"summary_large_image\" \/>\n<meta name=\"twitter:site\" content=\"@ALMA_2030\" \/>\n<meta name=\"twitter:label1\" content=\"Dur\u00e9e de lecture estim\u00e9e\" \/>\n\t<meta name=\"twitter:data1\" content=\"1 minute\" \/>\n<script type=\"application\/ld+json\" class=\"yoast-schema-graph\">{\"@context\":\"https:\/\/schema.org\",\"@graph\":[{\"@type\":\"WebPage\",\"@id\":\"https:\/\/scorecardhub.org\/fr\/prix-joyce-kafanabo\/\",\"url\":\"https:\/\/scorecardhub.org\/fr\/prix-joyce-kafanabo\/\",\"name\":\"Prix ALMA Joyce Kafanabo pour l\u2019Excellence et l\u2019Innovation - ALMA Scorecard Hub\",\"isPartOf\":{\"@id\":\"https:\/\/scorecardhub.org\/fr\/#website\"},\"primaryImageOfPage\":{\"@id\":\"https:\/\/scorecardhub.org\/fr\/prix-joyce-kafanabo\/#primaryimage\"},\"image\":{\"@id\":\"https:\/\/scorecardhub.org\/fr\/prix-joyce-kafanabo\/#primaryimage\"},\"thumbnailUrl\":\"https:\/\/scorecardhub.org\/wp-content\/uploads\/2023\/02\/thumbnail-jk-awards-2022-main-fr.png\",\"datePublished\":\"2021-12-15T12:24:23+00:00\",\"dateModified\":\"2023-02-18T06:55:20+00:00\",\"breadcrumb\":{\"@id\":\"https:\/\/scorecardhub.org\/fr\/prix-joyce-kafanabo\/#breadcrumb\"},\"inLanguage\":\"fr-FR\",\"potentialAction\":[{\"@type\":\"ReadAction\",\"target\":[\"https:\/\/scorecardhub.org\/fr\/prix-joyce-kafanabo\/\"]}]},{\"@type\":\"ImageObject\",\"inLanguage\":\"fr-FR\",\"@id\":\"https:\/\/scorecardhub.org\/fr\/prix-joyce-kafanabo\/#primaryimage\",\"url\":\"https:\/\/scorecardhub.org\/wp-content\/uploads\/2023\/02\/thumbnail-jk-awards-2022-main-fr.png\",\"contentUrl\":\"https:\/\/scorecardhub.org\/wp-content\/uploads\/2023\/02\/thumbnail-jk-awards-2022-main-fr.png\",\"width\":800,\"height\":450},{\"@type\":\"BreadcrumbList\",\"@id\":\"https:\/\/scorecardhub.org\/fr\/prix-joyce-kafanabo\/#breadcrumb\",\"itemListElement\":[{\"@type\":\"ListItem\",\"position\":1,\"name\":\"Accueil\",\"item\":\"https:\/\/scorecardhub.org\/fr\/\"},{\"@type\":\"ListItem\",\"position\":2,\"name\":\"Prix ALMA Joyce Kafanabo pour l\u2019Excellence et l\u2019Innovation\"}]},{\"@type\":\"WebSite\",\"@id\":\"https:\/\/scorecardhub.org\/fr\/#website\",\"url\":\"https:\/\/scorecardhub.org\/fr\/\",\"name\":\"ALMA Scorecard Hub\",\"description\":\"\",\"publisher\":{\"@id\":\"https:\/\/scorecardhub.org\/fr\/#organization\"},\"potentialAction\":[{\"@type\":\"SearchAction\",\"target\":{\"@type\":\"EntryPoint\",\"urlTemplate\":\"https:\/\/scorecardhub.org\/fr\/?s={search_term_string}\"},\"query-input\":{\"@type\":\"PropertyValueSpecification\",\"valueRequired\":true,\"valueName\":\"search_term_string\"}}],\"inLanguage\":\"fr-FR\"},{\"@type\":\"Organization\",\"@id\":\"https:\/\/scorecardhub.org\/fr\/#organization\",\"name\":\"ALMA Scorecard Hub\",\"url\":\"https:\/\/scorecardhub.org\/fr\/\",\"logo\":{\"@type\":\"ImageObject\",\"inLanguage\":\"fr-FR\",\"@id\":\"https:\/\/scorecardhub.org\/fr\/#\/schema\/logo\/image\/\",\"url\":\"https:\/\/scorecardhub.org\/wp-content\/uploads\/2021\/02\/alma_logo-1.svg\",\"contentUrl\":\"https:\/\/scorecardhub.org\/wp-content\/uploads\/2021\/02\/alma_logo-1.svg\",\"width\":276,\"height\":58,\"caption\":\"ALMA Scorecard Hub\"},\"image\":{\"@id\":\"https:\/\/scorecardhub.org\/fr\/#\/schema\/logo\/image\/\"},\"sameAs\":[\"https:\/\/x.com\/ALMA_2030\"]}]}<\/script>\n<!-- \/ Yoast SEO plugin. -->","yoast_head_json":{"title":"Prix ALMA Joyce Kafanabo pour l\u2019Excellence et l\u2019Innovation - ALMA Scorecard Hub","robots":{"index":"index","follow":"follow","max-snippet":"max-snippet:-1","max-image-preview":"max-image-preview:large","max-video-preview":"max-video-preview:-1"},"canonical":"https:\/\/scorecardhub.org\/fr\/prix-joyce-kafanabo\/","og_locale":"fr_FR","og_type":"article","og_title":"Prix ALMA Joyce Kafanabo pour l\u2019Excellence et l\u2019Innovation - ALMA Scorecard Hub","og_description":"Honorer l'excellence et l'innovation des cartes de score.","og_url":"https:\/\/scorecardhub.org\/fr\/prix-joyce-kafanabo\/","og_site_name":"ALMA Scorecard Hub","article_modified_time":"2023-02-18T06:55:20+00:00","og_image":[{"width":800,"height":450,"url":"https:\/\/scorecardhub.org\/wp-content\/uploads\/2023\/02\/thumbnail-jk-awards-2022-main-fr.png","type":"image\/png"}],"twitter_card":"summary_large_image","twitter_site":"@ALMA_2030","twitter_misc":{"Dur\u00e9e de lecture estim\u00e9e":"1 minute"},"schema":{"@context":"https:\/\/schema.org","@graph":[{"@type":"WebPage","@id":"https:\/\/scorecardhub.org\/fr\/prix-joyce-kafanabo\/","url":"https:\/\/scorecardhub.org\/fr\/prix-joyce-kafanabo\/","name":"Prix ALMA Joyce Kafanabo pour l\u2019Excellence et l\u2019Innovation - ALMA Scorecard Hub","isPartOf":{"@id":"https:\/\/scorecardhub.org\/fr\/#website"},"primaryImageOfPage":{"@id":"https:\/\/scorecardhub.org\/fr\/prix-joyce-kafanabo\/#primaryimage"},"image":{"@id":"https:\/\/scorecardhub.org\/fr\/prix-joyce-kafanabo\/#primaryimage"},"thumbnailUrl":"https:\/\/scorecardhub.org\/wp-content\/uploads\/2023\/02\/thumbnail-jk-awards-2022-main-fr.png","datePublished":"2021-12-15T12:24:23+00:00","dateModified":"2023-02-18T06:55:20+00:00","breadcrumb":{"@id":"https:\/\/scorecardhub.org\/fr\/prix-joyce-kafanabo\/#breadcrumb"},"inLanguage":"fr-FR","potentialAction":[{"@type":"ReadAction","target":["https:\/\/scorecardhub.org\/fr\/prix-joyce-kafanabo\/"]}]},{"@type":"ImageObject","inLanguage":"fr-FR","@id":"https:\/\/scorecardhub.org\/fr\/prix-joyce-kafanabo\/#primaryimage","url":"https:\/\/scorecardhub.org\/wp-content\/uploads\/2023\/02\/thumbnail-jk-awards-2022-main-fr.png","contentUrl":"https:\/\/scorecardhub.org\/wp-content\/uploads\/2023\/02\/thumbnail-jk-awards-2022-main-fr.png","width":800,"height":450},{"@type":"BreadcrumbList","@id":"https:\/\/scorecardhub.org\/fr\/prix-joyce-kafanabo\/#breadcrumb","itemListElement":[{"@type":"ListItem","position":1,"name":"Accueil","item":"https:\/\/scorecardhub.org\/fr\/"},{"@type":"ListItem","position":2,"name":"Prix ALMA Joyce Kafanabo pour l\u2019Excellence et l\u2019Innovation"}]},{"@type":"WebSite","@id":"https:\/\/scorecardhub.org\/fr\/#website","url":"https:\/\/scorecardhub.org\/fr\/","name":"ALMA Scorecard Hub","description":"","publisher":{"@id":"https:\/\/scorecardhub.org\/fr\/#organization"},"potentialAction":[{"@type":"SearchAction","target":{"@type":"EntryPoint","urlTemplate":"https:\/\/scorecardhub.org\/fr\/?s={search_term_string}"},"query-input":{"@type":"PropertyValueSpecification","valueRequired":true,"valueName":"search_term_string"}}],"inLanguage":"fr-FR"},{"@type":"Organization","@id":"https:\/\/scorecardhub.org\/fr\/#organization","name":"ALMA Scorecard Hub","url":"https:\/\/scorecardhub.org\/fr\/","logo":{"@type":"ImageObject","inLanguage":"fr-FR","@id":"https:\/\/scorecardhub.org\/fr\/#\/schema\/logo\/image\/","url":"https:\/\/scorecardhub.org\/wp-content\/uploads\/2021\/02\/alma_logo-1.svg","contentUrl":"https:\/\/scorecardhub.org\/wp-content\/uploads\/2021\/02\/alma_logo-1.svg","width":276,"height":58,"caption":"ALMA Scorecard Hub"},"image":{"@id":"https:\/\/scorecardhub.org\/fr\/#\/schema\/logo\/image\/"},"sameAs":["https:\/\/x.com\/ALMA_2030"]}]}},"_links":{"self":[{"href":"https:\/\/scorecardhub.org\/fr\/wp-json\/wp\/v2\/pages\/69629","targetHints":{"allow":["GET"]}}],"collection":[{"href":"https:\/\/scorecardhub.org\/fr\/wp-json\/wp\/v2\/pages"}],"about":[{"href":"https:\/\/scorecardhub.org\/fr\/wp-json\/wp\/v2\/types\/page"}],"author":[{"embeddable":true,"href":"https:\/\/scorecardhub.org\/fr\/wp-json\/wp\/v2\/users\/14"}],"replies":[{"embeddable":true,"href":"https:\/\/scorecardhub.org\/fr\/wp-json\/wp\/v2\/comments?post=69629"}],"version-history":[{"count":5,"href":"https:\/\/scorecardhub.org\/fr\/wp-json\/wp\/v2\/pages\/69629\/revisions"}],"predecessor-version":[{"id":92624,"href":"https:\/\/scorecardhub.org\/fr\/wp-json\/wp\/v2\/pages\/69629\/revisions\/92624"}],"wp:featuredmedia":[{"embeddable":true,"href":"https:\/\/scorecardhub.org\/fr\/wp-json\/wp\/v2\/media\/92261"}],"wp:attachment":[{"href":"https:\/\/scorecardhub.org\/fr\/wp-json\/wp\/v2\/media?parent=69629"}],"curies":[{"name":"wp","href":"https:\/\/api.w.org\/{rel}","templated":true}]}}