{"id":69626,"date":"2021-12-15T12:34:59","date_gmt":"2021-12-15T12:34:59","guid":{"rendered":"https:\/\/scorecardhub.org\/awards-committee\/"},"modified":"2023-02-18T06:53:03","modified_gmt":"2023-02-18T06:53:03","slug":"comite-des-prix","status":"publish","type":"page","link":"https:\/\/scorecardhub.org\/fr\/prix-joyce-kafanabo\/comite-des-prix\/","title":{"rendered":"Comit\u00e9 des Prix"},"content":{"rendered":"\n<p>Nous avons mis en place un comit\u00e9 ind\u00e9pendant d\u00e9di\u00e9 aux Prix ALMA Joyce Kafanabo pour l\u2019Excellence et l\u2019Innovation. Ce dernier a eu pour charge de :<\/p>\n\n\n\n<ul class=\"wp-block-list\">\n<li>choisir les 6 cat\u00e9gories de prix afin de r\u00e9compenser la large palette de r\u00e9ussite des pays africains en 2022<\/li>\n\n\n\n<li>\u00e9valuer les progr\u00e8s des pays \u00e0 travers les cat\u00e9gories de prix<\/li>\n\n\n\n<li>s\u00e9lectionner les pays laur\u00e9ats pour chaque cat\u00e9gorie de prix<\/li>\n<\/ul>\n\n\n\n<p>Afin d\u2019aider le comit\u00e9 responsable des prix nous avons \u00e9valu\u00e9 chaque pays \u00e0 l\u2019aide de l\u2019<a href=\"https:\/\/scorecardhub.org\/fr\/guides-et-boites-a-outils\/outil-dauto-evaluation-de-maturite-de-la-carte-de-score\/\">Outil d&rsquo;\u00e9valuation de maturit\u00e9 de la carte de score<\/a> qui permet d\u2019identifier dans quels domaines les performances d\u2019un pays sont bonnes et o\u00f9 ce dernier n\u00e9cessite une am\u00e9lioration.<\/p>\n\n\n\n<h2 class=\"wp-block-heading\">Le comit\u00e9 des prix<\/h2>\n\n\n\n<ul class=\"wp-block-list\">\n<li>Dr Daddi Jima Wayessa (Responsable du comit\u00e9 de soutien aux partenaires pays et r\u00e9gional, <a href=\"https:\/\/endmalaria.org\/fr\">RBM Partnership to End Malaria<\/a>)<\/li>\n\n\n\n<li>Leah Kibe (Directrice, co-financement et partenariats, Directrice du bureau pour le Kenya, <a href=\"https:\/\/ciff.org\/\">Children\u2019s Investment Fund Foundation<\/a>)<\/li>\n\n\n\n<li>Pamela Amaka Onyiah (Gestionnaire de donn\u00e9es, Sant\u00e9 reproductrice et maternelle, <a href=\"https:\/\/www.afro.who.int\/fr\">Bureau r\u00e9gional de l\u2019Afrique de l\u2019Organisation mondiale de la sant\u00e9<\/a>)<\/li>\n\n\n\n<li>Whitney Mwanghi (Sp\u00e9cialiste en plaidoyer, partenariats et communications au sein de <a href=\"https:\/\/au.int\/fr\">l&rsquo;Union africaine<\/a>. Elle est \u00e9galement membre du <a href=\"https:\/\/scorecardhub.org\/fr\/jeunesse\/presentation-du-conseil-consultatif-des-jeunes-dalma\/\">Conseil consultatif des jeunes d&rsquo;ALMA<\/a>)<\/li>\n\n\n\n<li>Yacine Djibo (Co-fondatrice et directrice ex\u00e9cutive, <a href=\"https:\/\/www.speakupafrica.org\/fr\/\">Speak Up Africa<\/a>)<\/li>\n<\/ul>\n\n\n\n<div class=\"content-delimiter\"><\/div>\n\n\n<section class=\"updates-section\">\r\n    <div class=\"container\">\r\n        <h2>Contenu reli\u00e9<\/h2>\r\n                    <div class=\"article-holder\">\r\n                                    <a href=\"https:\/\/scorecardhub.org\/fr\/prix-joyce-kafanabo\/introduction\/\"\r\n                       class=\"article-item \">\r\n                        <div class=\"img-holder\"\r\n                             style=\"background-image: url('https:\/\/scorecardhub.org\/wp-content\/uploads\/2021\/12\/thumbnail-jk-awards-1.png');\">\r\n                                                    <\/div>\r\n                        <div class=\"content-holder\">\r\n                            <div class=\"heading-block\">\r\n                                <h3>\r\n                                    Introduction : Prix ALMA Joyce Kafanabo de l\u2019Excellence et de l\u2019Innovation                                    <!--                            <time datetime=\"-->\r\n                                    <!--\">22.07.2020 \/ 12:00 PM (UTC)<\/time>-->\r\n                                <\/h3>\r\n                            <\/div>\r\n                            <p>Cat\u00e9gories de prix, rendre hommage \u00e0 la contribution de Joyce Kafanabo, c\u00e9l\u00e9brer l\u2019excellence et l\u2019innovation des cartes de score.<\/p>\r\n                        <\/div>\r\n                    <\/a>\r\n                                    <a href=\"https:\/\/scorecardhub.org\/fr\/prix-joyce-kafanabo\/gagnants-2022\/\"\r\n                       class=\"article-item \">\r\n                        <div class=\"img-holder\"\r\n                             style=\"background-image: url('https:\/\/scorecardhub.org\/wp-content\/uploads\/2023\/02\/thumbnail-jk-awards-joyce-fr.png');\">\r\n                                                    <\/div>\r\n                        <div class=\"content-holder\">\r\n                            <div class=\"heading-block\">\r\n                                <h3>\r\n                                    Gagnants 2022                                    <!--                            <time datetime=\"-->\r\n                                    <!--\">22.07.2020 \/ 12:00 PM (UTC)<\/time>-->\r\n                                <\/h3>\r\n                            <\/div>\r\n                            <p>Ces prix inauguraux c\u00e9l\u00e8brent les succ\u00e8s des pays r\u00e9alis\u00e9s en 2022.<\/p>\r\n                        <\/div>\r\n                    <\/a>\r\n                            <\/div>\r\n            <\/div>\r\n<\/section>\r\n","protected":false},"excerpt":{"rendered":"<p>Nous avons mis en place un comit\u00e9 ind\u00e9pendant d\u00e9di\u00e9 aux Prix ALMA Joyce Kafanabo.<\/p>\n","protected":false},"author":14,"featured_media":92231,"parent":69629,"menu_order":0,"comment_status":"closed","ping_status":"closed","template":"","meta":{"footnotes":""},"class_list":["post-69626","page","type-page","status-publish","has-post-thumbnail","hentry"],"acf":[],"yoast_head":"<!-- This site is optimized with the Yoast SEO plugin v26.8 - https:\/\/yoast.com\/product\/yoast-seo-wordpress\/ -->\n<title>Comit\u00e9 des Prix - ALMA Scorecard Hub<\/title>\n<meta name=\"robots\" content=\"index, follow, max-snippet:-1, max-image-preview:large, max-video-preview:-1\" \/>\n<link rel=\"canonical\" href=\"https:\/\/scorecardhub.org\/fr\/prix-joyce-kafanabo\/comite-des-prix\/\" \/>\n<meta property=\"og:locale\" content=\"fr_FR\" \/>\n<meta property=\"og:type\" content=\"article\" \/>\n<meta property=\"og:title\" content=\"Comit\u00e9 des Prix - ALMA Scorecard Hub\" \/>\n<meta property=\"og:description\" content=\"Nous avons mis en place un comit\u00e9 ind\u00e9pendant d\u00e9di\u00e9 aux Prix ALMA Joyce Kafanabo.\" \/>\n<meta property=\"og:url\" content=\"https:\/\/scorecardhub.org\/fr\/prix-joyce-kafanabo\/comite-des-prix\/\" \/>\n<meta property=\"og:site_name\" content=\"ALMA Scorecard Hub\" \/>\n<meta property=\"article:modified_time\" content=\"2023-02-18T06:53:03+00:00\" \/>\n<meta property=\"og:image\" content=\"https:\/\/scorecardhub.org\/wp-content\/uploads\/2023\/02\/thumbnail-jk-awards-2022-committee-fr.png\" \/>\n\t<meta property=\"og:image:width\" content=\"800\" \/>\n\t<meta property=\"og:image:height\" content=\"450\" \/>\n\t<meta property=\"og:image:type\" content=\"image\/png\" \/>\n<meta name=\"twitter:card\" content=\"summary_large_image\" \/>\n<meta name=\"twitter:site\" content=\"@ALMA_2030\" \/>\n<meta name=\"twitter:label1\" content=\"Dur\u00e9e de lecture estim\u00e9e\" \/>\n\t<meta name=\"twitter:data1\" content=\"1 minute\" \/>\n<script type=\"application\/ld+json\" class=\"yoast-schema-graph\">{\"@context\":\"https:\/\/schema.org\",\"@graph\":[{\"@type\":\"WebPage\",\"@id\":\"https:\/\/scorecardhub.org\/fr\/prix-joyce-kafanabo\/comite-des-prix\/\",\"url\":\"https:\/\/scorecardhub.org\/fr\/prix-joyce-kafanabo\/comite-des-prix\/\",\"name\":\"Comit\u00e9 des Prix - ALMA Scorecard Hub\",\"isPartOf\":{\"@id\":\"https:\/\/scorecardhub.org\/fr\/#website\"},\"primaryImageOfPage\":{\"@id\":\"https:\/\/scorecardhub.org\/fr\/prix-joyce-kafanabo\/comite-des-prix\/#primaryimage\"},\"image\":{\"@id\":\"https:\/\/scorecardhub.org\/fr\/prix-joyce-kafanabo\/comite-des-prix\/#primaryimage\"},\"thumbnailUrl\":\"https:\/\/scorecardhub.org\/wp-content\/uploads\/2023\/02\/thumbnail-jk-awards-2022-committee-fr.png\",\"datePublished\":\"2021-12-15T12:34:59+00:00\",\"dateModified\":\"2023-02-18T06:53:03+00:00\",\"breadcrumb\":{\"@id\":\"https:\/\/scorecardhub.org\/fr\/prix-joyce-kafanabo\/comite-des-prix\/#breadcrumb\"},\"inLanguage\":\"fr-FR\",\"potentialAction\":[{\"@type\":\"ReadAction\",\"target\":[\"https:\/\/scorecardhub.org\/fr\/prix-joyce-kafanabo\/comite-des-prix\/\"]}]},{\"@type\":\"ImageObject\",\"inLanguage\":\"fr-FR\",\"@id\":\"https:\/\/scorecardhub.org\/fr\/prix-joyce-kafanabo\/comite-des-prix\/#primaryimage\",\"url\":\"https:\/\/scorecardhub.org\/wp-content\/uploads\/2023\/02\/thumbnail-jk-awards-2022-committee-fr.png\",\"contentUrl\":\"https:\/\/scorecardhub.org\/wp-content\/uploads\/2023\/02\/thumbnail-jk-awards-2022-committee-fr.png\",\"width\":800,\"height\":450},{\"@type\":\"BreadcrumbList\",\"@id\":\"https:\/\/scorecardhub.org\/fr\/prix-joyce-kafanabo\/comite-des-prix\/#breadcrumb\",\"itemListElement\":[{\"@type\":\"ListItem\",\"position\":1,\"name\":\"Accueil\",\"item\":\"https:\/\/scorecardhub.org\/fr\/\"},{\"@type\":\"ListItem\",\"position\":2,\"name\":\"Prix ALMA Joyce Kafanabo pour l\u2019Excellence et l\u2019Innovation\",\"item\":\"https:\/\/scorecardhub.org\/fr\/prix-joyce-kafanabo\/\"},{\"@type\":\"ListItem\",\"position\":3,\"name\":\"false\"}]},{\"@type\":\"WebSite\",\"@id\":\"https:\/\/scorecardhub.org\/fr\/#website\",\"url\":\"https:\/\/scorecardhub.org\/fr\/\",\"name\":\"ALMA Scorecard Hub\",\"description\":\"\",\"publisher\":{\"@id\":\"https:\/\/scorecardhub.org\/fr\/#organization\"},\"potentialAction\":[{\"@type\":\"SearchAction\",\"target\":{\"@type\":\"EntryPoint\",\"urlTemplate\":\"https:\/\/scorecardhub.org\/fr\/?s={search_term_string}\"},\"query-input\":{\"@type\":\"PropertyValueSpecification\",\"valueRequired\":true,\"valueName\":\"search_term_string\"}}],\"inLanguage\":\"fr-FR\"},{\"@type\":\"Organization\",\"@id\":\"https:\/\/scorecardhub.org\/fr\/#organization\",\"name\":\"ALMA Scorecard Hub\",\"url\":\"https:\/\/scorecardhub.org\/fr\/\",\"logo\":{\"@type\":\"ImageObject\",\"inLanguage\":\"fr-FR\",\"@id\":\"https:\/\/scorecardhub.org\/fr\/#\/schema\/logo\/image\/\",\"url\":\"https:\/\/scorecardhub.org\/wp-content\/uploads\/2021\/02\/alma_logo-1.svg\",\"contentUrl\":\"https:\/\/scorecardhub.org\/wp-content\/uploads\/2021\/02\/alma_logo-1.svg\",\"width\":276,\"height\":58,\"caption\":\"ALMA Scorecard Hub\"},\"image\":{\"@id\":\"https:\/\/scorecardhub.org\/fr\/#\/schema\/logo\/image\/\"},\"sameAs\":[\"https:\/\/x.com\/ALMA_2030\"]}]}<\/script>\n<!-- \/ Yoast SEO plugin. -->","yoast_head_json":{"title":"Comit\u00e9 des Prix - ALMA Scorecard Hub","robots":{"index":"index","follow":"follow","max-snippet":"max-snippet:-1","max-image-preview":"max-image-preview:large","max-video-preview":"max-video-preview:-1"},"canonical":"https:\/\/scorecardhub.org\/fr\/prix-joyce-kafanabo\/comite-des-prix\/","og_locale":"fr_FR","og_type":"article","og_title":"Comit\u00e9 des Prix - ALMA Scorecard Hub","og_description":"Nous avons mis en place un comit\u00e9 ind\u00e9pendant d\u00e9di\u00e9 aux Prix ALMA Joyce Kafanabo.","og_url":"https:\/\/scorecardhub.org\/fr\/prix-joyce-kafanabo\/comite-des-prix\/","og_site_name":"ALMA Scorecard Hub","article_modified_time":"2023-02-18T06:53:03+00:00","og_image":[{"width":800,"height":450,"url":"https:\/\/scorecardhub.org\/wp-content\/uploads\/2023\/02\/thumbnail-jk-awards-2022-committee-fr.png","type":"image\/png"}],"twitter_card":"summary_large_image","twitter_site":"@ALMA_2030","twitter_misc":{"Dur\u00e9e de lecture estim\u00e9e":"1 minute"},"schema":{"@context":"https:\/\/schema.org","@graph":[{"@type":"WebPage","@id":"https:\/\/scorecardhub.org\/fr\/prix-joyce-kafanabo\/comite-des-prix\/","url":"https:\/\/scorecardhub.org\/fr\/prix-joyce-kafanabo\/comite-des-prix\/","name":"Comit\u00e9 des Prix - ALMA Scorecard Hub","isPartOf":{"@id":"https:\/\/scorecardhub.org\/fr\/#website"},"primaryImageOfPage":{"@id":"https:\/\/scorecardhub.org\/fr\/prix-joyce-kafanabo\/comite-des-prix\/#primaryimage"},"image":{"@id":"https:\/\/scorecardhub.org\/fr\/prix-joyce-kafanabo\/comite-des-prix\/#primaryimage"},"thumbnailUrl":"https:\/\/scorecardhub.org\/wp-content\/uploads\/2023\/02\/thumbnail-jk-awards-2022-committee-fr.png","datePublished":"2021-12-15T12:34:59+00:00","dateModified":"2023-02-18T06:53:03+00:00","breadcrumb":{"@id":"https:\/\/scorecardhub.org\/fr\/prix-joyce-kafanabo\/comite-des-prix\/#breadcrumb"},"inLanguage":"fr-FR","potentialAction":[{"@type":"ReadAction","target":["https:\/\/scorecardhub.org\/fr\/prix-joyce-kafanabo\/comite-des-prix\/"]}]},{"@type":"ImageObject","inLanguage":"fr-FR","@id":"https:\/\/scorecardhub.org\/fr\/prix-joyce-kafanabo\/comite-des-prix\/#primaryimage","url":"https:\/\/scorecardhub.org\/wp-content\/uploads\/2023\/02\/thumbnail-jk-awards-2022-committee-fr.png","contentUrl":"https:\/\/scorecardhub.org\/wp-content\/uploads\/2023\/02\/thumbnail-jk-awards-2022-committee-fr.png","width":800,"height":450},{"@type":"BreadcrumbList","@id":"https:\/\/scorecardhub.org\/fr\/prix-joyce-kafanabo\/comite-des-prix\/#breadcrumb","itemListElement":[{"@type":"ListItem","position":1,"name":"Accueil","item":"https:\/\/scorecardhub.org\/fr\/"},{"@type":"ListItem","position":2,"name":"Prix ALMA Joyce Kafanabo pour l\u2019Excellence et l\u2019Innovation","item":"https:\/\/scorecardhub.org\/fr\/prix-joyce-kafanabo\/"},{"@type":"ListItem","position":3,"name":"false"}]},{"@type":"WebSite","@id":"https:\/\/scorecardhub.org\/fr\/#website","url":"https:\/\/scorecardhub.org\/fr\/","name":"ALMA Scorecard Hub","description":"","publisher":{"@id":"https:\/\/scorecardhub.org\/fr\/#organization"},"potentialAction":[{"@type":"SearchAction","target":{"@type":"EntryPoint","urlTemplate":"https:\/\/scorecardhub.org\/fr\/?s={search_term_string}"},"query-input":{"@type":"PropertyValueSpecification","valueRequired":true,"valueName":"search_term_string"}}],"inLanguage":"fr-FR"},{"@type":"Organization","@id":"https:\/\/scorecardhub.org\/fr\/#organization","name":"ALMA Scorecard Hub","url":"https:\/\/scorecardhub.org\/fr\/","logo":{"@type":"ImageObject","inLanguage":"fr-FR","@id":"https:\/\/scorecardhub.org\/fr\/#\/schema\/logo\/image\/","url":"https:\/\/scorecardhub.org\/wp-content\/uploads\/2021\/02\/alma_logo-1.svg","contentUrl":"https:\/\/scorecardhub.org\/wp-content\/uploads\/2021\/02\/alma_logo-1.svg","width":276,"height":58,"caption":"ALMA Scorecard Hub"},"image":{"@id":"https:\/\/scorecardhub.org\/fr\/#\/schema\/logo\/image\/"},"sameAs":["https:\/\/x.com\/ALMA_2030"]}]}},"_links":{"self":[{"href":"https:\/\/scorecardhub.org\/fr\/wp-json\/wp\/v2\/pages\/69626","targetHints":{"allow":["GET"]}}],"collection":[{"href":"https:\/\/scorecardhub.org\/fr\/wp-json\/wp\/v2\/pages"}],"about":[{"href":"https:\/\/scorecardhub.org\/fr\/wp-json\/wp\/v2\/types\/page"}],"author":[{"embeddable":true,"href":"https:\/\/scorecardhub.org\/fr\/wp-json\/wp\/v2\/users\/14"}],"replies":[{"embeddable":true,"href":"https:\/\/scorecardhub.org\/fr\/wp-json\/wp\/v2\/comments?post=69626"}],"version-history":[{"count":5,"href":"https:\/\/scorecardhub.org\/fr\/wp-json\/wp\/v2\/pages\/69626\/revisions"}],"predecessor-version":[{"id":92393,"href":"https:\/\/scorecardhub.org\/fr\/wp-json\/wp\/v2\/pages\/69626\/revisions\/92393"}],"up":[{"embeddable":true,"href":"https:\/\/scorecardhub.org\/fr\/wp-json\/wp\/v2\/pages\/69629"}],"wp:featuredmedia":[{"embeddable":true,"href":"https:\/\/scorecardhub.org\/fr\/wp-json\/wp\/v2\/media\/92231"}],"wp:attachment":[{"href":"https:\/\/scorecardhub.org\/fr\/wp-json\/wp\/v2\/media?parent=69626"}],"curies":[{"name":"wp","href":"https:\/\/api.w.org\/{rel}","templated":true}]}}