{"id":69623,"date":"2021-12-15T12:39:17","date_gmt":"2021-12-15T12:39:17","guid":{"rendered":"https:\/\/scorecardhub.org\/about-joyce-kafanabo\/"},"modified":"2023-02-18T06:52:41","modified_gmt":"2023-02-18T06:52:41","slug":"a-propos-de-joyce-kafanabo","status":"publish","type":"page","link":"https:\/\/scorecardhub.org\/fr\/prix-joyce-kafanabo\/a-propos-de-joyce-kafanabo\/","title":{"rendered":"\u00c0 propos de Joyce Kafanabo"},"content":{"rendered":"\n<div class=\"videoWrapper\">\n<iframe loading=\"lazy\" src=\"https:\/\/player.vimeo.com\/video\/799929453?h=b30eefb176&amp;badge=0&amp;autopause=0&amp;player_id=0&amp;app_id=58479\" allow=\"autoplay; fullscreen; picture-in-picture\" allowfullscreen=\"\" title=\"Joyce Kafanabo memorial\" width=\"1920\" height=\"1080\" frameborder=\"0\"><\/iframe>\n<\/div>\n\n\n\n<div style=\"height:20px\" aria-hidden=\"true\" class=\"wp-block-spacer\"><\/div>\n\n\n\n<p>Ces prix pour l\u2019excellence et l\u2019innovation sont nomm\u00e9s en honneur de la regrett\u00e9e Joyce Kafanabo, directrice senior \u00e0 l\u2019Alliance des Dirigeants Africains contre le Paludisme, d\u00e9c\u00e9d\u00e9e samedi 23 janvier 2021 \u00e0 Dar Es Salaam en Tanzanie.<\/p>\n\n\n\n<p>\u00c9minente dirigeante, diplomate et visionnaire, Joyce \u00e9tait aussi une m\u00e8re d\u00e9vou\u00e9e et une grand-m\u00e8re aim\u00e9e de tous et tenue en tr\u00e8s haute estime par ses coll\u00e8gues, ses amis, les repr\u00e9sentants d&rsquo;\u00c9tat, les partenaires de d\u00e9veloppement et la communaut\u00e9 au sens large.<\/p>\n\n\n\n<figure class=\"wp-block-image size-full\"><img loading=\"lazy\" decoding=\"async\" width=\"700\" height=\"400\" src=\"https:\/\/scorecardhub.org\/wp-content\/uploads\/2022\/04\/joyce-with-melanie-saleemah.jpg\" alt=\"\" class=\"wp-image-65649\" srcset=\"https:\/\/scorecardhub.org\/wp-content\/uploads\/2022\/04\/joyce-with-melanie-saleemah.jpg 700w, https:\/\/scorecardhub.org\/wp-content\/uploads\/2022\/04\/joyce-with-melanie-saleemah-300x171.jpg 300w\" sizes=\"auto, (max-width: 700px) 100vw, 700px\" \/><figcaption class=\"wp-element-caption\"><strong>Joyce Kafanabo with Saleemah Abdul-Ghafur (former director at ALMA) and Melanie Renshaw (Chief Technical Officer at ALMA)<\/strong><\/figcaption><\/figure>\n\n\n\n<p>Sa passion \u00e0 encourager et cultiver les partenariats vers la vision continentale de l\u2019\u00e9limination du paludisme \u00e0 l\u2019horizon 2030, soutenir la sant\u00e9 reproductive, maternelle et infantile, vaincre les maladies tropicales n\u00e9glig\u00e9es et promouvoir l\u2019agenda plus large de la sant\u00e9 et du d\u00e9veloppement nous manque profond\u00e9ment.<\/p>\n\n\n\n<p>Avant d\u2019assumer son r\u00f4le au service d\u2019ALMA, Joyce avait \u00e9t\u00e9 membre du Service diplomatique puis Ministre pl\u00e9nipotentiaire de la mission permanente de la R\u00e9publique Unie de Tanzanie \u00e0 l\u2019ONU.<\/p>\n\n\n\n<div class=\"content-delimiter\"><\/div>\n\n\n<section class=\"updates-section\">\r\n    <div class=\"container\">\r\n        <h2>Contenu reli\u00e9<\/h2>\r\n                    <div class=\"article-holder\">\r\n                                    <a href=\"https:\/\/scorecardhub.org\/fr\/prix-joyce-kafanabo\/\"\r\n                       class=\"article-item \">\r\n                        <div class=\"img-holder\"\r\n                             style=\"background-image: url('https:\/\/scorecardhub.org\/wp-content\/uploads\/2023\/02\/thumbnail-jk-awards-2022-main-fr.png');\">\r\n                                                    <\/div>\r\n                        <div class=\"content-holder\">\r\n                            <div class=\"heading-block\">\r\n                                <h3>\r\n                                    Prix ALMA Joyce Kafanabo pour l\u2019Excellence et l\u2019Innovation                                    <!--                            <time datetime=\"-->\r\n                                    <!--\">22.07.2020 \/ 12:00 PM (UTC)<\/time>-->\r\n                                <\/h3>\r\n                            <\/div>\r\n                            <p>Honorer l&rsquo;excellence et l&rsquo;innovation des cartes de score.<\/p>\r\n                        <\/div>\r\n                    <\/a>\r\n                                    <a href=\"https:\/\/scorecardhub.org\/fr\/prix-joyce-kafanabo\/gagnants-2022\/\"\r\n                       class=\"article-item \">\r\n                        <div class=\"img-holder\"\r\n                             style=\"background-image: url('https:\/\/scorecardhub.org\/wp-content\/uploads\/2023\/02\/thumbnail-jk-awards-joyce-fr.png');\">\r\n                                                    <\/div>\r\n                        <div class=\"content-holder\">\r\n                            <div class=\"heading-block\">\r\n                                <h3>\r\n                                    Gagnants 2022                                    <!--                            <time datetime=\"-->\r\n                                    <!--\">22.07.2020 \/ 12:00 PM (UTC)<\/time>-->\r\n                                <\/h3>\r\n                            <\/div>\r\n                            <p>Ces prix inauguraux c\u00e9l\u00e8brent les succ\u00e8s des pays r\u00e9alis\u00e9s en 2022.<\/p>\r\n                        <\/div>\r\n                    <\/a>\r\n                            <\/div>\r\n            <\/div>\r\n<\/section>\r\n","protected":false},"excerpt":{"rendered":"<p>Ces prix pour l\u2019excellence et l\u2019innovation sont nomm\u00e9s en honneur de la regrett\u00e9e Joyce Kafanabo.<\/p>\n","protected":false},"author":14,"featured_media":92252,"parent":69629,"menu_order":0,"comment_status":"closed","ping_status":"closed","template":"","meta":{"footnotes":""},"class_list":["post-69623","page","type-page","status-publish","has-post-thumbnail","hentry"],"acf":[],"yoast_head":"<!-- This site is optimized with the Yoast SEO plugin v26.8 - https:\/\/yoast.com\/product\/yoast-seo-wordpress\/ -->\n<title>\u00c0 propos de Joyce Kafanabo - ALMA Scorecard Hub<\/title>\n<meta name=\"robots\" content=\"index, follow, max-snippet:-1, max-image-preview:large, max-video-preview:-1\" \/>\n<link rel=\"canonical\" href=\"https:\/\/scorecardhub.org\/fr\/prix-joyce-kafanabo\/a-propos-de-joyce-kafanabo\/\" \/>\n<meta property=\"og:locale\" content=\"fr_FR\" \/>\n<meta property=\"og:type\" content=\"article\" \/>\n<meta property=\"og:title\" content=\"\u00c0 propos de Joyce Kafanabo - ALMA Scorecard Hub\" \/>\n<meta property=\"og:description\" content=\"Ces prix pour l\u2019excellence et l\u2019innovation sont nomm\u00e9s en honneur de la regrett\u00e9e Joyce Kafanabo.\" \/>\n<meta property=\"og:url\" content=\"https:\/\/scorecardhub.org\/fr\/prix-joyce-kafanabo\/a-propos-de-joyce-kafanabo\/\" \/>\n<meta property=\"og:site_name\" content=\"ALMA Scorecard Hub\" \/>\n<meta property=\"article:modified_time\" content=\"2023-02-18T06:52:41+00:00\" \/>\n<meta property=\"og:image\" content=\"https:\/\/scorecardhub.org\/wp-content\/uploads\/2023\/02\/thumbnail-jk-awards-2022-joyce.png\" \/>\n\t<meta property=\"og:image:width\" content=\"800\" \/>\n\t<meta property=\"og:image:height\" content=\"450\" \/>\n\t<meta property=\"og:image:type\" content=\"image\/png\" \/>\n<meta name=\"twitter:card\" content=\"summary_large_image\" \/>\n<meta name=\"twitter:site\" content=\"@ALMA_2030\" \/>\n<meta name=\"twitter:label1\" content=\"Dur\u00e9e de lecture estim\u00e9e\" \/>\n\t<meta name=\"twitter:data1\" content=\"1 minute\" \/>\n<script type=\"application\/ld+json\" class=\"yoast-schema-graph\">{\"@context\":\"https:\/\/schema.org\",\"@graph\":[{\"@type\":\"WebPage\",\"@id\":\"https:\/\/scorecardhub.org\/fr\/prix-joyce-kafanabo\/a-propos-de-joyce-kafanabo\/\",\"url\":\"https:\/\/scorecardhub.org\/fr\/prix-joyce-kafanabo\/a-propos-de-joyce-kafanabo\/\",\"name\":\"\u00c0 propos de Joyce Kafanabo - ALMA Scorecard Hub\",\"isPartOf\":{\"@id\":\"https:\/\/scorecardhub.org\/fr\/#website\"},\"primaryImageOfPage\":{\"@id\":\"https:\/\/scorecardhub.org\/fr\/prix-joyce-kafanabo\/a-propos-de-joyce-kafanabo\/#primaryimage\"},\"image\":{\"@id\":\"https:\/\/scorecardhub.org\/fr\/prix-joyce-kafanabo\/a-propos-de-joyce-kafanabo\/#primaryimage\"},\"thumbnailUrl\":\"https:\/\/scorecardhub.org\/wp-content\/uploads\/2023\/02\/thumbnail-jk-awards-2022-joyce.png\",\"datePublished\":\"2021-12-15T12:39:17+00:00\",\"dateModified\":\"2023-02-18T06:52:41+00:00\",\"breadcrumb\":{\"@id\":\"https:\/\/scorecardhub.org\/fr\/prix-joyce-kafanabo\/a-propos-de-joyce-kafanabo\/#breadcrumb\"},\"inLanguage\":\"fr-FR\",\"potentialAction\":[{\"@type\":\"ReadAction\",\"target\":[\"https:\/\/scorecardhub.org\/fr\/prix-joyce-kafanabo\/a-propos-de-joyce-kafanabo\/\"]}]},{\"@type\":\"ImageObject\",\"inLanguage\":\"fr-FR\",\"@id\":\"https:\/\/scorecardhub.org\/fr\/prix-joyce-kafanabo\/a-propos-de-joyce-kafanabo\/#primaryimage\",\"url\":\"https:\/\/scorecardhub.org\/wp-content\/uploads\/2023\/02\/thumbnail-jk-awards-2022-joyce.png\",\"contentUrl\":\"https:\/\/scorecardhub.org\/wp-content\/uploads\/2023\/02\/thumbnail-jk-awards-2022-joyce.png\",\"width\":800,\"height\":450},{\"@type\":\"BreadcrumbList\",\"@id\":\"https:\/\/scorecardhub.org\/fr\/prix-joyce-kafanabo\/a-propos-de-joyce-kafanabo\/#breadcrumb\",\"itemListElement\":[{\"@type\":\"ListItem\",\"position\":1,\"name\":\"Accueil\",\"item\":\"https:\/\/scorecardhub.org\/fr\/\"},{\"@type\":\"ListItem\",\"position\":2,\"name\":\"Prix ALMA Joyce Kafanabo pour l\u2019Excellence et l\u2019Innovation\",\"item\":\"https:\/\/scorecardhub.org\/fr\/prix-joyce-kafanabo\/\"},{\"@type\":\"ListItem\",\"position\":3,\"name\":\"\u00c0 propos de Joyce Kafanabo\"}]},{\"@type\":\"WebSite\",\"@id\":\"https:\/\/scorecardhub.org\/fr\/#website\",\"url\":\"https:\/\/scorecardhub.org\/fr\/\",\"name\":\"ALMA Scorecard Hub\",\"description\":\"\",\"publisher\":{\"@id\":\"https:\/\/scorecardhub.org\/fr\/#organization\"},\"potentialAction\":[{\"@type\":\"SearchAction\",\"target\":{\"@type\":\"EntryPoint\",\"urlTemplate\":\"https:\/\/scorecardhub.org\/fr\/?s={search_term_string}\"},\"query-input\":{\"@type\":\"PropertyValueSpecification\",\"valueRequired\":true,\"valueName\":\"search_term_string\"}}],\"inLanguage\":\"fr-FR\"},{\"@type\":\"Organization\",\"@id\":\"https:\/\/scorecardhub.org\/fr\/#organization\",\"name\":\"ALMA Scorecard Hub\",\"url\":\"https:\/\/scorecardhub.org\/fr\/\",\"logo\":{\"@type\":\"ImageObject\",\"inLanguage\":\"fr-FR\",\"@id\":\"https:\/\/scorecardhub.org\/fr\/#\/schema\/logo\/image\/\",\"url\":\"https:\/\/scorecardhub.org\/wp-content\/uploads\/2021\/02\/alma_logo-1.svg\",\"contentUrl\":\"https:\/\/scorecardhub.org\/wp-content\/uploads\/2021\/02\/alma_logo-1.svg\",\"width\":276,\"height\":58,\"caption\":\"ALMA Scorecard Hub\"},\"image\":{\"@id\":\"https:\/\/scorecardhub.org\/fr\/#\/schema\/logo\/image\/\"},\"sameAs\":[\"https:\/\/x.com\/ALMA_2030\"]}]}<\/script>\n<!-- \/ Yoast SEO plugin. -->","yoast_head_json":{"title":"\u00c0 propos de Joyce Kafanabo - ALMA Scorecard Hub","robots":{"index":"index","follow":"follow","max-snippet":"max-snippet:-1","max-image-preview":"max-image-preview:large","max-video-preview":"max-video-preview:-1"},"canonical":"https:\/\/scorecardhub.org\/fr\/prix-joyce-kafanabo\/a-propos-de-joyce-kafanabo\/","og_locale":"fr_FR","og_type":"article","og_title":"\u00c0 propos de Joyce Kafanabo - ALMA Scorecard Hub","og_description":"Ces prix pour l\u2019excellence et l\u2019innovation sont nomm\u00e9s en honneur de la regrett\u00e9e Joyce Kafanabo.","og_url":"https:\/\/scorecardhub.org\/fr\/prix-joyce-kafanabo\/a-propos-de-joyce-kafanabo\/","og_site_name":"ALMA Scorecard Hub","article_modified_time":"2023-02-18T06:52:41+00:00","og_image":[{"width":800,"height":450,"url":"https:\/\/scorecardhub.org\/wp-content\/uploads\/2023\/02\/thumbnail-jk-awards-2022-joyce.png","type":"image\/png"}],"twitter_card":"summary_large_image","twitter_site":"@ALMA_2030","twitter_misc":{"Dur\u00e9e de lecture estim\u00e9e":"1 minute"},"schema":{"@context":"https:\/\/schema.org","@graph":[{"@type":"WebPage","@id":"https:\/\/scorecardhub.org\/fr\/prix-joyce-kafanabo\/a-propos-de-joyce-kafanabo\/","url":"https:\/\/scorecardhub.org\/fr\/prix-joyce-kafanabo\/a-propos-de-joyce-kafanabo\/","name":"\u00c0 propos de Joyce Kafanabo - ALMA Scorecard Hub","isPartOf":{"@id":"https:\/\/scorecardhub.org\/fr\/#website"},"primaryImageOfPage":{"@id":"https:\/\/scorecardhub.org\/fr\/prix-joyce-kafanabo\/a-propos-de-joyce-kafanabo\/#primaryimage"},"image":{"@id":"https:\/\/scorecardhub.org\/fr\/prix-joyce-kafanabo\/a-propos-de-joyce-kafanabo\/#primaryimage"},"thumbnailUrl":"https:\/\/scorecardhub.org\/wp-content\/uploads\/2023\/02\/thumbnail-jk-awards-2022-joyce.png","datePublished":"2021-12-15T12:39:17+00:00","dateModified":"2023-02-18T06:52:41+00:00","breadcrumb":{"@id":"https:\/\/scorecardhub.org\/fr\/prix-joyce-kafanabo\/a-propos-de-joyce-kafanabo\/#breadcrumb"},"inLanguage":"fr-FR","potentialAction":[{"@type":"ReadAction","target":["https:\/\/scorecardhub.org\/fr\/prix-joyce-kafanabo\/a-propos-de-joyce-kafanabo\/"]}]},{"@type":"ImageObject","inLanguage":"fr-FR","@id":"https:\/\/scorecardhub.org\/fr\/prix-joyce-kafanabo\/a-propos-de-joyce-kafanabo\/#primaryimage","url":"https:\/\/scorecardhub.org\/wp-content\/uploads\/2023\/02\/thumbnail-jk-awards-2022-joyce.png","contentUrl":"https:\/\/scorecardhub.org\/wp-content\/uploads\/2023\/02\/thumbnail-jk-awards-2022-joyce.png","width":800,"height":450},{"@type":"BreadcrumbList","@id":"https:\/\/scorecardhub.org\/fr\/prix-joyce-kafanabo\/a-propos-de-joyce-kafanabo\/#breadcrumb","itemListElement":[{"@type":"ListItem","position":1,"name":"Accueil","item":"https:\/\/scorecardhub.org\/fr\/"},{"@type":"ListItem","position":2,"name":"Prix ALMA Joyce Kafanabo pour l\u2019Excellence et l\u2019Innovation","item":"https:\/\/scorecardhub.org\/fr\/prix-joyce-kafanabo\/"},{"@type":"ListItem","position":3,"name":"\u00c0 propos de Joyce Kafanabo"}]},{"@type":"WebSite","@id":"https:\/\/scorecardhub.org\/fr\/#website","url":"https:\/\/scorecardhub.org\/fr\/","name":"ALMA Scorecard Hub","description":"","publisher":{"@id":"https:\/\/scorecardhub.org\/fr\/#organization"},"potentialAction":[{"@type":"SearchAction","target":{"@type":"EntryPoint","urlTemplate":"https:\/\/scorecardhub.org\/fr\/?s={search_term_string}"},"query-input":{"@type":"PropertyValueSpecification","valueRequired":true,"valueName":"search_term_string"}}],"inLanguage":"fr-FR"},{"@type":"Organization","@id":"https:\/\/scorecardhub.org\/fr\/#organization","name":"ALMA Scorecard Hub","url":"https:\/\/scorecardhub.org\/fr\/","logo":{"@type":"ImageObject","inLanguage":"fr-FR","@id":"https:\/\/scorecardhub.org\/fr\/#\/schema\/logo\/image\/","url":"https:\/\/scorecardhub.org\/wp-content\/uploads\/2021\/02\/alma_logo-1.svg","contentUrl":"https:\/\/scorecardhub.org\/wp-content\/uploads\/2021\/02\/alma_logo-1.svg","width":276,"height":58,"caption":"ALMA Scorecard Hub"},"image":{"@id":"https:\/\/scorecardhub.org\/fr\/#\/schema\/logo\/image\/"},"sameAs":["https:\/\/x.com\/ALMA_2030"]}]}},"_links":{"self":[{"href":"https:\/\/scorecardhub.org\/fr\/wp-json\/wp\/v2\/pages\/69623","targetHints":{"allow":["GET"]}}],"collection":[{"href":"https:\/\/scorecardhub.org\/fr\/wp-json\/wp\/v2\/pages"}],"about":[{"href":"https:\/\/scorecardhub.org\/fr\/wp-json\/wp\/v2\/types\/page"}],"author":[{"embeddable":true,"href":"https:\/\/scorecardhub.org\/fr\/wp-json\/wp\/v2\/users\/14"}],"replies":[{"embeddable":true,"href":"https:\/\/scorecardhub.org\/fr\/wp-json\/wp\/v2\/comments?post=69623"}],"version-history":[{"count":5,"href":"https:\/\/scorecardhub.org\/fr\/wp-json\/wp\/v2\/pages\/69623\/revisions"}],"predecessor-version":[{"id":92630,"href":"https:\/\/scorecardhub.org\/fr\/wp-json\/wp\/v2\/pages\/69623\/revisions\/92630"}],"up":[{"embeddable":true,"href":"https:\/\/scorecardhub.org\/fr\/wp-json\/wp\/v2\/pages\/69629"}],"wp:featuredmedia":[{"embeddable":true,"href":"https:\/\/scorecardhub.org\/fr\/wp-json\/wp\/v2\/media\/92252"}],"wp:attachment":[{"href":"https:\/\/scorecardhub.org\/fr\/wp-json\/wp\/v2\/media?parent=69623"}],"curies":[{"name":"wp","href":"https:\/\/api.w.org\/{rel}","templated":true}]}}