{"id":69617,"date":"2021-12-15T12:24:34","date_gmt":"2021-12-15T12:24:34","guid":{"rendered":"https:\/\/scorecardhub.org\/introduction-to-the-joyce-kafanabo-awards-for-excellence-and-innovation\/"},"modified":"2023-02-18T06:53:38","modified_gmt":"2023-02-18T06:53:38","slug":"introduction","status":"publish","type":"page","link":"https:\/\/scorecardhub.org\/fr\/prix-joyce-kafanabo\/introduction\/","title":{"rendered":"Introduction : Prix ALMA Joyce Kafanabo de l\u2019Excellence et de l\u2019Innovation"},"content":{"rendered":"\n<p>Son Excellence M. Umaro Sissoco Embal\u00f3, Pr\u00e9sident de la R\u00e9publique de Guin\u00e9e-Bissau et pr\u00e9sident d\u2019ALMA, a inaugur\u00e9 les Prix ALMA Joyce Kafanabo de l\u2019Excellence et de l\u2019Innovation, d\u00e9cern\u00e9s par ALMA \u00e0 l\u2019occasion d&rsquo;une c\u00e9r\u00e9monie parall\u00e8le au Sommet de l\u2019UA en f\u00e9vrier 2023.<\/p>\n\n\n\n<p><a href=\"https:\/\/scorecardhub.org\/fr\/prix-joyce-kafanabo\/2021-award-winners\/\">Les prix sont r\u00e9partis en 6 cat\u00e9gories<\/a> :<\/p>\n\n\n\n<ul class=\"wp-block-list\">\n<li>Meilleur outil de carte de score Paludisme<\/li>\n\n\n\n<li>Meilleur outil de carte de score SRMNIA (sant\u00e9 de la reproduction maternelle, n\u00e9onatale, infantile et des adolescents)<\/li>\n\n\n\n<li>Meilleur outil de carte de score MTN (maladies tropicales n\u00e9glig\u00e9es)<\/li>\n\n\n\n<li>Meilleur outil de carte de score communautaire<\/li>\n\n\n\n<li>Meilleure institutionnalisation des outils de carte de score Paludisme et SRMNIA<\/li>\n\n\n\n<li>Meilleur usage innovant des outils de carte de score<\/li>\n<\/ul>\n\n\n\n<h2 class=\"wp-block-heading\">Rendre hommage \u00e0 la contribution de Joyce Kafanabo<\/h2>\n\n\n\n<p>Ces prix <a href=\"https:\/\/scorecardhub.org\/fr\/prix-joyce-kafanabo\/a-propos-de-joyce-kafanabo\/\">portent le nom de Joyce Kafanabo<\/a>, un des membres fondateurs et directrice senior \u00e0 ALMA, tragiquement d\u00e9c\u00e9d\u00e9e en 2021. Ces prix rendent hommage aux contributions exceptionnelles de Joyce \u00e0 la diplomatie et \u00e0 la lutte contre le paludisme.<\/p>\n\n\n\n<figure class=\"wp-block-image size-full\"><img loading=\"lazy\" decoding=\"async\" width=\"700\" height=\"300\" src=\"https:\/\/scorecardhub.org\/wp-content\/uploads\/2023\/02\/joyce-award-graphic.jpg\" alt=\"Joyce Kafanabo et le prix.\" class=\"wp-image-92312\" srcset=\"https:\/\/scorecardhub.org\/wp-content\/uploads\/2023\/02\/joyce-award-graphic.jpg 700w, https:\/\/scorecardhub.org\/wp-content\/uploads\/2023\/02\/joyce-award-graphic-300x129.jpg 300w\" sizes=\"auto, (max-width: 700px) 100vw, 700px\" \/><\/figure>\n\n\n\n<h2 class=\"wp-block-heading\">C\u00e9l\u00e9brer l\u2019excellence et l\u2019innovation des cartes de score<\/h2>\n\n\n\n<p>Ces prix c\u00e9l\u00e8brent les pays qui ont r\u00e9alis\u00e9 le plus de progr\u00e8s en termes de digitalisation et de renforcement des outils de gestion de carte de score \u00e0 travers :<\/p>\n\n\n\n<ul class=\"wp-block-list\">\n<li>Le partage public de la carte de score<\/li>\n\n\n\n<li>Le renforcement des capacit\u00e9s au niveau sub-national afin d\u2019am\u00e9liorer la prise de d\u00e9cision motiv\u00e9e par les donn\u00e9es<\/li>\n\n\n\n<li>L\u2019utilisation de l\u2019outil avec la communaut\u00e9 pour responsabiliser et autonomiser tous les citoyens dans le cadre de l\u2019am\u00e9lioration des services et des r\u00e9sultats en mati\u00e8re de sant\u00e9.<\/li>\n<\/ul>\n\n\n\n<h2 class=\"wp-block-heading\">Comit\u00e9 des prix ind\u00e9pendant et \u00e9valuations de la maturit\u00e9 des cartes de score<\/h2>\n\n\n\n<p>Nous avons \u00e9tabli un <a href=\"https:\/\/scorecardhub.org\/fr\/prix-joyce-kafanabo\/comite-des-prix\/\">comit\u00e9 ind\u00e9pendant<\/a> pour les prix, qui a aid\u00e9 \u00e0 choisir les cat\u00e9gories de prix, \u00e0 \u00e9valuer les progr\u00e8s r\u00e9alis\u00e9s par les pays et \u00e0 s\u00e9lectionner les pays gagnants. Pour aider le comit\u00e9 des prix nous avons \u00e9valu\u00e9 chaque pays \u00e0 l\u2019aide de l\u2019outil d\u2019\u00e9valuation de maturit\u00e9 de la carte de score, qui contribue \u00e0 identifier o\u00f9 une carte de score pays a de bonnes performances et o\u00f9 des am\u00e9liorations sont n\u00e9cessaires.<\/p>\n\n\n\n<p>Les pays peuvent utiliser l\u2019<a href=\"https:\/\/scorecardhub.org\/fr\/guides-et-boites-a-outils\/outil-dauto-evaluation-de-maturite-de-la-carte-de-score\/\">outil d\u2019auto-\u00e9valuation de maturit\u00e9 de la carte de score<\/a> afin d\u2019am\u00e9liorer leurs cartes de score et d&rsquo;augmenter leurs chances de gagner de nouveaux prix de carte de score.<\/p>\n\n\n\n<div class=\"content-delimiter\"><\/div>\n\n\n<section class=\"updates-section\">\r\n    <div class=\"container\">\r\n        <h2>Contenu reli\u00e9<\/h2>\r\n                    <div class=\"article-holder\">\r\n                                    <a href=\"https:\/\/scorecardhub.org\/fr\/prix-joyce-kafanabo\/\"\r\n                       class=\"article-item \">\r\n                        <div class=\"img-holder\"\r\n                             style=\"background-image: url('https:\/\/scorecardhub.org\/wp-content\/uploads\/2023\/02\/thumbnail-jk-awards-2022-main-fr.png');\">\r\n                                                    <\/div>\r\n                        <div class=\"content-holder\">\r\n                            <div class=\"heading-block\">\r\n                                <h3>\r\n                                    Prix ALMA Joyce Kafanabo pour l\u2019Excellence et l\u2019Innovation                                    <!--                            <time datetime=\"-->\r\n                                    <!--\">22.07.2020 \/ 12:00 PM (UTC)<\/time>-->\r\n                                <\/h3>\r\n                            <\/div>\r\n                            <p>Honorer l&rsquo;excellence et l&rsquo;innovation des cartes de score.<\/p>\r\n                        <\/div>\r\n                    <\/a>\r\n                                    <a href=\"https:\/\/scorecardhub.org\/fr\/prix-joyce-kafanabo\/gagnants-2022\/\"\r\n                       class=\"article-item \">\r\n                        <div class=\"img-holder\"\r\n                             style=\"background-image: url('https:\/\/scorecardhub.org\/wp-content\/uploads\/2023\/02\/thumbnail-jk-awards-joyce-fr.png');\">\r\n                                                    <\/div>\r\n                        <div class=\"content-holder\">\r\n                            <div class=\"heading-block\">\r\n                                <h3>\r\n                                    Gagnants 2022                                    <!--                            <time datetime=\"-->\r\n                                    <!--\">22.07.2020 \/ 12:00 PM (UTC)<\/time>-->\r\n                                <\/h3>\r\n                            <\/div>\r\n                            <p>Ces prix inauguraux c\u00e9l\u00e8brent les succ\u00e8s des pays r\u00e9alis\u00e9s en 2022.<\/p>\r\n                        <\/div>\r\n                    <\/a>\r\n                            <\/div>\r\n            <\/div>\r\n<\/section>\r\n","protected":false},"excerpt":{"rendered":"<p>Cat\u00e9gories de prix, rendre hommage \u00e0 la contribution de Joyce Kafanabo, c\u00e9l\u00e9brer l\u2019excellence et l\u2019innovation des cartes de score.<\/p>\n","protected":false},"author":14,"featured_media":57969,"parent":69629,"menu_order":0,"comment_status":"closed","ping_status":"closed","template":"","meta":{"footnotes":""},"class_list":["post-69617","page","type-page","status-publish","has-post-thumbnail","hentry"],"acf":[],"yoast_head":"<!-- This site is optimized with the Yoast SEO plugin v26.8 - https:\/\/yoast.com\/product\/yoast-seo-wordpress\/ -->\n<title>Introduction : Prix ALMA Joyce Kafanabo de l\u2019Excellence et de l\u2019Innovation - ALMA Scorecard Hub<\/title>\n<meta name=\"robots\" content=\"index, follow, max-snippet:-1, max-image-preview:large, max-video-preview:-1\" \/>\n<link rel=\"canonical\" href=\"https:\/\/scorecardhub.org\/fr\/prix-joyce-kafanabo\/introduction\/\" \/>\n<meta property=\"og:locale\" content=\"fr_FR\" \/>\n<meta property=\"og:type\" content=\"article\" \/>\n<meta property=\"og:title\" content=\"Introduction : Prix ALMA Joyce Kafanabo de l\u2019Excellence et de l\u2019Innovation - ALMA Scorecard Hub\" \/>\n<meta property=\"og:description\" content=\"Cat\u00e9gories de prix, rendre hommage \u00e0 la contribution de Joyce Kafanabo, c\u00e9l\u00e9brer l\u2019excellence et l\u2019innovation des cartes de score.\" \/>\n<meta property=\"og:url\" content=\"https:\/\/scorecardhub.org\/fr\/prix-joyce-kafanabo\/introduction\/\" \/>\n<meta property=\"og:site_name\" content=\"ALMA Scorecard Hub\" \/>\n<meta property=\"article:modified_time\" content=\"2023-02-18T06:53:38+00:00\" \/>\n<meta property=\"og:image\" content=\"https:\/\/scorecardhub.org\/wp-content\/uploads\/2021\/12\/thumbnail-jk-awards-1.png\" \/>\n\t<meta property=\"og:image:width\" content=\"800\" \/>\n\t<meta property=\"og:image:height\" content=\"450\" \/>\n\t<meta property=\"og:image:type\" content=\"image\/png\" \/>\n<meta name=\"twitter:card\" content=\"summary_large_image\" \/>\n<meta name=\"twitter:site\" content=\"@ALMA_2030\" \/>\n<meta name=\"twitter:label1\" content=\"Dur\u00e9e de lecture estim\u00e9e\" \/>\n\t<meta name=\"twitter:data1\" content=\"2 minutes\" \/>\n<script type=\"application\/ld+json\" class=\"yoast-schema-graph\">{\"@context\":\"https:\/\/schema.org\",\"@graph\":[{\"@type\":\"WebPage\",\"@id\":\"https:\/\/scorecardhub.org\/fr\/prix-joyce-kafanabo\/introduction\/\",\"url\":\"https:\/\/scorecardhub.org\/fr\/prix-joyce-kafanabo\/introduction\/\",\"name\":\"Introduction : Prix ALMA Joyce Kafanabo de l\u2019Excellence et de l\u2019Innovation - ALMA Scorecard Hub\",\"isPartOf\":{\"@id\":\"https:\/\/scorecardhub.org\/fr\/#website\"},\"primaryImageOfPage\":{\"@id\":\"https:\/\/scorecardhub.org\/fr\/prix-joyce-kafanabo\/introduction\/#primaryimage\"},\"image\":{\"@id\":\"https:\/\/scorecardhub.org\/fr\/prix-joyce-kafanabo\/introduction\/#primaryimage\"},\"thumbnailUrl\":\"https:\/\/scorecardhub.org\/wp-content\/uploads\/2021\/12\/thumbnail-jk-awards-1.png\",\"datePublished\":\"2021-12-15T12:24:34+00:00\",\"dateModified\":\"2023-02-18T06:53:38+00:00\",\"breadcrumb\":{\"@id\":\"https:\/\/scorecardhub.org\/fr\/prix-joyce-kafanabo\/introduction\/#breadcrumb\"},\"inLanguage\":\"fr-FR\",\"potentialAction\":[{\"@type\":\"ReadAction\",\"target\":[\"https:\/\/scorecardhub.org\/fr\/prix-joyce-kafanabo\/introduction\/\"]}]},{\"@type\":\"ImageObject\",\"inLanguage\":\"fr-FR\",\"@id\":\"https:\/\/scorecardhub.org\/fr\/prix-joyce-kafanabo\/introduction\/#primaryimage\",\"url\":\"https:\/\/scorecardhub.org\/wp-content\/uploads\/2021\/12\/thumbnail-jk-awards-1.png\",\"contentUrl\":\"https:\/\/scorecardhub.org\/wp-content\/uploads\/2021\/12\/thumbnail-jk-awards-1.png\",\"width\":800,\"height\":450},{\"@type\":\"BreadcrumbList\",\"@id\":\"https:\/\/scorecardhub.org\/fr\/prix-joyce-kafanabo\/introduction\/#breadcrumb\",\"itemListElement\":[{\"@type\":\"ListItem\",\"position\":1,\"name\":\"Accueil\",\"item\":\"https:\/\/scorecardhub.org\/fr\/\"},{\"@type\":\"ListItem\",\"position\":2,\"name\":\"Prix ALMA Joyce Kafanabo pour l\u2019Excellence et l\u2019Innovation\",\"item\":\"https:\/\/scorecardhub.org\/fr\/prix-joyce-kafanabo\/\"},{\"@type\":\"ListItem\",\"position\":3,\"name\":\"Introduction : Prix ALMA Joyce Kafanabo de l\u2019Excellence et de l\u2019Innovation\"}]},{\"@type\":\"WebSite\",\"@id\":\"https:\/\/scorecardhub.org\/fr\/#website\",\"url\":\"https:\/\/scorecardhub.org\/fr\/\",\"name\":\"ALMA Scorecard Hub\",\"description\":\"\",\"publisher\":{\"@id\":\"https:\/\/scorecardhub.org\/fr\/#organization\"},\"potentialAction\":[{\"@type\":\"SearchAction\",\"target\":{\"@type\":\"EntryPoint\",\"urlTemplate\":\"https:\/\/scorecardhub.org\/fr\/?s={search_term_string}\"},\"query-input\":{\"@type\":\"PropertyValueSpecification\",\"valueRequired\":true,\"valueName\":\"search_term_string\"}}],\"inLanguage\":\"fr-FR\"},{\"@type\":\"Organization\",\"@id\":\"https:\/\/scorecardhub.org\/fr\/#organization\",\"name\":\"ALMA Scorecard Hub\",\"url\":\"https:\/\/scorecardhub.org\/fr\/\",\"logo\":{\"@type\":\"ImageObject\",\"inLanguage\":\"fr-FR\",\"@id\":\"https:\/\/scorecardhub.org\/fr\/#\/schema\/logo\/image\/\",\"url\":\"https:\/\/scorecardhub.org\/wp-content\/uploads\/2021\/02\/alma_logo-1.svg\",\"contentUrl\":\"https:\/\/scorecardhub.org\/wp-content\/uploads\/2021\/02\/alma_logo-1.svg\",\"width\":276,\"height\":58,\"caption\":\"ALMA Scorecard Hub\"},\"image\":{\"@id\":\"https:\/\/scorecardhub.org\/fr\/#\/schema\/logo\/image\/\"},\"sameAs\":[\"https:\/\/x.com\/ALMA_2030\"]}]}<\/script>\n<!-- \/ Yoast SEO plugin. -->","yoast_head_json":{"title":"Introduction : Prix ALMA Joyce Kafanabo de l\u2019Excellence et de l\u2019Innovation - ALMA Scorecard Hub","robots":{"index":"index","follow":"follow","max-snippet":"max-snippet:-1","max-image-preview":"max-image-preview:large","max-video-preview":"max-video-preview:-1"},"canonical":"https:\/\/scorecardhub.org\/fr\/prix-joyce-kafanabo\/introduction\/","og_locale":"fr_FR","og_type":"article","og_title":"Introduction : Prix ALMA Joyce Kafanabo de l\u2019Excellence et de l\u2019Innovation - ALMA Scorecard Hub","og_description":"Cat\u00e9gories de prix, rendre hommage \u00e0 la contribution de Joyce Kafanabo, c\u00e9l\u00e9brer l\u2019excellence et l\u2019innovation des cartes de score.","og_url":"https:\/\/scorecardhub.org\/fr\/prix-joyce-kafanabo\/introduction\/","og_site_name":"ALMA Scorecard Hub","article_modified_time":"2023-02-18T06:53:38+00:00","og_image":[{"width":800,"height":450,"url":"https:\/\/scorecardhub.org\/wp-content\/uploads\/2021\/12\/thumbnail-jk-awards-1.png","type":"image\/png"}],"twitter_card":"summary_large_image","twitter_site":"@ALMA_2030","twitter_misc":{"Dur\u00e9e de lecture estim\u00e9e":"2 minutes"},"schema":{"@context":"https:\/\/schema.org","@graph":[{"@type":"WebPage","@id":"https:\/\/scorecardhub.org\/fr\/prix-joyce-kafanabo\/introduction\/","url":"https:\/\/scorecardhub.org\/fr\/prix-joyce-kafanabo\/introduction\/","name":"Introduction : Prix ALMA Joyce Kafanabo de l\u2019Excellence et de l\u2019Innovation - ALMA Scorecard Hub","isPartOf":{"@id":"https:\/\/scorecardhub.org\/fr\/#website"},"primaryImageOfPage":{"@id":"https:\/\/scorecardhub.org\/fr\/prix-joyce-kafanabo\/introduction\/#primaryimage"},"image":{"@id":"https:\/\/scorecardhub.org\/fr\/prix-joyce-kafanabo\/introduction\/#primaryimage"},"thumbnailUrl":"https:\/\/scorecardhub.org\/wp-content\/uploads\/2021\/12\/thumbnail-jk-awards-1.png","datePublished":"2021-12-15T12:24:34+00:00","dateModified":"2023-02-18T06:53:38+00:00","breadcrumb":{"@id":"https:\/\/scorecardhub.org\/fr\/prix-joyce-kafanabo\/introduction\/#breadcrumb"},"inLanguage":"fr-FR","potentialAction":[{"@type":"ReadAction","target":["https:\/\/scorecardhub.org\/fr\/prix-joyce-kafanabo\/introduction\/"]}]},{"@type":"ImageObject","inLanguage":"fr-FR","@id":"https:\/\/scorecardhub.org\/fr\/prix-joyce-kafanabo\/introduction\/#primaryimage","url":"https:\/\/scorecardhub.org\/wp-content\/uploads\/2021\/12\/thumbnail-jk-awards-1.png","contentUrl":"https:\/\/scorecardhub.org\/wp-content\/uploads\/2021\/12\/thumbnail-jk-awards-1.png","width":800,"height":450},{"@type":"BreadcrumbList","@id":"https:\/\/scorecardhub.org\/fr\/prix-joyce-kafanabo\/introduction\/#breadcrumb","itemListElement":[{"@type":"ListItem","position":1,"name":"Accueil","item":"https:\/\/scorecardhub.org\/fr\/"},{"@type":"ListItem","position":2,"name":"Prix ALMA Joyce Kafanabo pour l\u2019Excellence et l\u2019Innovation","item":"https:\/\/scorecardhub.org\/fr\/prix-joyce-kafanabo\/"},{"@type":"ListItem","position":3,"name":"Introduction : Prix ALMA Joyce Kafanabo de l\u2019Excellence et de l\u2019Innovation"}]},{"@type":"WebSite","@id":"https:\/\/scorecardhub.org\/fr\/#website","url":"https:\/\/scorecardhub.org\/fr\/","name":"ALMA Scorecard Hub","description":"","publisher":{"@id":"https:\/\/scorecardhub.org\/fr\/#organization"},"potentialAction":[{"@type":"SearchAction","target":{"@type":"EntryPoint","urlTemplate":"https:\/\/scorecardhub.org\/fr\/?s={search_term_string}"},"query-input":{"@type":"PropertyValueSpecification","valueRequired":true,"valueName":"search_term_string"}}],"inLanguage":"fr-FR"},{"@type":"Organization","@id":"https:\/\/scorecardhub.org\/fr\/#organization","name":"ALMA Scorecard Hub","url":"https:\/\/scorecardhub.org\/fr\/","logo":{"@type":"ImageObject","inLanguage":"fr-FR","@id":"https:\/\/scorecardhub.org\/fr\/#\/schema\/logo\/image\/","url":"https:\/\/scorecardhub.org\/wp-content\/uploads\/2021\/02\/alma_logo-1.svg","contentUrl":"https:\/\/scorecardhub.org\/wp-content\/uploads\/2021\/02\/alma_logo-1.svg","width":276,"height":58,"caption":"ALMA Scorecard Hub"},"image":{"@id":"https:\/\/scorecardhub.org\/fr\/#\/schema\/logo\/image\/"},"sameAs":["https:\/\/x.com\/ALMA_2030"]}]}},"_links":{"self":[{"href":"https:\/\/scorecardhub.org\/fr\/wp-json\/wp\/v2\/pages\/69617","targetHints":{"allow":["GET"]}}],"collection":[{"href":"https:\/\/scorecardhub.org\/fr\/wp-json\/wp\/v2\/pages"}],"about":[{"href":"https:\/\/scorecardhub.org\/fr\/wp-json\/wp\/v2\/types\/page"}],"author":[{"embeddable":true,"href":"https:\/\/scorecardhub.org\/fr\/wp-json\/wp\/v2\/users\/14"}],"replies":[{"embeddable":true,"href":"https:\/\/scorecardhub.org\/fr\/wp-json\/wp\/v2\/comments?post=69617"}],"version-history":[{"count":5,"href":"https:\/\/scorecardhub.org\/fr\/wp-json\/wp\/v2\/pages\/69617\/revisions"}],"predecessor-version":[{"id":92324,"href":"https:\/\/scorecardhub.org\/fr\/wp-json\/wp\/v2\/pages\/69617\/revisions\/92324"}],"up":[{"embeddable":true,"href":"https:\/\/scorecardhub.org\/fr\/wp-json\/wp\/v2\/pages\/69629"}],"wp:featuredmedia":[{"embeddable":true,"href":"https:\/\/scorecardhub.org\/fr\/wp-json\/wp\/v2\/media\/57969"}],"wp:attachment":[{"href":"https:\/\/scorecardhub.org\/fr\/wp-json\/wp\/v2\/media?parent=69617"}],"curies":[{"name":"wp","href":"https:\/\/api.w.org\/{rel}","templated":true}]}}