{"id":62082,"date":"2022-01-14T17:00:36","date_gmt":"2022-01-14T17:00:36","guid":{"rendered":"https:\/\/scorecardhub.org\/guides-et-boites-a-outils\/scorecard-maturity-self-assessment-tool\/"},"modified":"2022-02-28T11:20:04","modified_gmt":"2022-02-28T11:20:04","slug":"outil-dauto-evaluation-de-maturite-de-la-carte-de-score","status":"publish","type":"page","link":"https:\/\/scorecardhub.org\/fr\/guides-et-boites-a-outils\/outil-dauto-evaluation-de-maturite-de-la-carte-de-score\/","title":{"rendered":"Outil d\u2019auto-\u00e9valuation de Maturit\u00e9 de la carte de score"},"content":{"rendered":"\n<h2 class=\"wp-block-heading\">Introduction<\/h2>\n\n\n\n<p>L\u2019<a href=\"https:\/\/scorecardhub.org\/fr\/ameliorer-votre-carte-de-score-avec-le-cadre-de-maturite-de-la-carte-de-score\/\">Auto-\u00e9valuation de Maturit\u00e9 de la carte de score<\/a> est un simple outil en ligne qui aide les pays \u00e0 :<\/p>\n\n\n\n<ul class=\"wp-block-list\"><li>\u00c9valuer leur carte de score sur la base de 5 Facteurs-cl\u00e9s de succ\u00e8s qui sont essentiels au succ\u00e8s de la carte de score<\/li><li>Comprendre o\u00f9 leur carte de score fonctionne bien et o\u00f9 des am\u00e9liorations sont n\u00e9cessaires<\/li><li>Acc\u00e9der \u00e0 une liste d\u2019am\u00e9liorations recommand\u00e9es sur mesure en fonction de la situation sp\u00e9cifique de chaque carte de score<\/li><li>Apprendre comment d\u2019autres pays ont d\u00e9pass\u00e9 des d\u00e9fis similaires pour am\u00e9liorer leurs cartes de score<\/li><li>Demander davantage de soutien aupr\u00e8s de l\u2019Alliance des Dirigeants Africains contre le Paludisme<\/li><\/ul>\n\n\n\n<p>Les pays recevront un score de maturit\u00e9 une fois l\u2019auto-\u00e9valuation pleinement r\u00e9alis\u00e9e. Ce score de maturit\u00e9 peut \u00eatre utilis\u00e9 pour \u00e9valuer les progr\u00e8s \u00e0 travers le temps. Nous recommandons aux pays d\u2019utiliser cet outil d\u2019auto-\u00e9valuation tous les 6 mois afin d\u2019am\u00e9liorer en continu leurs cartes de score.<\/p>\n\n\n\n<a href=\"https:\/\/scorecardhub.org\/fr\/ameliorer-votre-carte-de-score-avec-le-cadre-de-maturite-de-la-carte-de-score\/\" class=\"btn\">\u00c9valuez votre carte de score<\/a>\n\n\n\n<div style=\"height:20px\" aria-hidden=\"true\" class=\"wp-block-spacer\"><\/div>\n\n\n\n<div class=\"content-delimiter\"><\/div>\n\n\n\n<h2 class=\"wp-block-heading\">Le cadre derri\u00e8re l\u2019outil d\u2019auto-\u00e9valuation de Maturit\u00e9 de la carte de score<\/h2>\n\n\n\n<p>L\u2019outil d\u2019auto-\u00e9valuation de Maturit\u00e9 de la carte de score est bas\u00e9 sur le Cadre de maturit\u00e9 de la carte de score. Le Cadre de maturit\u00e9 de la carte de score a \u00e9t\u00e9 d\u00e9velopp\u00e9 sur la base des bonnes pratiques issues de l\u2019utilisation par les pays de la carte de score, en reconnaissant que les cartes de score t\u00e9moignent de diff\u00e9rents niveaux de maturit\u00e9 et d\u2019institutionnalisation.<\/p>\n\n\n\n<p>Le Cadre de maturit\u00e9 de la carte de score a initialement \u00e9t\u00e9 con\u00e7u pour nous aider \u00e0 offrir un soutien <em>ad hoc<\/em> aux pays tout en les aidant \u00e0 d\u00e9centraliser leur approche de la carte de score pour am\u00e9liorer la prestation des soins de sant\u00e9.<\/p>\n\n\n\n<p>L\u2019outil d\u2019auto-\u00e9valuation offre un moyen simple et accessible aux pays d\u2019utiliser le Cadre de maturit\u00e9 de la carte de score et d\u2019am\u00e9liorer leurs cartes de score.<\/p>\n\n\n\n<h3 class=\"wp-block-heading\">Aider les pays \u00e0 institutionnaliser leurs cartes de score<\/h3>\n\n\n\n<p>Le Cadre de maturit\u00e9 de la carte de score a aid\u00e9 les pays \u00e0 institutionnaliser leurs cartes de score. La Zambie est devenu un pays mod\u00e8le au niveau mondial dans son utilisation de la carte de score Paludisme pour soutenir son objectif ambitieux d\u2019\u00e9liminer le paludisme d\u2019ici \u00e0 2023.<\/p>\n\n\n\n<p>La carte de score a \u00e9t\u00e9 mise en place en 2016. En 2018 la Zambie a d\u00e9centralis\u00e9 la carte de score. Des milliers de parties prenantes ont \u00e9t\u00e9 form\u00e9es \u00e0 la Plateforme web de la carte de score.<\/p>\n\n\n\n<p>Aujourd\u2019hui, l\u2019utilisation de la carte de score Paludisme nationale est institutionnalis\u00e9e dans les m\u00e9canismes de redevabilit\u00e9 anti-paludisme de la Zambie. Le plan de travail est discut\u00e9 lors de plusieurs r\u00e9unions, y compris les r\u00e9unions de gestion hebdomadaires aux niveaux national et sub-national. La carte de score est \u00e9galement l\u2019objet de discussions au sein de plusieurs ar\u00e8nes de haut niveau, comme le Conseil d\u2019\u00e9limination du paludisme de la Zambie.<\/p>\n\n\n\n<div class=\"content-delimiter\"><\/div>\n\n\n\n<h2 class=\"wp-block-heading\">Fonctionnement de l\u2019outil<\/h2>\n\n\n\n<div class=\"wp-block-image\"><figure class=\"alignright size-medium is-resized\"><img loading=\"lazy\" decoding=\"async\" src=\"https:\/\/scorecardhub.org\/wp-content\/uploads\/2022\/01\/smf-step-01-1-300x167.png\" alt=\"\" class=\"wp-image-59711\" width=\"225\" height=\"125\" srcset=\"https:\/\/scorecardhub.org\/wp-content\/uploads\/2022\/01\/smf-step-01-1-300x167.png 300w, https:\/\/scorecardhub.org\/wp-content\/uploads\/2022\/01\/smf-step-01-1.png 500w\" sizes=\"auto, (max-width: 225px) 100vw, 225px\" \/><\/figure><\/div>\n\n\n\n<h3 class=\"wp-block-heading\">\u00c9tape 1 : Aller sur l\u2019outil d\u2019auto-\u00e9valuation de maturit\u00e9 de la carte de score<\/h3>\n\n\n\n<p>Allez sur la <a href=\"https:\/\/scorecardhub.org\/fr\/ameliorer-votre-carte-de-score-avec-le-cadre-de-maturite-de-la-carte-de-score\/\">page web de l&rsquo;auto-\u00e9valuation de maturit\u00e9 de la carte de score <\/a>&nbsp;sur la Plateforme de la carte de score. Vous pouvez acc\u00e9dez \u00e0 cette page par le biais d\u2019un navigateur web. <\/p>\n\n\n\n<p>L\u2019outil fonctionne sur les ordinateurs, les ordinateurs portables, les tablettes et les smartphones munis d\u2019une connexion internet.<\/p>\n\n\n\n<div class=\"wp-block-image\"><figure class=\"alignright size-medium is-resized\"><img loading=\"lazy\" decoding=\"async\" src=\"https:\/\/scorecardhub.org\/wp-content\/uploads\/2022\/01\/smf-step-02-300x300.png\" alt=\"\" class=\"wp-image-59702\" width=\"225\" height=\"225\" srcset=\"https:\/\/scorecardhub.org\/wp-content\/uploads\/2022\/01\/smf-step-02-300x300.png 300w, https:\/\/scorecardhub.org\/wp-content\/uploads\/2022\/01\/smf-step-02-150x150.png 150w, https:\/\/scorecardhub.org\/wp-content\/uploads\/2022\/01\/smf-step-02.png 500w\" sizes=\"auto, (max-width: 225px) 100vw, 225px\" \/><\/figure><\/div>\n\n\n\n<h3 class=\"wp-block-heading\">\u00c9tape 2 : R\u00e9pondez \u00e0 un ensemble de questions<\/h3>\n\n\n\n<p>Pour acc\u00e9der \u00e0 votre carte de score, il vous faut simplement r\u00e9pondre \u00e0 plusieurs questions \u00e0 choix multiples dans l\u2019outil d\u2019auto-\u00e9valuation de maturit\u00e9 de la carte de score. Ces questions sont divis\u00e9es en 5 Facteurs-cl\u00e9s de succ\u00e8s :<\/p>\n\n\n\n<ul class=\"wp-block-list\"><li>Utilisation en tant qu\u2019outil de gestion<\/li><li>D\u00e9centralisation de la carte de score<\/li><li>Partage de la carte de score avec les parties prenantes<\/li><li>Institutionnalisation et utilisation politique<\/li><li>Documentation et \u00e9valuation de la carte de score<\/li><\/ul>\n\n\n\n<div class=\"wp-block-image\"><figure class=\"alignright size-medium is-resized\"><img loading=\"lazy\" decoding=\"async\" src=\"https:\/\/scorecardhub.org\/wp-content\/uploads\/2022\/01\/smf-step-03-300x300.png\" alt=\"\" class=\"wp-image-59720\" width=\"225\" height=\"225\" srcset=\"https:\/\/scorecardhub.org\/wp-content\/uploads\/2022\/01\/smf-step-03-300x300.png 300w, https:\/\/scorecardhub.org\/wp-content\/uploads\/2022\/01\/smf-step-03-150x150.png 150w, https:\/\/scorecardhub.org\/wp-content\/uploads\/2022\/01\/smf-step-03.png 500w\" sizes=\"auto, (max-width: 225px) 100vw, 225px\" \/><\/figure><\/div>\n\n\n\n<h3 class=\"wp-block-heading\">\u00c9tape 3 : Recevez un score de maturit\u00e9 ainsi qu\u2019une liste sur mesure de recommandations d\u2019am\u00e9lioration<\/h3>\n\n\n\n<p>Pour identifier le niveau de d\u00e9veloppement auquel votre carte de score se trouve, nous offrons un score g\u00e9n\u00e9ral de maturit\u00e9 ainsi que des scores de maturit\u00e9 sp\u00e9cifiques pour les 5 Facteurs-cl\u00e9s de succ\u00e8s.<\/p>\n\n\n\n<p>Pour vous aider \u00e0 am\u00e9liorer votre carte de score, nous offrons un ensemble de recommandations sur mesure bas\u00e9 sur des ann\u00e9es d\u2019exp\u00e9rience \u00e0 aider les pays avec leurs cartes de score. Ces recommandations incluent des liens vers des guides utiles, les bonnes pratiques et des cours en ligne sur la Plateforme de la carte de score.<\/p>\n\n\n\n<p>Vous pouvez t\u00e9l\u00e9charger ces am\u00e9liorations sous format PDF afin de les partager avec vos coll\u00e8gues et y acc\u00e9der hors-connexion.<\/p>\n\n\n\n<p><a href=\"https:\/\/scorecardhub.org\/fr\/guides-et-boites-a-outils\/comment-votre-score-dauto-evaluation-de-maturite-de-la-carte-de-score-est-calcule\/\">En savoir plus sur comment nous calculons votre score d\u2019auto-\u00e9valuation de maturit\u00e9 de la carte de score<\/a>.<\/p>\n\n\n\n<div class=\"content-delimiter\"><\/div>\n\n\n\n<h2 class=\"wp-block-heading\">Niveaux de maturit\u00e9<\/h2>\n\n\n\n<p>Il existe 5 niveaux de maturit\u00e9 dans le Cadre de maturit\u00e9 de la carte de score. Au fur et \u00e0 mesure des am\u00e9liorations apport\u00e9es \u00e0 votre carte de score, votre pays passera au niveau sup\u00e9rieur. Vous pouvez apporter des am\u00e9liorations significatives \u00e0 votre carte de score \u00e0 tous les niveaux du cadre de maturit\u00e9.<\/p>\n\n\n\n<p>\u00c0 chaque niveau de maturit\u00e9, nous pouvons aider les pays \u00e0 appliquer toutes les am\u00e9liorations recommand\u00e9es. En cas de questions n\u2019h\u00e9sitez pas \u00e0 nous contacter \u00e0 <a href=\"mailto:scorecardhub@alma2030.org\">scorecardhub@alma2030.org<\/a><\/p>\n\n\n\n<h3 class=\"wp-block-heading\">Niveau 1 : Besoin de renforcement<\/h3>\n\n\n\n<p>\u00c0 ce niveau, la carte de score a besoin d\u2019\u00eatre renforc\u00e9e. Pour am\u00e9liorer votre carte de score vous devriez vous appliquer \u00e0 :<\/p>\n\n\n\n<ul class=\"wp-block-list\"><li>Former le personnel \u00e0 acc\u00e9der et utiliser les cartes de score<\/li><li>R\u00e9viser les indicateurs<\/li><li>Relier la carte de score \u00e0 DHIS2 pour assurer une alimentation r\u00e9guli\u00e8re en donn\u00e9es<\/li><\/ul>\n\n\n\n<h3 class=\"wp-block-heading\">Niveau 2 : Initi\u00e9e<\/h3>\n\n\n\n<p>\u00c0 ce niveau, votre carte de score est initi\u00e9e. Pour am\u00e9liorer votre carte de score, vous devriez vous appliquer \u00e0 d\u00e9centraliser votre carte de score au niveau sub-national en formant le personnel \u00e0 l\u2019acc\u00e8s et \u00e0 l\u2019utilisation des cartes de score.<\/p>\n\n\n\n<h3 class=\"wp-block-heading\">Niveau 3 : \u00c9tablie<\/h3>\n\n\n\n<p>\u00c0 ce niveau, votre carte de score est \u00e9tablie. Pour am\u00e9liorer votre carte de score, vous devriez vous appliquer \u00e0 :<\/p>\n\n\n\n<ul class=\"wp-block-list\"><li>Continuer de d\u00e9centraliser votre carte de score<\/li><\/ul>\n\n\n\n<ul class=\"wp-block-list\"><li>D\u00e9velopper les capacit\u00e9s en formant les formateurs afin de soutenir le processus de d\u00e9centralisation<\/li><\/ul>\n\n\n\n<h3 class=\"wp-block-heading\">Niveau 4 : Avanc\u00e9e<\/h3>\n\n\n\n<p>\u00c0 ce niveau, votre carte de score est avanc\u00e9e. Pour am\u00e9liorer votre carte de score, vous devriez vous appliquer \u00e0 la partager avec une diversit\u00e9 de parties prenantes, des dirigeants nationaux aux membres de la communaut\u00e9 pour davantage de redevabilit\u00e9 et d\u2019appropriation.<\/p>\n\n\n\n<p>Vous devriez consid\u00e9rer :<\/p>\n\n\n\n<ul class=\"wp-block-list\"><li>Guider les dirigeants politiques et communautaires sur la carte de score<\/li><li>Int\u00e9grer la carte de score dans la gestion de la performance et la supervision<\/li><\/ul>\n\n\n\n<ul class=\"wp-block-list\"><li>Int\u00e9grer la carte de score dans la formation initiale et continue<\/li><\/ul>\n\n\n\n<h3 class=\"wp-block-heading\">Niveau 5 : Institutionnalis\u00e9e<\/h3>\n\n\n\n<p>\u00c0 ce niveau, votre carte de score est institutionnalis\u00e9e. Pour assurer l\u2019utilisation effective de la carte de score, vous devriez vous appliquer \u00e0 :<\/p>\n\n\n\n<ul class=\"wp-block-list\"><li>Int\u00e9grer la carte de score dans les termes de r\u00e9f\u00e9rence du personnel du Minist\u00e8re de la Sant\u00e9, qui sont tenus responsable de la performance par leurs superviseurs<\/li><li>Nommer un point focal national pour guider le d\u00e9veloppement des cartes de score du pays<\/li><li>Orienter les dirigeants locaux communautaires qui peuvent utiliser la carte de score pour fournir des informations sur la qualit\u00e9 des services de sant\u00e9<\/li><\/ul>\n\n\n\n<ul class=\"wp-block-list\"><li>Mobiliser l\u2019action de la communaut\u00e9 pour r\u00e9soudre les probl\u00e8mes de sous-performance ou d\u00e9velopper une carte de score sp\u00e9cifique au niveau communautaire<\/li><\/ul>\n\n\n\n<h2 class=\"wp-block-heading\">Faites-vous aider \u00e0 utiliser l\u2019outil d\u2019auto-\u00e9valuation de maturit\u00e9 de la carte de score<\/h2>\n\n\n\n<p>Si vous souhaitez vous faire aider pour utiliser l\u2019outil d\u2019auto-\u00e9valuation de maturit\u00e9 de la carte de score, merci de contacter le point focal ALMA de votre pays ou de nous \u00e9crire \u00e0 <a href=\"mailto:scorecardhub@alma2030.org\">scorecardhub@alma2030.org<\/a>. Nous vous r\u00e9pondrons sous 3 jours ouvrables.<\/p>\n\n\n\n<p><\/p>\n","protected":false},"excerpt":{"rendered":"<p>Ce processus les aide \u00e0 comprendre o\u00f9 leur carte de score fonctionne bien et o\u00f9 des am\u00e9liorations sont n\u00e9cessaires.<\/p>\n","protected":false},"author":14,"featured_media":60260,"parent":14834,"menu_order":0,"comment_status":"closed","ping_status":"closed","template":"resource-like-template.php","meta":{"footnotes":""},"class_list":["post-62082","page","type-page","status-publish","has-post-thumbnail","hentry"],"acf":[],"yoast_head":"<!-- This site is optimized with the Yoast SEO plugin v26.8 - https:\/\/yoast.com\/product\/yoast-seo-wordpress\/ -->\n<title>Outil d\u2019auto-\u00e9valuation de Maturit\u00e9 de la carte de score - ALMA Scorecard Hub<\/title>\n<meta name=\"robots\" content=\"index, follow, max-snippet:-1, max-image-preview:large, max-video-preview:-1\" \/>\n<link rel=\"canonical\" href=\"https:\/\/scorecardhub.org\/fr\/guides-et-boites-a-outils\/outil-dauto-evaluation-de-maturite-de-la-carte-de-score\/\" \/>\n<meta property=\"og:locale\" content=\"fr_FR\" \/>\n<meta property=\"og:type\" content=\"article\" \/>\n<meta property=\"og:title\" content=\"Outil d\u2019auto-\u00e9valuation de Maturit\u00e9 de la carte de score - ALMA Scorecard Hub\" \/>\n<meta property=\"og:description\" content=\"The Scorecard Maturity self-assessment tool helps guide countries on the journey to scorecard decentralisation and institutionalisation.\" \/>\n<meta property=\"og:url\" content=\"https:\/\/scorecardhub.org\/fr\/guides-et-boites-a-outils\/outil-dauto-evaluation-de-maturite-de-la-carte-de-score\/\" \/>\n<meta property=\"og:site_name\" content=\"ALMA Scorecard Hub\" \/>\n<meta property=\"article:modified_time\" content=\"2022-02-28T11:20:04+00:00\" \/>\n<meta property=\"og:image\" content=\"https:\/\/scorecardhub.org\/wp-content\/uploads\/2022\/01\/thread-01.png\" \/>\n\t<meta property=\"og:image:width\" content=\"1200\" \/>\n\t<meta property=\"og:image:height\" content=\"675\" \/>\n\t<meta property=\"og:image:type\" content=\"image\/png\" \/>\n<meta name=\"twitter:card\" content=\"summary_large_image\" \/>\n<meta name=\"twitter:title\" content=\"Outil d\u2019auto-\u00e9valuation de Maturit\u00e9 de la carte de score\" \/>\n<meta name=\"twitter:description\" content=\"The Scorecard Maturity self-assessment tool helps guide countries on the journey to scorecard decentralisation and institutionalisation.\" \/>\n<meta name=\"twitter:image\" content=\"https:\/\/scorecardhub.org\/wp-content\/uploads\/2022\/01\/thread-01.png\" \/>\n<meta name=\"twitter:site\" content=\"@ALMA_2030\" \/>\n<meta name=\"twitter:label1\" content=\"Dur\u00e9e de lecture estim\u00e9e\" \/>\n\t<meta name=\"twitter:data1\" content=\"6 minutes\" \/>\n<script type=\"application\/ld+json\" class=\"yoast-schema-graph\">{\"@context\":\"https:\/\/schema.org\",\"@graph\":[{\"@type\":\"WebPage\",\"@id\":\"https:\/\/scorecardhub.org\/fr\/guides-et-boites-a-outils\/outil-dauto-evaluation-de-maturite-de-la-carte-de-score\/\",\"url\":\"https:\/\/scorecardhub.org\/fr\/guides-et-boites-a-outils\/outil-dauto-evaluation-de-maturite-de-la-carte-de-score\/\",\"name\":\"Outil d\u2019auto-\u00e9valuation de Maturit\u00e9 de la carte de score - ALMA Scorecard Hub\",\"isPartOf\":{\"@id\":\"https:\/\/scorecardhub.org\/fr\/#website\"},\"primaryImageOfPage\":{\"@id\":\"https:\/\/scorecardhub.org\/fr\/guides-et-boites-a-outils\/outil-dauto-evaluation-de-maturite-de-la-carte-de-score\/#primaryimage\"},\"image\":{\"@id\":\"https:\/\/scorecardhub.org\/fr\/guides-et-boites-a-outils\/outil-dauto-evaluation-de-maturite-de-la-carte-de-score\/#primaryimage\"},\"thumbnailUrl\":\"https:\/\/scorecardhub.org\/wp-content\/uploads\/2022\/01\/thumbnail-smf-introduction.png\",\"datePublished\":\"2022-01-14T17:00:36+00:00\",\"dateModified\":\"2022-02-28T11:20:04+00:00\",\"breadcrumb\":{\"@id\":\"https:\/\/scorecardhub.org\/fr\/guides-et-boites-a-outils\/outil-dauto-evaluation-de-maturite-de-la-carte-de-score\/#breadcrumb\"},\"inLanguage\":\"fr-FR\",\"potentialAction\":[{\"@type\":\"ReadAction\",\"target\":[\"https:\/\/scorecardhub.org\/fr\/guides-et-boites-a-outils\/outil-dauto-evaluation-de-maturite-de-la-carte-de-score\/\"]}]},{\"@type\":\"ImageObject\",\"inLanguage\":\"fr-FR\",\"@id\":\"https:\/\/scorecardhub.org\/fr\/guides-et-boites-a-outils\/outil-dauto-evaluation-de-maturite-de-la-carte-de-score\/#primaryimage\",\"url\":\"https:\/\/scorecardhub.org\/wp-content\/uploads\/2022\/01\/thumbnail-smf-introduction.png\",\"contentUrl\":\"https:\/\/scorecardhub.org\/wp-content\/uploads\/2022\/01\/thumbnail-smf-introduction.png\",\"width\":800,\"height\":450},{\"@type\":\"BreadcrumbList\",\"@id\":\"https:\/\/scorecardhub.org\/fr\/guides-et-boites-a-outils\/outil-dauto-evaluation-de-maturite-de-la-carte-de-score\/#breadcrumb\",\"itemListElement\":[{\"@type\":\"ListItem\",\"position\":1,\"name\":\"Accueil\",\"item\":\"https:\/\/scorecardhub.org\/fr\/\"},{\"@type\":\"ListItem\",\"position\":2,\"name\":\"Guides et bo\u00eetes \u00e0 outils\",\"item\":\"https:\/\/scorecardhub.org\/fr\/guides-et-boites-a-outils\/\"},{\"@type\":\"ListItem\",\"position\":3,\"name\":\"Outil d\u2019auto-\u00e9valuation de Maturit\u00e9 de la carte de score\"}]},{\"@type\":\"WebSite\",\"@id\":\"https:\/\/scorecardhub.org\/fr\/#website\",\"url\":\"https:\/\/scorecardhub.org\/fr\/\",\"name\":\"ALMA Scorecard Hub\",\"description\":\"\",\"publisher\":{\"@id\":\"https:\/\/scorecardhub.org\/fr\/#organization\"},\"potentialAction\":[{\"@type\":\"SearchAction\",\"target\":{\"@type\":\"EntryPoint\",\"urlTemplate\":\"https:\/\/scorecardhub.org\/fr\/?s={search_term_string}\"},\"query-input\":{\"@type\":\"PropertyValueSpecification\",\"valueRequired\":true,\"valueName\":\"search_term_string\"}}],\"inLanguage\":\"fr-FR\"},{\"@type\":\"Organization\",\"@id\":\"https:\/\/scorecardhub.org\/fr\/#organization\",\"name\":\"ALMA Scorecard Hub\",\"url\":\"https:\/\/scorecardhub.org\/fr\/\",\"logo\":{\"@type\":\"ImageObject\",\"inLanguage\":\"fr-FR\",\"@id\":\"https:\/\/scorecardhub.org\/fr\/#\/schema\/logo\/image\/\",\"url\":\"https:\/\/scorecardhub.org\/wp-content\/uploads\/2021\/02\/alma_logo-1.svg\",\"contentUrl\":\"https:\/\/scorecardhub.org\/wp-content\/uploads\/2021\/02\/alma_logo-1.svg\",\"width\":276,\"height\":58,\"caption\":\"ALMA Scorecard Hub\"},\"image\":{\"@id\":\"https:\/\/scorecardhub.org\/fr\/#\/schema\/logo\/image\/\"},\"sameAs\":[\"https:\/\/x.com\/ALMA_2030\"]}]}<\/script>\n<!-- \/ Yoast SEO plugin. -->","yoast_head_json":{"title":"Outil d\u2019auto-\u00e9valuation de Maturit\u00e9 de la carte de score - ALMA Scorecard Hub","robots":{"index":"index","follow":"follow","max-snippet":"max-snippet:-1","max-image-preview":"max-image-preview:large","max-video-preview":"max-video-preview:-1"},"canonical":"https:\/\/scorecardhub.org\/fr\/guides-et-boites-a-outils\/outil-dauto-evaluation-de-maturite-de-la-carte-de-score\/","og_locale":"fr_FR","og_type":"article","og_title":"Outil d\u2019auto-\u00e9valuation de Maturit\u00e9 de la carte de score - ALMA Scorecard Hub","og_description":"The Scorecard Maturity self-assessment tool helps guide countries on the journey to scorecard decentralisation and institutionalisation.","og_url":"https:\/\/scorecardhub.org\/fr\/guides-et-boites-a-outils\/outil-dauto-evaluation-de-maturite-de-la-carte-de-score\/","og_site_name":"ALMA Scorecard Hub","article_modified_time":"2022-02-28T11:20:04+00:00","og_image":[{"width":1200,"height":675,"url":"https:\/\/scorecardhub.org\/wp-content\/uploads\/2022\/01\/thread-01.png","type":"image\/png"}],"twitter_card":"summary_large_image","twitter_title":"Outil d\u2019auto-\u00e9valuation de Maturit\u00e9 de la carte de score","twitter_description":"The Scorecard Maturity self-assessment tool helps guide countries on the journey to scorecard decentralisation and institutionalisation.","twitter_image":"https:\/\/scorecardhub.org\/wp-content\/uploads\/2022\/01\/thread-01.png","twitter_site":"@ALMA_2030","twitter_misc":{"Dur\u00e9e de lecture estim\u00e9e":"6 minutes"},"schema":{"@context":"https:\/\/schema.org","@graph":[{"@type":"WebPage","@id":"https:\/\/scorecardhub.org\/fr\/guides-et-boites-a-outils\/outil-dauto-evaluation-de-maturite-de-la-carte-de-score\/","url":"https:\/\/scorecardhub.org\/fr\/guides-et-boites-a-outils\/outil-dauto-evaluation-de-maturite-de-la-carte-de-score\/","name":"Outil d\u2019auto-\u00e9valuation de Maturit\u00e9 de la carte de score - ALMA Scorecard Hub","isPartOf":{"@id":"https:\/\/scorecardhub.org\/fr\/#website"},"primaryImageOfPage":{"@id":"https:\/\/scorecardhub.org\/fr\/guides-et-boites-a-outils\/outil-dauto-evaluation-de-maturite-de-la-carte-de-score\/#primaryimage"},"image":{"@id":"https:\/\/scorecardhub.org\/fr\/guides-et-boites-a-outils\/outil-dauto-evaluation-de-maturite-de-la-carte-de-score\/#primaryimage"},"thumbnailUrl":"https:\/\/scorecardhub.org\/wp-content\/uploads\/2022\/01\/thumbnail-smf-introduction.png","datePublished":"2022-01-14T17:00:36+00:00","dateModified":"2022-02-28T11:20:04+00:00","breadcrumb":{"@id":"https:\/\/scorecardhub.org\/fr\/guides-et-boites-a-outils\/outil-dauto-evaluation-de-maturite-de-la-carte-de-score\/#breadcrumb"},"inLanguage":"fr-FR","potentialAction":[{"@type":"ReadAction","target":["https:\/\/scorecardhub.org\/fr\/guides-et-boites-a-outils\/outil-dauto-evaluation-de-maturite-de-la-carte-de-score\/"]}]},{"@type":"ImageObject","inLanguage":"fr-FR","@id":"https:\/\/scorecardhub.org\/fr\/guides-et-boites-a-outils\/outil-dauto-evaluation-de-maturite-de-la-carte-de-score\/#primaryimage","url":"https:\/\/scorecardhub.org\/wp-content\/uploads\/2022\/01\/thumbnail-smf-introduction.png","contentUrl":"https:\/\/scorecardhub.org\/wp-content\/uploads\/2022\/01\/thumbnail-smf-introduction.png","width":800,"height":450},{"@type":"BreadcrumbList","@id":"https:\/\/scorecardhub.org\/fr\/guides-et-boites-a-outils\/outil-dauto-evaluation-de-maturite-de-la-carte-de-score\/#breadcrumb","itemListElement":[{"@type":"ListItem","position":1,"name":"Accueil","item":"https:\/\/scorecardhub.org\/fr\/"},{"@type":"ListItem","position":2,"name":"Guides et bo\u00eetes \u00e0 outils","item":"https:\/\/scorecardhub.org\/fr\/guides-et-boites-a-outils\/"},{"@type":"ListItem","position":3,"name":"Outil d\u2019auto-\u00e9valuation de Maturit\u00e9 de la carte de score"}]},{"@type":"WebSite","@id":"https:\/\/scorecardhub.org\/fr\/#website","url":"https:\/\/scorecardhub.org\/fr\/","name":"ALMA Scorecard Hub","description":"","publisher":{"@id":"https:\/\/scorecardhub.org\/fr\/#organization"},"potentialAction":[{"@type":"SearchAction","target":{"@type":"EntryPoint","urlTemplate":"https:\/\/scorecardhub.org\/fr\/?s={search_term_string}"},"query-input":{"@type":"PropertyValueSpecification","valueRequired":true,"valueName":"search_term_string"}}],"inLanguage":"fr-FR"},{"@type":"Organization","@id":"https:\/\/scorecardhub.org\/fr\/#organization","name":"ALMA Scorecard Hub","url":"https:\/\/scorecardhub.org\/fr\/","logo":{"@type":"ImageObject","inLanguage":"fr-FR","@id":"https:\/\/scorecardhub.org\/fr\/#\/schema\/logo\/image\/","url":"https:\/\/scorecardhub.org\/wp-content\/uploads\/2021\/02\/alma_logo-1.svg","contentUrl":"https:\/\/scorecardhub.org\/wp-content\/uploads\/2021\/02\/alma_logo-1.svg","width":276,"height":58,"caption":"ALMA Scorecard Hub"},"image":{"@id":"https:\/\/scorecardhub.org\/fr\/#\/schema\/logo\/image\/"},"sameAs":["https:\/\/x.com\/ALMA_2030"]}]}},"_links":{"self":[{"href":"https:\/\/scorecardhub.org\/fr\/wp-json\/wp\/v2\/pages\/62082","targetHints":{"allow":["GET"]}}],"collection":[{"href":"https:\/\/scorecardhub.org\/fr\/wp-json\/wp\/v2\/pages"}],"about":[{"href":"https:\/\/scorecardhub.org\/fr\/wp-json\/wp\/v2\/types\/page"}],"author":[{"embeddable":true,"href":"https:\/\/scorecardhub.org\/fr\/wp-json\/wp\/v2\/users\/14"}],"replies":[{"embeddable":true,"href":"https:\/\/scorecardhub.org\/fr\/wp-json\/wp\/v2\/comments?post=62082"}],"version-history":[{"count":5,"href":"https:\/\/scorecardhub.org\/fr\/wp-json\/wp\/v2\/pages\/62082\/revisions"}],"predecessor-version":[{"id":62466,"href":"https:\/\/scorecardhub.org\/fr\/wp-json\/wp\/v2\/pages\/62082\/revisions\/62466"}],"up":[{"embeddable":true,"href":"https:\/\/scorecardhub.org\/fr\/wp-json\/wp\/v2\/pages\/14834"}],"wp:featuredmedia":[{"embeddable":true,"href":"https:\/\/scorecardhub.org\/fr\/wp-json\/wp\/v2\/media\/60260"}],"wp:attachment":[{"href":"https:\/\/scorecardhub.org\/fr\/wp-json\/wp\/v2\/media?parent=62082"}],"curies":[{"name":"wp","href":"https:\/\/api.w.org\/{rel}","templated":true}]}}