{"id":62070,"date":"2022-02-21T17:55:18","date_gmt":"2022-02-21T17:55:18","guid":{"rendered":"https:\/\/scorecardhub.org\/guides-et-boites-a-outils\/how-your-scorecard-maturity-self-assessment-score-is-calculated\/"},"modified":"2022-02-28T11:21:59","modified_gmt":"2022-02-28T11:21:59","slug":"comment-votre-score-dauto-evaluation-de-maturite-de-la-carte-de-score-est-calcule","status":"publish","type":"page","link":"https:\/\/scorecardhub.org\/fr\/guides-et-boites-a-outils\/comment-votre-score-dauto-evaluation-de-maturite-de-la-carte-de-score-est-calcule\/","title":{"rendered":"Comment votre score d\u2019auto-\u00e9valuation de maturit\u00e9 de la carte de score est calcul\u00e9"},"content":{"rendered":"\n<p>L<a href=\"https:\/\/scorecardhub.org\/fr\/guides-et-boites-a-outils\/outil-dauto-evaluation-de-maturite-de-la-carte-de-score\/\">\u2019outil d\u2019auto-\u00e9valuation de maturit\u00e9 de la carte de score<\/a> &nbsp;aide les pays \u00e0 \u00e9valuer leur carte de score. Ce processus les aide \u00e0 comprendre o\u00f9 leur carte de score fonctionne bien et o\u00f9 des am\u00e9liorations sont n\u00e9cessaires.<\/p>\n\n\n\n<p>Pour \u00e9valuer votre carte de score il vous suffit de r\u00e9pondre \u00e0 plusieurs questions \u00e0 choix multiples. Ces questions sont divis\u00e9es en 5 th\u00e8mes-cl\u00e9s relatifs \u00e0 la carte de score.<\/p>\n\n\n\n<p>Une fois l\u2019auto-\u00e9valuation r\u00e9alis\u00e9e, vous recevrez un score de maturit\u00e9 ainsi qu\u2019une liste de recommandations d\u2019am\u00e9liorations sur mesure pour r\u00e9pondre \u00e0 la situation sp\u00e9cifique de la carte de score de votre pays.<\/p>\n\n\n\n<h2 class=\"wp-block-heading\">Quels scores fournissons nous<\/h2>\n\n\n\n<p>Votre carte de score sera l\u2019objet :<\/p>\n\n\n\n<ul class=\"wp-block-list\"><li>D\u2019un score g\u00e9n\u00e9ral de maturit\u00e9 de la carte de score (niveau et pourcentage)<\/li><li>Un score individuel et un pourcentage de maturit\u00e9 pour chacun des 5 th\u00e8mes-cl\u00e9s<\/li><\/ul>\n\n\n\n<h3 class=\"wp-block-heading\">Th\u00e8mes<\/h3>\n\n\n\n<p>Les 5 th\u00e8mes sont :<\/p>\n\n\n\n<ul class=\"wp-block-list\"><li>Utilisation en tant qu\u2019outil de gestion<\/li><li>D\u00e9centralisation de la carte de score<\/li><li>Partage de la carte de score avec les parties prenantes<\/li><li>Institutionnalisation et utilisation politique<\/li><li>Documentation et \u00e9valuation de la carte de score<\/li><\/ul>\n\n\n\n<h3 class=\"wp-block-heading\">Niveaux de maturit\u00e9<\/h3>\n\n\n\n<p>Les 5 niveaux de maturit\u00e9 sont :<\/p>\n\n\n\n<ul class=\"wp-block-list\"><li>Niveau 1 : Besoin de renforcement<\/li><li>Niveau 2 : Initi\u00e9e<\/li><li>Niveau 3 : \u00c9tablie<\/li><li>Niveau 4 : Avanc\u00e9e<\/li><li>Niveau 5 : Institutionnalis\u00e9e<\/li><\/ul>\n\n\n\n<h2 class=\"wp-block-heading\">Calculer les scores individuels de maturit\u00e9 pour chacun des 5 th\u00e8mes-cl\u00e9s<\/h2>\n\n\n\n<p>Chaque th\u00e8me comporte 1 \u00e0 5 questions pour nous aider \u00e0 comprendre la maturit\u00e9 de la carte de score pour ce th\u00e8me en particulier.<\/p>\n\n\n\n<p>Vous r\u00e9pondrez \u00e0 chaque question en fonction de la capacit\u00e9 selon vous de la carte de score \u00e0 r\u00e9pondre \u00e0 ce facteur. Chaque r\u00e9ponse dans l\u2019outil d\u2019auto-\u00e9valuation de Maturit\u00e9 de la carte de score se voit attribuer un niveau de maturit\u00e9.<\/p>\n\n\n\n<p>Chaque score de niveau de maturit\u00e9 poss\u00e8de une valeur num\u00e9rale. Nous combinons la valeur num\u00e9rale de chacune de vos r\u00e9ponses et calculons la moyenne pour ce th\u00e8me. Nous utilisons cette moyenne pour vous fournir un niveau de maturit\u00e9 et un score en pourcentage par th\u00e8me.<\/p>\n\n\n\n<div class=\"wp-block-group has-background\" style=\"background-color:#feeeb4\"><div class=\"wp-block-group__inner-container is-layout-flow wp-block-group-is-layout-flow\">\n<h3 class=\"wp-block-heading\">Exemple de niveau de maturit\u00e9 pour une question<\/h3>\n\n\n\n<p><strong><strong>La carte de score est-elle d\u00e9centralis\u00e9e ?<\/strong><\/strong><\/p>\n\n\n\n<ul class=\"wp-block-list\"><li>R\u00e9ponse Niveau 1 (Besoin de renforcement) : Utilis\u00e9e seulement au niveau national<\/li><li>R\u00e9ponse Niveau 2 (Initi\u00e9e) : Une formation a \u00e9t\u00e9 r\u00e9alis\u00e9e afin de guider les parties prenantes \u00e0 l\u2019utilisation de la carte de score au niveau r\u00e9gional, de l\u2019\u00c9tat ou des comt\u00e9s<\/li><li>R\u00e9ponse Niveau 3 (\u00c9tablie) : Une formation a \u00e9t\u00e9 r\u00e9alis\u00e9e afin de guider les parties prenantes \u00e0 l\u2019utilisation de la carte de score au niveau du district, des autorit\u00e9s locales ou des sous-comt\u00e9s<\/li><li>R\u00e9ponse Niveau 4 (Avanc\u00e9e) : Les parties prenantes sub-nationales utilisent la carte de score et le Suivi d\u2019action r\u00e9guli\u00e8rement dans les r\u00e9unions r\u00e9guli\u00e8res de gestion<\/li><li>R\u00e9ponse Niveau 5 (Institutionnalis\u00e9e) : La carte de score est utilis\u00e9e \u00e0 tous les niveaux, y compris au niveau des communaut\u00e9s et des \u00e9tablissements ainsi que par les partenaires locaux et les organisations de la soci\u00e9t\u00e9 civile<\/li><\/ul>\n<\/div><\/div>\n\n\n\n<div style=\"height:20px\" aria-hidden=\"true\" class=\"wp-block-spacer\"><\/div>\n\n\n\n<h2 class=\"wp-block-heading\">Calculer le niveau de maturit\u00e9 et de score en pourcentage g\u00e9n\u00e9raux de la carte de score<\/h2>\n\n\n\n<p>Nous calculons la moyenne des 5 th\u00e8mes afin de vous offrir le niveau de maturit\u00e9 et le score en pourcentage g\u00e9n\u00e9raux de la carte de score.<\/p>\n","protected":false},"excerpt":{"rendered":"<p>Votre carte de score sera l\u2019objet d\u2019un score g\u00e9n\u00e9ral de maturit\u00e9 de la carte de score (niveau et pourcentage).<\/p>\n","protected":false},"author":14,"featured_media":61659,"parent":14834,"menu_order":0,"comment_status":"closed","ping_status":"closed","template":"","meta":{"footnotes":""},"class_list":["post-62070","page","type-page","status-publish","has-post-thumbnail","hentry"],"acf":[],"yoast_head":"<!-- This site is optimized with the Yoast SEO plugin v26.8 - https:\/\/yoast.com\/product\/yoast-seo-wordpress\/ -->\n<title>Comment votre score d\u2019auto-\u00e9valuation de maturit\u00e9 de la carte de score est calcul\u00e9 - ALMA Scorecard Hub<\/title>\n<meta name=\"robots\" content=\"index, follow, max-snippet:-1, max-image-preview:large, max-video-preview:-1\" \/>\n<link rel=\"canonical\" href=\"https:\/\/scorecardhub.org\/fr\/guides-et-boites-a-outils\/comment-votre-score-dauto-evaluation-de-maturite-de-la-carte-de-score-est-calcule\/\" \/>\n<meta property=\"og:locale\" content=\"fr_FR\" \/>\n<meta property=\"og:type\" content=\"article\" \/>\n<meta property=\"og:title\" content=\"Comment votre score d\u2019auto-\u00e9valuation de maturit\u00e9 de la carte de score est calcul\u00e9 - ALMA Scorecard Hub\" \/>\n<meta property=\"og:description\" content=\"Votre carte de score sera l\u2019objet d\u2019un score g\u00e9n\u00e9ral de maturit\u00e9 de la carte de score (niveau et pourcentage).\" \/>\n<meta property=\"og:url\" content=\"https:\/\/scorecardhub.org\/fr\/guides-et-boites-a-outils\/comment-votre-score-dauto-evaluation-de-maturite-de-la-carte-de-score-est-calcule\/\" \/>\n<meta property=\"og:site_name\" content=\"ALMA Scorecard Hub\" \/>\n<meta property=\"article:modified_time\" content=\"2022-02-28T11:21:59+00:00\" \/>\n<meta property=\"og:image\" content=\"https:\/\/scorecardhub.org\/wp-content\/uploads\/2022\/02\/thumbnail-smf-calculations.png\" \/>\n\t<meta property=\"og:image:width\" content=\"800\" \/>\n\t<meta property=\"og:image:height\" content=\"450\" \/>\n\t<meta property=\"og:image:type\" content=\"image\/png\" \/>\n<meta name=\"twitter:card\" content=\"summary_large_image\" \/>\n<meta name=\"twitter:site\" content=\"@ALMA_2030\" \/>\n<meta name=\"twitter:label1\" content=\"Dur\u00e9e de lecture estim\u00e9e\" \/>\n\t<meta name=\"twitter:data1\" content=\"3 minutes\" \/>\n<script type=\"application\/ld+json\" class=\"yoast-schema-graph\">{\"@context\":\"https:\/\/schema.org\",\"@graph\":[{\"@type\":\"WebPage\",\"@id\":\"https:\/\/scorecardhub.org\/fr\/guides-et-boites-a-outils\/comment-votre-score-dauto-evaluation-de-maturite-de-la-carte-de-score-est-calcule\/\",\"url\":\"https:\/\/scorecardhub.org\/fr\/guides-et-boites-a-outils\/comment-votre-score-dauto-evaluation-de-maturite-de-la-carte-de-score-est-calcule\/\",\"name\":\"Comment votre score d\u2019auto-\u00e9valuation de maturit\u00e9 de la carte de score est calcul\u00e9 - ALMA Scorecard Hub\",\"isPartOf\":{\"@id\":\"https:\/\/scorecardhub.org\/fr\/#website\"},\"primaryImageOfPage\":{\"@id\":\"https:\/\/scorecardhub.org\/fr\/guides-et-boites-a-outils\/comment-votre-score-dauto-evaluation-de-maturite-de-la-carte-de-score-est-calcule\/#primaryimage\"},\"image\":{\"@id\":\"https:\/\/scorecardhub.org\/fr\/guides-et-boites-a-outils\/comment-votre-score-dauto-evaluation-de-maturite-de-la-carte-de-score-est-calcule\/#primaryimage\"},\"thumbnailUrl\":\"https:\/\/scorecardhub.org\/wp-content\/uploads\/2022\/02\/thumbnail-smf-calculations.png\",\"datePublished\":\"2022-02-21T17:55:18+00:00\",\"dateModified\":\"2022-02-28T11:21:59+00:00\",\"breadcrumb\":{\"@id\":\"https:\/\/scorecardhub.org\/fr\/guides-et-boites-a-outils\/comment-votre-score-dauto-evaluation-de-maturite-de-la-carte-de-score-est-calcule\/#breadcrumb\"},\"inLanguage\":\"fr-FR\",\"potentialAction\":[{\"@type\":\"ReadAction\",\"target\":[\"https:\/\/scorecardhub.org\/fr\/guides-et-boites-a-outils\/comment-votre-score-dauto-evaluation-de-maturite-de-la-carte-de-score-est-calcule\/\"]}]},{\"@type\":\"ImageObject\",\"inLanguage\":\"fr-FR\",\"@id\":\"https:\/\/scorecardhub.org\/fr\/guides-et-boites-a-outils\/comment-votre-score-dauto-evaluation-de-maturite-de-la-carte-de-score-est-calcule\/#primaryimage\",\"url\":\"https:\/\/scorecardhub.org\/wp-content\/uploads\/2022\/02\/thumbnail-smf-calculations.png\",\"contentUrl\":\"https:\/\/scorecardhub.org\/wp-content\/uploads\/2022\/02\/thumbnail-smf-calculations.png\",\"width\":800,\"height\":450},{\"@type\":\"BreadcrumbList\",\"@id\":\"https:\/\/scorecardhub.org\/fr\/guides-et-boites-a-outils\/comment-votre-score-dauto-evaluation-de-maturite-de-la-carte-de-score-est-calcule\/#breadcrumb\",\"itemListElement\":[{\"@type\":\"ListItem\",\"position\":1,\"name\":\"Accueil\",\"item\":\"https:\/\/scorecardhub.org\/fr\/\"},{\"@type\":\"ListItem\",\"position\":2,\"name\":\"Guides et bo\u00eetes \u00e0 outils\",\"item\":\"https:\/\/scorecardhub.org\/fr\/guides-et-boites-a-outils\/\"},{\"@type\":\"ListItem\",\"position\":3,\"name\":\"Comment votre score d\u2019auto-\u00e9valuation de maturit\u00e9 de la carte de score est calcul\u00e9\"}]},{\"@type\":\"WebSite\",\"@id\":\"https:\/\/scorecardhub.org\/fr\/#website\",\"url\":\"https:\/\/scorecardhub.org\/fr\/\",\"name\":\"ALMA Scorecard Hub\",\"description\":\"\",\"publisher\":{\"@id\":\"https:\/\/scorecardhub.org\/fr\/#organization\"},\"potentialAction\":[{\"@type\":\"SearchAction\",\"target\":{\"@type\":\"EntryPoint\",\"urlTemplate\":\"https:\/\/scorecardhub.org\/fr\/?s={search_term_string}\"},\"query-input\":{\"@type\":\"PropertyValueSpecification\",\"valueRequired\":true,\"valueName\":\"search_term_string\"}}],\"inLanguage\":\"fr-FR\"},{\"@type\":\"Organization\",\"@id\":\"https:\/\/scorecardhub.org\/fr\/#organization\",\"name\":\"ALMA Scorecard Hub\",\"url\":\"https:\/\/scorecardhub.org\/fr\/\",\"logo\":{\"@type\":\"ImageObject\",\"inLanguage\":\"fr-FR\",\"@id\":\"https:\/\/scorecardhub.org\/fr\/#\/schema\/logo\/image\/\",\"url\":\"https:\/\/scorecardhub.org\/wp-content\/uploads\/2021\/02\/alma_logo-1.svg\",\"contentUrl\":\"https:\/\/scorecardhub.org\/wp-content\/uploads\/2021\/02\/alma_logo-1.svg\",\"width\":276,\"height\":58,\"caption\":\"ALMA Scorecard Hub\"},\"image\":{\"@id\":\"https:\/\/scorecardhub.org\/fr\/#\/schema\/logo\/image\/\"},\"sameAs\":[\"https:\/\/x.com\/ALMA_2030\"]}]}<\/script>\n<!-- \/ Yoast SEO plugin. -->","yoast_head_json":{"title":"Comment votre score d\u2019auto-\u00e9valuation de maturit\u00e9 de la carte de score est calcul\u00e9 - ALMA Scorecard Hub","robots":{"index":"index","follow":"follow","max-snippet":"max-snippet:-1","max-image-preview":"max-image-preview:large","max-video-preview":"max-video-preview:-1"},"canonical":"https:\/\/scorecardhub.org\/fr\/guides-et-boites-a-outils\/comment-votre-score-dauto-evaluation-de-maturite-de-la-carte-de-score-est-calcule\/","og_locale":"fr_FR","og_type":"article","og_title":"Comment votre score d\u2019auto-\u00e9valuation de maturit\u00e9 de la carte de score est calcul\u00e9 - ALMA Scorecard Hub","og_description":"Votre carte de score sera l\u2019objet d\u2019un score g\u00e9n\u00e9ral de maturit\u00e9 de la carte de score (niveau et pourcentage).","og_url":"https:\/\/scorecardhub.org\/fr\/guides-et-boites-a-outils\/comment-votre-score-dauto-evaluation-de-maturite-de-la-carte-de-score-est-calcule\/","og_site_name":"ALMA Scorecard Hub","article_modified_time":"2022-02-28T11:21:59+00:00","og_image":[{"width":800,"height":450,"url":"https:\/\/scorecardhub.org\/wp-content\/uploads\/2022\/02\/thumbnail-smf-calculations.png","type":"image\/png"}],"twitter_card":"summary_large_image","twitter_site":"@ALMA_2030","twitter_misc":{"Dur\u00e9e de lecture estim\u00e9e":"3 minutes"},"schema":{"@context":"https:\/\/schema.org","@graph":[{"@type":"WebPage","@id":"https:\/\/scorecardhub.org\/fr\/guides-et-boites-a-outils\/comment-votre-score-dauto-evaluation-de-maturite-de-la-carte-de-score-est-calcule\/","url":"https:\/\/scorecardhub.org\/fr\/guides-et-boites-a-outils\/comment-votre-score-dauto-evaluation-de-maturite-de-la-carte-de-score-est-calcule\/","name":"Comment votre score d\u2019auto-\u00e9valuation de maturit\u00e9 de la carte de score est calcul\u00e9 - ALMA Scorecard Hub","isPartOf":{"@id":"https:\/\/scorecardhub.org\/fr\/#website"},"primaryImageOfPage":{"@id":"https:\/\/scorecardhub.org\/fr\/guides-et-boites-a-outils\/comment-votre-score-dauto-evaluation-de-maturite-de-la-carte-de-score-est-calcule\/#primaryimage"},"image":{"@id":"https:\/\/scorecardhub.org\/fr\/guides-et-boites-a-outils\/comment-votre-score-dauto-evaluation-de-maturite-de-la-carte-de-score-est-calcule\/#primaryimage"},"thumbnailUrl":"https:\/\/scorecardhub.org\/wp-content\/uploads\/2022\/02\/thumbnail-smf-calculations.png","datePublished":"2022-02-21T17:55:18+00:00","dateModified":"2022-02-28T11:21:59+00:00","breadcrumb":{"@id":"https:\/\/scorecardhub.org\/fr\/guides-et-boites-a-outils\/comment-votre-score-dauto-evaluation-de-maturite-de-la-carte-de-score-est-calcule\/#breadcrumb"},"inLanguage":"fr-FR","potentialAction":[{"@type":"ReadAction","target":["https:\/\/scorecardhub.org\/fr\/guides-et-boites-a-outils\/comment-votre-score-dauto-evaluation-de-maturite-de-la-carte-de-score-est-calcule\/"]}]},{"@type":"ImageObject","inLanguage":"fr-FR","@id":"https:\/\/scorecardhub.org\/fr\/guides-et-boites-a-outils\/comment-votre-score-dauto-evaluation-de-maturite-de-la-carte-de-score-est-calcule\/#primaryimage","url":"https:\/\/scorecardhub.org\/wp-content\/uploads\/2022\/02\/thumbnail-smf-calculations.png","contentUrl":"https:\/\/scorecardhub.org\/wp-content\/uploads\/2022\/02\/thumbnail-smf-calculations.png","width":800,"height":450},{"@type":"BreadcrumbList","@id":"https:\/\/scorecardhub.org\/fr\/guides-et-boites-a-outils\/comment-votre-score-dauto-evaluation-de-maturite-de-la-carte-de-score-est-calcule\/#breadcrumb","itemListElement":[{"@type":"ListItem","position":1,"name":"Accueil","item":"https:\/\/scorecardhub.org\/fr\/"},{"@type":"ListItem","position":2,"name":"Guides et bo\u00eetes \u00e0 outils","item":"https:\/\/scorecardhub.org\/fr\/guides-et-boites-a-outils\/"},{"@type":"ListItem","position":3,"name":"Comment votre score d\u2019auto-\u00e9valuation de maturit\u00e9 de la carte de score est calcul\u00e9"}]},{"@type":"WebSite","@id":"https:\/\/scorecardhub.org\/fr\/#website","url":"https:\/\/scorecardhub.org\/fr\/","name":"ALMA Scorecard Hub","description":"","publisher":{"@id":"https:\/\/scorecardhub.org\/fr\/#organization"},"potentialAction":[{"@type":"SearchAction","target":{"@type":"EntryPoint","urlTemplate":"https:\/\/scorecardhub.org\/fr\/?s={search_term_string}"},"query-input":{"@type":"PropertyValueSpecification","valueRequired":true,"valueName":"search_term_string"}}],"inLanguage":"fr-FR"},{"@type":"Organization","@id":"https:\/\/scorecardhub.org\/fr\/#organization","name":"ALMA Scorecard Hub","url":"https:\/\/scorecardhub.org\/fr\/","logo":{"@type":"ImageObject","inLanguage":"fr-FR","@id":"https:\/\/scorecardhub.org\/fr\/#\/schema\/logo\/image\/","url":"https:\/\/scorecardhub.org\/wp-content\/uploads\/2021\/02\/alma_logo-1.svg","contentUrl":"https:\/\/scorecardhub.org\/wp-content\/uploads\/2021\/02\/alma_logo-1.svg","width":276,"height":58,"caption":"ALMA Scorecard Hub"},"image":{"@id":"https:\/\/scorecardhub.org\/fr\/#\/schema\/logo\/image\/"},"sameAs":["https:\/\/x.com\/ALMA_2030"]}]}},"_links":{"self":[{"href":"https:\/\/scorecardhub.org\/fr\/wp-json\/wp\/v2\/pages\/62070","targetHints":{"allow":["GET"]}}],"collection":[{"href":"https:\/\/scorecardhub.org\/fr\/wp-json\/wp\/v2\/pages"}],"about":[{"href":"https:\/\/scorecardhub.org\/fr\/wp-json\/wp\/v2\/types\/page"}],"author":[{"embeddable":true,"href":"https:\/\/scorecardhub.org\/fr\/wp-json\/wp\/v2\/users\/14"}],"replies":[{"embeddable":true,"href":"https:\/\/scorecardhub.org\/fr\/wp-json\/wp\/v2\/comments?post=62070"}],"version-history":[{"count":5,"href":"https:\/\/scorecardhub.org\/fr\/wp-json\/wp\/v2\/pages\/62070\/revisions"}],"predecessor-version":[{"id":62475,"href":"https:\/\/scorecardhub.org\/fr\/wp-json\/wp\/v2\/pages\/62070\/revisions\/62475"}],"up":[{"embeddable":true,"href":"https:\/\/scorecardhub.org\/fr\/wp-json\/wp\/v2\/pages\/14834"}],"wp:featuredmedia":[{"embeddable":true,"href":"https:\/\/scorecardhub.org\/fr\/wp-json\/wp\/v2\/media\/61659"}],"wp:attachment":[{"href":"https:\/\/scorecardhub.org\/fr\/wp-json\/wp\/v2\/media?parent=62070"}],"curies":[{"name":"wp","href":"https:\/\/api.w.org\/{rel}","templated":true}]}}