{"id":37233,"date":"2021-10-02T15:37:51","date_gmt":"2021-10-02T15:37:51","guid":{"rendered":"https:\/\/scorecardhub.org\/?page_id=37233"},"modified":"2021-10-02T15:37:52","modified_gmt":"2021-10-02T15:37:52","slug":"alma-guide-des-acronymes","status":"publish","type":"page","link":"https:\/\/scorecardhub.org\/fr\/guides-et-boites-a-outils\/alma-guide-des-acronymes\/","title":{"rendered":"ALMA &#8211; guide des acronymes"},"content":{"rendered":"\n<h2 class=\"wp-block-heading\">A<\/h2>\n\n\n\n<p><strong>ACD<\/strong>: Atteindre Chaque District<\/p>\n\n\n\n<p><strong>ACDI<\/strong>: D\u00e9partement des affaires \u00e9trang\u00e8res, du commerce et du d\u00e9veloppement<\/p>\n\n\n\n<p><strong>AFRO<\/strong>: Bureau r\u00e9gional de l\u2019OMS pour l\u2019Afrique<\/p>\n\n\n\n<p><strong>ALMA<\/strong>: Alliance des dirigeants africains contre le paludisme<\/p>\n\n\n\n<p><strong>AMFm<\/strong>: Facilit\u00e9 pour m\u00e9dicaments antipaludiques \u00e0 des prix abordables<\/p>\n\n\n\n<p><strong>AMS<\/strong>: Assembl\u00e9e Mondiale de la Sant\u00e9<\/p>\n\n\n\n<p><strong>ANJE<\/strong>: Alimentation pour nourrisson et jeune enfant<\/p>\n\n\n\n<p><strong>APP<\/strong>: Alliance pour la pr\u00e9vention du paludisme<\/p>\n\n\n\n<p><strong>ARV<\/strong>: Antir\u00e9troviral<\/p>\n\n\n\n<p><strong>ASC<\/strong>: Agent de sant\u00e9 communautaire<\/p>\n\n\n\n<p><strong>AVS<\/strong>: Agent de vulgarisation sanitaire<\/p>\n\n\n\n<h2 class=\"wp-block-heading\">B<\/h2>\n\n\n\n<p>&#8211;<\/p>\n\n\n\n<h2 class=\"wp-block-heading\">C<\/h2>\n\n\n\n<p><strong>CARN<\/strong>: R\u00e9seau RBM en Afrique Centrale<\/p>\n\n\n\n<p><strong>CBO<\/strong>: Organisation \u00e0 base communautaire<\/p>\n\n\n\n<p><strong>CCC<\/strong>: Communication sur le changement de comportement<\/p>\n\n\n\n<p><strong>CDC<\/strong>: Centres pour le contr\u00f4le et la pr\u00e9vention des maladies<\/p>\n\n\n\n<p><strong>CDV<\/strong>: Conseil et d\u00e9pistage volontaire<\/p>\n\n\n\n<p><strong>CPIA<\/strong>: \u00c9valuation de la politique et des institutions nationales \u2013 Banque Mondiale<\/p>\n\n\n\n<p><strong>CTA<\/strong>: Combinaison th\u00e9rapeutique \u00e0 base d\u2019art\u00e9misinine<\/p>\n\n\n\n<h2 class=\"wp-block-heading\">D<\/h2>\n\n\n\n<p><strong>DDT<\/strong>: Dichlorodiphenyltrichloro\u00e9thane<\/p>\n\n\n\n<p><strong>DFID<\/strong>: Minist\u00e8re Britannique du D\u00e9veloppement International<\/p>\n\n\n\n<p><strong>DTC3<\/strong>: Dipht\u00e9rie \u2013 T\u00e9tanos \u2013 Coqueluche<\/p>\n\n\n\n<h2 class=\"wp-block-heading\">E<\/h2>\n\n\n\n<p><strong>EARN<\/strong>: R\u00e9seau RBM en Afrique de l\u2019Est<\/p>\n\n\n\n<p><strong>EDS<\/strong>: Enqu\u00eate d\u00e9mographique et de sant\u00e9<\/p>\n\n\n\n<p><strong>EMRO<\/strong>: Bureau R\u00e9gional de l\u2019OMS pour la M\u00e9diterran\u00e9e Orientale<\/p>\n\n\n\n<h2 class=\"wp-block-heading\">F<\/h2>\n\n\n\n<p><strong>FNU<\/strong>: Fondation pour les Nations Unies<\/p>\n\n\n\n<h2 class=\"wp-block-heading\">G<\/h2>\n\n\n\n<p><strong>GFATM<\/strong>: Fond Mondial de lutte contre le sida, la tuberculose et le paludisme<\/p>\n\n\n\n<p><strong>GMP<\/strong>: Programme Mondial de lutte antipaludique &#8211; OMS<\/p>\n\n\n\n<p><strong>GTH<\/strong>: Groupe de travail sur l\u2019harmonisation<\/p>\n\n\n\n<h2 class=\"wp-block-heading\">H<\/h2>\n\n\n\n<p>&#8211;<\/p>\n\n\n\n<h2 class=\"wp-block-heading\">I<\/h2>\n\n\n\n<p><strong>IAB<\/strong>: Initiative des amis des b\u00e9b\u00e9s<\/p>\n\n\n\n<p><strong>IDA<\/strong>: Association Internationale de D\u00e9veloppement<\/p>\n\n\n\n<p><strong>IEC<\/strong>: Information, \u00e9ducation et communication<\/p>\n\n\n\n<p><strong>IRS<\/strong>: Pulv\u00e9risation \u00e0 effet permanent \u00e0 l\u2019int\u00e9rieur des habitations<\/p>\n\n\n\n<h2 class=\"wp-block-heading\">J<\/h2>\n\n\n\n<p><strong>JICA<\/strong>: Agence japonaise de coop\u00e9ration internationale<\/p>\n\n\n\n<h2 class=\"wp-block-heading\">K<\/h2>\n\n\n\n<p>&#8211;<\/p>\n\n\n\n<h2 class=\"wp-block-heading\">L<\/h2>\n\n\n\n<p>&#8211;<\/p>\n\n\n\n<h2 class=\"wp-block-heading\">M<\/h2>\n\n\n\n<p><strong>MCA\/iERG<\/strong>: M\u00e8res, enfants et adolescents \/ Groupe d\u2019examen ind\u00e9pendant d\u2019experts<\/p>\n\n\n\n<p><strong>MICS<\/strong>: Enqu\u00eate par grappe \u00e0 indicateurs multiples<\/p>\n\n\n\n<p><strong>MII<\/strong>: Moustiquaires impr\u00e9gn\u00e9e d\u2019insecticide<\/p>\n\n\n\n<p><strong>MILDA<\/strong>: Moustiquaire Impr\u00e9gn\u00e9e \u00e0 Longue Dur\u00e9e d&rsquo;Action<\/p>\n\n\n\n<p><strong>MoF<\/strong>: Minist\u00e8re des Finances<\/p>\n\n\n\n<p><strong>M-TAP<\/strong>: Malaria Taxes and Tariffs Advocacy Projects<\/p>\n\n\n\n<h2 class=\"wp-block-heading\">N<\/h2>\n\n\n\n<p><strong>NFM<\/strong>: Nouvelle modalit\u00e9 de financement<\/p>\n\n\n\n<h2 class=\"wp-block-heading\">O<\/h2>\n\n\n\n<p><strong>OMD<\/strong>: Objectif du Mill\u00e9naire pour le D\u00e9veloppement<\/p>\n\n\n\n<p><strong>OMS<\/strong>: Organisation Mondiale de la Sant\u00e9<\/p>\n\n\n\n<p><strong>ONG<\/strong>: Organisation Non Gouvernementale<\/p>\n\n\n\n<p><strong>ONUDI<\/strong>: Organisation des Nations Unies pour le D\u00e9veloppement Industriel<\/p>\n\n\n\n<p><strong>ONUSIDA<\/strong>: Programme commun des Nations Unies sur le VIH\/SIDA<\/p>\n\n\n\n<p><strong>OSC<\/strong>: Organisation de la soci\u00e9t\u00e9 civile<\/p>\n\n\n\n<h2 class=\"wp-block-heading\">P<\/h2>\n\n\n\n<p><strong>PAM<\/strong>: Programme alimentaire mondial<\/p>\n\n\n\n<p><strong>PCC<\/strong>: Prise en charge communautaire des cas<\/p>\n\n\n\n<p><strong>PCCi<\/strong>: Prise en charge communautaire int\u00e9gr\u00e9e<\/p>\n\n\n\n<p><strong>PCIME<\/strong>: Prise en charge int\u00e9gr\u00e9e des maladies de l\u2019enfant<\/p>\n\n\n\n<p><strong>PCPD<\/strong>: Prise en charge du paludisme \u00e0 domicile<\/p>\n\n\n\n<p><strong>PEC-C<\/strong>: Prise en Charge des cas de maladies de l\u2019enfant dans la Communaut\u00e9<\/p>\n\n\n\n<p><strong>PID<\/strong>: Pulv\u00e9risation intradomiciliaire \u00e0 effet r\u00e9manent<\/p>\n\n\n\n<p><strong>PEI<\/strong>: Programme \u00e9tendu d\u2019immunisation<\/p>\n\n\n\n<p><strong>PEPFAR<\/strong>: Plan d&rsquo;urgence du Pr\u00e9sident des \u00c9tats-Unis en mati\u00e8re de lutte contre le sida<\/p>\n\n\n\n<p><strong>PMI<\/strong>: Initiative du Pr\u00e9sident Am\u00e9ricain contre le paludisme<\/p>\n\n\n\n<p><strong>PNLP<\/strong>: Programme national de lutte contre le paludisme<\/p>\n\n\n\n<p><strong>PSI<\/strong>: Population Services International \u2013 Service international pour la population<\/p>\n\n\n\n<p><strong>PSN<\/strong>: Plan strat\u00e9gique national<\/p>\n\n\n\n<p><strong>PMGRI<\/strong>: Plan mondial pour la gestion de la r\u00e9sistance aux insecticides<\/p>\n\n\n\n<p><strong>PTME<\/strong>: Pr\u00e9vention de la transmission m\u00e8re-enfant<\/p>\n\n\n\n<p><strong>PVVIH<\/strong>: Personnes vivant avec le VIH<\/p>\n\n\n\n<h2 class=\"wp-block-heading\">Q<\/h2>\n\n\n\n<p>&#8211;<\/p>\n\n\n\n<h2 class=\"wp-block-heading\">R<\/h2>\n\n\n\n<p><strong>RBM<\/strong>: Roll Back Malaria &#8211; Faire Reculer le Paludisme<\/p>\n\n\n\n<p><strong>RCC<\/strong>: Processus de reconduction des subventions<\/p>\n\n\n\n<p><strong>RP<\/strong>: B\u00e9n\u00e9ficiaire Principal<\/p>\n\n\n\n<p><strong>RMP<\/strong>: Revue \u00e0 mi-parcours<\/p>\n\n\n\n<p><strong>RPP\/MPR<\/strong>: R\u00e9vision de programme contre le paludisme<\/p>\n\n\n\n<h2 class=\"wp-block-heading\">S<\/h2>\n\n\n\n<p><strong>S\/E<\/strong>: Suivi et \u00e9valuation<\/p>\n\n\n\n<p><strong>SADC<\/strong>: Communaut\u00e9 de d\u00e9veloppement d\u2019Afrique Australe<\/p>\n\n\n\n<p><strong>SANRU<\/strong>: Sant\u00e9 rurale<\/p>\n\n\n\n<p><strong>SARN<\/strong>: R\u00e9seau RBM en Afrique australe<\/p>\n\n\n\n<p><strong>SASDE<\/strong>: Strat\u00e9gie acc\u00e9l\u00e9r\u00e9e pour la survie et le d\u00e9veloppement de l&rsquo;enfant<\/p>\n\n\n\n<p><strong>SIDA<\/strong>: Syndrome d\u2019immunod\u00e9ficience acquise<\/p>\n\n\n\n<p><strong>SIGL<\/strong>: Syst\u00e8me d\u2019information de gestion de la logistique<\/p>\n\n\n\n<p><strong>SIGS<\/strong>: Syst\u00e8me d\u2019information de gestion sanitaire<\/p>\n\n\n\n<p><strong>SLIS2<\/strong>: Syst\u00e8me local d\u2019information sanitaire 2<\/p>\n\n\n\n<p><strong>SMI<\/strong>: Sant\u00e9 maternelle et infantile<\/p>\n\n\n\n<p><strong>SONUB<\/strong>: Soins obst\u00e9tricaux et n\u00e9onatals d\u2019urgence de base<\/p>\n\n\n\n<p><strong>SONUC<\/strong>: Soins obst\u00e9tricaux et n\u00e9onatals d\u2019urgence complets<\/p>\n\n\n\n<p><strong>SMART<\/strong>: (Initiative inter agence de) surveillance et \u00e9valuation standardis\u00e9es des urgences (humanitaires) et de transitions<\/p>\n\n\n\n<p><strong>SP<\/strong>: Sulfadoxine-pyrim\u00e9thamine<\/p>\n\n\n\n<p><strong>SPN<\/strong>: Soins pr\u00e9natals<\/p>\n\n\n\n<p><strong>SPR<\/strong>: Taux de positivit\u00e9 des lames<\/p>\n\n\n\n<p><strong>SRMNI<\/strong>: Sant\u00e9 reproductive, maternelle, n\u00e9onatale et infantile<\/p>\n\n\n\n<p><strong>SSF<\/strong>: Flux unique de financement<\/p>\n\n\n\n<p><strong>SSP<\/strong>: Soins de sant\u00e9 primaires<\/p>\n\n\n\n<p><strong>SUFI<\/strong>: D\u00e9ploiement d\u2019interventions pour un impact r\u00e9el<\/p>\n\n\n\n<p><strong>SUN<\/strong>: Mise \u00e0 \u00e9chelle du programme de Nutrition<\/p>\n\n\n\n<h2 class=\"wp-block-heading\">T<\/h2>\n\n\n\n<p><strong>TAR<\/strong>: Th\u00e9rapie Antir\u00e9troviral<\/p>\n\n\n\n<p><strong>TDR<\/strong>: Test diagnostic rapide<\/p>\n\n\n\n<p><strong>TFM<\/strong>: M\u00e9canisme de financement transitoire<\/p>\n\n\n\n<p><strong>TPI<\/strong>: Traitement pr\u00e9ventif intermittent<\/p>\n\n\n\n<p><strong>TPIn<\/strong>: Traitement pr\u00e9ventif intermittent du nourrisson<\/p>\n\n\n\n<h2 class=\"wp-block-heading\">U<\/h2>\n\n\n\n<p><strong>UA<\/strong>: Union Africaine<\/p>\n\n\n\n<p><strong>UNICEF<\/strong>: Fonds des Nations Unies pour l\u2019enfance<\/p>\n\n\n\n<p><strong>USAID<\/strong>: Agence des \u00c9tats-Unis pour le d\u00e9veloppement international<\/p>\n\n\n\n<h2 class=\"wp-block-heading\">V<\/h2>\n\n\n\n<p><strong>VIH<\/strong>: Virus de l\u2019immunod\u00e9ficience humaine<\/p>\n\n\n\n<p><strong>VPP<\/strong>: Voluntary Pooled Procurement \u2013 M\u00e9canisme volontaire d\u2019approvisionnement group\u00e9<\/p>\n\n\n\n<h2 class=\"wp-block-heading\">W<\/h2>\n\n\n\n<p><strong>WARN<\/strong>: R\u00e9seau RBM en Afrique de l\u2019Ouest<\/p>\n\n\n\n<p><strong>WHOPES<\/strong>: Syst\u00e8me OMS d\u2019\u00e9valuation des pesticides<\/p>\n\n\n\n<h2 class=\"wp-block-heading\">X<\/h2>\n\n\n\n<p>&#8211;<\/p>\n\n\n\n<h2 class=\"wp-block-heading\">Y<\/h2>\n\n\n\n<p>&#8211;<\/p>\n\n\n\n<h2 class=\"wp-block-heading\">Z<\/h2>\n\n\n\n<p>&#8211;<\/p>\n","protected":false},"excerpt":{"rendered":"<p>A ACD: Atteindre Chaque District ACDI: D\u00e9partement des affaires \u00e9trang\u00e8res, du commerce et du d\u00e9veloppement AFRO: Bureau r\u00e9gional de l\u2019OMS pour l\u2019Afrique ALMA: Alliance des dirigeants africains contre le paludisme [&hellip;]<\/p>\n","protected":false},"author":14,"featured_media":17590,"parent":14834,"menu_order":0,"comment_status":"closed","ping_status":"closed","template":"resource-like-template.php","meta":{"footnotes":""},"class_list":["post-37233","page","type-page","status-publish","has-post-thumbnail","hentry"],"acf":[],"yoast_head":"<!-- This site is optimized with the Yoast SEO plugin v26.8 - https:\/\/yoast.com\/product\/yoast-seo-wordpress\/ -->\n<title>ALMA - guide des acronymes - ALMA Scorecard Hub<\/title>\n<meta name=\"robots\" content=\"index, follow, max-snippet:-1, max-image-preview:large, max-video-preview:-1\" \/>\n<link rel=\"canonical\" href=\"https:\/\/scorecardhub.org\/fr\/guides-et-boites-a-outils\/alma-guide-des-acronymes\/\" \/>\n<meta property=\"og:locale\" content=\"fr_FR\" \/>\n<meta property=\"og:type\" content=\"article\" \/>\n<meta property=\"og:title\" content=\"ALMA - guide des acronymes - ALMA Scorecard Hub\" \/>\n<meta property=\"og:description\" content=\"A ACD: Atteindre Chaque District ACDI: D\u00e9partement des affaires \u00e9trang\u00e8res, du commerce et du d\u00e9veloppement AFRO: Bureau r\u00e9gional de l\u2019OMS pour l\u2019Afrique ALMA: Alliance des dirigeants africains contre le paludisme [&hellip;]\" \/>\n<meta property=\"og:url\" content=\"https:\/\/scorecardhub.org\/fr\/guides-et-boites-a-outils\/alma-guide-des-acronymes\/\" \/>\n<meta property=\"og:site_name\" content=\"ALMA Scorecard Hub\" \/>\n<meta property=\"article:modified_time\" content=\"2021-10-02T15:37:52+00:00\" \/>\n<meta property=\"og:image\" content=\"https:\/\/scorecardhub.org\/wp-content\/uploads\/2021\/02\/scorecard-hub-generic-colourful-thumbnail.png\" \/>\n\t<meta property=\"og:image:width\" content=\"800\" \/>\n\t<meta property=\"og:image:height\" content=\"450\" \/>\n\t<meta property=\"og:image:type\" content=\"image\/png\" \/>\n<meta name=\"twitter:card\" content=\"summary_large_image\" \/>\n<meta name=\"twitter:site\" content=\"@ALMA_2030\" \/>\n<meta name=\"twitter:label1\" content=\"Dur\u00e9e de lecture estim\u00e9e\" \/>\n\t<meta name=\"twitter:data1\" content=\"3 minutes\" \/>\n<script type=\"application\/ld+json\" class=\"yoast-schema-graph\">{\"@context\":\"https:\/\/schema.org\",\"@graph\":[{\"@type\":\"WebPage\",\"@id\":\"https:\/\/scorecardhub.org\/fr\/guides-et-boites-a-outils\/alma-guide-des-acronymes\/\",\"url\":\"https:\/\/scorecardhub.org\/fr\/guides-et-boites-a-outils\/alma-guide-des-acronymes\/\",\"name\":\"ALMA - guide des acronymes - ALMA Scorecard Hub\",\"isPartOf\":{\"@id\":\"https:\/\/scorecardhub.org\/fr\/#website\"},\"primaryImageOfPage\":{\"@id\":\"https:\/\/scorecardhub.org\/fr\/guides-et-boites-a-outils\/alma-guide-des-acronymes\/#primaryimage\"},\"image\":{\"@id\":\"https:\/\/scorecardhub.org\/fr\/guides-et-boites-a-outils\/alma-guide-des-acronymes\/#primaryimage\"},\"thumbnailUrl\":\"https:\/\/scorecardhub.org\/wp-content\/uploads\/2021\/02\/scorecard-hub-generic-colourful-thumbnail.png\",\"datePublished\":\"2021-10-02T15:37:51+00:00\",\"dateModified\":\"2021-10-02T15:37:52+00:00\",\"breadcrumb\":{\"@id\":\"https:\/\/scorecardhub.org\/fr\/guides-et-boites-a-outils\/alma-guide-des-acronymes\/#breadcrumb\"},\"inLanguage\":\"fr-FR\",\"potentialAction\":[{\"@type\":\"ReadAction\",\"target\":[\"https:\/\/scorecardhub.org\/fr\/guides-et-boites-a-outils\/alma-guide-des-acronymes\/\"]}]},{\"@type\":\"ImageObject\",\"inLanguage\":\"fr-FR\",\"@id\":\"https:\/\/scorecardhub.org\/fr\/guides-et-boites-a-outils\/alma-guide-des-acronymes\/#primaryimage\",\"url\":\"https:\/\/scorecardhub.org\/wp-content\/uploads\/2021\/02\/scorecard-hub-generic-colourful-thumbnail.png\",\"contentUrl\":\"https:\/\/scorecardhub.org\/wp-content\/uploads\/2021\/02\/scorecard-hub-generic-colourful-thumbnail.png\",\"width\":800,\"height\":450},{\"@type\":\"BreadcrumbList\",\"@id\":\"https:\/\/scorecardhub.org\/fr\/guides-et-boites-a-outils\/alma-guide-des-acronymes\/#breadcrumb\",\"itemListElement\":[{\"@type\":\"ListItem\",\"position\":1,\"name\":\"Accueil\",\"item\":\"https:\/\/scorecardhub.org\/fr\/\"},{\"@type\":\"ListItem\",\"position\":2,\"name\":\"Guides et bo\u00eetes \u00e0 outils\",\"item\":\"https:\/\/scorecardhub.org\/fr\/guides-et-boites-a-outils\/\"},{\"@type\":\"ListItem\",\"position\":3,\"name\":\"ALMA &#8211; guide des acronymes\"}]},{\"@type\":\"WebSite\",\"@id\":\"https:\/\/scorecardhub.org\/fr\/#website\",\"url\":\"https:\/\/scorecardhub.org\/fr\/\",\"name\":\"ALMA Scorecard Hub\",\"description\":\"\",\"publisher\":{\"@id\":\"https:\/\/scorecardhub.org\/fr\/#organization\"},\"potentialAction\":[{\"@type\":\"SearchAction\",\"target\":{\"@type\":\"EntryPoint\",\"urlTemplate\":\"https:\/\/scorecardhub.org\/fr\/?s={search_term_string}\"},\"query-input\":{\"@type\":\"PropertyValueSpecification\",\"valueRequired\":true,\"valueName\":\"search_term_string\"}}],\"inLanguage\":\"fr-FR\"},{\"@type\":\"Organization\",\"@id\":\"https:\/\/scorecardhub.org\/fr\/#organization\",\"name\":\"ALMA Scorecard Hub\",\"url\":\"https:\/\/scorecardhub.org\/fr\/\",\"logo\":{\"@type\":\"ImageObject\",\"inLanguage\":\"fr-FR\",\"@id\":\"https:\/\/scorecardhub.org\/fr\/#\/schema\/logo\/image\/\",\"url\":\"https:\/\/scorecardhub.org\/wp-content\/uploads\/2021\/02\/alma_logo-1.svg\",\"contentUrl\":\"https:\/\/scorecardhub.org\/wp-content\/uploads\/2021\/02\/alma_logo-1.svg\",\"width\":276,\"height\":58,\"caption\":\"ALMA Scorecard Hub\"},\"image\":{\"@id\":\"https:\/\/scorecardhub.org\/fr\/#\/schema\/logo\/image\/\"},\"sameAs\":[\"https:\/\/x.com\/ALMA_2030\"]}]}<\/script>\n<!-- \/ Yoast SEO plugin. -->","yoast_head_json":{"title":"ALMA - guide des acronymes - ALMA Scorecard Hub","robots":{"index":"index","follow":"follow","max-snippet":"max-snippet:-1","max-image-preview":"max-image-preview:large","max-video-preview":"max-video-preview:-1"},"canonical":"https:\/\/scorecardhub.org\/fr\/guides-et-boites-a-outils\/alma-guide-des-acronymes\/","og_locale":"fr_FR","og_type":"article","og_title":"ALMA - guide des acronymes - ALMA Scorecard Hub","og_description":"A ACD: Atteindre Chaque District ACDI: D\u00e9partement des affaires \u00e9trang\u00e8res, du commerce et du d\u00e9veloppement AFRO: Bureau r\u00e9gional de l\u2019OMS pour l\u2019Afrique ALMA: Alliance des dirigeants africains contre le paludisme [&hellip;]","og_url":"https:\/\/scorecardhub.org\/fr\/guides-et-boites-a-outils\/alma-guide-des-acronymes\/","og_site_name":"ALMA Scorecard Hub","article_modified_time":"2021-10-02T15:37:52+00:00","og_image":[{"width":800,"height":450,"url":"https:\/\/scorecardhub.org\/wp-content\/uploads\/2021\/02\/scorecard-hub-generic-colourful-thumbnail.png","type":"image\/png"}],"twitter_card":"summary_large_image","twitter_site":"@ALMA_2030","twitter_misc":{"Dur\u00e9e de lecture estim\u00e9e":"3 minutes"},"schema":{"@context":"https:\/\/schema.org","@graph":[{"@type":"WebPage","@id":"https:\/\/scorecardhub.org\/fr\/guides-et-boites-a-outils\/alma-guide-des-acronymes\/","url":"https:\/\/scorecardhub.org\/fr\/guides-et-boites-a-outils\/alma-guide-des-acronymes\/","name":"ALMA - guide des acronymes - ALMA Scorecard Hub","isPartOf":{"@id":"https:\/\/scorecardhub.org\/fr\/#website"},"primaryImageOfPage":{"@id":"https:\/\/scorecardhub.org\/fr\/guides-et-boites-a-outils\/alma-guide-des-acronymes\/#primaryimage"},"image":{"@id":"https:\/\/scorecardhub.org\/fr\/guides-et-boites-a-outils\/alma-guide-des-acronymes\/#primaryimage"},"thumbnailUrl":"https:\/\/scorecardhub.org\/wp-content\/uploads\/2021\/02\/scorecard-hub-generic-colourful-thumbnail.png","datePublished":"2021-10-02T15:37:51+00:00","dateModified":"2021-10-02T15:37:52+00:00","breadcrumb":{"@id":"https:\/\/scorecardhub.org\/fr\/guides-et-boites-a-outils\/alma-guide-des-acronymes\/#breadcrumb"},"inLanguage":"fr-FR","potentialAction":[{"@type":"ReadAction","target":["https:\/\/scorecardhub.org\/fr\/guides-et-boites-a-outils\/alma-guide-des-acronymes\/"]}]},{"@type":"ImageObject","inLanguage":"fr-FR","@id":"https:\/\/scorecardhub.org\/fr\/guides-et-boites-a-outils\/alma-guide-des-acronymes\/#primaryimage","url":"https:\/\/scorecardhub.org\/wp-content\/uploads\/2021\/02\/scorecard-hub-generic-colourful-thumbnail.png","contentUrl":"https:\/\/scorecardhub.org\/wp-content\/uploads\/2021\/02\/scorecard-hub-generic-colourful-thumbnail.png","width":800,"height":450},{"@type":"BreadcrumbList","@id":"https:\/\/scorecardhub.org\/fr\/guides-et-boites-a-outils\/alma-guide-des-acronymes\/#breadcrumb","itemListElement":[{"@type":"ListItem","position":1,"name":"Accueil","item":"https:\/\/scorecardhub.org\/fr\/"},{"@type":"ListItem","position":2,"name":"Guides et bo\u00eetes \u00e0 outils","item":"https:\/\/scorecardhub.org\/fr\/guides-et-boites-a-outils\/"},{"@type":"ListItem","position":3,"name":"ALMA &#8211; guide des acronymes"}]},{"@type":"WebSite","@id":"https:\/\/scorecardhub.org\/fr\/#website","url":"https:\/\/scorecardhub.org\/fr\/","name":"ALMA Scorecard Hub","description":"","publisher":{"@id":"https:\/\/scorecardhub.org\/fr\/#organization"},"potentialAction":[{"@type":"SearchAction","target":{"@type":"EntryPoint","urlTemplate":"https:\/\/scorecardhub.org\/fr\/?s={search_term_string}"},"query-input":{"@type":"PropertyValueSpecification","valueRequired":true,"valueName":"search_term_string"}}],"inLanguage":"fr-FR"},{"@type":"Organization","@id":"https:\/\/scorecardhub.org\/fr\/#organization","name":"ALMA Scorecard Hub","url":"https:\/\/scorecardhub.org\/fr\/","logo":{"@type":"ImageObject","inLanguage":"fr-FR","@id":"https:\/\/scorecardhub.org\/fr\/#\/schema\/logo\/image\/","url":"https:\/\/scorecardhub.org\/wp-content\/uploads\/2021\/02\/alma_logo-1.svg","contentUrl":"https:\/\/scorecardhub.org\/wp-content\/uploads\/2021\/02\/alma_logo-1.svg","width":276,"height":58,"caption":"ALMA Scorecard Hub"},"image":{"@id":"https:\/\/scorecardhub.org\/fr\/#\/schema\/logo\/image\/"},"sameAs":["https:\/\/x.com\/ALMA_2030"]}]}},"_links":{"self":[{"href":"https:\/\/scorecardhub.org\/fr\/wp-json\/wp\/v2\/pages\/37233","targetHints":{"allow":["GET"]}}],"collection":[{"href":"https:\/\/scorecardhub.org\/fr\/wp-json\/wp\/v2\/pages"}],"about":[{"href":"https:\/\/scorecardhub.org\/fr\/wp-json\/wp\/v2\/types\/page"}],"author":[{"embeddable":true,"href":"https:\/\/scorecardhub.org\/fr\/wp-json\/wp\/v2\/users\/14"}],"replies":[{"embeddable":true,"href":"https:\/\/scorecardhub.org\/fr\/wp-json\/wp\/v2\/comments?post=37233"}],"version-history":[{"count":1,"href":"https:\/\/scorecardhub.org\/fr\/wp-json\/wp\/v2\/pages\/37233\/revisions"}],"predecessor-version":[{"id":37236,"href":"https:\/\/scorecardhub.org\/fr\/wp-json\/wp\/v2\/pages\/37233\/revisions\/37236"}],"up":[{"embeddable":true,"href":"https:\/\/scorecardhub.org\/fr\/wp-json\/wp\/v2\/pages\/14834"}],"wp:featuredmedia":[{"embeddable":true,"href":"https:\/\/scorecardhub.org\/fr\/wp-json\/wp\/v2\/media\/17590"}],"wp:attachment":[{"href":"https:\/\/scorecardhub.org\/fr\/wp-json\/wp\/v2\/media?parent=37233"}],"curies":[{"name":"wp","href":"https:\/\/api.w.org\/{rel}","templated":true}]}}