{"id":37032,"date":"2021-09-27T15:21:13","date_gmt":"2021-09-27T15:21:13","guid":{"rendered":"https:\/\/scorecardhub.org\/guides-et-boites-a-outils\/scorecards-and-neglected-tropical-diseases\/"},"modified":"2021-09-28T09:42:23","modified_gmt":"2021-09-28T09:42:23","slug":"mtn","status":"publish","type":"page","link":"https:\/\/scorecardhub.org\/fr\/guides-et-boites-a-outils\/mtn\/","title":{"rendered":"Cartes de score et maladies tropicales n\u00e9glig\u00e9es"},"content":{"rendered":"\n<p>Les cartes de score nationales pour le suivi des progr\u00e8s dans la lutte contre les MTN sont des outils de gestion, qui utilisent des donn\u00e9es existantes pour suivre la performance des indicateurs prioritaires s\u00e9lectionn\u00e9s parmi la liste des indicateurs dans le cadre de suivi et \u00e9valuation des plans strat\u00e9giques nationaux de lutte contre les MTN.<\/p>\n\n\n\n<p>Une dizaine d\u2019indicateurs prioritaires sont ainsi s\u00e9lectionn\u00e9es en fonction de la charge de morbidit\u00e9 et de la disponibilit\u00e9 de sources de donn\u00e9es fiables fournissant des donn\u00e9es r\u00e9guli\u00e8rement mises \u00e0 jour.<\/p>\n\n\n<section class=\"updates-section\">\r\n    <div class=\"container\">\r\n        <h2>Voir les r\u00e9centes donn\u00e9es des cartes de score<\/h2>\r\n                    <div class=\"courses-holder \">\r\n                                    <a href=\"https:\/\/scorecardhub.org\/fr\/les-cartes-de-score-nationales-pour-le-suivi-des-progres-dans-la-lutte-contre-les-mtn\/\"\r\n                       class=\"post-item  \">\r\n                        <div class=\"img-holder\"\r\n                             style=\"background-image: url('https:\/\/scorecardhub.org\/wp-content\/uploads\/2021\/08\/alma2030-emc-countries-thumbnail.png');\">\r\n                                                    <\/div>\r\n                        <div class=\"content-holder\">\r\n                            <div class=\"heading-block\">\r\n                                <h3>\r\n                                    Les cartes de score nationales pour le suivi des progr\u00e8s dans la lutte contre les MTN                                    <!--                            <time datetime=\"-->\r\n                                    <!--\">22.07.2020 \/ 12:00 PM (UTC)<\/time>-->\r\n                                <\/h3>\r\n                            <\/div>\r\n                            <p>Plusieurs pays africains ont cr\u00e9\u00e9 des outils nationaux de carte de score pour la gestion des MTN afin de&#8230;<\/p>\r\n                        <\/div>\r\n                    <\/a>\r\n                                    <a href=\"https:\/\/scorecardhub.org\/fr\/alma-carte-de-score-pour-la-redevabilite-et-laction\/\"\r\n                       class=\"post-item  \">\r\n                        <div class=\"img-holder\"\r\n                             style=\"background-image: url('https:\/\/scorecardhub.org\/wp-content\/uploads\/2021\/08\/alma2030-scorecard-thumbnail.png');\">\r\n                                                    <\/div>\r\n                        <div class=\"content-holder\">\r\n                            <div class=\"heading-block\">\r\n                                <h3>\r\n                                    ALMA cartes de score pour la Redevabilit\u00e9 et L\u2019Action                                    <!--                            <time datetime=\"-->\r\n                                    <!--\">22.07.2020 \/ 12:00 PM (UTC)<\/time>-->\r\n                                <\/h3>\r\n                            <\/div>\r\n                            <p>La carte de score ALMA affiche les performances des pays dans la lutte contre le paludisme, les maladies tropicales&#8230;<\/p>\r\n                        <\/div>\r\n                    <\/a>\r\n                            <\/div>\r\n            <\/div>\r\n<\/section>\r\n\n\n\n<div style=\"height:20px\" aria-hidden=\"true\" class=\"wp-block-spacer\"><\/div>\n\n\n<section class=\"updates-section\">\r\n    <div class=\"container\">\r\n        <h2>Bonnes pratiques sur l&rsquo;utilisation de la carte de score pour les MTN<\/h2>\r\n                    <div class=\"courses-holder \">\r\n                                    <a href=\"https:\/\/scorecardhub.org\/fr\/bonnes-pratiques\/comment-linclusion-dun-nouvel-indicateur-dans-la-carte-de-score-alma-a-conduit-a-une-action-galvanisee-dans-la-lutte-pour-eliminer-les-maladies-tropicales-negligees-en-afrique\/\"\r\n                       class=\"post-item  \">\r\n                        <div class=\"img-holder\"\r\n                             style=\"background-image: url('https:\/\/scorecardhub.org\/wp-content\/uploads\/2021\/01\/scorecards.png');\">\r\n                                                    <\/div>\r\n                        <div class=\"content-holder\">\r\n                            <div class=\"heading-block\">\r\n                                <h3>\r\n                                    Comment l\u2019inclusion d\u2019un nouvel indicateur dans la carte de score ALMA a conduit \u00e0 une action galvanis\u00e9e dans la lutte pour \u00e9liminer les maladies tropicales n\u00e9glig\u00e9es en Afrique                                    <!--                            <time datetime=\"-->\r\n                                    <!--\">22.07.2020 \/ 12:00 PM (UTC)<\/time>-->\r\n                                <\/h3>\r\n                            <\/div>\r\n                            <p>En 2017, les dirigeants africains ont demand\u00e9 l\u2019inclusion d\u2019un indicateur MTN dans la carte de score ALMA pour la&#8230;<\/p>\r\n                        <\/div>\r\n                    <\/a>\r\n                                    <a href=\"https:\/\/scorecardhub.org\/fr\/bonnes-pratiques\/utilisation-des-outils-de-gestion-nationaux-de-carte-de-score-pour-lelimination-des-maladies-tropicales-negligees\/\"\r\n                       class=\"post-item  \">\r\n                        <div class=\"img-holder\"\r\n                             style=\"background-image: url('https:\/\/scorecardhub.org\/wp-content\/uploads\/2021\/02\/ntd-thumbnail.jpg');\">\r\n                                                    <\/div>\r\n                        <div class=\"content-holder\">\r\n                            <div class=\"heading-block\">\r\n                                <h3>\r\n                                    Utilisation des outils de gestion nationaux de carte de score pour l\u2019\u00e9limination des maladies tropicales n\u00e9glig\u00e9es                                    <!--                            <time datetime=\"-->\r\n                                    <!--\">22.07.2020 \/ 12:00 PM (UTC)<\/time>-->\r\n                                <\/h3>\r\n                            <\/div>\r\n                            <p>Les cartes de score nationales pour le suivi des progr\u00e8s dans la lutte contre les MTN sont des outils&#8230;<\/p>\r\n                        <\/div>\r\n                    <\/a>\r\n                                    <a href=\"https:\/\/scorecardhub.org\/fr\/bonnes-pratiques\/comment-la-carte-de-score-a-permis-de-mobiliser-des-ressources-pour-les-mtn-au-congo\/\"\r\n                       class=\"post-item  \">\r\n                        <div class=\"img-holder\"\r\n                             style=\"background-image: url('https:\/\/scorecardhub.org\/wp-content\/uploads\/2021\/01\/thumbnail-congo.png');\">\r\n                                                    <\/div>\r\n                        <div class=\"content-holder\">\r\n                            <div class=\"heading-block\">\r\n                                <h3>\r\n                                    Comment la carte de score a permis de mobiliser des ressources pour les MTN au Congo                                    <!--                            <time datetime=\"-->\r\n                                    <!--\">22.07.2020 \/ 12:00 PM (UTC)<\/time>-->\r\n                                <\/h3>\r\n                            <\/div>\r\n                            <p>Le Congo a \u00e9t\u00e9 le deuxi\u00e8me pays d\u2019Afrique \u00e0 d\u00e9ployer une carte de score pour suivre les progr\u00e8s vers&#8230;<\/p>\r\n                        <\/div>\r\n                    <\/a>\r\n                            <\/div>\r\n            <\/div>\r\n<\/section>\r\n\n\n\n<div style=\"height:20px\" aria-hidden=\"true\" class=\"wp-block-spacer\"><\/div>\n\n\n<section class=\"updates-section\">\r\n    <div class=\"container\">\r\n        <h2>Aper\u00e7u des cartes de score MTN<\/h2>\r\n                    <div class=\"courses-holder \">\r\n                                    <a href=\"https:\/\/scorecardhub.org\/fr\/bonnes-pratiques\/carte-de-score-pour-lelimination-des-maladies-tropicales-negligees-mtn-du-congo-apercu\/\"\r\n                       class=\"post-item  \">\r\n                        <div class=\"img-holder\"\r\n                             style=\"background-image: url('https:\/\/scorecardhub.org\/wp-content\/uploads\/2021\/01\/thumbnail-congo-ntd-summary.jpg');\">\r\n                                                    <\/div>\r\n                        <div class=\"content-holder\">\r\n                            <div class=\"heading-block\">\r\n                                <h3>\r\n                                    Carte de score pour l\u2019\u00e9limination des maladies tropicales n\u00e9glig\u00e9es (MTN) du Congo &#8211; aper\u00e7u                                    <!--                            <time datetime=\"-->\r\n                                    <!--\">22.07.2020 \/ 12:00 PM (UTC)<\/time>-->\r\n                                <\/h3>\r\n                            <\/div>\r\n                            <p>Le Congo a \u00e9t\u00e9 le deuxi\u00e8me pays d\u2019Afrique \u00e0 d\u00e9ployer une carte de score pour suivre les progr\u00e8s vers&#8230;<\/p>\r\n                        <\/div>\r\n                    <\/a>\r\n                                    <a href=\"https:\/\/scorecardhub.org\/fr\/bonnes-pratiques\/carte-de-score-mtn-du-malawi-apercu\/\"\r\n                       class=\"post-item  \">\r\n                        <div class=\"img-holder\"\r\n                             style=\"background-image: url('https:\/\/scorecardhub.org\/wp-content\/uploads\/2021\/01\/thumbnail-malawi.png');\">\r\n                                                    <\/div>\r\n                        <div class=\"content-holder\">\r\n                            <div class=\"heading-block\">\r\n                                <h3>\r\n                                    Carte de score MTN du Malawi \u2013 aper\u00e7u                                    <!--                            <time datetime=\"-->\r\n                                    <!--\">22.07.2020 \/ 12:00 PM (UTC)<\/time>-->\r\n                                <\/h3>\r\n                            <\/div>\r\n                            <p>Le Ministre de la Sant\u00e9 du Malawi a d\u00e9velopp\u00e9 le premier outil de carte de score MTN pour la&#8230;<\/p>\r\n                        <\/div>\r\n                    <\/a>\r\n                            <\/div>\r\n            <\/div>\r\n<\/section>\r\n\n\n\n<div style=\"height:20px\" aria-hidden=\"true\" class=\"wp-block-spacer\"><\/div>\n\n\n<section class=\"updates-section\">\r\n    <div class=\"container\">\r\n        <h2>Introduction \u00e0 l\u2019outil national de gestion de carte de score <\/h2>\r\n                    <div class=\"courses-holder \">\r\n                                    <a href=\"https:\/\/scorecardhub.org\/fr\/guides-et-boites-a-outils\/introduction-a-l-outil-de-carte-de-score-pays\/\"\r\n                       class=\"post-item  \">\r\n                        <div class=\"img-holder\"\r\n                             style=\"background-image: url('https:\/\/scorecardhub.org\/wp-content\/uploads\/2021\/01\/ghana-summary.png');\">\r\n                                                    <\/div>\r\n                        <div class=\"content-holder\">\r\n                            <div class=\"heading-block\">\r\n                                <h3>\r\n                                    Introduction \u00e0 l\u2019outil de carte de score pays                                    <!--                            <time datetime=\"-->\r\n                                    <!--\">22.07.2020 \/ 12:00 PM (UTC)<\/time>-->\r\n                                <\/h3>\r\n                            <\/div>\r\n                            <p>Les pays utilisent les cartes de score nationales pour suivre les progr\u00e8s en mati\u00e8re de paludisme, de SRMNIA, de&#8230;<\/p>\r\n                        <\/div>\r\n                    <\/a>\r\n                                    <a href=\"https:\/\/scorecardhub.org\/fr\/guides-et-boites-a-outils\/creer-un-nouvel-outil-de-gestion-de-carte-de-score-pays\/\"\r\n                       class=\"post-item  \">\r\n                        <div class=\"img-holder\"\r\n                             style=\"background-image: url('https:\/\/scorecardhub.org\/wp-content\/uploads\/2021\/02\/kenya-migori-thumbnail.jpg');\">\r\n                                                    <\/div>\r\n                        <div class=\"content-holder\">\r\n                            <div class=\"heading-block\">\r\n                                <h3>\r\n                                    Cr\u00e9er un nouvel outil de gestion de carte de score pays                                    <!--                            <time datetime=\"-->\r\n                                    <!--\">22.07.2020 \/ 12:00 PM (UTC)<\/time>-->\r\n                                <\/h3>\r\n                            <\/div>\r\n                            <p>Processus de cr\u00e9ation d&rsquo;une nouvelle carte de scores nationale (pour la malaria, SRMNIA, MTN, ou nutrition).<\/p>\r\n                        <\/div>\r\n                    <\/a>\r\n                            <\/div>\r\n            <\/div>\r\n<\/section>\r\n","protected":false},"excerpt":{"rendered":"<p>Les cartes de score nationales pour le suivi des progr\u00e8s dans la lutte contre les MTN sont des outils de gestion, qui utilisent des donn\u00e9es existantes pour suivre la performance [&hellip;]<\/p>\n","protected":false},"author":14,"featured_media":17519,"parent":14834,"menu_order":0,"comment_status":"closed","ping_status":"closed","template":"","meta":{"footnotes":""},"class_list":["post-37032","page","type-page","status-publish","has-post-thumbnail","hentry"],"acf":[],"yoast_head":"<!-- This site is optimized with the Yoast SEO plugin v26.8 - https:\/\/yoast.com\/product\/yoast-seo-wordpress\/ -->\n<title>Cartes de score et maladies tropicales n\u00e9glig\u00e9es - ALMA Scorecard Hub<\/title>\n<meta name=\"robots\" content=\"index, follow, max-snippet:-1, max-image-preview:large, max-video-preview:-1\" \/>\n<link rel=\"canonical\" href=\"https:\/\/scorecardhub.org\/fr\/guides-et-boites-a-outils\/mtn\/\" \/>\n<meta property=\"og:locale\" content=\"fr_FR\" \/>\n<meta property=\"og:type\" content=\"article\" \/>\n<meta property=\"og:title\" content=\"Cartes de score et maladies tropicales n\u00e9glig\u00e9es - ALMA Scorecard Hub\" \/>\n<meta property=\"og:description\" content=\"Les cartes de score nationales pour le suivi des progr\u00e8s dans la lutte contre les MTN sont des outils de gestion, qui utilisent des donn\u00e9es existantes pour suivre la performance [&hellip;]\" \/>\n<meta property=\"og:url\" content=\"https:\/\/scorecardhub.org\/fr\/guides-et-boites-a-outils\/mtn\/\" \/>\n<meta property=\"og:site_name\" content=\"ALMA Scorecard Hub\" \/>\n<meta property=\"article:modified_time\" content=\"2021-09-28T09:42:23+00:00\" \/>\n<meta property=\"og:image\" content=\"https:\/\/scorecardhub.org\/wp-content\/uploads\/2021\/02\/ntd-thumbnail.jpg\" \/>\n\t<meta property=\"og:image:width\" content=\"800\" \/>\n\t<meta property=\"og:image:height\" content=\"450\" \/>\n\t<meta property=\"og:image:type\" content=\"image\/jpeg\" \/>\n<meta name=\"twitter:card\" content=\"summary_large_image\" \/>\n<meta name=\"twitter:site\" content=\"@ALMA_2030\" \/>\n<meta name=\"twitter:label1\" content=\"Dur\u00e9e de lecture estim\u00e9e\" \/>\n\t<meta name=\"twitter:data1\" content=\"1 minute\" \/>\n<script type=\"application\/ld+json\" class=\"yoast-schema-graph\">{\"@context\":\"https:\/\/schema.org\",\"@graph\":[{\"@type\":\"WebPage\",\"@id\":\"https:\/\/scorecardhub.org\/fr\/guides-et-boites-a-outils\/mtn\/\",\"url\":\"https:\/\/scorecardhub.org\/fr\/guides-et-boites-a-outils\/mtn\/\",\"name\":\"Cartes de score et maladies tropicales n\u00e9glig\u00e9es - ALMA Scorecard Hub\",\"isPartOf\":{\"@id\":\"https:\/\/scorecardhub.org\/fr\/#website\"},\"primaryImageOfPage\":{\"@id\":\"https:\/\/scorecardhub.org\/fr\/guides-et-boites-a-outils\/mtn\/#primaryimage\"},\"image\":{\"@id\":\"https:\/\/scorecardhub.org\/fr\/guides-et-boites-a-outils\/mtn\/#primaryimage\"},\"thumbnailUrl\":\"https:\/\/scorecardhub.org\/wp-content\/uploads\/2021\/02\/ntd-thumbnail.jpg\",\"datePublished\":\"2021-09-27T15:21:13+00:00\",\"dateModified\":\"2021-09-28T09:42:23+00:00\",\"breadcrumb\":{\"@id\":\"https:\/\/scorecardhub.org\/fr\/guides-et-boites-a-outils\/mtn\/#breadcrumb\"},\"inLanguage\":\"fr-FR\",\"potentialAction\":[{\"@type\":\"ReadAction\",\"target\":[\"https:\/\/scorecardhub.org\/fr\/guides-et-boites-a-outils\/mtn\/\"]}]},{\"@type\":\"ImageObject\",\"inLanguage\":\"fr-FR\",\"@id\":\"https:\/\/scorecardhub.org\/fr\/guides-et-boites-a-outils\/mtn\/#primaryimage\",\"url\":\"https:\/\/scorecardhub.org\/wp-content\/uploads\/2021\/02\/ntd-thumbnail.jpg\",\"contentUrl\":\"https:\/\/scorecardhub.org\/wp-content\/uploads\/2021\/02\/ntd-thumbnail.jpg\",\"width\":800,\"height\":450},{\"@type\":\"BreadcrumbList\",\"@id\":\"https:\/\/scorecardhub.org\/fr\/guides-et-boites-a-outils\/mtn\/#breadcrumb\",\"itemListElement\":[{\"@type\":\"ListItem\",\"position\":1,\"name\":\"Accueil\",\"item\":\"https:\/\/scorecardhub.org\/fr\/\"},{\"@type\":\"ListItem\",\"position\":2,\"name\":\"Guides et bo\u00eetes \u00e0 outils\",\"item\":\"https:\/\/scorecardhub.org\/fr\/guides-et-boites-a-outils\/\"},{\"@type\":\"ListItem\",\"position\":3,\"name\":\"Cartes de score et maladies tropicales n\u00e9glig\u00e9es\"}]},{\"@type\":\"WebSite\",\"@id\":\"https:\/\/scorecardhub.org\/fr\/#website\",\"url\":\"https:\/\/scorecardhub.org\/fr\/\",\"name\":\"ALMA Scorecard Hub\",\"description\":\"\",\"publisher\":{\"@id\":\"https:\/\/scorecardhub.org\/fr\/#organization\"},\"potentialAction\":[{\"@type\":\"SearchAction\",\"target\":{\"@type\":\"EntryPoint\",\"urlTemplate\":\"https:\/\/scorecardhub.org\/fr\/?s={search_term_string}\"},\"query-input\":{\"@type\":\"PropertyValueSpecification\",\"valueRequired\":true,\"valueName\":\"search_term_string\"}}],\"inLanguage\":\"fr-FR\"},{\"@type\":\"Organization\",\"@id\":\"https:\/\/scorecardhub.org\/fr\/#organization\",\"name\":\"ALMA Scorecard Hub\",\"url\":\"https:\/\/scorecardhub.org\/fr\/\",\"logo\":{\"@type\":\"ImageObject\",\"inLanguage\":\"fr-FR\",\"@id\":\"https:\/\/scorecardhub.org\/fr\/#\/schema\/logo\/image\/\",\"url\":\"https:\/\/scorecardhub.org\/wp-content\/uploads\/2021\/02\/alma_logo-1.svg\",\"contentUrl\":\"https:\/\/scorecardhub.org\/wp-content\/uploads\/2021\/02\/alma_logo-1.svg\",\"width\":276,\"height\":58,\"caption\":\"ALMA Scorecard Hub\"},\"image\":{\"@id\":\"https:\/\/scorecardhub.org\/fr\/#\/schema\/logo\/image\/\"},\"sameAs\":[\"https:\/\/x.com\/ALMA_2030\"]}]}<\/script>\n<!-- \/ Yoast SEO plugin. -->","yoast_head_json":{"title":"Cartes de score et maladies tropicales n\u00e9glig\u00e9es - ALMA Scorecard Hub","robots":{"index":"index","follow":"follow","max-snippet":"max-snippet:-1","max-image-preview":"max-image-preview:large","max-video-preview":"max-video-preview:-1"},"canonical":"https:\/\/scorecardhub.org\/fr\/guides-et-boites-a-outils\/mtn\/","og_locale":"fr_FR","og_type":"article","og_title":"Cartes de score et maladies tropicales n\u00e9glig\u00e9es - ALMA Scorecard Hub","og_description":"Les cartes de score nationales pour le suivi des progr\u00e8s dans la lutte contre les MTN sont des outils de gestion, qui utilisent des donn\u00e9es existantes pour suivre la performance [&hellip;]","og_url":"https:\/\/scorecardhub.org\/fr\/guides-et-boites-a-outils\/mtn\/","og_site_name":"ALMA Scorecard Hub","article_modified_time":"2021-09-28T09:42:23+00:00","og_image":[{"width":800,"height":450,"url":"https:\/\/scorecardhub.org\/wp-content\/uploads\/2021\/02\/ntd-thumbnail.jpg","type":"image\/jpeg"}],"twitter_card":"summary_large_image","twitter_site":"@ALMA_2030","twitter_misc":{"Dur\u00e9e de lecture estim\u00e9e":"1 minute"},"schema":{"@context":"https:\/\/schema.org","@graph":[{"@type":"WebPage","@id":"https:\/\/scorecardhub.org\/fr\/guides-et-boites-a-outils\/mtn\/","url":"https:\/\/scorecardhub.org\/fr\/guides-et-boites-a-outils\/mtn\/","name":"Cartes de score et maladies tropicales n\u00e9glig\u00e9es - ALMA Scorecard Hub","isPartOf":{"@id":"https:\/\/scorecardhub.org\/fr\/#website"},"primaryImageOfPage":{"@id":"https:\/\/scorecardhub.org\/fr\/guides-et-boites-a-outils\/mtn\/#primaryimage"},"image":{"@id":"https:\/\/scorecardhub.org\/fr\/guides-et-boites-a-outils\/mtn\/#primaryimage"},"thumbnailUrl":"https:\/\/scorecardhub.org\/wp-content\/uploads\/2021\/02\/ntd-thumbnail.jpg","datePublished":"2021-09-27T15:21:13+00:00","dateModified":"2021-09-28T09:42:23+00:00","breadcrumb":{"@id":"https:\/\/scorecardhub.org\/fr\/guides-et-boites-a-outils\/mtn\/#breadcrumb"},"inLanguage":"fr-FR","potentialAction":[{"@type":"ReadAction","target":["https:\/\/scorecardhub.org\/fr\/guides-et-boites-a-outils\/mtn\/"]}]},{"@type":"ImageObject","inLanguage":"fr-FR","@id":"https:\/\/scorecardhub.org\/fr\/guides-et-boites-a-outils\/mtn\/#primaryimage","url":"https:\/\/scorecardhub.org\/wp-content\/uploads\/2021\/02\/ntd-thumbnail.jpg","contentUrl":"https:\/\/scorecardhub.org\/wp-content\/uploads\/2021\/02\/ntd-thumbnail.jpg","width":800,"height":450},{"@type":"BreadcrumbList","@id":"https:\/\/scorecardhub.org\/fr\/guides-et-boites-a-outils\/mtn\/#breadcrumb","itemListElement":[{"@type":"ListItem","position":1,"name":"Accueil","item":"https:\/\/scorecardhub.org\/fr\/"},{"@type":"ListItem","position":2,"name":"Guides et bo\u00eetes \u00e0 outils","item":"https:\/\/scorecardhub.org\/fr\/guides-et-boites-a-outils\/"},{"@type":"ListItem","position":3,"name":"Cartes de score et maladies tropicales n\u00e9glig\u00e9es"}]},{"@type":"WebSite","@id":"https:\/\/scorecardhub.org\/fr\/#website","url":"https:\/\/scorecardhub.org\/fr\/","name":"ALMA Scorecard Hub","description":"","publisher":{"@id":"https:\/\/scorecardhub.org\/fr\/#organization"},"potentialAction":[{"@type":"SearchAction","target":{"@type":"EntryPoint","urlTemplate":"https:\/\/scorecardhub.org\/fr\/?s={search_term_string}"},"query-input":{"@type":"PropertyValueSpecification","valueRequired":true,"valueName":"search_term_string"}}],"inLanguage":"fr-FR"},{"@type":"Organization","@id":"https:\/\/scorecardhub.org\/fr\/#organization","name":"ALMA Scorecard Hub","url":"https:\/\/scorecardhub.org\/fr\/","logo":{"@type":"ImageObject","inLanguage":"fr-FR","@id":"https:\/\/scorecardhub.org\/fr\/#\/schema\/logo\/image\/","url":"https:\/\/scorecardhub.org\/wp-content\/uploads\/2021\/02\/alma_logo-1.svg","contentUrl":"https:\/\/scorecardhub.org\/wp-content\/uploads\/2021\/02\/alma_logo-1.svg","width":276,"height":58,"caption":"ALMA Scorecard Hub"},"image":{"@id":"https:\/\/scorecardhub.org\/fr\/#\/schema\/logo\/image\/"},"sameAs":["https:\/\/x.com\/ALMA_2030"]}]}},"_links":{"self":[{"href":"https:\/\/scorecardhub.org\/fr\/wp-json\/wp\/v2\/pages\/37032","targetHints":{"allow":["GET"]}}],"collection":[{"href":"https:\/\/scorecardhub.org\/fr\/wp-json\/wp\/v2\/pages"}],"about":[{"href":"https:\/\/scorecardhub.org\/fr\/wp-json\/wp\/v2\/types\/page"}],"author":[{"embeddable":true,"href":"https:\/\/scorecardhub.org\/fr\/wp-json\/wp\/v2\/users\/14"}],"replies":[{"embeddable":true,"href":"https:\/\/scorecardhub.org\/fr\/wp-json\/wp\/v2\/comments?post=37032"}],"version-history":[{"count":5,"href":"https:\/\/scorecardhub.org\/fr\/wp-json\/wp\/v2\/pages\/37032\/revisions"}],"predecessor-version":[{"id":37086,"href":"https:\/\/scorecardhub.org\/fr\/wp-json\/wp\/v2\/pages\/37032\/revisions\/37086"}],"up":[{"embeddable":true,"href":"https:\/\/scorecardhub.org\/fr\/wp-json\/wp\/v2\/pages\/14834"}],"wp:featuredmedia":[{"embeddable":true,"href":"https:\/\/scorecardhub.org\/fr\/wp-json\/wp\/v2\/media\/17519"}],"wp:attachment":[{"href":"https:\/\/scorecardhub.org\/fr\/wp-json\/wp\/v2\/media?parent=37032"}],"curies":[{"name":"wp","href":"https:\/\/api.w.org\/{rel}","templated":true}]}}