{"id":28408,"date":"2021-07-05T10:49:41","date_gmt":"2021-07-05T10:49:41","guid":{"rendered":"https:\/\/scorecardhub.org\/cep\/establishing-an-end-malaria-council-and-fund-summary\/"},"modified":"2022-02-03T14:46:55","modified_gmt":"2022-02-03T14:46:55","slug":"etablir-un-conseil-ou-un-fonds-delimination-du-paludisme-resume","status":"publish","type":"page","link":"https:\/\/scorecardhub.org\/fr\/cep\/etablir-un-conseil-ou-un-fonds-delimination-du-paludisme-resume\/","title":{"rendered":"\u00c9tablir un Conseil ou un Fonds d\u2019\u00c9limination du Paludisme \u2013 r\u00e9sum\u00e9"},"content":{"rendered":"\n<p class=\"has-white-color has-text-color has-background\" style=\"background-color:#6f0710\">Ce guide fait partie de <a href=\"https:\/\/scorecardhub.org\/fr\/cep\/\">la trousse \u00e0 outils des Conseils et Fonds d\u2019\u00c9limination du Paludisme<\/a>.<\/p>\n\n\n\n<h2 class=\"wp-block-heading\">Introduction<\/h2>\n\n\n\n<p>Les Conseils d\u2019\u00c9limination du Paludisme ou les Fonds d\u2019\u00c9limination du Paludisme sont des approches propri\u00e9taires pays que ces derniers g\u00e8rent pour lutter contre le paludisme. Il n\u2019existe pas de mod\u00e8le unique d\u2019approche. Par cons\u00e9quent, le contenu de cette section a une vis\u00e9e illustrative uniquement et doit \u00eatre adapt\u00e9e au contexte unique de chaque pays. <\/p>\n\n\n\n<p>La proc\u00e9dure pour \u00e9tablir un Conseil ou un Fonds d\u2019\u00c9limination du Paludisme est g\u00e9n\u00e9ralement compos\u00e9e de trois \u00e9tapes :<\/p>\n\n\n\n<ol class=\"wp-block-list\" type=\"1\"><li>Conception<\/li><li>Planification avanc\u00e9e<\/li><li>Lancement<\/li><\/ol>\n\n\n\n<h2 class=\"wp-block-heading\">1. Phase de conception<\/h2>\n\n\n\n<p><a href=\"https:\/\/scorecardhub.org\/fr\/cep\/etape-1-phase-de-conception-pour-etablir-un-conseil-et-un-fonds-delimination-du-paludisme\/\">La phase de conception<\/a> est un processus consultatif. Le programme national de lutte contre le paludisme et ses partenaires se r\u00e9unissent avec les parties prenantes pertinentes pour rassembler les retours d\u2019exp\u00e9rience et examiner les meilleures pratiques bas\u00e9es sur l\u2019exp\u00e9rience du pays avec les partenariats public-priv\u00e9.<\/p>\n\n\n\n<p>La phase de conception comporte trois objectifs principaux :<\/p>\n\n\n\n<ul class=\"wp-block-list\"><li>Identifier les goulots d\u2019\u00e9tranglement op\u00e9rationnels-cl\u00e9s et les lacunes en termes de ressources limitant la mise en oeuvre du plan national strat\u00e9gique de lutte contre le paludisme<\/li><li>D\u00e9velopper une note de cadrage proposant la structure, la composition et les op\u00e9rations du Conseil d\u2019\u00c9limination du Paludisme ou du Fonds d\u2019\u00c9limination du Paludisme<\/li><\/ul>\n\n\n\n<ul class=\"wp-block-list\"><li>Sensibiliser et obtenir l\u2019approbation des responsables politiques senior et d\u2019autres dirigeants sur la proposition ainsi qu\u2019un mandat pour avancer dans la proc\u00e9dure<\/li><\/ul>\n\n\n\n<p>Plusieurs contributions peuvent aider \u00e0 acc\u00e9l\u00e9rer l\u2019identification des goulots d\u2019\u00e9tranglement et lacunes, dont les recommandations des examens du programme de lutte contre le paludisme, les analyses de lacunes budg\u00e9taires, les business plans et les cas d\u2019investissement, ainsi que les besoins identifi\u00e9s dans la demande hi\u00e9rarchis\u00e9e de financement au-del\u00e0 de la somme allou\u00e9e soumise au Fonds mondial.<\/p>\n\n\n\n<p>Apr\u00e8s avoir identifi\u00e9 les goulots d\u2019\u00e9tranglement et les lacunes, le prochain objectif est de concevoir une structure qui puisse r\u00e9soudre ces probl\u00e8mes, ce qui inclut :<\/p>\n\n\n\n<ul class=\"wp-block-list\"><li>D\u00e9finir la mission, la vision et la th\u00e9orie du changement li\u00e9es aux goulots d\u2019\u00e9tranglement et aux lacunes<\/li><li>Identifier les dirigeants senior \u00e0 travers tous les secteurs \u2014 gouvernement, secteur priv\u00e9 et communaut\u00e9s&nbsp;\u2014 qui peuvent mobiliser les engagements pour combler les lacunes du plan national strat\u00e9gique de lutte contre le paludisme<\/li><li>S\u00e9lectionner une structure appropri\u00e9e<\/li><li>Exposer les grandes lignes des r\u00f4les et responsabilit\u00e9s des membres ainsi que comment ces derniers travailleront en partenariat avec le programme national de lutte contre le paludisme<\/li><li>D\u00e9terminer des m\u00e9canismes de redevabilit\u00e9<\/li><li>Identifier tout co\u00fbt de d\u00e9marrage ainsi que les risques juridiques et financiers<\/li><\/ul>\n\n\n\n<p>Cette conception est d\u00e9taill\u00e9e dans une courte note de cadrage. Parce que cette note de cadrage est la m\u00e9thode primaire pour sensibiliser les parties prenantes de haut niveau, une meilleure pratique est de viser un document court \u2014 g\u00e9n\u00e9ralement autour de 7 pages.<\/p>\n\n\n\n<p>Certains pays ont organis\u00e9 des ateliers de validation avec des experts techniques pour collecter les retours d\u2019exp\u00e9rience \u00e0 propos de la note de cadrage. Cependant, d\u2019autres ont \u00e9vit\u00e9 les co\u00fbts additionnels et risques de retard en \u00e9tablissant un groupe de travail afin de chapeauter la r\u00e9daction de la note de cadrage et rencontrer directement les experts-cl\u00e9s, y compris ceux des autres secteurs, d\u00e8s le d\u00e9but de la proc\u00e9dure. <\/p>\n\n\n\n<p>Le programme national de lutte contre le paludisme (avec le soutien de ses partenaires) utilise ensuite la note de cadrage pour sensibiliser les parties prenantes pertinentes au sein du Minist\u00e8re de la sant\u00e9 pour obtenir une approbation du concept. Une fois l\u2019approbation obtenue aupr\u00e8s des parties prenantes n\u00e9cessaires comme le Ministre, la note de cadrage et un accord de cabinet sont soumis en g\u00e9n\u00e9ral au Chef d\u2019\u00c9tat et de Gouvernement pour avis.<\/p>\n\n\n\n<h2 class=\"wp-block-heading\">2. Phase de planification avanc\u00e9e<\/h2>\n\n\n\n<p>Les objectifs principaux de cette <a href=\"https:\/\/scorecardhub.org\/fr\/cep\/etape-2-phase-de-planification-avancee-pour-etablir-un-conseil-et-un-fonds-delimination-du-paludisme\/\">phase de planification avanc\u00e9e<\/a> incluent :<\/p>\n\n\n\n<ul class=\"wp-block-list\"><li>Recruiter et former les dirigeants senior qui seront les membres fondateurs du Conseil<\/li><li>\u00c9tablir le Secr\u00e9tariat administratif<\/li><li>D\u00e9velopper les plans initiaux de plaidoyer, de communication et de mobilisation des ressources<\/li><\/ul>\n\n\n\n<p>En g\u00e9n\u00e9ral, les membres sont nomm\u00e9s ou invit\u00e9s \u00e0 rejoindre le Conseil ou le Fonds par le Chef d\u2019\u00c9tat et de Gouvernement, le plus souvent par lettre \u00e0 en-t\u00eate du bureau du Pr\u00e9sident ou du Premier ministre. Cette lettre donne en g\u00e9n\u00e9ral un aper\u00e7u de la mission, des objectifs et des r\u00f4les et responsabilit\u00e9s des membres ; et invite les membres \u00e0 assister \u00e0 une r\u00e9union d\u2019orientation organis\u00e9e par le programme national de lutte contre le paludisme. Ces lettres peuvent \u00e9galement \u00eatre distribu\u00e9es en personne par un repr\u00e9sentant qui peut rencontrer le membre et r\u00e9pondre \u00e0 ses questions.<\/p>\n\n\n\n<p>Peu de temps apr\u00e8s l\u2019envoi des lettres, les membres sont convoqu\u00e9s pour une r\u00e9union d\u2019orientation. L\u2019agenda pour cette r\u00e9union contient en g\u00e9n\u00e9ral :<\/p>\n\n\n\n<ul class=\"wp-block-list\"><li>Une pr\u00e9sentation des membres<\/li><li>Une pr\u00e9sentation par le programme national de lutte contre le paludisme des objectifs du plan national strat\u00e9gique de lutte contre le paludisme, la situation du contr\u00f4le et de l\u2019\u00e9limination du paludisme, les lacunes et goulots d\u2019\u00e9tranglement identifi\u00e9s, et la carte de score nationale paludisme<\/li><li>Un examen des termes de r\u00e9f\u00e9rence pour les membres et une discussion sur leurs r\u00f4les et responsabilit\u00e9s<\/li><li>L\u2019\u00e9lection des r\u00f4les (pr\u00e9sident, secr\u00e9taire, tr\u00e9sorier\u2026) selon les besoins<\/li><\/ul>\n\n\n\n<ul class=\"wp-block-list\"><li>Une discussion sur les prochaines \u00e9tapes, incluant l\u2019\u00e9tablissement de toute entit\u00e9 l\u00e9gale, le secr\u00e9tariat administratif et le d\u00e9veloppement du plaidoyer, de la communication et des plans de mobilisation des ressources<\/li><\/ul>\n\n\n\n<p>Plusieurs pays ont organis\u00e9 ces r\u00e9unions sous la forme de d\u00eeners afin de cr\u00e9er un environnement d\u00e9tendu propice aux relations coll\u00e9giales entre les membres.<\/p>\n\n\n\n<p>Suite \u00e0 l\u2019orientation, le programme national de lutte contre le paludisme et les membres recrutent un coordinateur pour \u00e9tablir un secr\u00e9tariat administratif r\u00e9duit. Ce secr\u00e9tariat est responsable de :<\/p>\n\n\n\n<ul class=\"wp-block-list\"><li>Organiser des r\u00e9unions trimestrielles et de la pr\u00e9paration de rapports pour les membres<\/li><li>Aider les membres \u00e0 impliquer leurs secteurs pour mobiliser les engagements en faveur du plaidoyer, de l\u2019action et des ressources<\/li><li>Coop\u00e9rer avec le programme national de lutte contre le paludisme pour identifier les lacunes<\/li><li>Travailler avec les membres pour mettre en oeuvre les politiques ad\u00e9quates, les proc\u00e9dures et les contr\u00f4les internes afin d\u2019\u00e9viter des conflits d\u2019int\u00e9r\u00eat, g\u00e9rer les finances et le budget, et effectuer l\u2019\u00e9valuation<\/li><\/ul>\n\n\n\n<p>Les besoins en ressources additionnelles comme le recrutement, les espaces de bureau et la technologie sont g\u00e9n\u00e9ralement fournis en nature par les membres, les partenaires et le programme national de lutte contre le paludisme afin de conserver les co\u00fbts de structure bas. Une attention sp\u00e9ciale est \u00e9galement port\u00e9e \u00e0 \u00e9viter la fragmentation ou la duplication des activit\u00e9s d\u2019ores et d\u00e9j\u00e0 conduites par le programme national de lutte contre le paludisme.<\/p>\n\n\n\n<p>Les membres et le secr\u00e9tariat travaillent aussi ensemble pour d\u00e9velopper les plans de plaidoyer, de communication et de mobilisation des ressources qui seront mis en oeuvre suite au lancement. Cela inclut de r\u00e9aliser une analyse du paysage d\u2019autres minist\u00e8res, institutions para-\u00e9tatiques, entreprises, fondations priv\u00e9es, organisations et dirigeants communautaires qui peuvent combler les lacunes et r\u00e9soudre les goulots d\u2019\u00e9tranglement. Les membres doivent offrir des conseils sur qui peut \u00eatre mobilis\u00e9 au sein de leurs r\u00e9seaux et secteurs. Des plans sp\u00e9cifiques doivent \u00e9galement \u00eatre faits pour une campagne de communication, incluant les relations avec les m\u00e9dias, afin d\u2019augmenter la visibilit\u00e9 du paludisme et celle du Conseil ou du Fonds apr\u00e8s le lancement.<\/p>\n\n\n\n<h2 class=\"wp-block-heading\">3. Phase de lancement<\/h2>\n\n\n\n<p><a href=\"https:\/\/scorecardhub.org\/fr\/cep\/etape-3-lancer-la-phase-detablissement-dun-conseil-et-dun-fonds-delimination-du-paludisme\/\">Le lancement du Conseil ou Fonds d\u2019\u00c9limination du Paludisme<\/a> r\u00e9pond \u00e0 trois objectifs :<\/p>\n\n\n\n<ul class=\"wp-block-list\"><li>Augmenter la visibilit\u00e9 du paludisme<\/li><li>Exiger de tout le monde de rejoindre le combat contre le paludisme, en d\u00e9clarant par exemple que \u00ab&nbsp;le z\u00e9ro paludisme commence avec moi&nbsp;\u00bb<\/li><li>Annoncer le Conseil ou Fonds donne aux membres un mandat pour inciter leurs secteurs \u00e0 se mobiliser en faveur des engagements<\/li><\/ul>\n\n\n\n<p>Pour atteindre ces objectifs, le lancement inclut en g\u00e9n\u00e9ral des remarques par des partenaires et dirigeants nationaux senior, une pr\u00e9sentation par le programme national de lutte contre le paludisme et une c\u00e9r\u00e9monie o\u00f9 les membres s\u2019engagent \u00e0 remplir la mission de l\u2019organisation.<\/p>\n\n\n\n<p>Cet \u00e9v\u00e9nement est souvent t\u00e9l\u00e9vis\u00e9 et implique les m\u00e9dias, en compl\u00e9ment de publicit\u00e9s en ligne ou dans la presse \u00e9crite.<\/p>\n\n\n\n<p>Les Conseils et Fonds annoncent \u00e9galement en g\u00e9n\u00e9ral un site internet \u00e0 destination du grand public qui permet \u00e0 ce dernier d\u2019obtenir davantage d\u2019informations, de contribuer et d\u2019exprimer un int\u00e9r\u00eat dans le soutien \u00e0 la lutte contre le paludisme.<\/p>\n\n\n\n<hr class=\"wp-block-separator is-style-dots\"\/>\n\n\n\n<div class=\"wp-block-columns is-layout-flex wp-container-core-columns-is-layout-9d6595d7 wp-block-columns-is-layout-flex\">\n<div class=\"wp-block-column is-layout-flow wp-block-column-is-layout-flow\" style=\"flex-basis:50%\">\n<p><a href=\"https:\/\/scorecardhub.org\/fr\/cep\/introduction-des-conseils-et-fonds-delimination-du-paludisme\/\"><i class=\"fas fa-arrow-circle-left\"><\/i> Pr\u00e9c\u00e9dent<br><strong>Introduction des Conseils et Fonds d\u2019\u00c9limination du Paludisme<\/strong><\/a><\/p>\n<\/div>\n\n\n\n<div class=\"wp-block-column is-layout-flow wp-block-column-is-layout-flow\" style=\"flex-basis:50%\">\n<p class=\"has-text-align-right\"><a href=\"https:\/\/scorecardhub.org\/fr\/cep\/etape-1-phase-de-conception-pour-etablir-un-conseil-et-un-fonds-delimination-du-paludisme\/\">Suivant <i class=\"fas fa-arrow-circle-right\"><\/i><br><strong>\u00c9tape 1 : Phase de conception pour \u00e9tablir un Conseil et un Fonds d\u2019\u00c9limination du Paludisme<\/strong><\/a><\/p>\n<\/div>\n<\/div>\n","protected":false},"excerpt":{"rendered":"<p>R\u00e9sum\u00e9 du processus en 3 \u00e9tapes pour \u00e9tablir un Conseil ou un Fonds de lutte contre le paludisme.<\/p>\n","protected":false},"author":14,"featured_media":25978,"parent":28233,"menu_order":0,"comment_status":"closed","ping_status":"closed","template":"resource-like-template.php","meta":{"footnotes":""},"class_list":["post-28408","page","type-page","status-publish","has-post-thumbnail","hentry"],"acf":[],"yoast_head":"<!-- This site is optimized with the Yoast SEO plugin v26.8 - https:\/\/yoast.com\/product\/yoast-seo-wordpress\/ -->\n<title>\u00c9tablir un Conseil ou un Fonds d\u2019\u00c9limination du Paludisme \u2013 r\u00e9sum\u00e9 - ALMA Scorecard Hub<\/title>\n<meta name=\"robots\" content=\"index, follow, max-snippet:-1, max-image-preview:large, max-video-preview:-1\" \/>\n<link rel=\"canonical\" href=\"https:\/\/scorecardhub.org\/fr\/cep\/etablir-un-conseil-ou-un-fonds-delimination-du-paludisme-resume\/\" \/>\n<meta property=\"og:locale\" content=\"fr_FR\" \/>\n<meta property=\"og:type\" content=\"article\" \/>\n<meta property=\"og:title\" content=\"\u00c9tablir un Conseil ou un Fonds d\u2019\u00c9limination du Paludisme \u2013 r\u00e9sum\u00e9 - ALMA Scorecard Hub\" \/>\n<meta property=\"og:description\" content=\"R\u00e9sum\u00e9 du processus en 3 \u00e9tapes pour \u00e9tablir un Conseil ou un Fonds de lutte contre le paludisme.\" \/>\n<meta property=\"og:url\" content=\"https:\/\/scorecardhub.org\/fr\/cep\/etablir-un-conseil-ou-un-fonds-delimination-du-paludisme-resume\/\" \/>\n<meta property=\"og:site_name\" content=\"ALMA Scorecard Hub\" \/>\n<meta property=\"article:modified_time\" content=\"2022-02-03T14:46:55+00:00\" \/>\n<meta property=\"og:image\" content=\"https:\/\/scorecardhub.org\/wp-content\/uploads\/2021\/07\/thumbnails-emc-guide-establishing-summary-fr-1.png\" \/>\n\t<meta property=\"og:image:width\" content=\"1200\" \/>\n\t<meta property=\"og:image:height\" content=\"630\" \/>\n\t<meta property=\"og:image:type\" content=\"image\/png\" \/>\n<meta name=\"twitter:card\" content=\"summary_large_image\" \/>\n<meta name=\"twitter:image\" content=\"https:\/\/scorecardhub.org\/wp-content\/uploads\/2021\/07\/thumbnails-emc-guide-establishing-summary-fr-1.png\" \/>\n<meta name=\"twitter:site\" content=\"@ALMA_2030\" \/>\n<meta name=\"twitter:label1\" content=\"Dur\u00e9e de lecture estim\u00e9e\" \/>\n\t<meta name=\"twitter:data1\" content=\"6 minutes\" \/>\n<script type=\"application\/ld+json\" class=\"yoast-schema-graph\">{\"@context\":\"https:\/\/schema.org\",\"@graph\":[{\"@type\":\"WebPage\",\"@id\":\"https:\/\/scorecardhub.org\/fr\/cep\/etablir-un-conseil-ou-un-fonds-delimination-du-paludisme-resume\/\",\"url\":\"https:\/\/scorecardhub.org\/fr\/cep\/etablir-un-conseil-ou-un-fonds-delimination-du-paludisme-resume\/\",\"name\":\"\u00c9tablir un Conseil ou un Fonds d\u2019\u00c9limination du Paludisme \u2013 r\u00e9sum\u00e9 - ALMA Scorecard Hub\",\"isPartOf\":{\"@id\":\"https:\/\/scorecardhub.org\/fr\/#website\"},\"primaryImageOfPage\":{\"@id\":\"https:\/\/scorecardhub.org\/fr\/cep\/etablir-un-conseil-ou-un-fonds-delimination-du-paludisme-resume\/#primaryimage\"},\"image\":{\"@id\":\"https:\/\/scorecardhub.org\/fr\/cep\/etablir-un-conseil-ou-un-fonds-delimination-du-paludisme-resume\/#primaryimage\"},\"thumbnailUrl\":\"https:\/\/scorecardhub.org\/wp-content\/uploads\/2021\/07\/thumbnail-emc-establish-introduction.jpg\",\"datePublished\":\"2021-07-05T10:49:41+00:00\",\"dateModified\":\"2022-02-03T14:46:55+00:00\",\"breadcrumb\":{\"@id\":\"https:\/\/scorecardhub.org\/fr\/cep\/etablir-un-conseil-ou-un-fonds-delimination-du-paludisme-resume\/#breadcrumb\"},\"inLanguage\":\"fr-FR\",\"potentialAction\":[{\"@type\":\"ReadAction\",\"target\":[\"https:\/\/scorecardhub.org\/fr\/cep\/etablir-un-conseil-ou-un-fonds-delimination-du-paludisme-resume\/\"]}]},{\"@type\":\"ImageObject\",\"inLanguage\":\"fr-FR\",\"@id\":\"https:\/\/scorecardhub.org\/fr\/cep\/etablir-un-conseil-ou-un-fonds-delimination-du-paludisme-resume\/#primaryimage\",\"url\":\"https:\/\/scorecardhub.org\/wp-content\/uploads\/2021\/07\/thumbnail-emc-establish-introduction.jpg\",\"contentUrl\":\"https:\/\/scorecardhub.org\/wp-content\/uploads\/2021\/07\/thumbnail-emc-establish-introduction.jpg\",\"width\":800,\"height\":450},{\"@type\":\"BreadcrumbList\",\"@id\":\"https:\/\/scorecardhub.org\/fr\/cep\/etablir-un-conseil-ou-un-fonds-delimination-du-paludisme-resume\/#breadcrumb\",\"itemListElement\":[{\"@type\":\"ListItem\",\"position\":1,\"name\":\"Accueil\",\"item\":\"https:\/\/scorecardhub.org\/fr\/\"},{\"@type\":\"ListItem\",\"position\":2,\"name\":\"Bo\u00eete \u00e0 outils des Conseils et Fonds d\u2019\u00c9limination du Paludisme\",\"item\":\"https:\/\/scorecardhub.org\/fr\/cep\/\"},{\"@type\":\"ListItem\",\"position\":3,\"name\":\"\u00c9tablir un Conseil ou un Fonds d\u2019\u00c9limination du Paludisme \u2013 r\u00e9sum\u00e9\"}]},{\"@type\":\"WebSite\",\"@id\":\"https:\/\/scorecardhub.org\/fr\/#website\",\"url\":\"https:\/\/scorecardhub.org\/fr\/\",\"name\":\"ALMA Scorecard Hub\",\"description\":\"\",\"publisher\":{\"@id\":\"https:\/\/scorecardhub.org\/fr\/#organization\"},\"potentialAction\":[{\"@type\":\"SearchAction\",\"target\":{\"@type\":\"EntryPoint\",\"urlTemplate\":\"https:\/\/scorecardhub.org\/fr\/?s={search_term_string}\"},\"query-input\":{\"@type\":\"PropertyValueSpecification\",\"valueRequired\":true,\"valueName\":\"search_term_string\"}}],\"inLanguage\":\"fr-FR\"},{\"@type\":\"Organization\",\"@id\":\"https:\/\/scorecardhub.org\/fr\/#organization\",\"name\":\"ALMA Scorecard Hub\",\"url\":\"https:\/\/scorecardhub.org\/fr\/\",\"logo\":{\"@type\":\"ImageObject\",\"inLanguage\":\"fr-FR\",\"@id\":\"https:\/\/scorecardhub.org\/fr\/#\/schema\/logo\/image\/\",\"url\":\"https:\/\/scorecardhub.org\/wp-content\/uploads\/2021\/02\/alma_logo-1.svg\",\"contentUrl\":\"https:\/\/scorecardhub.org\/wp-content\/uploads\/2021\/02\/alma_logo-1.svg\",\"width\":276,\"height\":58,\"caption\":\"ALMA Scorecard Hub\"},\"image\":{\"@id\":\"https:\/\/scorecardhub.org\/fr\/#\/schema\/logo\/image\/\"},\"sameAs\":[\"https:\/\/x.com\/ALMA_2030\"]}]}<\/script>\n<!-- \/ Yoast SEO plugin. -->","yoast_head_json":{"title":"\u00c9tablir un Conseil ou un Fonds d\u2019\u00c9limination du Paludisme \u2013 r\u00e9sum\u00e9 - ALMA Scorecard Hub","robots":{"index":"index","follow":"follow","max-snippet":"max-snippet:-1","max-image-preview":"max-image-preview:large","max-video-preview":"max-video-preview:-1"},"canonical":"https:\/\/scorecardhub.org\/fr\/cep\/etablir-un-conseil-ou-un-fonds-delimination-du-paludisme-resume\/","og_locale":"fr_FR","og_type":"article","og_title":"\u00c9tablir un Conseil ou un Fonds d\u2019\u00c9limination du Paludisme \u2013 r\u00e9sum\u00e9 - ALMA Scorecard Hub","og_description":"R\u00e9sum\u00e9 du processus en 3 \u00e9tapes pour \u00e9tablir un Conseil ou un Fonds de lutte contre le paludisme.","og_url":"https:\/\/scorecardhub.org\/fr\/cep\/etablir-un-conseil-ou-un-fonds-delimination-du-paludisme-resume\/","og_site_name":"ALMA Scorecard Hub","article_modified_time":"2022-02-03T14:46:55+00:00","og_image":[{"width":1200,"height":630,"url":"https:\/\/scorecardhub.org\/wp-content\/uploads\/2021\/07\/thumbnails-emc-guide-establishing-summary-fr-1.png","type":"image\/png"}],"twitter_card":"summary_large_image","twitter_image":"https:\/\/scorecardhub.org\/wp-content\/uploads\/2021\/07\/thumbnails-emc-guide-establishing-summary-fr-1.png","twitter_site":"@ALMA_2030","twitter_misc":{"Dur\u00e9e de lecture estim\u00e9e":"6 minutes"},"schema":{"@context":"https:\/\/schema.org","@graph":[{"@type":"WebPage","@id":"https:\/\/scorecardhub.org\/fr\/cep\/etablir-un-conseil-ou-un-fonds-delimination-du-paludisme-resume\/","url":"https:\/\/scorecardhub.org\/fr\/cep\/etablir-un-conseil-ou-un-fonds-delimination-du-paludisme-resume\/","name":"\u00c9tablir un Conseil ou un Fonds d\u2019\u00c9limination du Paludisme \u2013 r\u00e9sum\u00e9 - ALMA Scorecard Hub","isPartOf":{"@id":"https:\/\/scorecardhub.org\/fr\/#website"},"primaryImageOfPage":{"@id":"https:\/\/scorecardhub.org\/fr\/cep\/etablir-un-conseil-ou-un-fonds-delimination-du-paludisme-resume\/#primaryimage"},"image":{"@id":"https:\/\/scorecardhub.org\/fr\/cep\/etablir-un-conseil-ou-un-fonds-delimination-du-paludisme-resume\/#primaryimage"},"thumbnailUrl":"https:\/\/scorecardhub.org\/wp-content\/uploads\/2021\/07\/thumbnail-emc-establish-introduction.jpg","datePublished":"2021-07-05T10:49:41+00:00","dateModified":"2022-02-03T14:46:55+00:00","breadcrumb":{"@id":"https:\/\/scorecardhub.org\/fr\/cep\/etablir-un-conseil-ou-un-fonds-delimination-du-paludisme-resume\/#breadcrumb"},"inLanguage":"fr-FR","potentialAction":[{"@type":"ReadAction","target":["https:\/\/scorecardhub.org\/fr\/cep\/etablir-un-conseil-ou-un-fonds-delimination-du-paludisme-resume\/"]}]},{"@type":"ImageObject","inLanguage":"fr-FR","@id":"https:\/\/scorecardhub.org\/fr\/cep\/etablir-un-conseil-ou-un-fonds-delimination-du-paludisme-resume\/#primaryimage","url":"https:\/\/scorecardhub.org\/wp-content\/uploads\/2021\/07\/thumbnail-emc-establish-introduction.jpg","contentUrl":"https:\/\/scorecardhub.org\/wp-content\/uploads\/2021\/07\/thumbnail-emc-establish-introduction.jpg","width":800,"height":450},{"@type":"BreadcrumbList","@id":"https:\/\/scorecardhub.org\/fr\/cep\/etablir-un-conseil-ou-un-fonds-delimination-du-paludisme-resume\/#breadcrumb","itemListElement":[{"@type":"ListItem","position":1,"name":"Accueil","item":"https:\/\/scorecardhub.org\/fr\/"},{"@type":"ListItem","position":2,"name":"Bo\u00eete \u00e0 outils des Conseils et Fonds d\u2019\u00c9limination du Paludisme","item":"https:\/\/scorecardhub.org\/fr\/cep\/"},{"@type":"ListItem","position":3,"name":"\u00c9tablir un Conseil ou un Fonds d\u2019\u00c9limination du Paludisme \u2013 r\u00e9sum\u00e9"}]},{"@type":"WebSite","@id":"https:\/\/scorecardhub.org\/fr\/#website","url":"https:\/\/scorecardhub.org\/fr\/","name":"ALMA Scorecard Hub","description":"","publisher":{"@id":"https:\/\/scorecardhub.org\/fr\/#organization"},"potentialAction":[{"@type":"SearchAction","target":{"@type":"EntryPoint","urlTemplate":"https:\/\/scorecardhub.org\/fr\/?s={search_term_string}"},"query-input":{"@type":"PropertyValueSpecification","valueRequired":true,"valueName":"search_term_string"}}],"inLanguage":"fr-FR"},{"@type":"Organization","@id":"https:\/\/scorecardhub.org\/fr\/#organization","name":"ALMA Scorecard Hub","url":"https:\/\/scorecardhub.org\/fr\/","logo":{"@type":"ImageObject","inLanguage":"fr-FR","@id":"https:\/\/scorecardhub.org\/fr\/#\/schema\/logo\/image\/","url":"https:\/\/scorecardhub.org\/wp-content\/uploads\/2021\/02\/alma_logo-1.svg","contentUrl":"https:\/\/scorecardhub.org\/wp-content\/uploads\/2021\/02\/alma_logo-1.svg","width":276,"height":58,"caption":"ALMA Scorecard Hub"},"image":{"@id":"https:\/\/scorecardhub.org\/fr\/#\/schema\/logo\/image\/"},"sameAs":["https:\/\/x.com\/ALMA_2030"]}]}},"_links":{"self":[{"href":"https:\/\/scorecardhub.org\/fr\/wp-json\/wp\/v2\/pages\/28408","targetHints":{"allow":["GET"]}}],"collection":[{"href":"https:\/\/scorecardhub.org\/fr\/wp-json\/wp\/v2\/pages"}],"about":[{"href":"https:\/\/scorecardhub.org\/fr\/wp-json\/wp\/v2\/types\/page"}],"author":[{"embeddable":true,"href":"https:\/\/scorecardhub.org\/fr\/wp-json\/wp\/v2\/users\/14"}],"replies":[{"embeddable":true,"href":"https:\/\/scorecardhub.org\/fr\/wp-json\/wp\/v2\/comments?post=28408"}],"version-history":[{"count":5,"href":"https:\/\/scorecardhub.org\/fr\/wp-json\/wp\/v2\/pages\/28408\/revisions"}],"predecessor-version":[{"id":61001,"href":"https:\/\/scorecardhub.org\/fr\/wp-json\/wp\/v2\/pages\/28408\/revisions\/61001"}],"up":[{"embeddable":true,"href":"https:\/\/scorecardhub.org\/fr\/wp-json\/wp\/v2\/pages\/28233"}],"wp:featuredmedia":[{"embeddable":true,"href":"https:\/\/scorecardhub.org\/fr\/wp-json\/wp\/v2\/media\/25978"}],"wp:attachment":[{"href":"https:\/\/scorecardhub.org\/fr\/wp-json\/wp\/v2\/media?parent=28408"}],"curies":[{"name":"wp","href":"https:\/\/api.w.org\/{rel}","templated":true}]}}