{"id":28233,"date":"2021-07-05T10:38:34","date_gmt":"2021-07-05T10:38:34","guid":{"rendered":"https:\/\/scorecardhub.org\/end-malaria-councils-and-funds\/"},"modified":"2021-08-04T08:52:43","modified_gmt":"2021-08-04T08:52:43","slug":"cep","status":"publish","type":"page","link":"https:\/\/scorecardhub.org\/fr\/cep\/","title":{"rendered":"Bo\u00eete \u00e0 outils des Conseils et Fonds d\u2019\u00c9limination du Paludisme"},"content":{"rendered":"\n<p>Les Conseils et Fonds d\u2019\u00c9limination du Paludisme sont des approches propri\u00e9taires pays g\u00e9r\u00e9es par ces derniers pour lutter contre le paludisme. <\/p>\n\n\n\n<p>Cette bo\u00eete \u00e0 outils aide les pays \u00e0 \u00e9tablir et am\u00e9liorer les Conseils et Fonds d\u2019\u00c9limination du Paludisme, ainsi que d\u2019apprendre les meilleures pratiques des autres pays<\/p>\n\n\n<section class=\"updates-section\">\r\n    <div class=\"container\">\r\n        <h2>Introduction<\/h2>\r\n                    <div class=\"courses-holder \">\r\n                                    <a href=\"https:\/\/scorecardhub.org\/fr\/cep\/introduction-des-conseils-et-fonds-delimination-du-paludisme\/\"\r\n                       class=\"post-item  \">\r\n                        <div class=\"img-holder\"\r\n                             style=\"background-image: url('https:\/\/scorecardhub.org\/wp-content\/uploads\/2021\/07\/thumbnail-emc-introduction-2.jpg');\">\r\n                                                    <\/div>\r\n                        <div class=\"content-holder\">\r\n                            <div class=\"heading-block\">\r\n                                <h3>\r\n                                    Introduction des Conseils et Fonds d\u2019\u00c9limination du Paludisme                                    <!--                            <time datetime=\"-->\r\n                                    <!--\">22.07.2020 \/ 12:00 PM (UTC)<\/time>-->\r\n                                <\/h3>\r\n                            <\/div>\r\n                            <p>Les Conseils d\u2019\u00c9limination du Paludisme sont des partenariats public-priv\u00e9 \u00e9tablis pour aider \u00e0 acc\u00e9l\u00e9rer les progr\u00e8s de la lutte&#8230;<\/p>\r\n                        <\/div>\r\n                    <\/a>\r\n                            <\/div>\r\n            <\/div>\r\n<\/section>\r\n\n\n\n<div style=\"height:20px\" aria-hidden=\"true\" class=\"wp-block-spacer\"><\/div>\n\n\n<section class=\"updates-section\">\r\n    <div class=\"container\">\r\n        <h2>\u00c9tablir un Conseil et un Fonds d\u2019\u00c9limination du Paludisme<\/h2>\r\n                    <div class=\"courses-holder \">\r\n                                    <a href=\"https:\/\/scorecardhub.org\/fr\/cep\/etablir-un-conseil-ou-un-fonds-delimination-du-paludisme-resume\/\"\r\n                       class=\"post-item  \">\r\n                        <div class=\"img-holder\"\r\n                             style=\"background-image: url('https:\/\/scorecardhub.org\/wp-content\/uploads\/2021\/07\/thumbnail-emc-establish-introduction.jpg');\">\r\n                                                    <\/div>\r\n                        <div class=\"content-holder\">\r\n                            <div class=\"heading-block\">\r\n                                <h3>\r\n                                    \u00c9tablir un Conseil ou un Fonds d\u2019\u00c9limination du Paludisme \u2013 r\u00e9sum\u00e9                                    <!--                            <time datetime=\"-->\r\n                                    <!--\">22.07.2020 \/ 12:00 PM (UTC)<\/time>-->\r\n                                <\/h3>\r\n                            <\/div>\r\n                            <p>R\u00e9sum\u00e9 du processus en 3 \u00e9tapes pour \u00e9tablir un Conseil ou un Fonds de lutte contre le paludisme.<\/p>\r\n                        <\/div>\r\n                    <\/a>\r\n                                    <a href=\"https:\/\/scorecardhub.org\/fr\/cep\/etape-1-phase-de-conception-pour-etablir-un-conseil-et-un-fonds-delimination-du-paludisme\/\"\r\n                       class=\"post-item  \">\r\n                        <div class=\"img-holder\"\r\n                             style=\"background-image: url('https:\/\/scorecardhub.org\/wp-content\/uploads\/2021\/07\/thumbnail-emc-phase-1-fr.png');\">\r\n                                                    <\/div>\r\n                        <div class=\"content-holder\">\r\n                            <div class=\"heading-block\">\r\n                                <h3>\r\n                                    \u00c9tape 1 : Phase de conception pour \u00e9tablir un Conseil et un Fonds d\u2019\u00c9limination du Paludisme                                    <!--                            <time datetime=\"-->\r\n                                    <!--\">22.07.2020 \/ 12:00 PM (UTC)<\/time>-->\r\n                                <\/h3>\r\n                            <\/div>\r\n                            <p>D\u00e9velopper une note de cadrage, obtenir les contributions des parties prenantes, obtenir l\u2019approbation pour \u00e9tablir le CEP.<\/p>\r\n                        <\/div>\r\n                    <\/a>\r\n                                    <a href=\"https:\/\/scorecardhub.org\/fr\/cep\/etape-2-phase-de-planification-avancee-pour-etablir-un-conseil-et-un-fonds-delimination-du-paludisme\/\"\r\n                       class=\"post-item  \">\r\n                        <div class=\"img-holder\"\r\n                             style=\"background-image: url('https:\/\/scorecardhub.org\/wp-content\/uploads\/2021\/07\/thumbnail-emc-phase-2-fr.png');\">\r\n                                                    <\/div>\r\n                        <div class=\"content-holder\">\r\n                            <div class=\"heading-block\">\r\n                                <h3>\r\n                                    \u00c9tape 2 : Phase de planification avanc\u00e9e pour \u00e9tablir un Conseil et un Fonds d\u2019\u00c9limination du Paludisme                                    <!--                            <time datetime=\"-->\r\n                                    <!--\">22.07.2020 \/ 12:00 PM (UTC)<\/time>-->\r\n                                <\/h3>\r\n                            <\/div>\r\n                            <p>Recruter et int\u00e9grer les membres du CEP, \u00e9tablir le secr\u00e9tariat.<\/p>\r\n                        <\/div>\r\n                    <\/a>\r\n                                    <a href=\"https:\/\/scorecardhub.org\/fr\/cep\/etape-3-lancer-la-phase-detablissement-dun-conseil-et-dun-fonds-delimination-du-paludisme\/\"\r\n                       class=\"post-item  \">\r\n                        <div class=\"img-holder\"\r\n                             style=\"background-image: url('https:\/\/scorecardhub.org\/wp-content\/uploads\/2021\/07\/thumbnail-emc-phase-3-fr.png');\">\r\n                                                    <\/div>\r\n                        <div class=\"content-holder\">\r\n                            <div class=\"heading-block\">\r\n                                <h3>\r\n                                    \u00c9tape 3 : Lancer la phase d\u2019\u00e9tablissement d\u2019un Conseil et d\u2019un Fonds d\u2019\u00c9limination du Paludisme                                    <!--                            <time datetime=\"-->\r\n                                    <!--\">22.07.2020 \/ 12:00 PM (UTC)<\/time>-->\r\n                                <\/h3>\r\n                            <\/div>\r\n                            <p>Lancer un CEP, utiliser le lancement pour impliquer les dirigeants seniors et mobiliser les ressources, augmenter le prestige de&#8230;<\/p>\r\n                        <\/div>\r\n                    <\/a>\r\n                            <\/div>\r\n            <\/div>\r\n<\/section>\r\n\n\n\n<div style=\"height:20px\" aria-hidden=\"true\" class=\"wp-block-spacer\"><\/div>\n\n\n<section class=\"updates-section\">\r\n    <div class=\"container\">\r\n        <h2>Les meilleures pratiques pour utiliser les Conseils et Fonds d\u2019\u00c9limination du Paludisme<\/h2>\r\n                    <div class=\"courses-holder \">\r\n                                    <a href=\"https:\/\/scorecardhub.org\/fr\/cep\/utilisation-des-cartes-de-score-nationales-et-sous-nationales-avec-les-conseils-et-fonds-pour-lelimination-du-paludisme\/\"\r\n                       class=\"post-item  \">\r\n                        <div class=\"img-holder\"\r\n                             style=\"background-image: url('https:\/\/scorecardhub.org\/wp-content\/uploads\/2021\/02\/emc-emf-thumbnail.jpg');\">\r\n                                                    <\/div>\r\n                        <div class=\"content-holder\">\r\n                            <div class=\"heading-block\">\r\n                                <h3>\r\n                                    Utilisation des cartes de score nationales et sous-nationales avec les Conseils et Fonds pour l\u2019\u00e9limination du paludisme                                    <!--                            <time datetime=\"-->\r\n                                    <!--\">22.07.2020 \/ 12:00 PM (UTC)<\/time>-->\r\n                                <\/h3>\r\n                            <\/div>\r\n                            <p>Les pays de la r\u00e9gion d\u00e9ploient des Conseils et Fonds pour l&rsquo;\u00e9limination du paludisme appartenant aux pays et dirig\u00e9s&#8230;<\/p>\r\n                        <\/div>\r\n                    <\/a>\r\n                            <\/div>\r\n            <\/div>\r\n<\/section>\r\n","protected":false},"excerpt":{"rendered":"<p>Une bo\u00eete \u00e0 outils pour aider les pays \u00e0 \u00e9tablir des Conseils et Fonds d\u2019\u00c9limination du Paludisme.<\/p>\n","protected":false},"author":14,"featured_media":27166,"parent":0,"menu_order":0,"comment_status":"closed","ping_status":"closed","template":"","meta":{"footnotes":""},"class_list":["post-28233","page","type-page","status-publish","has-post-thumbnail","hentry"],"acf":[],"yoast_head":"<!-- This site is optimized with the Yoast SEO plugin v26.8 - https:\/\/yoast.com\/product\/yoast-seo-wordpress\/ -->\n<title>Bo\u00eete \u00e0 outils des Conseils et Fonds d\u2019\u00c9limination du Paludisme - ALMA Scorecard Hub<\/title>\n<meta name=\"robots\" content=\"index, follow, max-snippet:-1, max-image-preview:large, max-video-preview:-1\" \/>\n<link rel=\"canonical\" href=\"https:\/\/scorecardhub.org\/fr\/cep\/\" \/>\n<meta property=\"og:locale\" content=\"fr_FR\" \/>\n<meta property=\"og:type\" content=\"article\" \/>\n<meta property=\"og:title\" content=\"Bo\u00eete \u00e0 outils des Conseils et Fonds d\u2019\u00c9limination du Paludisme - ALMA Scorecard Hub\" \/>\n<meta property=\"og:description\" content=\"Une bo\u00eete \u00e0 outils pour aider les pays \u00e0 \u00e9tablir des Conseils et Fonds d\u2019\u00c9limination du Paludisme.\" \/>\n<meta property=\"og:url\" content=\"https:\/\/scorecardhub.org\/fr\/cep\/\" \/>\n<meta property=\"og:site_name\" content=\"ALMA Scorecard Hub\" \/>\n<meta property=\"article:modified_time\" content=\"2021-08-04T08:52:43+00:00\" \/>\n<meta property=\"og:image\" content=\"https:\/\/scorecardhub.org\/wp-content\/uploads\/2021\/07\/thumbnail-emc-toolkit.jpg\" \/>\n\t<meta property=\"og:image:width\" content=\"800\" \/>\n\t<meta property=\"og:image:height\" content=\"450\" \/>\n\t<meta property=\"og:image:type\" content=\"image\/jpeg\" \/>\n<meta name=\"twitter:card\" content=\"summary_large_image\" \/>\n<meta name=\"twitter:site\" content=\"@ALMA_2030\" \/>\n<meta name=\"twitter:label1\" content=\"Dur\u00e9e de lecture estim\u00e9e\" \/>\n\t<meta name=\"twitter:data1\" content=\"1 minute\" \/>\n<script type=\"application\/ld+json\" class=\"yoast-schema-graph\">{\"@context\":\"https:\/\/schema.org\",\"@graph\":[{\"@type\":\"WebPage\",\"@id\":\"https:\/\/scorecardhub.org\/fr\/cep\/\",\"url\":\"https:\/\/scorecardhub.org\/fr\/cep\/\",\"name\":\"Bo\u00eete \u00e0 outils des Conseils et Fonds d\u2019\u00c9limination du Paludisme - ALMA Scorecard Hub\",\"isPartOf\":{\"@id\":\"https:\/\/scorecardhub.org\/fr\/#website\"},\"primaryImageOfPage\":{\"@id\":\"https:\/\/scorecardhub.org\/fr\/cep\/#primaryimage\"},\"image\":{\"@id\":\"https:\/\/scorecardhub.org\/fr\/cep\/#primaryimage\"},\"thumbnailUrl\":\"https:\/\/scorecardhub.org\/wp-content\/uploads\/2021\/07\/thumbnail-emc-toolkit.jpg\",\"datePublished\":\"2021-07-05T10:38:34+00:00\",\"dateModified\":\"2021-08-04T08:52:43+00:00\",\"breadcrumb\":{\"@id\":\"https:\/\/scorecardhub.org\/fr\/cep\/#breadcrumb\"},\"inLanguage\":\"fr-FR\",\"potentialAction\":[{\"@type\":\"ReadAction\",\"target\":[\"https:\/\/scorecardhub.org\/fr\/cep\/\"]}]},{\"@type\":\"ImageObject\",\"inLanguage\":\"fr-FR\",\"@id\":\"https:\/\/scorecardhub.org\/fr\/cep\/#primaryimage\",\"url\":\"https:\/\/scorecardhub.org\/wp-content\/uploads\/2021\/07\/thumbnail-emc-toolkit.jpg\",\"contentUrl\":\"https:\/\/scorecardhub.org\/wp-content\/uploads\/2021\/07\/thumbnail-emc-toolkit.jpg\",\"width\":800,\"height\":450},{\"@type\":\"BreadcrumbList\",\"@id\":\"https:\/\/scorecardhub.org\/fr\/cep\/#breadcrumb\",\"itemListElement\":[{\"@type\":\"ListItem\",\"position\":1,\"name\":\"Accueil\",\"item\":\"https:\/\/scorecardhub.org\/fr\/\"},{\"@type\":\"ListItem\",\"position\":2,\"name\":\"Bo\u00eete \u00e0 outils des Conseils et Fonds d\u2019\u00c9limination du Paludisme\"}]},{\"@type\":\"WebSite\",\"@id\":\"https:\/\/scorecardhub.org\/fr\/#website\",\"url\":\"https:\/\/scorecardhub.org\/fr\/\",\"name\":\"ALMA Scorecard Hub\",\"description\":\"\",\"publisher\":{\"@id\":\"https:\/\/scorecardhub.org\/fr\/#organization\"},\"potentialAction\":[{\"@type\":\"SearchAction\",\"target\":{\"@type\":\"EntryPoint\",\"urlTemplate\":\"https:\/\/scorecardhub.org\/fr\/?s={search_term_string}\"},\"query-input\":{\"@type\":\"PropertyValueSpecification\",\"valueRequired\":true,\"valueName\":\"search_term_string\"}}],\"inLanguage\":\"fr-FR\"},{\"@type\":\"Organization\",\"@id\":\"https:\/\/scorecardhub.org\/fr\/#organization\",\"name\":\"ALMA Scorecard Hub\",\"url\":\"https:\/\/scorecardhub.org\/fr\/\",\"logo\":{\"@type\":\"ImageObject\",\"inLanguage\":\"fr-FR\",\"@id\":\"https:\/\/scorecardhub.org\/fr\/#\/schema\/logo\/image\/\",\"url\":\"https:\/\/scorecardhub.org\/wp-content\/uploads\/2021\/02\/alma_logo-1.svg\",\"contentUrl\":\"https:\/\/scorecardhub.org\/wp-content\/uploads\/2021\/02\/alma_logo-1.svg\",\"width\":276,\"height\":58,\"caption\":\"ALMA Scorecard Hub\"},\"image\":{\"@id\":\"https:\/\/scorecardhub.org\/fr\/#\/schema\/logo\/image\/\"},\"sameAs\":[\"https:\/\/x.com\/ALMA_2030\"]}]}<\/script>\n<!-- \/ Yoast SEO plugin. -->","yoast_head_json":{"title":"Bo\u00eete \u00e0 outils des Conseils et Fonds d\u2019\u00c9limination du Paludisme - ALMA Scorecard Hub","robots":{"index":"index","follow":"follow","max-snippet":"max-snippet:-1","max-image-preview":"max-image-preview:large","max-video-preview":"max-video-preview:-1"},"canonical":"https:\/\/scorecardhub.org\/fr\/cep\/","og_locale":"fr_FR","og_type":"article","og_title":"Bo\u00eete \u00e0 outils des Conseils et Fonds d\u2019\u00c9limination du Paludisme - ALMA Scorecard Hub","og_description":"Une bo\u00eete \u00e0 outils pour aider les pays \u00e0 \u00e9tablir des Conseils et Fonds d\u2019\u00c9limination du Paludisme.","og_url":"https:\/\/scorecardhub.org\/fr\/cep\/","og_site_name":"ALMA Scorecard Hub","article_modified_time":"2021-08-04T08:52:43+00:00","og_image":[{"width":800,"height":450,"url":"https:\/\/scorecardhub.org\/wp-content\/uploads\/2021\/07\/thumbnail-emc-toolkit.jpg","type":"image\/jpeg"}],"twitter_card":"summary_large_image","twitter_site":"@ALMA_2030","twitter_misc":{"Dur\u00e9e de lecture estim\u00e9e":"1 minute"},"schema":{"@context":"https:\/\/schema.org","@graph":[{"@type":"WebPage","@id":"https:\/\/scorecardhub.org\/fr\/cep\/","url":"https:\/\/scorecardhub.org\/fr\/cep\/","name":"Bo\u00eete \u00e0 outils des Conseils et Fonds d\u2019\u00c9limination du Paludisme - ALMA Scorecard Hub","isPartOf":{"@id":"https:\/\/scorecardhub.org\/fr\/#website"},"primaryImageOfPage":{"@id":"https:\/\/scorecardhub.org\/fr\/cep\/#primaryimage"},"image":{"@id":"https:\/\/scorecardhub.org\/fr\/cep\/#primaryimage"},"thumbnailUrl":"https:\/\/scorecardhub.org\/wp-content\/uploads\/2021\/07\/thumbnail-emc-toolkit.jpg","datePublished":"2021-07-05T10:38:34+00:00","dateModified":"2021-08-04T08:52:43+00:00","breadcrumb":{"@id":"https:\/\/scorecardhub.org\/fr\/cep\/#breadcrumb"},"inLanguage":"fr-FR","potentialAction":[{"@type":"ReadAction","target":["https:\/\/scorecardhub.org\/fr\/cep\/"]}]},{"@type":"ImageObject","inLanguage":"fr-FR","@id":"https:\/\/scorecardhub.org\/fr\/cep\/#primaryimage","url":"https:\/\/scorecardhub.org\/wp-content\/uploads\/2021\/07\/thumbnail-emc-toolkit.jpg","contentUrl":"https:\/\/scorecardhub.org\/wp-content\/uploads\/2021\/07\/thumbnail-emc-toolkit.jpg","width":800,"height":450},{"@type":"BreadcrumbList","@id":"https:\/\/scorecardhub.org\/fr\/cep\/#breadcrumb","itemListElement":[{"@type":"ListItem","position":1,"name":"Accueil","item":"https:\/\/scorecardhub.org\/fr\/"},{"@type":"ListItem","position":2,"name":"Bo\u00eete \u00e0 outils des Conseils et Fonds d\u2019\u00c9limination du Paludisme"}]},{"@type":"WebSite","@id":"https:\/\/scorecardhub.org\/fr\/#website","url":"https:\/\/scorecardhub.org\/fr\/","name":"ALMA Scorecard Hub","description":"","publisher":{"@id":"https:\/\/scorecardhub.org\/fr\/#organization"},"potentialAction":[{"@type":"SearchAction","target":{"@type":"EntryPoint","urlTemplate":"https:\/\/scorecardhub.org\/fr\/?s={search_term_string}"},"query-input":{"@type":"PropertyValueSpecification","valueRequired":true,"valueName":"search_term_string"}}],"inLanguage":"fr-FR"},{"@type":"Organization","@id":"https:\/\/scorecardhub.org\/fr\/#organization","name":"ALMA Scorecard Hub","url":"https:\/\/scorecardhub.org\/fr\/","logo":{"@type":"ImageObject","inLanguage":"fr-FR","@id":"https:\/\/scorecardhub.org\/fr\/#\/schema\/logo\/image\/","url":"https:\/\/scorecardhub.org\/wp-content\/uploads\/2021\/02\/alma_logo-1.svg","contentUrl":"https:\/\/scorecardhub.org\/wp-content\/uploads\/2021\/02\/alma_logo-1.svg","width":276,"height":58,"caption":"ALMA Scorecard Hub"},"image":{"@id":"https:\/\/scorecardhub.org\/fr\/#\/schema\/logo\/image\/"},"sameAs":["https:\/\/x.com\/ALMA_2030"]}]}},"_links":{"self":[{"href":"https:\/\/scorecardhub.org\/fr\/wp-json\/wp\/v2\/pages\/28233","targetHints":{"allow":["GET"]}}],"collection":[{"href":"https:\/\/scorecardhub.org\/fr\/wp-json\/wp\/v2\/pages"}],"about":[{"href":"https:\/\/scorecardhub.org\/fr\/wp-json\/wp\/v2\/types\/page"}],"author":[{"embeddable":true,"href":"https:\/\/scorecardhub.org\/fr\/wp-json\/wp\/v2\/users\/14"}],"replies":[{"embeddable":true,"href":"https:\/\/scorecardhub.org\/fr\/wp-json\/wp\/v2\/comments?post=28233"}],"version-history":[{"count":5,"href":"https:\/\/scorecardhub.org\/fr\/wp-json\/wp\/v2\/pages\/28233\/revisions"}],"predecessor-version":[{"id":28528,"href":"https:\/\/scorecardhub.org\/fr\/wp-json\/wp\/v2\/pages\/28233\/revisions\/28528"}],"wp:featuredmedia":[{"embeddable":true,"href":"https:\/\/scorecardhub.org\/fr\/wp-json\/wp\/v2\/media\/27166"}],"wp:attachment":[{"href":"https:\/\/scorecardhub.org\/fr\/wp-json\/wp\/v2\/media?parent=28233"}],"curies":[{"name":"wp","href":"https:\/\/api.w.org\/{rel}","templated":true}]}}