{"id":281,"date":"2020-12-02T10:53:22","date_gmt":"2020-12-02T10:53:22","guid":{"rendered":"http:\/\/scorecardhub.dev.onpressidium.com\/home\/"},"modified":"2024-04-12T16:20:33","modified_gmt":"2024-04-12T16:20:33","slug":"home","status":"publish","type":"page","link":"https:\/\/scorecardhub.org\/fr\/","title":{"rendered":"Home"},"content":{"rendered":"<section class=\"intro-section\">\r\n    <div class=\"intro-item\"\r\n         style=\"background-image:url('https:\/\/scorecardhub.org\/wp-content\/uploads\/2020\/11\/img-01-1024x626.png')\">\r\n        <div class=\"container\">\r\n                            <div class=\"intro-holder\">\r\n                                            <h1 class=\"title\">Partager les meilleures pratiques des pays pour am\u00e9liorer les outils de gestion de cartes de score pour la redevabilit\u00e9 et l\u2019action<\/h1>\r\n                                                        <\/div>\r\n                    <\/div>\r\n    <\/div>\r\n    <div class=\"container\">\r\n        <div class=\"intro-col-alt\">\r\n            <div class=\"intro-col-holder\">\r\n                <div class=\"intro-col\">\r\n                    <h2 class=\"col-title\">\r\n                        <span class=\"icon-holder\" style=\"background-color: #fdc905\">\r\n                            <img decoding=\"async\" src=\"https:\/\/scorecardhub.org\/wp-content\/uploads\/2021\/02\/homepage-lightbulb.png\"\r\n                                 alt=\"icon\">\r\n                        <\/span>\r\n                        <span>Pour en savoir plus<\/span>\r\n                    <\/h2>\r\n                                            <ul class=\"intro-list\">\r\n                                                            <li>\r\n                                    <a href=\"https:\/\/scorecardhub.org\/fr\/guides-et-boites-a-outils\/introduction-a-l-outil-de-carte-de-score-pays\/\" class=\"link-item\">\r\n                                        <span class=\"item-title\">Carte de score pays<\/span>\r\n                                    <\/a>\r\n                                <\/li>\r\n                                                            <li>\r\n                                    <a href=\"https:\/\/scorecardhub.org\/fr\/guides-et-boites-a-outils\/introduction-a-l-outil-de-carte-de-score-communautaire\/\" class=\"link-item\">\r\n                                        <span class=\"item-title\">Carte de score communautaire<\/span>\r\n                                    <\/a>\r\n                                <\/li>\r\n                                                            <li>\r\n                                    <a href=\"https:\/\/scorecardhub.org\/fr\/bonnes-pratiques\/la-carte-de-score-d-alma-pour-la-redevabilite-et-l-action-apercu\/\" class=\"link-item\">\r\n                                        <span class=\"item-title\">Carte de score d\u2019ALMA pour la redevabilit\u00e9 et l\u2019action<\/span>\r\n                                    <\/a>\r\n                                <\/li>\r\n                                                    <\/ul>\r\n                                    <\/div>\r\n                <div class=\"intro-col\">\r\n                    <h2 class=\"col-title\">\r\n                        <span class=\"icon-holder\" style=\"background-color: #d0521d\">\r\n                            <img decoding=\"async\" src=\"https:\/\/scorecardhub.org\/wp-content\/uploads\/2021\/02\/homepage-responsive.png\"\r\n                                 alt=\"icon\">\r\n                        <\/span>\r\n                        <span>La plateforme web de la carte de score<\/span>\r\n                    <\/h2>\r\n                                            <ul class=\"intro-list\">\r\n                                                            <li>\r\n                                    <a href=\"https:\/\/scorecardhub.org\/news\/\" class=\"link-item\">\r\n                                        <span class=\"item-title\">Introduction \u00e0 la plate-forme Web de la carte de score<\/span>\r\n                                    <\/a>\r\n                                <\/li>\r\n                                                            <li>\r\n                                    <a href=\"https:\/\/scorecardhub.org\/fr\/courses\/formation-a-lutilisation-de-la-plateforme-web-de-carte-de-score\/\" class=\"link-item\">\r\n                                        <span class=\"item-title\">Cours: Utilisation de la plate-forme Web de la carte de score<\/span>\r\n                                    <\/a>\r\n                                <\/li>\r\n                                                            <li>\r\n                                    <a href=\"https:\/\/scorecardhub.org\/fr\/courses\/formation-a-la-gestion-de-la-plateforme-web-de-carte-de-score-pour-les-administrateurs\/\" class=\"link-item\">\r\n                                        <span class=\"item-title\">Cours: Fonctionnalit\u00e9s pour administrateurs<\/span>\r\n                                    <\/a>\r\n                                <\/li>\r\n                                                    <\/ul>\r\n                                    <\/div>\r\n            <\/div>\r\n        <\/div>\r\n    <\/div>\r\n<\/section>\r\n\n\n<section class=\"updates-section\">\r\n    <div class=\"container\">\r\n        <h2><\/h2>\r\n                    <div class=\"article-holder\">\r\n                                    <a href=\"https:\/\/scorecardhub.org\/fr\/guides-et-boites-a-outils\/outil-dauto-evaluation-de-maturite-de-la-carte-de-score\/\"\r\n                       class=\"article-item \">\r\n                        <div class=\"img-holder\"\r\n                             style=\"background-image: url('https:\/\/scorecardhub.org\/wp-content\/uploads\/2022\/01\/thumbnail-smf-introduction.png');\">\r\n                                                    <\/div>\r\n                        <div class=\"content-holder\">\r\n                            <div class=\"heading-block\">\r\n                                <h3>\r\n                                    Outil d\u2019auto-\u00e9valuation de Maturit\u00e9 de la carte de score                                    <!--                            <time datetime=\"-->\r\n                                    <!--\">22.07.2020 \/ 12:00 PM (UTC)<\/time>-->\r\n                                <\/h3>\r\n                            <\/div>\r\n                            <p>Ce processus les aide \u00e0 comprendre o\u00f9 leur carte de score fonctionne bien et o\u00f9 des am\u00e9liorations sont n\u00e9cessaires.<\/p>\r\n                        <\/div>\r\n                    <\/a>\r\n                                    <a href=\"https:\/\/scorecardhub.org\/fr\/prix-joyce-kafanabo\/\"\r\n                       class=\"article-item \">\r\n                        <div class=\"img-holder\"\r\n                             style=\"background-image: url('https:\/\/scorecardhub.org\/wp-content\/uploads\/2023\/02\/thumbnail-jk-awards-2022-main-fr.png');\">\r\n                                                    <\/div>\r\n                        <div class=\"content-holder\">\r\n                            <div class=\"heading-block\">\r\n                                <h3>\r\n                                    Prix ALMA Joyce Kafanabo pour l\u2019Excellence et l\u2019Innovation                                    <!--                            <time datetime=\"-->\r\n                                    <!--\">22.07.2020 \/ 12:00 PM (UTC)<\/time>-->\r\n                                <\/h3>\r\n                            <\/div>\r\n                            <p>Honorer l&rsquo;excellence et l&rsquo;innovation des cartes de score.<\/p>\r\n                        <\/div>\r\n                    <\/a>\r\n                                    <a href=\"https:\/\/scorecardhub.org\/fr\/formations\/\"\r\n                       class=\"article-item \">\r\n                        <div class=\"img-holder\"\r\n                             style=\"background-image: url('https:\/\/scorecardhub.org\/wp-content\/uploads\/2021\/10\/thumbnail-course-guide.png');\">\r\n                                                    <\/div>\r\n                        <div class=\"content-holder\">\r\n                            <div class=\"heading-block\">\r\n                                <h3>\r\n                                    Formations                                    <!--                            <time datetime=\"-->\r\n                                    <!--\">22.07.2020 \/ 12:00 PM (UTC)<\/time>-->\r\n                                <\/h3>\r\n                            <\/div>\r\n                            <p>D\u00e9veloppez de nouvelles comp\u00e9tences et apprenez \u00e0 cr\u00e9er un outil de gestion de carte de score. Gr\u00e2ce \u00e0 nos&#8230;<\/p>\r\n                        <\/div>\r\n                    <\/a>\r\n                            <\/div>\r\n            <\/div>\r\n<\/section>\r\n\n\n<section class=\"updates-section\">\r\n    <div class=\"container\">\r\n        <h2>Derni\u00e8res publications<\/h2>\r\n                    <div class=\"article-holder\">\r\n                                    <a href=\"https:\/\/scorecardhub.org\/fr\/bonnes-pratiques\/des-outils-de-carte-de-score-aident-les-pays-a-suivre-le-controle-du-paludisme-et-ses-effets-pendant-la-grossesse\/\"\r\n                       class=\"article-item \">\r\n                        <div class=\"img-holder\"\r\n                             style=\"background-image: url('https:\/\/scorecardhub.org\/wp-content\/uploads\/2024\/04\/thumbnail-malaria-in-pregnancy-1024x576.jpg');\">\r\n                                                    <\/div>\r\n                        <div class=\"content-holder\">\r\n                            <div class=\"heading-block\">\r\n                                <h3>\r\n                                    Des outils de carte de score aident les pays \u00e0 suivre le contr\u00f4le du paludisme et ses effets pendant la grossesse                                    <!--                            <time datetime=\"-->\r\n                                    <!--\">22.07.2020 \/ 12:00 PM (UTC)<\/time>-->\r\n                                <\/h3>\r\n                            <\/div>\r\n                            <p>Exemples d&rsquo;actions entreprises en r\u00e9ponse aux goulets d&rsquo;\u00e9tranglement li\u00e9s au paludisme pendant la grossesse.<\/p>\r\n                        <\/div>\r\n                    <\/a>\r\n                                    <a href=\"https:\/\/scorecardhub.org\/fr\/bonnes-pratiques\/impliquer-les-champions-jeunesse-ougandais-de-la-lutte-contre-paludisme-dans-la-chimioprevention-du-paludisme-saisonnier-dans-la-region-de-karamoja\/\"\r\n                       class=\"article-item \">\r\n                        <div class=\"img-holder\"\r\n                             style=\"background-image: url('https:\/\/scorecardhub.org\/wp-content\/uploads\/2024\/03\/thumbnail-uganda-youth-smc-1024x576.jpg');\">\r\n                                                    <\/div>\r\n                        <div class=\"content-holder\">\r\n                            <div class=\"heading-block\">\r\n                                <h3>\r\n                                    Impliquer les Champions jeunesse ougandais de la lutte contre paludisme dans la chimiopr\u00e9vention du paludisme saisonnier dans la r\u00e9gion de Karamoja                                    <!--                            <time datetime=\"-->\r\n                                    <!--\">22.07.2020 \/ 12:00 PM (UTC)<\/time>-->\r\n                                <\/h3>\r\n                            <\/div>\r\n                            <p>En 2023, des membres des Malaria Youth Champions Uganda ont particip\u00e9 aux campagnes de chimiopr\u00e9vention du paludisme saisonnier en&#8230;<\/p>\r\n                        <\/div>\r\n                    <\/a>\r\n                                    <a href=\"https:\/\/scorecardhub.org\/fr\/bonnes-pratiques\/mobiliser-des-fonds-pour-des-services-de-soins-ante-natals-gratuits-en-republique-democratique-du-congo-a-laide-de-la-carte-de-score-srmnia-n\/\"\r\n                       class=\"article-item \">\r\n                        <div class=\"img-holder\"\r\n                             style=\"background-image: url('https:\/\/scorecardhub.org\/wp-content\/uploads\/2021\/01\/thumbnail-d-r-congo.png');\">\r\n                                                    <\/div>\r\n                        <div class=\"content-holder\">\r\n                            <div class=\"heading-block\">\r\n                                <h3>\r\n                                    Mobiliser des fonds pour des services de soins ant\u00e9-natals gratuits en R\u00e9publique d\u00e9mocratique du Congo \u00e0 l&rsquo;aide de la carte de score SRMNIA-N                                    <!--                            <time datetime=\"-->\r\n                                    <!--\">22.07.2020 \/ 12:00 PM (UTC)<\/time>-->\r\n                                <\/h3>\r\n                            <\/div>\r\n                            <p>La province de l\u2019\u00c9quateur a r\u00e9cemment eu recours \u00e0 la carte de score SRMNIA-N pour mobiliser des fonds afin&#8230;<\/p>\r\n                        <\/div>\r\n                    <\/a>\r\n                            <\/div>\r\n            <\/div>\r\n<\/section>\r\n","protected":false},"excerpt":{"rendered":"","protected":false},"author":1,"featured_media":0,"parent":0,"menu_order":0,"comment_status":"closed","ping_status":"closed","template":"home-template.php","meta":{"footnotes":""},"class_list":["post-281","page","type-page","status-publish","hentry"],"acf":[],"yoast_head":"<!-- This site is optimized with the Yoast SEO plugin v26.8 - https:\/\/yoast.com\/product\/yoast-seo-wordpress\/ -->\n<title>Home - ALMA Scorecard Hub<\/title>\n<meta name=\"robots\" content=\"index, follow, max-snippet:-1, max-image-preview:large, max-video-preview:-1\" \/>\n<link rel=\"canonical\" href=\"https:\/\/scorecardhub.org\/fr\/\" \/>\n<meta property=\"og:locale\" content=\"fr_FR\" \/>\n<meta property=\"og:type\" content=\"article\" \/>\n<meta property=\"og:title\" content=\"Home - ALMA Scorecard Hub\" \/>\n<meta property=\"og:url\" content=\"https:\/\/scorecardhub.org\/fr\/\" \/>\n<meta property=\"og:site_name\" content=\"ALMA Scorecard Hub\" \/>\n<meta property=\"article:modified_time\" content=\"2024-04-12T16:20:33+00:00\" \/>\n<meta property=\"og:image\" content=\"https:\/\/scorecardhub.org\/wp-content\/uploads\/2021\/02\/scorecard-hub-generic-colourful-thumbnail.png\" \/>\n\t<meta property=\"og:image:width\" content=\"800\" \/>\n\t<meta property=\"og:image:height\" content=\"450\" \/>\n\t<meta property=\"og:image:type\" content=\"image\/png\" \/>\n<meta name=\"twitter:card\" content=\"summary_large_image\" \/>\n<meta name=\"twitter:image\" content=\"https:\/\/scorecardhub.org\/wp-content\/uploads\/2021\/02\/scorecard-hub-generic-colourful-thumbnail.png\" \/>\n<meta name=\"twitter:site\" content=\"@ALMA_2030\" \/>\n<script type=\"application\/ld+json\" class=\"yoast-schema-graph\">{\"@context\":\"https:\/\/schema.org\",\"@graph\":[{\"@type\":\"WebPage\",\"@id\":\"https:\/\/scorecardhub.org\/fr\/\",\"url\":\"https:\/\/scorecardhub.org\/fr\/\",\"name\":\"Home - ALMA Scorecard Hub\",\"isPartOf\":{\"@id\":\"https:\/\/scorecardhub.org\/fr\/#website\"},\"datePublished\":\"2020-12-02T10:53:22+00:00\",\"dateModified\":\"2024-04-12T16:20:33+00:00\",\"breadcrumb\":{\"@id\":\"https:\/\/scorecardhub.org\/fr\/#breadcrumb\"},\"inLanguage\":\"fr-FR\",\"potentialAction\":[{\"@type\":\"ReadAction\",\"target\":[\"https:\/\/scorecardhub.org\/fr\/\"]}]},{\"@type\":\"BreadcrumbList\",\"@id\":\"https:\/\/scorecardhub.org\/fr\/#breadcrumb\",\"itemListElement\":[{\"@type\":\"ListItem\",\"position\":1,\"name\":\"Accueil\",\"item\":\"https:\/\/scorecardhub.org\/fr\/\"},{\"@type\":\"ListItem\",\"position\":2,\"name\":\"Home\"}]},{\"@type\":\"WebSite\",\"@id\":\"https:\/\/scorecardhub.org\/fr\/#website\",\"url\":\"https:\/\/scorecardhub.org\/fr\/\",\"name\":\"ALMA Scorecard Hub\",\"description\":\"\",\"publisher\":{\"@id\":\"https:\/\/scorecardhub.org\/fr\/#organization\"},\"potentialAction\":[{\"@type\":\"SearchAction\",\"target\":{\"@type\":\"EntryPoint\",\"urlTemplate\":\"https:\/\/scorecardhub.org\/fr\/?s={search_term_string}\"},\"query-input\":{\"@type\":\"PropertyValueSpecification\",\"valueRequired\":true,\"valueName\":\"search_term_string\"}}],\"inLanguage\":\"fr-FR\"},{\"@type\":\"Organization\",\"@id\":\"https:\/\/scorecardhub.org\/fr\/#organization\",\"name\":\"ALMA Scorecard Hub\",\"url\":\"https:\/\/scorecardhub.org\/fr\/\",\"logo\":{\"@type\":\"ImageObject\",\"inLanguage\":\"fr-FR\",\"@id\":\"https:\/\/scorecardhub.org\/fr\/#\/schema\/logo\/image\/\",\"url\":\"https:\/\/scorecardhub.org\/wp-content\/uploads\/2021\/02\/alma_logo-1.svg\",\"contentUrl\":\"https:\/\/scorecardhub.org\/wp-content\/uploads\/2021\/02\/alma_logo-1.svg\",\"width\":276,\"height\":58,\"caption\":\"ALMA Scorecard Hub\"},\"image\":{\"@id\":\"https:\/\/scorecardhub.org\/fr\/#\/schema\/logo\/image\/\"},\"sameAs\":[\"https:\/\/x.com\/ALMA_2030\"]}]}<\/script>\n<!-- \/ Yoast SEO plugin. -->","yoast_head_json":{"title":"Home - ALMA Scorecard Hub","robots":{"index":"index","follow":"follow","max-snippet":"max-snippet:-1","max-image-preview":"max-image-preview:large","max-video-preview":"max-video-preview:-1"},"canonical":"https:\/\/scorecardhub.org\/fr\/","og_locale":"fr_FR","og_type":"article","og_title":"Home - ALMA Scorecard Hub","og_url":"https:\/\/scorecardhub.org\/fr\/","og_site_name":"ALMA Scorecard Hub","article_modified_time":"2024-04-12T16:20:33+00:00","og_image":[{"width":800,"height":450,"url":"https:\/\/scorecardhub.org\/wp-content\/uploads\/2021\/02\/scorecard-hub-generic-colourful-thumbnail.png","type":"image\/png"}],"twitter_card":"summary_large_image","twitter_image":"https:\/\/scorecardhub.org\/wp-content\/uploads\/2021\/02\/scorecard-hub-generic-colourful-thumbnail.png","twitter_site":"@ALMA_2030","schema":{"@context":"https:\/\/schema.org","@graph":[{"@type":"WebPage","@id":"https:\/\/scorecardhub.org\/fr\/","url":"https:\/\/scorecardhub.org\/fr\/","name":"Home - ALMA Scorecard Hub","isPartOf":{"@id":"https:\/\/scorecardhub.org\/fr\/#website"},"datePublished":"2020-12-02T10:53:22+00:00","dateModified":"2024-04-12T16:20:33+00:00","breadcrumb":{"@id":"https:\/\/scorecardhub.org\/fr\/#breadcrumb"},"inLanguage":"fr-FR","potentialAction":[{"@type":"ReadAction","target":["https:\/\/scorecardhub.org\/fr\/"]}]},{"@type":"BreadcrumbList","@id":"https:\/\/scorecardhub.org\/fr\/#breadcrumb","itemListElement":[{"@type":"ListItem","position":1,"name":"Accueil","item":"https:\/\/scorecardhub.org\/fr\/"},{"@type":"ListItem","position":2,"name":"Home"}]},{"@type":"WebSite","@id":"https:\/\/scorecardhub.org\/fr\/#website","url":"https:\/\/scorecardhub.org\/fr\/","name":"ALMA Scorecard Hub","description":"","publisher":{"@id":"https:\/\/scorecardhub.org\/fr\/#organization"},"potentialAction":[{"@type":"SearchAction","target":{"@type":"EntryPoint","urlTemplate":"https:\/\/scorecardhub.org\/fr\/?s={search_term_string}"},"query-input":{"@type":"PropertyValueSpecification","valueRequired":true,"valueName":"search_term_string"}}],"inLanguage":"fr-FR"},{"@type":"Organization","@id":"https:\/\/scorecardhub.org\/fr\/#organization","name":"ALMA Scorecard Hub","url":"https:\/\/scorecardhub.org\/fr\/","logo":{"@type":"ImageObject","inLanguage":"fr-FR","@id":"https:\/\/scorecardhub.org\/fr\/#\/schema\/logo\/image\/","url":"https:\/\/scorecardhub.org\/wp-content\/uploads\/2021\/02\/alma_logo-1.svg","contentUrl":"https:\/\/scorecardhub.org\/wp-content\/uploads\/2021\/02\/alma_logo-1.svg","width":276,"height":58,"caption":"ALMA Scorecard Hub"},"image":{"@id":"https:\/\/scorecardhub.org\/fr\/#\/schema\/logo\/image\/"},"sameAs":["https:\/\/x.com\/ALMA_2030"]}]}},"_links":{"self":[{"href":"https:\/\/scorecardhub.org\/fr\/wp-json\/wp\/v2\/pages\/281","targetHints":{"allow":["GET"]}}],"collection":[{"href":"https:\/\/scorecardhub.org\/fr\/wp-json\/wp\/v2\/pages"}],"about":[{"href":"https:\/\/scorecardhub.org\/fr\/wp-json\/wp\/v2\/types\/page"}],"author":[{"embeddable":true,"href":"https:\/\/scorecardhub.org\/fr\/wp-json\/wp\/v2\/users\/1"}],"replies":[{"embeddable":true,"href":"https:\/\/scorecardhub.org\/fr\/wp-json\/wp\/v2\/comments?post=281"}],"version-history":[{"count":5,"href":"https:\/\/scorecardhub.org\/fr\/wp-json\/wp\/v2\/pages\/281\/revisions"}],"predecessor-version":[{"id":105886,"href":"https:\/\/scorecardhub.org\/fr\/wp-json\/wp\/v2\/pages\/281\/revisions\/105886"}],"wp:attachment":[{"href":"https:\/\/scorecardhub.org\/fr\/wp-json\/wp\/v2\/media?parent=281"}],"curies":[{"name":"wp","href":"https:\/\/api.w.org\/{rel}","templated":true}]}}