{"id":28071,"date":"2021-07-08T14:16:44","date_gmt":"2021-07-08T14:16:44","guid":{"rendered":"https:\/\/scorecardhub.org\/step-3-launch-phase-of-establishing-an-end-malaria-council-and-fund\/"},"modified":"2022-02-03T14:48:00","modified_gmt":"2022-02-03T14:48:00","slug":"etape-3-lancer-la-phase-detablissement-dun-conseil-et-dun-fonds-delimination-du-paludisme","status":"publish","type":"page","link":"https:\/\/scorecardhub.org\/fr\/cep\/etape-3-lancer-la-phase-detablissement-dun-conseil-et-dun-fonds-delimination-du-paludisme\/","title":{"rendered":"\u00c9tape 3 : Lancer la phase d\u2019\u00e9tablissement d\u2019un Conseil et d\u2019un Fonds d\u2019\u00c9limination du Paludisme"},"content":{"rendered":"\n<p class=\"has-white-color has-text-color has-background\" style=\"background-color:#6f0710\">Ce guide fait partie de <a href=\"https:\/\/scorecardhub.org\/fr\/cep\/\">la trousse \u00e0 outils des Conseils et Fonds d\u2019\u00c9limination du Paludisme<\/a>.<\/p>\n\n\n\n<p>Suite \u00e0 leur orientation, les membres du CEP sont formellement annonc\u00e9s durant une c\u00e9r\u00e9monie de lancement. Cet \u00e9v\u00e9nement est organis\u00e9 en partenariat avec le Chef d\u2019\u00c9tat et de gouvernement et\/ou le Minist\u00e8re de la sant\u00e9.<\/p>\n\n\n\n<h2 class=\"wp-block-heading\">Engager les hauts dirigeants<\/h2>\n\n\n\n<p>Les objectives principaux du lancement sont d\u2019inciter les dirigeants de haut niveau \u00e0 s\u2019engager en faveur de la lutte contre le paludisme (ex : en d\u00e9clarant que \u00ab le z\u00e9ro paludisme commence avec moi \u00bb) et d\u2019accro\u00eetre la visibilit\u00e9 du CEP. Cet \u00e9v\u00e9nement donne aux membres du CEP un mandat pour impliquer leurs secteurs respectifs et mobiliser les engagements en faveur du plaidoyer, de l\u2019action, des ressources et de la redevabilit\u00e9.<\/p>\n\n\n\n<p>En plus de d\u00e9voiler les membres, la r\u00e9union offre une opportunit\u00e9 au PNLP de partager un aper\u00e7u de haut niveau de la situation du paludisme (incluant la carte de score paludisme nationale) ainsi que les objectifs du CEP. Cela aide \u00e0 maintenir le paludisme en t\u00eate des priorit\u00e9s nationales.<\/p>\n\n\n\n<h2 class=\"wp-block-heading\">Mobiliser les ressources<\/h2>\n\n\n\n<p>L\u2019annonce peut \u00e9galement \u00eatre utilis\u00e9e comme une opportunit\u00e9 de mobiliser les ressources. Cela peut inclure solliciter directement les promesses de dons de ceux qui sont pr\u00e9sents physiquement \u00e0 l\u2019\u00e9v\u00e9nement ou participent en ligne.<\/p>\n\n\n\n<div class=\"wp-block-group groupBackground has-background\" style=\"background-color:#feeeb4\"><div class=\"wp-block-group__inner-container is-layout-flow wp-block-group-is-layout-flow\">\n<h4 class=\"wp-block-heading\">Lancement du Fonds d\u2019\u00c9limination du Paludisme d\u2019Eswatini<\/h4>\n\n\n\n<p>S.M. le Roi Mswati III a lanc\u00e9 le Fonds d\u2019\u00c9limination du Paludisme d&rsquo;Eswatini en mai 2019. Ce lancement a eu lieu dans un espace de r\u00e9ception en pr\u00e9sence de plusieurs centaines de repr\u00e9sentants du gouvernements, des entreprises du secteur priv\u00e9 et des partenaires de d\u00e9veloppement. Durant l\u2019\u00e9v\u00e9nement les participants ont \u00e9t\u00e9 invit\u00e9s \u00e0 faire des promesses de don au Fonds en utilisant un site web pour les t\u00e9l\u00e9phones portales avec les r\u00e9sultats diffus\u00e9s en direct sur grand \u00e9cran. Au cours de l\u2019\u00e9v\u00e9nement plus de 300 000 $ USD ont \u00e9t\u00e9 lev\u00e9s aupr\u00e8s des participants.<\/p>\n<\/div><\/div>\n\n\n\n<div style=\"height:20px\" aria-hidden=\"true\" class=\"wp-block-spacer\"><\/div>\n\n\n\n<h2 class=\"wp-block-heading\">Accro\u00eetre la visibilit\u00e9 de l\u2019\u00e9v\u00e9nement<\/h2>\n\n\n\n<p>Pour augmenter le prestige de l\u2019\u00e9v\u00e9nement il est recommand\u00e9 que :<\/p>\n\n\n\n<ul class=\"wp-block-list\"><li>la presse soit invit\u00e9e<\/li><li>les dirigeants politiques de haut niveau<\/li><li>les membres du CEP donnent des interviews aux m\u00e9dias apr\u00e8s l\u2019\u00e9v\u00e9nement et que des publicit\u00e9s soient ins\u00e9r\u00e9es dans les journaux nationaux et sur les r\u00e9seaux sociaux.<\/li><\/ul>\n\n\n\n<div class=\"wp-block-group groupBackground has-background\" style=\"background-color:#feeeb4\"><div class=\"wp-block-group__inner-container is-layout-flow wp-block-group-is-layout-flow\">\n<h4 class=\"wp-block-heading\">Lancement du CEP du Kenya<\/h4>\n\n\n\n<p>En f\u00e9vrier 2021, le Secr\u00e9taire du cabinet pour la sant\u00e9 a publiquement annonc\u00e9 le CEP du Kenya. Cette annonce a \u00e9t\u00e9 faite dans un h\u00f4tel \u00e0 Nairobi en pr\u00e9sence des m\u00e9dias. Les remarques ont fait l\u2019objet d\u2019une couverture dans la presse, la t\u00e9l\u00e9vision et la radio nationales. En parall\u00e8le, les membres du CEP ont fait figurer une publicit\u00e9 annon\u00e7ant le CEP et leurs priorit\u00e9s et une campagne a \u00e9t\u00e9 lanc\u00e9e sur Facebook et Twitter pour toucher un public plus large.<\/p>\n<\/div><\/div>\n\n\n\n<div style=\"height:20px\" aria-hidden=\"true\" class=\"wp-block-spacer\"><\/div>\n\n\n\n<hr class=\"wp-block-separator is-style-dots\"\/>\n\n\n\n<div class=\"wp-block-columns is-layout-flex wp-container-core-columns-is-layout-9d6595d7 wp-block-columns-is-layout-flex\">\n<div class=\"wp-block-column is-layout-flow wp-block-column-is-layout-flow\" style=\"flex-basis:50%\">\n<p><a href=\"https:\/\/scorecardhub.org\/fr\/cep\/etape-2-phase-de-planification-avancee-pour-etablir-un-conseil-et-un-fonds-delimination-du-paludisme\/\"><i class=\"fas fa-arrow-circle-left\"><\/i> Pr\u00e9c\u00e9dent<br><strong>\u00c9tape 2 : Phase de planification avanc\u00e9e pour \u00e9tablir un Conseil et un Fonds d\u2019\u00c9limination du Paludisme<\/strong><\/a><\/p>\n<\/div>\n\n\n\n<div class=\"wp-block-column is-layout-flow wp-block-column-is-layout-flow\" style=\"flex-basis:50%\"><\/div>\n<\/div>\n","protected":false},"excerpt":{"rendered":"<p>Lancer un CEP, utiliser le lancement pour impliquer les dirigeants seniors et mobiliser les ressources, augmenter le prestige de l\u2019\u00e9v\u00e9nement.<\/p>\n","protected":false},"author":14,"featured_media":28458,"parent":28233,"menu_order":0,"comment_status":"closed","ping_status":"closed","template":"resource-like-template.php","meta":{"footnotes":""},"class_list":["post-28071","page","type-page","status-publish","has-post-thumbnail","hentry"],"acf":[],"yoast_head":"<!-- This site is optimized with the Yoast SEO plugin v26.8 - https:\/\/yoast.com\/product\/yoast-seo-wordpress\/ -->\n<title>\u00c9tape 3 : Lancer la phase d\u2019\u00e9tablissement d\u2019un Conseil et d\u2019un Fonds d\u2019\u00c9limination du Paludisme - ALMA Scorecard Hub<\/title>\n<meta name=\"robots\" content=\"index, follow, max-snippet:-1, max-image-preview:large, max-video-preview:-1\" \/>\n<link rel=\"canonical\" href=\"https:\/\/scorecardhub.org\/fr\/cep\/etape-3-lancer-la-phase-detablissement-dun-conseil-et-dun-fonds-delimination-du-paludisme\/\" \/>\n<meta property=\"og:locale\" content=\"fr_FR\" \/>\n<meta property=\"og:type\" content=\"article\" \/>\n<meta property=\"og:title\" content=\"\u00c9tape 3 : Lancer la phase d\u2019\u00e9tablissement d\u2019un Conseil et d\u2019un Fonds d\u2019\u00c9limination du Paludisme - ALMA Scorecard Hub\" \/>\n<meta property=\"og:description\" content=\"Lancer un CEP, utiliser le lancement pour impliquer les dirigeants seniors et mobiliser les ressources, augmenter le prestige de l\u2019\u00e9v\u00e9nement.\" \/>\n<meta property=\"og:url\" content=\"https:\/\/scorecardhub.org\/fr\/cep\/etape-3-lancer-la-phase-detablissement-dun-conseil-et-dun-fonds-delimination-du-paludisme\/\" \/>\n<meta property=\"og:site_name\" content=\"ALMA Scorecard Hub\" \/>\n<meta property=\"article:modified_time\" content=\"2022-02-03T14:48:00+00:00\" \/>\n<meta property=\"og:image\" content=\"https:\/\/scorecardhub.org\/wp-content\/uploads\/2021\/07\/thumbnails-emc-guide-step-03-fr-1.png\" \/>\n\t<meta property=\"og:image:width\" content=\"1200\" \/>\n\t<meta property=\"og:image:height\" content=\"630\" \/>\n\t<meta property=\"og:image:type\" content=\"image\/png\" \/>\n<meta name=\"twitter:card\" content=\"summary_large_image\" \/>\n<meta name=\"twitter:image\" content=\"https:\/\/scorecardhub.org\/wp-content\/uploads\/2021\/07\/thumbnails-emc-guide-step-03-fr-1.png\" \/>\n<meta name=\"twitter:site\" content=\"@ALMA_2030\" \/>\n<meta name=\"twitter:label1\" content=\"Dur\u00e9e de lecture estim\u00e9e\" \/>\n\t<meta name=\"twitter:data1\" content=\"3 minutes\" \/>\n<script type=\"application\/ld+json\" class=\"yoast-schema-graph\">{\"@context\":\"https:\/\/schema.org\",\"@graph\":[{\"@type\":\"WebPage\",\"@id\":\"https:\/\/scorecardhub.org\/fr\/cep\/etape-3-lancer-la-phase-detablissement-dun-conseil-et-dun-fonds-delimination-du-paludisme\/\",\"url\":\"https:\/\/scorecardhub.org\/fr\/cep\/etape-3-lancer-la-phase-detablissement-dun-conseil-et-dun-fonds-delimination-du-paludisme\/\",\"name\":\"\u00c9tape 3 : Lancer la phase d\u2019\u00e9tablissement d\u2019un Conseil et d\u2019un Fonds d\u2019\u00c9limination du Paludisme - ALMA Scorecard Hub\",\"isPartOf\":{\"@id\":\"https:\/\/scorecardhub.org\/fr\/#website\"},\"primaryImageOfPage\":{\"@id\":\"https:\/\/scorecardhub.org\/fr\/cep\/etape-3-lancer-la-phase-detablissement-dun-conseil-et-dun-fonds-delimination-du-paludisme\/#primaryimage\"},\"image\":{\"@id\":\"https:\/\/scorecardhub.org\/fr\/cep\/etape-3-lancer-la-phase-detablissement-dun-conseil-et-dun-fonds-delimination-du-paludisme\/#primaryimage\"},\"thumbnailUrl\":\"https:\/\/scorecardhub.org\/wp-content\/uploads\/2021\/07\/thumbnail-emc-phase-3-fr.png\",\"datePublished\":\"2021-07-08T14:16:44+00:00\",\"dateModified\":\"2022-02-03T14:48:00+00:00\",\"breadcrumb\":{\"@id\":\"https:\/\/scorecardhub.org\/fr\/cep\/etape-3-lancer-la-phase-detablissement-dun-conseil-et-dun-fonds-delimination-du-paludisme\/#breadcrumb\"},\"inLanguage\":\"fr-FR\",\"potentialAction\":[{\"@type\":\"ReadAction\",\"target\":[\"https:\/\/scorecardhub.org\/fr\/cep\/etape-3-lancer-la-phase-detablissement-dun-conseil-et-dun-fonds-delimination-du-paludisme\/\"]}]},{\"@type\":\"ImageObject\",\"inLanguage\":\"fr-FR\",\"@id\":\"https:\/\/scorecardhub.org\/fr\/cep\/etape-3-lancer-la-phase-detablissement-dun-conseil-et-dun-fonds-delimination-du-paludisme\/#primaryimage\",\"url\":\"https:\/\/scorecardhub.org\/wp-content\/uploads\/2021\/07\/thumbnail-emc-phase-3-fr.png\",\"contentUrl\":\"https:\/\/scorecardhub.org\/wp-content\/uploads\/2021\/07\/thumbnail-emc-phase-3-fr.png\",\"width\":800,\"height\":450},{\"@type\":\"BreadcrumbList\",\"@id\":\"https:\/\/scorecardhub.org\/fr\/cep\/etape-3-lancer-la-phase-detablissement-dun-conseil-et-dun-fonds-delimination-du-paludisme\/#breadcrumb\",\"itemListElement\":[{\"@type\":\"ListItem\",\"position\":1,\"name\":\"Accueil\",\"item\":\"https:\/\/scorecardhub.org\/fr\/\"},{\"@type\":\"ListItem\",\"position\":2,\"name\":\"Bo\u00eete \u00e0 outils des Conseils et Fonds d\u2019\u00c9limination du Paludisme\",\"item\":\"https:\/\/scorecardhub.org\/fr\/cep\/\"},{\"@type\":\"ListItem\",\"position\":3,\"name\":\"\u00c9tape 3 : Lancer la phase d\u2019\u00e9tablissement d\u2019un Conseil et d\u2019un Fonds d\u2019\u00c9limination du Paludisme\"}]},{\"@type\":\"WebSite\",\"@id\":\"https:\/\/scorecardhub.org\/fr\/#website\",\"url\":\"https:\/\/scorecardhub.org\/fr\/\",\"name\":\"ALMA Scorecard Hub\",\"description\":\"\",\"publisher\":{\"@id\":\"https:\/\/scorecardhub.org\/fr\/#organization\"},\"potentialAction\":[{\"@type\":\"SearchAction\",\"target\":{\"@type\":\"EntryPoint\",\"urlTemplate\":\"https:\/\/scorecardhub.org\/fr\/?s={search_term_string}\"},\"query-input\":{\"@type\":\"PropertyValueSpecification\",\"valueRequired\":true,\"valueName\":\"search_term_string\"}}],\"inLanguage\":\"fr-FR\"},{\"@type\":\"Organization\",\"@id\":\"https:\/\/scorecardhub.org\/fr\/#organization\",\"name\":\"ALMA Scorecard Hub\",\"url\":\"https:\/\/scorecardhub.org\/fr\/\",\"logo\":{\"@type\":\"ImageObject\",\"inLanguage\":\"fr-FR\",\"@id\":\"https:\/\/scorecardhub.org\/fr\/#\/schema\/logo\/image\/\",\"url\":\"https:\/\/scorecardhub.org\/wp-content\/uploads\/2021\/02\/alma_logo-1.svg\",\"contentUrl\":\"https:\/\/scorecardhub.org\/wp-content\/uploads\/2021\/02\/alma_logo-1.svg\",\"width\":276,\"height\":58,\"caption\":\"ALMA Scorecard Hub\"},\"image\":{\"@id\":\"https:\/\/scorecardhub.org\/fr\/#\/schema\/logo\/image\/\"},\"sameAs\":[\"https:\/\/x.com\/ALMA_2030\"]}]}<\/script>\n<!-- \/ Yoast SEO plugin. -->","yoast_head_json":{"title":"\u00c9tape 3 : Lancer la phase d\u2019\u00e9tablissement d\u2019un Conseil et d\u2019un Fonds d\u2019\u00c9limination du Paludisme - ALMA Scorecard Hub","robots":{"index":"index","follow":"follow","max-snippet":"max-snippet:-1","max-image-preview":"max-image-preview:large","max-video-preview":"max-video-preview:-1"},"canonical":"https:\/\/scorecardhub.org\/fr\/cep\/etape-3-lancer-la-phase-detablissement-dun-conseil-et-dun-fonds-delimination-du-paludisme\/","og_locale":"fr_FR","og_type":"article","og_title":"\u00c9tape 3 : Lancer la phase d\u2019\u00e9tablissement d\u2019un Conseil et d\u2019un Fonds d\u2019\u00c9limination du Paludisme - ALMA Scorecard Hub","og_description":"Lancer un CEP, utiliser le lancement pour impliquer les dirigeants seniors et mobiliser les ressources, augmenter le prestige de l\u2019\u00e9v\u00e9nement.","og_url":"https:\/\/scorecardhub.org\/fr\/cep\/etape-3-lancer-la-phase-detablissement-dun-conseil-et-dun-fonds-delimination-du-paludisme\/","og_site_name":"ALMA Scorecard Hub","article_modified_time":"2022-02-03T14:48:00+00:00","og_image":[{"width":1200,"height":630,"url":"https:\/\/scorecardhub.org\/wp-content\/uploads\/2021\/07\/thumbnails-emc-guide-step-03-fr-1.png","type":"image\/png"}],"twitter_card":"summary_large_image","twitter_image":"https:\/\/scorecardhub.org\/wp-content\/uploads\/2021\/07\/thumbnails-emc-guide-step-03-fr-1.png","twitter_site":"@ALMA_2030","twitter_misc":{"Dur\u00e9e de lecture estim\u00e9e":"3 minutes"},"schema":{"@context":"https:\/\/schema.org","@graph":[{"@type":"WebPage","@id":"https:\/\/scorecardhub.org\/fr\/cep\/etape-3-lancer-la-phase-detablissement-dun-conseil-et-dun-fonds-delimination-du-paludisme\/","url":"https:\/\/scorecardhub.org\/fr\/cep\/etape-3-lancer-la-phase-detablissement-dun-conseil-et-dun-fonds-delimination-du-paludisme\/","name":"\u00c9tape 3 : Lancer la phase d\u2019\u00e9tablissement d\u2019un Conseil et d\u2019un Fonds d\u2019\u00c9limination du Paludisme - ALMA Scorecard Hub","isPartOf":{"@id":"https:\/\/scorecardhub.org\/fr\/#website"},"primaryImageOfPage":{"@id":"https:\/\/scorecardhub.org\/fr\/cep\/etape-3-lancer-la-phase-detablissement-dun-conseil-et-dun-fonds-delimination-du-paludisme\/#primaryimage"},"image":{"@id":"https:\/\/scorecardhub.org\/fr\/cep\/etape-3-lancer-la-phase-detablissement-dun-conseil-et-dun-fonds-delimination-du-paludisme\/#primaryimage"},"thumbnailUrl":"https:\/\/scorecardhub.org\/wp-content\/uploads\/2021\/07\/thumbnail-emc-phase-3-fr.png","datePublished":"2021-07-08T14:16:44+00:00","dateModified":"2022-02-03T14:48:00+00:00","breadcrumb":{"@id":"https:\/\/scorecardhub.org\/fr\/cep\/etape-3-lancer-la-phase-detablissement-dun-conseil-et-dun-fonds-delimination-du-paludisme\/#breadcrumb"},"inLanguage":"fr-FR","potentialAction":[{"@type":"ReadAction","target":["https:\/\/scorecardhub.org\/fr\/cep\/etape-3-lancer-la-phase-detablissement-dun-conseil-et-dun-fonds-delimination-du-paludisme\/"]}]},{"@type":"ImageObject","inLanguage":"fr-FR","@id":"https:\/\/scorecardhub.org\/fr\/cep\/etape-3-lancer-la-phase-detablissement-dun-conseil-et-dun-fonds-delimination-du-paludisme\/#primaryimage","url":"https:\/\/scorecardhub.org\/wp-content\/uploads\/2021\/07\/thumbnail-emc-phase-3-fr.png","contentUrl":"https:\/\/scorecardhub.org\/wp-content\/uploads\/2021\/07\/thumbnail-emc-phase-3-fr.png","width":800,"height":450},{"@type":"BreadcrumbList","@id":"https:\/\/scorecardhub.org\/fr\/cep\/etape-3-lancer-la-phase-detablissement-dun-conseil-et-dun-fonds-delimination-du-paludisme\/#breadcrumb","itemListElement":[{"@type":"ListItem","position":1,"name":"Accueil","item":"https:\/\/scorecardhub.org\/fr\/"},{"@type":"ListItem","position":2,"name":"Bo\u00eete \u00e0 outils des Conseils et Fonds d\u2019\u00c9limination du Paludisme","item":"https:\/\/scorecardhub.org\/fr\/cep\/"},{"@type":"ListItem","position":3,"name":"\u00c9tape 3 : Lancer la phase d\u2019\u00e9tablissement d\u2019un Conseil et d\u2019un Fonds d\u2019\u00c9limination du Paludisme"}]},{"@type":"WebSite","@id":"https:\/\/scorecardhub.org\/fr\/#website","url":"https:\/\/scorecardhub.org\/fr\/","name":"ALMA Scorecard Hub","description":"","publisher":{"@id":"https:\/\/scorecardhub.org\/fr\/#organization"},"potentialAction":[{"@type":"SearchAction","target":{"@type":"EntryPoint","urlTemplate":"https:\/\/scorecardhub.org\/fr\/?s={search_term_string}"},"query-input":{"@type":"PropertyValueSpecification","valueRequired":true,"valueName":"search_term_string"}}],"inLanguage":"fr-FR"},{"@type":"Organization","@id":"https:\/\/scorecardhub.org\/fr\/#organization","name":"ALMA Scorecard Hub","url":"https:\/\/scorecardhub.org\/fr\/","logo":{"@type":"ImageObject","inLanguage":"fr-FR","@id":"https:\/\/scorecardhub.org\/fr\/#\/schema\/logo\/image\/","url":"https:\/\/scorecardhub.org\/wp-content\/uploads\/2021\/02\/alma_logo-1.svg","contentUrl":"https:\/\/scorecardhub.org\/wp-content\/uploads\/2021\/02\/alma_logo-1.svg","width":276,"height":58,"caption":"ALMA Scorecard Hub"},"image":{"@id":"https:\/\/scorecardhub.org\/fr\/#\/schema\/logo\/image\/"},"sameAs":["https:\/\/x.com\/ALMA_2030"]}]}},"_links":{"self":[{"href":"https:\/\/scorecardhub.org\/fr\/wp-json\/wp\/v2\/pages\/28071","targetHints":{"allow":["GET"]}}],"collection":[{"href":"https:\/\/scorecardhub.org\/fr\/wp-json\/wp\/v2\/pages"}],"about":[{"href":"https:\/\/scorecardhub.org\/fr\/wp-json\/wp\/v2\/types\/page"}],"author":[{"embeddable":true,"href":"https:\/\/scorecardhub.org\/fr\/wp-json\/wp\/v2\/users\/14"}],"replies":[{"embeddable":true,"href":"https:\/\/scorecardhub.org\/fr\/wp-json\/wp\/v2\/comments?post=28071"}],"version-history":[{"count":5,"href":"https:\/\/scorecardhub.org\/fr\/wp-json\/wp\/v2\/pages\/28071\/revisions"}],"predecessor-version":[{"id":61019,"href":"https:\/\/scorecardhub.org\/fr\/wp-json\/wp\/v2\/pages\/28071\/revisions\/61019"}],"up":[{"embeddable":true,"href":"https:\/\/scorecardhub.org\/fr\/wp-json\/wp\/v2\/pages\/28233"}],"wp:featuredmedia":[{"embeddable":true,"href":"https:\/\/scorecardhub.org\/fr\/wp-json\/wp\/v2\/media\/28458"}],"wp:attachment":[{"href":"https:\/\/scorecardhub.org\/fr\/wp-json\/wp\/v2\/media?parent=28071"}],"curies":[{"name":"wp","href":"https:\/\/api.w.org\/{rel}","templated":true}]}}