{"id":27709,"date":"2021-07-05T11:23:11","date_gmt":"2021-07-05T11:23:11","guid":{"rendered":"https:\/\/scorecardhub.org\/end-malaria-councils-and-funds-introduction\/"},"modified":"2022-02-03T14:46:34","modified_gmt":"2022-02-03T14:46:34","slug":"introduction-des-conseils-et-fonds-delimination-du-paludisme","status":"publish","type":"page","link":"https:\/\/scorecardhub.org\/fr\/cep\/introduction-des-conseils-et-fonds-delimination-du-paludisme\/","title":{"rendered":"Introduction des Conseils et Fonds d\u2019\u00c9limination du Paludisme"},"content":{"rendered":"\n<p class=\"has-white-color has-text-color has-background\" style=\"background-color:#6f0710\">Ce guide fait partie de <a href=\"https:\/\/scorecardhub.org\/fr\/cep\/\">la trousse \u00e0 outils des Conseils et Fonds d\u2019\u00c9limination du Paludisme<\/a>.<\/p>\n\n\n\n<div class=\"videoWrapper\"><iframe loading=\"lazy\" src=\"https:\/\/docs.google.com\/presentation\/d\/e\/2PACX-1vTqKOxJUXueUeSUTX1gAa0NGXdiXsneZE33vLkXHjLfDC5Pi9SRJHm9JbJdYeKWgqfe-3x62B3hpEY1\/embed?start=false\" allowfullscreen=\"true\" mozallowfullscreen=\"true\" webkitallowfullscreen=\"true\" width=\"1280\" height=\"749\" frameborder=\"0\"><\/iframe><\/div>\n\n\n\n<p><a href=\"https:\/\/scorecardhub.org\/wp-content\/uploads\/2021\/07\/emc-toolkit-01-introduction-fr-2.pptx\">T\u00e9l\u00e9charger la pr\u00e9sentation PowerPoint<\/a><\/p>\n\n\n\n<div style=\"height:20px\" aria-hidden=\"true\" class=\"wp-block-spacer\"><\/div>\n\n\n\n<h2 class=\"wp-block-heading\">Qui sont les Conseils d\u2019\u00c9limination du Paludisme (CEP) ?<\/h2>\n\n\n\n<p>Les Conseils d\u2019\u00c9limination du Paludisme (CEP) sont des partenariats public-priv\u00e9 \u00e9tablis pour contribuer \u00e0 acc\u00e9l\u00e9rer les progr\u00e8s en termes de lutte contre le paludisme. Les CEP sont des institutions publiques nationales, g\u00e9r\u00e9es par les \u00c9tats et guid\u00e9es par le Plan national strat\u00e9gique (PNS). Ils travaillent en partenariat avec le Programme national de lutte contre le paludisme (PNLP) afin de mener la lutte contre le paludisme dans tous les secteurs ; conduire le plaidoyer et l\u2019action ; mobiliser les ressources ; et renforcer la redevabilit\u00e9 pour atteindre les cibles nationales.<\/p>\n\n\n\r\n<div class=\"responsive-iframe-holder\">\r\n    <iframe loading=\"lazy\" width=\"640\" height=\"360\" src=\"https:\/\/www.youtube.com\/embed\/ol4nhdNyxus\" frameborder=\"0\"\r\n            allow=\"accelerometer; autoplay; clipboard-write; encrypted-media; gyroscope; picture-in-picture\"\r\n            allowfullscreen><\/iframe>\r\n<\/div>\r\n\n\n\n<div class=\"wp-block-group groupBackground has-background\" style=\"background-color:#f8f8f8\"><div class=\"wp-block-group__inner-container is-layout-flow wp-block-group-is-layout-flow\">\n<h3 class=\"wp-block-heading\">Conseil vs Fonds<\/h3>\n\n\n\n<p>Vous avez peut-\u00eatre aussi entendu parler des Fonds d\u2019\u00c9limination du Paludisme (Fonds d\u2019\u00c9limination du Paludisme en anglais, comme le Eswatini Fonds d\u2019\u00c9limination du Paludisme). Le terme de CEP employ\u00e9 dans cette \u00ab&nbsp;trousse \u00e0 outils&nbsp;\u00bb fait r\u00e9f\u00e9rence \u00e0 la fois aux conseils et aux fonds car ces derniers sont synonymes. Les deux cat\u00e9gories sont compos\u00e9es de dirigeants de haut niveau ; mobilisent les engagements pour le plaidoyer, l\u2019action, les ressources et la redevabilit\u00e9 ; oeuvrent en partenariat avec le PNLP, et sont soutenues par un secr\u00e9tariat administratif de taille r\u00e9duite.<\/p>\n<\/div><\/div>\n\n\n\n<div style=\"height:20px\" aria-hidden=\"true\" class=\"wp-block-spacer\"><\/div>\n\n\n\n<p>Les CEP sont compos\u00e9s de dirigeants de haut niveau issus de tous les secteurs \u2014 gouvernement, secteur priv\u00e9, soci\u00e9t\u00e9 civile et communaut\u00e9s. Cela peut inclure ministres et secr\u00e9taires principaux, hauts dirigeants d\u2019entreprise, clerg\u00e9 et dirigeants traditionnels. Afin de faire montre d\u2019un engagement et d\u2019une volont\u00e9 politiques clairs, les membres (b\u00e9n\u00e9voles) sont invit\u00e9s \u00e0 rejoindre le CEP par le chef d\u2019\u00c9tat et de gouvernement.<\/p>\n\n\n\n<div class=\"wp-block-group groupBackground has-background\" style=\"background-color:#feeeb4\"><div class=\"wp-block-group__inner-container is-layout-flow wp-block-group-is-layout-flow\">\n<h3 class=\"wp-block-heading\">\u00c9tude de cas : Le Conseil d\u2019\u00c9limination du Paludisme de la Zambie (Zambia End Malaria Council)<\/h3>\n\n\n\n<p>En 2019, S.E. Pr\u00e9sident Lungu a nomm\u00e9 16 individus et organisations afin de former le Conseil d\u2019\u00c9limination du Paludisme de la Zambie. Parmi ces membres se trouvent cinq ministres (Sant\u00e9, Bureau du Vice-Pr\u00e9sident, Finance, D\u00e9fense et Tourisme), cinq entreprises du secteur priv\u00e9 et organisations syndicales (Chambre zambienne de commerce et d\u2019industrie\u2026) et quatre repr\u00e9sentants de la soci\u00e9t\u00e9 civile (un chef traditionnel, l\u2019\u00e9v\u00eaque du dioc\u00e8se anglican de Lusaka\u2026). Le Ministre de la sant\u00e9 a \u00e9t\u00e9 d\u00e9sign\u00e9 comme premier pr\u00e9sident du CEP.<\/p>\n<\/div><\/div>\n\n\n\n<div style=\"height:20px\" aria-hidden=\"true\" class=\"wp-block-spacer\"><\/div>\n\n\n\n<p>Les CEP rencontrent r\u00e9guli\u00e8rement le PNLP afin d\u2019\u00eatre tenus au courant de la situation de la lutte contre le paludisme et de son \u00c9limination ainsi que de toute lacune op\u00e9rationnelle ou goulot d\u2019\u00e9tranglement. Ces mises \u00e0 jour augmentent le partage transparent des informations sanitaires \u00e0 travers les diff\u00e9rents secteurs, gr\u00e2ce notamment aux cartes de score nationales et sub-nationales. Les PNLP peuvent faire remonter les d\u00e9fis rencontr\u00e9s par les CEP.<\/p>\n\n\n\n<p>Les membres du CEP impliquent ensuite leurs secteurs afin de mobiliser l\u2019engagement en faveur du plaidoyer, de l\u2019action et des ressources et d\u2019aider \u00e0 r\u00e9soudre ces d\u00e9fis. Les engagements font l&rsquo;objet d\u2019une documentation et d\u2019un suivi par le CEP et sont canalis\u00e9s par le PNLP, qui demeure responsable de la mise en oeuvre du PNS. A chaque r\u00e9union qui s\u2019ensuit, les membres examinent le statut des engagements et se tiennent mutuellement redevables de livrer les engagements mobilis\u00e9s.<\/p>\n\n\n\n<div class=\"wp-block-group groupBackground has-background\" style=\"background-color:#feeeb4\"><div class=\"wp-block-group__inner-container is-layout-flow wp-block-group-is-layout-flow\">\n<h2 class=\"wp-block-heading\">Exemples d\u2019engagements<\/h2>\n\n\n\n<h3 class=\"wp-block-heading\">Zambie<\/h3>\n\n\n\n<p>L\u2019autorit\u00e9 du Tr\u00e9sor zambien (Zambia Revenue Authority ou ZRA) a fait le don de camions et de v\u00e9hicules destin\u00e9s \u00e0 distribuer des MILD et soutenir l\u2019IRS ; la ZRA a \u00e9galement fait le don de campagnes de publicit\u00e9 \u00e0 la radio et \u00e0 la t\u00e9l\u00e9vision en faveur d\u2019une communication pour le changement de comportement social et comportemental. 500 000 $ USD ont \u00e9t\u00e9 mobilis\u00e9s aupr\u00e8s de Guillin Pharmaceuticals et d\u2019autres entreprises du secteur priv\u00e9 pour soutenir la campagne d\u2019administration de masse de m\u00e9dicaments.<\/p>\n\n\n\n<h3 class=\"wp-block-heading\">Eswatini<\/h3>\n\n\n\n<p>Fourniture d\u2019anti-palud\u00e9ens aux magasins m\u00e9dicaux centraux suite \u00e0 une rupture de stock nationale. Financement des co\u00fbts op\u00e9rationnels de la pulv\u00e9risation \u00e0 effet r\u00e9manent \u00e0 l\u2019int\u00e9rieur des habitations durant la saison du paludisme. R\u00e9alisation d\u2019ateliers avec des dirigeants traditionnels et les m\u00e9dias pour les sensibiliser \u00e0 l\u2019objectif prioritaire de l\u2019\u00c9limination du paludisme.<\/p>\n\n\n\n<h3 class=\"wp-block-heading\">Ouganda<\/h3>\n\n\n\n<p>Organisation d\u2019une campagne m\u00e9dia de masse et course cycliste de prestige avec le Minist\u00e8re de la sant\u00e9 pour la Journ\u00e9e mondiale du paludisme afin d\u2019accro\u00eetre la visibilit\u00e9 de la lutte contre le paludisme. Sensibilisation des dirigeants du secteur priv\u00e9 aux actions pouvant \u00eatre prises par ces derniers afin d\u2019\u00e9radiquer le paludisme.<\/p>\n\n\n\n<h3 class=\"wp-block-heading\">Mozambique<\/h3>\n\n\n\n<p>Implication du secteur priv\u00e9 pour les sensibiliser au fardeau du paludisme et mobilisation d\u2019engagements financiers et en nature d\u2019une valeur sup\u00e9rieure \u00e0 3.5 millions $ USD pour soutenir le PNLP.<\/p>\n<\/div><\/div>\n\n\n\n<div style=\"height:20px\" aria-hidden=\"true\" class=\"wp-block-spacer\"><\/div>\n\n\n\n<p>Eventuellement, les CEP sont soutenus par de petits secr\u00e9tariats administratifs. Ces secr\u00e9tariats (souvent 2-3 personnes) sont responsables de l\u2019organisation des r\u00e9unions trimestrielles, de la documentation et du suivi des engagements mobilis\u00e9s par les membres, de la liaison avec le PNLP et les partenaires de d\u00e9veloppement, et pr\u00e9parer les rapports trimestriels et annuels. Afin de minimiser les co\u00fbts g\u00e9n\u00e9raux, ces secr\u00e9tariats sont souvent constitu\u00e9s de personnel d\u00e9tach\u00e9 des membres et partenaires de d\u00e9veloppement. Par exemple, un membre peut allouer un comptable \u00e0 mi-temps pour aider \u00e0 clore les exercices comptables et effectuer le suivi des d\u00e9penses.<\/p>\n\n\n\n<h2 class=\"wp-block-heading\">La proc\u00e9dure<\/h2>\n\n\n\n<p>Une proc\u00e9dure simple a \u00e9t\u00e9 d\u00e9velopp\u00e9e pour soutenir la conception, la mise en oeuvre et le lancement d\u2019un CEP national :<\/p>\n\n\n\n<p><strong>Conception :<\/strong> D\u00e9velopper une note de cadrage soulignant les objectifs, la structure et les op\u00e9rations du CEP et obtenir une approbation politique de haut niveau.<\/p>\n\n\n\n<p><strong>Organisation avanc\u00e9e &amp; lancement :<\/strong> Recruter et int\u00e9grer les membres, \u00e9tablir le secr\u00e9tariat, d\u00e9velopper un plan afin de faire participer chaque secteur, et annoncer le CEP pour \u00e9tablir le mandat du conseil pour le plaidoyer, l\u2019action, les ressources et la redevabilit\u00e9.<\/p>\n\n\n\n<p><strong>Mobilisation :<\/strong> Faire du paludisme une priorit\u00e9 strat\u00e9gique \u00e0 travers les secteurs et mobiliser le plaidoyer, l\u2019action et les ressources.<\/p>\n\n\n\n<p><strong>Redevabilit\u00e9 :<\/strong> Se rencontrer r\u00e9guli\u00e8rement pour suivre et rendre compte des progr\u00e8s effectu\u00e9s et tenir les diff\u00e9rents secteurs ainsi que le PNLP mutuellement redevables pour atteindre les objectifs du PNS.<\/p>\n\n\n\n<hr class=\"wp-block-separator is-style-dots\"\/>\n\n\n\n<div class=\"wp-block-columns is-layout-flex wp-container-core-columns-is-layout-9d6595d7 wp-block-columns-is-layout-flex\">\n<div class=\"wp-block-column is-layout-flow wp-block-column-is-layout-flow\" style=\"flex-basis:50%\"><\/div>\n\n\n\n<div class=\"wp-block-column is-layout-flow wp-block-column-is-layout-flow\" style=\"flex-basis:50%\">\n<p class=\"has-text-align-right\"><a href=\"https:\/\/scorecardhub.org\/fr\/cep\/etablir-un-conseil-ou-un-fonds-delimination-du-paludisme-resume\/\">Suivant <i class=\"fas fa-arrow-circle-right\"><\/i><br><strong>\u00c9tablir un Conseil ou un Fonds d\u2019\u00c9limination du Paludisme \u2013 r\u00e9sum\u00e9<\/strong><\/a><\/p>\n<\/div>\n<\/div>\n","protected":false},"excerpt":{"rendered":"<p>Les Conseils d\u2019\u00c9limination du Paludisme sont des partenariats public-priv\u00e9 \u00e9tablis pour aider \u00e0 acc\u00e9l\u00e9rer les progr\u00e8s de la lutte contre le paludisme.<\/p>\n","protected":false},"author":14,"featured_media":27178,"parent":28233,"menu_order":0,"comment_status":"closed","ping_status":"closed","template":"resource-like-template.php","meta":{"footnotes":""},"class_list":["post-27709","page","type-page","status-publish","has-post-thumbnail","hentry"],"acf":[],"yoast_head":"<!-- This site is optimized with the Yoast SEO plugin v26.8 - https:\/\/yoast.com\/product\/yoast-seo-wordpress\/ -->\n<title>Introduction des Conseils et Fonds d\u2019\u00c9limination du Paludisme - ALMA Scorecard Hub<\/title>\n<meta name=\"robots\" content=\"index, follow, max-snippet:-1, max-image-preview:large, max-video-preview:-1\" \/>\n<link rel=\"canonical\" href=\"https:\/\/scorecardhub.org\/fr\/cep\/introduction-des-conseils-et-fonds-delimination-du-paludisme\/\" \/>\n<meta property=\"og:locale\" content=\"fr_FR\" \/>\n<meta property=\"og:type\" content=\"article\" \/>\n<meta property=\"og:title\" content=\"Introduction des Conseils et Fonds d\u2019\u00c9limination du Paludisme - ALMA Scorecard Hub\" \/>\n<meta property=\"og:description\" content=\"Les Conseils d\u2019\u00c9limination du Paludisme sont des partenariats public-priv\u00e9 \u00e9tablis pour aider \u00e0 acc\u00e9l\u00e9rer les progr\u00e8s de la lutte contre le paludisme.\" \/>\n<meta property=\"og:url\" content=\"https:\/\/scorecardhub.org\/fr\/cep\/introduction-des-conseils-et-fonds-delimination-du-paludisme\/\" \/>\n<meta property=\"og:site_name\" content=\"ALMA Scorecard Hub\" \/>\n<meta property=\"article:modified_time\" content=\"2022-02-03T14:46:34+00:00\" \/>\n<meta property=\"og:image\" content=\"https:\/\/scorecardhub.org\/wp-content\/uploads\/2021\/07\/thumbnails-emc-guide-introduction-fr-1.png\" \/>\n\t<meta property=\"og:image:width\" content=\"1200\" \/>\n\t<meta property=\"og:image:height\" content=\"630\" \/>\n\t<meta property=\"og:image:type\" content=\"image\/png\" \/>\n<meta name=\"twitter:card\" content=\"summary_large_image\" \/>\n<meta name=\"twitter:image\" content=\"https:\/\/scorecardhub.org\/wp-content\/uploads\/2021\/07\/thumbnails-emc-guide-introduction-fr-1.png\" \/>\n<meta name=\"twitter:site\" content=\"@ALMA_2030\" \/>\n<meta name=\"twitter:label1\" content=\"Dur\u00e9e de lecture estim\u00e9e\" \/>\n\t<meta name=\"twitter:data1\" content=\"5 minutes\" \/>\n<script type=\"application\/ld+json\" class=\"yoast-schema-graph\">{\"@context\":\"https:\/\/schema.org\",\"@graph\":[{\"@type\":\"WebPage\",\"@id\":\"https:\/\/scorecardhub.org\/fr\/cep\/introduction-des-conseils-et-fonds-delimination-du-paludisme\/\",\"url\":\"https:\/\/scorecardhub.org\/fr\/cep\/introduction-des-conseils-et-fonds-delimination-du-paludisme\/\",\"name\":\"Introduction des Conseils et Fonds d\u2019\u00c9limination du Paludisme - ALMA Scorecard Hub\",\"isPartOf\":{\"@id\":\"https:\/\/scorecardhub.org\/fr\/#website\"},\"primaryImageOfPage\":{\"@id\":\"https:\/\/scorecardhub.org\/fr\/cep\/introduction-des-conseils-et-fonds-delimination-du-paludisme\/#primaryimage\"},\"image\":{\"@id\":\"https:\/\/scorecardhub.org\/fr\/cep\/introduction-des-conseils-et-fonds-delimination-du-paludisme\/#primaryimage\"},\"thumbnailUrl\":\"https:\/\/scorecardhub.org\/wp-content\/uploads\/2021\/07\/thumbnail-emc-introduction-2.jpg\",\"datePublished\":\"2021-07-05T11:23:11+00:00\",\"dateModified\":\"2022-02-03T14:46:34+00:00\",\"breadcrumb\":{\"@id\":\"https:\/\/scorecardhub.org\/fr\/cep\/introduction-des-conseils-et-fonds-delimination-du-paludisme\/#breadcrumb\"},\"inLanguage\":\"fr-FR\",\"potentialAction\":[{\"@type\":\"ReadAction\",\"target\":[\"https:\/\/scorecardhub.org\/fr\/cep\/introduction-des-conseils-et-fonds-delimination-du-paludisme\/\"]}]},{\"@type\":\"ImageObject\",\"inLanguage\":\"fr-FR\",\"@id\":\"https:\/\/scorecardhub.org\/fr\/cep\/introduction-des-conseils-et-fonds-delimination-du-paludisme\/#primaryimage\",\"url\":\"https:\/\/scorecardhub.org\/wp-content\/uploads\/2021\/07\/thumbnail-emc-introduction-2.jpg\",\"contentUrl\":\"https:\/\/scorecardhub.org\/wp-content\/uploads\/2021\/07\/thumbnail-emc-introduction-2.jpg\",\"width\":800,\"height\":450},{\"@type\":\"BreadcrumbList\",\"@id\":\"https:\/\/scorecardhub.org\/fr\/cep\/introduction-des-conseils-et-fonds-delimination-du-paludisme\/#breadcrumb\",\"itemListElement\":[{\"@type\":\"ListItem\",\"position\":1,\"name\":\"Accueil\",\"item\":\"https:\/\/scorecardhub.org\/fr\/\"},{\"@type\":\"ListItem\",\"position\":2,\"name\":\"Bo\u00eete \u00e0 outils des Conseils et Fonds d\u2019\u00c9limination du Paludisme\",\"item\":\"https:\/\/scorecardhub.org\/fr\/cep\/\"},{\"@type\":\"ListItem\",\"position\":3,\"name\":\"Introduction des Conseils et Fonds d\u2019\u00c9limination du Paludisme\"}]},{\"@type\":\"WebSite\",\"@id\":\"https:\/\/scorecardhub.org\/fr\/#website\",\"url\":\"https:\/\/scorecardhub.org\/fr\/\",\"name\":\"ALMA Scorecard Hub\",\"description\":\"\",\"publisher\":{\"@id\":\"https:\/\/scorecardhub.org\/fr\/#organization\"},\"potentialAction\":[{\"@type\":\"SearchAction\",\"target\":{\"@type\":\"EntryPoint\",\"urlTemplate\":\"https:\/\/scorecardhub.org\/fr\/?s={search_term_string}\"},\"query-input\":{\"@type\":\"PropertyValueSpecification\",\"valueRequired\":true,\"valueName\":\"search_term_string\"}}],\"inLanguage\":\"fr-FR\"},{\"@type\":\"Organization\",\"@id\":\"https:\/\/scorecardhub.org\/fr\/#organization\",\"name\":\"ALMA Scorecard Hub\",\"url\":\"https:\/\/scorecardhub.org\/fr\/\",\"logo\":{\"@type\":\"ImageObject\",\"inLanguage\":\"fr-FR\",\"@id\":\"https:\/\/scorecardhub.org\/fr\/#\/schema\/logo\/image\/\",\"url\":\"https:\/\/scorecardhub.org\/wp-content\/uploads\/2021\/02\/alma_logo-1.svg\",\"contentUrl\":\"https:\/\/scorecardhub.org\/wp-content\/uploads\/2021\/02\/alma_logo-1.svg\",\"width\":276,\"height\":58,\"caption\":\"ALMA Scorecard Hub\"},\"image\":{\"@id\":\"https:\/\/scorecardhub.org\/fr\/#\/schema\/logo\/image\/\"},\"sameAs\":[\"https:\/\/x.com\/ALMA_2030\"]}]}<\/script>\n<!-- \/ Yoast SEO plugin. -->","yoast_head_json":{"title":"Introduction des Conseils et Fonds d\u2019\u00c9limination du Paludisme - ALMA Scorecard Hub","robots":{"index":"index","follow":"follow","max-snippet":"max-snippet:-1","max-image-preview":"max-image-preview:large","max-video-preview":"max-video-preview:-1"},"canonical":"https:\/\/scorecardhub.org\/fr\/cep\/introduction-des-conseils-et-fonds-delimination-du-paludisme\/","og_locale":"fr_FR","og_type":"article","og_title":"Introduction des Conseils et Fonds d\u2019\u00c9limination du Paludisme - ALMA Scorecard Hub","og_description":"Les Conseils d\u2019\u00c9limination du Paludisme sont des partenariats public-priv\u00e9 \u00e9tablis pour aider \u00e0 acc\u00e9l\u00e9rer les progr\u00e8s de la lutte contre le paludisme.","og_url":"https:\/\/scorecardhub.org\/fr\/cep\/introduction-des-conseils-et-fonds-delimination-du-paludisme\/","og_site_name":"ALMA Scorecard Hub","article_modified_time":"2022-02-03T14:46:34+00:00","og_image":[{"width":1200,"height":630,"url":"https:\/\/scorecardhub.org\/wp-content\/uploads\/2021\/07\/thumbnails-emc-guide-introduction-fr-1.png","type":"image\/png"}],"twitter_card":"summary_large_image","twitter_image":"https:\/\/scorecardhub.org\/wp-content\/uploads\/2021\/07\/thumbnails-emc-guide-introduction-fr-1.png","twitter_site":"@ALMA_2030","twitter_misc":{"Dur\u00e9e de lecture estim\u00e9e":"5 minutes"},"schema":{"@context":"https:\/\/schema.org","@graph":[{"@type":"WebPage","@id":"https:\/\/scorecardhub.org\/fr\/cep\/introduction-des-conseils-et-fonds-delimination-du-paludisme\/","url":"https:\/\/scorecardhub.org\/fr\/cep\/introduction-des-conseils-et-fonds-delimination-du-paludisme\/","name":"Introduction des Conseils et Fonds d\u2019\u00c9limination du Paludisme - ALMA Scorecard Hub","isPartOf":{"@id":"https:\/\/scorecardhub.org\/fr\/#website"},"primaryImageOfPage":{"@id":"https:\/\/scorecardhub.org\/fr\/cep\/introduction-des-conseils-et-fonds-delimination-du-paludisme\/#primaryimage"},"image":{"@id":"https:\/\/scorecardhub.org\/fr\/cep\/introduction-des-conseils-et-fonds-delimination-du-paludisme\/#primaryimage"},"thumbnailUrl":"https:\/\/scorecardhub.org\/wp-content\/uploads\/2021\/07\/thumbnail-emc-introduction-2.jpg","datePublished":"2021-07-05T11:23:11+00:00","dateModified":"2022-02-03T14:46:34+00:00","breadcrumb":{"@id":"https:\/\/scorecardhub.org\/fr\/cep\/introduction-des-conseils-et-fonds-delimination-du-paludisme\/#breadcrumb"},"inLanguage":"fr-FR","potentialAction":[{"@type":"ReadAction","target":["https:\/\/scorecardhub.org\/fr\/cep\/introduction-des-conseils-et-fonds-delimination-du-paludisme\/"]}]},{"@type":"ImageObject","inLanguage":"fr-FR","@id":"https:\/\/scorecardhub.org\/fr\/cep\/introduction-des-conseils-et-fonds-delimination-du-paludisme\/#primaryimage","url":"https:\/\/scorecardhub.org\/wp-content\/uploads\/2021\/07\/thumbnail-emc-introduction-2.jpg","contentUrl":"https:\/\/scorecardhub.org\/wp-content\/uploads\/2021\/07\/thumbnail-emc-introduction-2.jpg","width":800,"height":450},{"@type":"BreadcrumbList","@id":"https:\/\/scorecardhub.org\/fr\/cep\/introduction-des-conseils-et-fonds-delimination-du-paludisme\/#breadcrumb","itemListElement":[{"@type":"ListItem","position":1,"name":"Accueil","item":"https:\/\/scorecardhub.org\/fr\/"},{"@type":"ListItem","position":2,"name":"Bo\u00eete \u00e0 outils des Conseils et Fonds d\u2019\u00c9limination du Paludisme","item":"https:\/\/scorecardhub.org\/fr\/cep\/"},{"@type":"ListItem","position":3,"name":"Introduction des Conseils et Fonds d\u2019\u00c9limination du Paludisme"}]},{"@type":"WebSite","@id":"https:\/\/scorecardhub.org\/fr\/#website","url":"https:\/\/scorecardhub.org\/fr\/","name":"ALMA Scorecard Hub","description":"","publisher":{"@id":"https:\/\/scorecardhub.org\/fr\/#organization"},"potentialAction":[{"@type":"SearchAction","target":{"@type":"EntryPoint","urlTemplate":"https:\/\/scorecardhub.org\/fr\/?s={search_term_string}"},"query-input":{"@type":"PropertyValueSpecification","valueRequired":true,"valueName":"search_term_string"}}],"inLanguage":"fr-FR"},{"@type":"Organization","@id":"https:\/\/scorecardhub.org\/fr\/#organization","name":"ALMA Scorecard Hub","url":"https:\/\/scorecardhub.org\/fr\/","logo":{"@type":"ImageObject","inLanguage":"fr-FR","@id":"https:\/\/scorecardhub.org\/fr\/#\/schema\/logo\/image\/","url":"https:\/\/scorecardhub.org\/wp-content\/uploads\/2021\/02\/alma_logo-1.svg","contentUrl":"https:\/\/scorecardhub.org\/wp-content\/uploads\/2021\/02\/alma_logo-1.svg","width":276,"height":58,"caption":"ALMA Scorecard Hub"},"image":{"@id":"https:\/\/scorecardhub.org\/fr\/#\/schema\/logo\/image\/"},"sameAs":["https:\/\/x.com\/ALMA_2030"]}]}},"_links":{"self":[{"href":"https:\/\/scorecardhub.org\/fr\/wp-json\/wp\/v2\/pages\/27709","targetHints":{"allow":["GET"]}}],"collection":[{"href":"https:\/\/scorecardhub.org\/fr\/wp-json\/wp\/v2\/pages"}],"about":[{"href":"https:\/\/scorecardhub.org\/fr\/wp-json\/wp\/v2\/types\/page"}],"author":[{"embeddable":true,"href":"https:\/\/scorecardhub.org\/fr\/wp-json\/wp\/v2\/users\/14"}],"replies":[{"embeddable":true,"href":"https:\/\/scorecardhub.org\/fr\/wp-json\/wp\/v2\/comments?post=27709"}],"version-history":[{"count":5,"href":"https:\/\/scorecardhub.org\/fr\/wp-json\/wp\/v2\/pages\/27709\/revisions"}],"predecessor-version":[{"id":60998,"href":"https:\/\/scorecardhub.org\/fr\/wp-json\/wp\/v2\/pages\/27709\/revisions\/60998"}],"up":[{"embeddable":true,"href":"https:\/\/scorecardhub.org\/fr\/wp-json\/wp\/v2\/pages\/28233"}],"wp:featuredmedia":[{"embeddable":true,"href":"https:\/\/scorecardhub.org\/fr\/wp-json\/wp\/v2\/media\/27178"}],"wp:attachment":[{"href":"https:\/\/scorecardhub.org\/fr\/wp-json\/wp\/v2\/media?parent=27709"}],"curies":[{"name":"wp","href":"https:\/\/api.w.org\/{rel}","templated":true}]}}