{"id":25534,"date":"2021-06-21T14:21:29","date_gmt":"2021-06-21T14:21:29","guid":{"rendered":"https:\/\/scorecardhub.org\/swp-guide\/"},"modified":"2021-06-28T08:35:37","modified_gmt":"2021-06-28T08:35:37","slug":"swp-guide","status":"publish","type":"page","link":"https:\/\/scorecardhub.org\/fr\/swp-guide\/","title":{"rendered":"Guide de la plateforme Web de la carte de score"},"content":{"rendered":"\n<p>D\u00e9couvrez la plateforme Web de la carte de score, comment l\u2019utiliser pour g\u00e9rer les carte de score et comment publier vos cartes de score sur le centre de de connaissances ALMA Scorecard Hub.<\/p>\n\n\n<section class=\"updates-section\">\r\n    <div class=\"container\">\r\n        <h2><\/h2>\r\n                    <div class=\"courses-holder \">\r\n                                    <a href=\"https:\/\/scorecardhub.org\/fr\/swp-guide\/introduction-a-la-plateforme-web-de-la-carte-de-score\/\"\r\n                       class=\"post-item  \">\r\n                        <div class=\"img-holder\"\r\n                             style=\"background-image: url('https:\/\/scorecardhub.org\/wp-content\/uploads\/2021\/02\/scorecard-web-platform-thumbnail.png');\">\r\n                                                    <\/div>\r\n                        <div class=\"content-holder\">\r\n                            <div class=\"heading-block\">\r\n                                <h3>\r\n                                    Introduction \u00e0 la plateforme web de la carte de score                                    <!--                            <time datetime=\"-->\r\n                                    <!--\">22.07.2020 \/ 12:00 PM (UTC)<\/time>-->\r\n                                <\/h3>\r\n                            <\/div>\r\n                            <p>Cet outil permet aux pays de cr\u00e9er et de g\u00e9rer eux-m\u00eames leurs cartes de score et leurs actions. La&#8230;<\/p>\r\n                        <\/div>\r\n                    <\/a>\r\n                                    <a href=\"https:\/\/scorecardhub.org\/fr\/swp-guide\/utilisation-de-lapplication-mobile-de-la-carte-de-score-pour-les-telephones-et-tablettes-android-et-apple\/\"\r\n                       class=\"post-item  \">\r\n                        <div class=\"img-holder\"\r\n                             style=\"background-image: url('https:\/\/scorecardhub.org\/wp-content\/uploads\/2021\/06\/thumbnails-swp-guide-managing-accounts1.png');\">\r\n                                                    <\/div>\r\n                        <div class=\"content-holder\">\r\n                            <div class=\"heading-block\">\r\n                                <h3>\r\n                                    Utilisation de l\u2019application mobile de la carte de score pour les t\u00e9l\u00e9phones et tablettes (Android et Apple)                                    <!--                            <time datetime=\"-->\r\n                                    <!--\">22.07.2020 \/ 12:00 PM (UTC)<\/time>-->\r\n                                <\/h3>\r\n                            <\/div>\r\n                            <p>La plate-forme Web de la carte de score est \u00e9galement accessible sur les t\u00e9l\u00e9phones mobiles et les tablettes \u00e0&#8230;<\/p>\r\n                        <\/div>\r\n                    <\/a>\r\n                                    <a href=\"https:\/\/scorecardhub.org\/fr\/swp-guide\/guide-de-lutilisateur-de-la-plateforme-web-de-la-carte-de-score-et-guide-dutilisation-de-l-application-pour-smartphone\/\"\r\n                       class=\"post-item  \">\r\n                        <div class=\"img-holder\"\r\n                             style=\"background-image: url('https:\/\/scorecardhub.org\/wp-content\/uploads\/2021\/02\/swp-user-guide-thumbnail.png');\">\r\n                                                    <\/div>\r\n                        <div class=\"content-holder\">\r\n                            <div class=\"heading-block\">\r\n                                <h3>\r\n                                    Guide de l&rsquo;utilisateur de la plateforme Web de la carte de score et guide d\u2019utilisation de l\u2019 application pour smartphone                                    <!--                            <time datetime=\"-->\r\n                                    <!--\">22.07.2020 \/ 12:00 PM (UTC)<\/time>-->\r\n                                <\/h3>\r\n                            <\/div>\r\n                            <p>T\u00e9l\u00e9chargez le guide d&rsquo;utilisation de la plate-forme Web de la carte de score et le guide d&rsquo;utilisation de l\u2019application&#8230;<\/p>\r\n                        <\/div>\r\n                    <\/a>\r\n                                    <a href=\"https:\/\/scorecardhub.org\/fr\/swp-guide\/publish-a-scorecard-to-the-alma-scorecard-hub\/\"\r\n                       class=\"post-item  \">\r\n                        <div class=\"img-holder\"\r\n                             style=\"background-image: url('https:\/\/scorecardhub.org\/wp-content\/uploads\/2021\/02\/thumbnail-scorecard-hub-logo.png');\">\r\n                                                    <\/div>\r\n                        <div class=\"content-holder\">\r\n                            <div class=\"heading-block\">\r\n                                <h3>\r\n                                    Publier une carte de score sur le Centre de Connaissances ALMA Scorecard Hub                                    <!--                            <time datetime=\"-->\r\n                                    <!--\">22.07.2020 \/ 12:00 PM (UTC)<\/time>-->\r\n                                <\/h3>\r\n                            <\/div>\r\n                            <p>You can share your scorecard directly from the Scorecard Web Platform or as a PDF.<\/p>\r\n                        <\/div>\r\n                    <\/a>\r\n                                    <a href=\"https:\/\/scorecardhub.org\/fr\/swp-guide\/gestion-des-utilisateurs-creation-et-modification-de-comptes-dutilisateurs\/\"\r\n                       class=\"post-item  \">\r\n                        <div class=\"img-holder\"\r\n                             style=\"background-image: url('https:\/\/scorecardhub.org\/wp-content\/uploads\/2021\/06\/thumbnails-swp-guide-managing-accounts.png');\">\r\n                                                    <\/div>\r\n                        <div class=\"content-holder\">\r\n                            <div class=\"heading-block\">\r\n                                <h3>\r\n                                    Gestion des utilisateurs, cr\u00e9ation et modification de comptes d\u2019utilisateurs                                    <!--                            <time datetime=\"-->\r\n                                    <!--\">22.07.2020 \/ 12:00 PM (UTC)<\/time>-->\r\n                                <\/h3>\r\n                            <\/div>\r\n                            <p>Ajouter de nouveaux utilisateurs, modifier les utilisateurs existants, r\u00e9initialiser les mots de passe des utilisateurs, renvoyer le lien d\u2019activation&#8230;<\/p>\r\n                        <\/div>\r\n                    <\/a>\r\n                            <\/div>\r\n            <\/div>\r\n<\/section>\r\n","protected":false},"excerpt":{"rendered":"<p>D\u00e9couvrez la plateforme Web de la carte de score, comment l\u2019utiliser pour g\u00e9rer les carte de score et comment publier vos cartes de score sur le centre de de connaissances ALMA Scorecard Hub.<\/p>\n","protected":false},"author":14,"featured_media":16115,"parent":0,"menu_order":0,"comment_status":"closed","ping_status":"closed","template":"","meta":{"footnotes":""},"class_list":["post-25534","page","type-page","status-publish","has-post-thumbnail","hentry"],"acf":[],"yoast_head":"<!-- This site is optimized with the Yoast SEO plugin v26.8 - https:\/\/yoast.com\/product\/yoast-seo-wordpress\/ -->\n<title>Guide de la plateforme Web de la carte de score - ALMA Scorecard Hub<\/title>\n<meta name=\"robots\" content=\"noindex, follow\" \/>\n<meta property=\"og:locale\" content=\"fr_FR\" \/>\n<meta property=\"og:type\" content=\"article\" \/>\n<meta property=\"og:title\" content=\"Guide de la plateforme Web de la carte de score - ALMA Scorecard Hub\" \/>\n<meta property=\"og:description\" content=\"D\u00e9couvrez la plateforme Web de la carte de score, comment l\u2019utiliser pour g\u00e9rer les carte de score et comment publier vos cartes de score sur le centre de de connaissances ALMA Scorecard Hub.\" \/>\n<meta property=\"og:url\" content=\"https:\/\/scorecardhub.org\/fr\/swp-guide\/\" \/>\n<meta property=\"og:site_name\" content=\"ALMA Scorecard Hub\" \/>\n<meta property=\"article:modified_time\" content=\"2021-06-28T08:35:37+00:00\" \/>\n<meta property=\"og:image\" content=\"https:\/\/scorecardhub.org\/wp-content\/uploads\/2021\/06\/thumbnails-swp-guide-fr.png\" \/>\n\t<meta property=\"og:image:width\" content=\"1200\" \/>\n\t<meta property=\"og:image:height\" content=\"630\" \/>\n\t<meta property=\"og:image:type\" content=\"image\/png\" \/>\n<meta name=\"twitter:card\" content=\"summary_large_image\" \/>\n<meta name=\"twitter:image\" content=\"https:\/\/scorecardhub.org\/wp-content\/uploads\/2021\/06\/thumbnails-swp-guide-fr.png\" \/>\n<meta name=\"twitter:site\" content=\"@ALMA_2030\" \/>\n<meta name=\"twitter:label1\" content=\"Dur\u00e9e de lecture estim\u00e9e\" \/>\n\t<meta name=\"twitter:data1\" content=\"1 minute\" \/>\n<script type=\"application\/ld+json\" class=\"yoast-schema-graph\">{\"@context\":\"https:\/\/schema.org\",\"@graph\":[{\"@type\":\"WebPage\",\"@id\":\"https:\/\/scorecardhub.org\/fr\/swp-guide\/\",\"url\":\"https:\/\/scorecardhub.org\/fr\/swp-guide\/\",\"name\":\"Guide de la plateforme Web de la carte de score - ALMA Scorecard Hub\",\"isPartOf\":{\"@id\":\"https:\/\/scorecardhub.org\/fr\/#website\"},\"primaryImageOfPage\":{\"@id\":\"https:\/\/scorecardhub.org\/fr\/swp-guide\/#primaryimage\"},\"image\":{\"@id\":\"https:\/\/scorecardhub.org\/fr\/swp-guide\/#primaryimage\"},\"thumbnailUrl\":\"https:\/\/scorecardhub.org\/wp-content\/uploads\/2021\/02\/scorecard-web-platform-thumbnail.png\",\"datePublished\":\"2021-06-21T14:21:29+00:00\",\"dateModified\":\"2021-06-28T08:35:37+00:00\",\"breadcrumb\":{\"@id\":\"https:\/\/scorecardhub.org\/fr\/swp-guide\/#breadcrumb\"},\"inLanguage\":\"fr-FR\",\"potentialAction\":[{\"@type\":\"ReadAction\",\"target\":[\"https:\/\/scorecardhub.org\/fr\/swp-guide\/\"]}]},{\"@type\":\"ImageObject\",\"inLanguage\":\"fr-FR\",\"@id\":\"https:\/\/scorecardhub.org\/fr\/swp-guide\/#primaryimage\",\"url\":\"https:\/\/scorecardhub.org\/wp-content\/uploads\/2021\/02\/scorecard-web-platform-thumbnail.png\",\"contentUrl\":\"https:\/\/scorecardhub.org\/wp-content\/uploads\/2021\/02\/scorecard-web-platform-thumbnail.png\",\"width\":800,\"height\":450},{\"@type\":\"BreadcrumbList\",\"@id\":\"https:\/\/scorecardhub.org\/fr\/swp-guide\/#breadcrumb\",\"itemListElement\":[{\"@type\":\"ListItem\",\"position\":1,\"name\":\"Accueil\",\"item\":\"https:\/\/scorecardhub.org\/fr\/\"},{\"@type\":\"ListItem\",\"position\":2,\"name\":\"Guide de la plateforme Web de la carte de score\"}]},{\"@type\":\"WebSite\",\"@id\":\"https:\/\/scorecardhub.org\/fr\/#website\",\"url\":\"https:\/\/scorecardhub.org\/fr\/\",\"name\":\"ALMA Scorecard Hub\",\"description\":\"\",\"publisher\":{\"@id\":\"https:\/\/scorecardhub.org\/fr\/#organization\"},\"potentialAction\":[{\"@type\":\"SearchAction\",\"target\":{\"@type\":\"EntryPoint\",\"urlTemplate\":\"https:\/\/scorecardhub.org\/fr\/?s={search_term_string}\"},\"query-input\":{\"@type\":\"PropertyValueSpecification\",\"valueRequired\":true,\"valueName\":\"search_term_string\"}}],\"inLanguage\":\"fr-FR\"},{\"@type\":\"Organization\",\"@id\":\"https:\/\/scorecardhub.org\/fr\/#organization\",\"name\":\"ALMA Scorecard Hub\",\"url\":\"https:\/\/scorecardhub.org\/fr\/\",\"logo\":{\"@type\":\"ImageObject\",\"inLanguage\":\"fr-FR\",\"@id\":\"https:\/\/scorecardhub.org\/fr\/#\/schema\/logo\/image\/\",\"url\":\"https:\/\/scorecardhub.org\/wp-content\/uploads\/2021\/02\/alma_logo-1.svg\",\"contentUrl\":\"https:\/\/scorecardhub.org\/wp-content\/uploads\/2021\/02\/alma_logo-1.svg\",\"width\":276,\"height\":58,\"caption\":\"ALMA Scorecard Hub\"},\"image\":{\"@id\":\"https:\/\/scorecardhub.org\/fr\/#\/schema\/logo\/image\/\"},\"sameAs\":[\"https:\/\/x.com\/ALMA_2030\"]}]}<\/script>\n<!-- \/ Yoast SEO plugin. -->","yoast_head_json":{"title":"Guide de la plateforme Web de la carte de score - ALMA Scorecard Hub","robots":{"index":"noindex","follow":"follow"},"og_locale":"fr_FR","og_type":"article","og_title":"Guide de la plateforme Web de la carte de score - ALMA Scorecard Hub","og_description":"D\u00e9couvrez la plateforme Web de la carte de score, comment l\u2019utiliser pour g\u00e9rer les carte de score et comment publier vos cartes de score sur le centre de de connaissances ALMA Scorecard Hub.","og_url":"https:\/\/scorecardhub.org\/fr\/swp-guide\/","og_site_name":"ALMA Scorecard Hub","article_modified_time":"2021-06-28T08:35:37+00:00","og_image":[{"width":1200,"height":630,"url":"https:\/\/scorecardhub.org\/wp-content\/uploads\/2021\/06\/thumbnails-swp-guide-fr.png","type":"image\/png"}],"twitter_card":"summary_large_image","twitter_image":"https:\/\/scorecardhub.org\/wp-content\/uploads\/2021\/06\/thumbnails-swp-guide-fr.png","twitter_site":"@ALMA_2030","twitter_misc":{"Dur\u00e9e de lecture estim\u00e9e":"1 minute"},"schema":{"@context":"https:\/\/schema.org","@graph":[{"@type":"WebPage","@id":"https:\/\/scorecardhub.org\/fr\/swp-guide\/","url":"https:\/\/scorecardhub.org\/fr\/swp-guide\/","name":"Guide de la plateforme Web de la carte de score - ALMA Scorecard Hub","isPartOf":{"@id":"https:\/\/scorecardhub.org\/fr\/#website"},"primaryImageOfPage":{"@id":"https:\/\/scorecardhub.org\/fr\/swp-guide\/#primaryimage"},"image":{"@id":"https:\/\/scorecardhub.org\/fr\/swp-guide\/#primaryimage"},"thumbnailUrl":"https:\/\/scorecardhub.org\/wp-content\/uploads\/2021\/02\/scorecard-web-platform-thumbnail.png","datePublished":"2021-06-21T14:21:29+00:00","dateModified":"2021-06-28T08:35:37+00:00","breadcrumb":{"@id":"https:\/\/scorecardhub.org\/fr\/swp-guide\/#breadcrumb"},"inLanguage":"fr-FR","potentialAction":[{"@type":"ReadAction","target":["https:\/\/scorecardhub.org\/fr\/swp-guide\/"]}]},{"@type":"ImageObject","inLanguage":"fr-FR","@id":"https:\/\/scorecardhub.org\/fr\/swp-guide\/#primaryimage","url":"https:\/\/scorecardhub.org\/wp-content\/uploads\/2021\/02\/scorecard-web-platform-thumbnail.png","contentUrl":"https:\/\/scorecardhub.org\/wp-content\/uploads\/2021\/02\/scorecard-web-platform-thumbnail.png","width":800,"height":450},{"@type":"BreadcrumbList","@id":"https:\/\/scorecardhub.org\/fr\/swp-guide\/#breadcrumb","itemListElement":[{"@type":"ListItem","position":1,"name":"Accueil","item":"https:\/\/scorecardhub.org\/fr\/"},{"@type":"ListItem","position":2,"name":"Guide de la plateforme Web de la carte de score"}]},{"@type":"WebSite","@id":"https:\/\/scorecardhub.org\/fr\/#website","url":"https:\/\/scorecardhub.org\/fr\/","name":"ALMA Scorecard Hub","description":"","publisher":{"@id":"https:\/\/scorecardhub.org\/fr\/#organization"},"potentialAction":[{"@type":"SearchAction","target":{"@type":"EntryPoint","urlTemplate":"https:\/\/scorecardhub.org\/fr\/?s={search_term_string}"},"query-input":{"@type":"PropertyValueSpecification","valueRequired":true,"valueName":"search_term_string"}}],"inLanguage":"fr-FR"},{"@type":"Organization","@id":"https:\/\/scorecardhub.org\/fr\/#organization","name":"ALMA Scorecard Hub","url":"https:\/\/scorecardhub.org\/fr\/","logo":{"@type":"ImageObject","inLanguage":"fr-FR","@id":"https:\/\/scorecardhub.org\/fr\/#\/schema\/logo\/image\/","url":"https:\/\/scorecardhub.org\/wp-content\/uploads\/2021\/02\/alma_logo-1.svg","contentUrl":"https:\/\/scorecardhub.org\/wp-content\/uploads\/2021\/02\/alma_logo-1.svg","width":276,"height":58,"caption":"ALMA Scorecard Hub"},"image":{"@id":"https:\/\/scorecardhub.org\/fr\/#\/schema\/logo\/image\/"},"sameAs":["https:\/\/x.com\/ALMA_2030"]}]}},"_links":{"self":[{"href":"https:\/\/scorecardhub.org\/fr\/wp-json\/wp\/v2\/pages\/25534","targetHints":{"allow":["GET"]}}],"collection":[{"href":"https:\/\/scorecardhub.org\/fr\/wp-json\/wp\/v2\/pages"}],"about":[{"href":"https:\/\/scorecardhub.org\/fr\/wp-json\/wp\/v2\/types\/page"}],"author":[{"embeddable":true,"href":"https:\/\/scorecardhub.org\/fr\/wp-json\/wp\/v2\/users\/14"}],"replies":[{"embeddable":true,"href":"https:\/\/scorecardhub.org\/fr\/wp-json\/wp\/v2\/comments?post=25534"}],"version-history":[{"count":4,"href":"https:\/\/scorecardhub.org\/fr\/wp-json\/wp\/v2\/pages\/25534\/revisions"}],"predecessor-version":[{"id":25593,"href":"https:\/\/scorecardhub.org\/fr\/wp-json\/wp\/v2\/pages\/25534\/revisions\/25593"}],"wp:featuredmedia":[{"embeddable":true,"href":"https:\/\/scorecardhub.org\/fr\/wp-json\/wp\/v2\/media\/16115"}],"wp:attachment":[{"href":"https:\/\/scorecardhub.org\/fr\/wp-json\/wp\/v2\/media?parent=25534"}],"curies":[{"name":"wp","href":"https:\/\/api.w.org\/{rel}","templated":true}]}}