{"id":24874,"date":"2021-06-21T14:28:03","date_gmt":"2021-06-21T14:28:03","guid":{"rendered":"https:\/\/scorecardhub.org\/using-the-country-scorecard-mobile-app-for-android-devices-and-iphone-and-ipad\/"},"modified":"2021-06-27T11:06:33","modified_gmt":"2021-06-27T11:06:33","slug":"utilisation-de-lapplication-mobile-de-la-carte-de-score-pour-les-telephones-et-tablettes-android-et-apple","status":"publish","type":"page","link":"https:\/\/scorecardhub.org\/fr\/swp-guide\/utilisation-de-lapplication-mobile-de-la-carte-de-score-pour-les-telephones-et-tablettes-android-et-apple\/","title":{"rendered":"Utilisation de l\u2019application mobile de la carte de score pour les t\u00e9l\u00e9phones et tablettes (Android et Apple)"},"content":{"rendered":"\n<p>La plate-forme Web de la carte de score est \u00e9galement accessible sur les t\u00e9l\u00e9phones mobiles et les tablettes \u00e0 partir de l\u2019application mobile \u00ab&nbsp;Country Scorecard&nbsp;\u00bb pour les iPhone, iPad et t\u00e9l\u00e9phones et tablettes Android.<\/p>\n\n\n\n<p>Pour utiliser l\u2019application mobile \u00ab&nbsp;Country Scorecard&nbsp;\u00bb, vous aurez besoin:<\/p>\n\n\n\n<ul class=\"wp-block-list\"><li>d\u2019un compte d\u2019utilisateur sur la plateforme Web de la carte de score<\/li><li>d\u2019un t\u00e9l\u00e9phone ou tablette Android (Android 5.0 et versions ult\u00e9rieures) ou un iPhone ou iPad (version iOS 11 ou versions ult\u00e9rieures)<\/li><\/ul>\n\n\n\n<h2 class=\"wp-block-heading\">T\u00e9l\u00e9chargez l\u2019application mobile \u00ab&nbsp;Country Scorecard&nbsp;\u00bb<\/h2>\n\n\n\n<ul class=\"wp-block-list\"><li>Android : <a href=\"https:\/\/play.google.com\/store\/apps\/details?id=org.alma\">T\u00e9l\u00e9chargez l\u2019application mobile Country Scorecard pour Android<\/a><\/li><li>iPhone et iPad : <a href=\"https:\/\/apps.apple.com\/us\/app\/country-scorecard\/id1477942397?itsct=apps_box_link&amp;itscg=30200\">T\u00e9l\u00e9chargez l\u2019application mobile Country Scorecard pour iPhone et iPad<\/a><\/li><\/ul>\n\n\n\n<h2 class=\"wp-block-heading\">Guide d\u2019utilisateur de l\u2019application mobile \u00ab&nbsp;Country Scorecard&nbsp;\u00bb<\/h2>\n\n\n\n<div class=\"wp-block-image\"><figure class=\"alignright size-large\"><img loading=\"lazy\" decoding=\"async\" width=\"364\" height=\"667\" src=\"https:\/\/scorecardhub.org\/wp-content\/uploads\/2021\/06\/swp-guide-mobile-app.png\" alt=\"Screenshot of the 'Country Scorecard' mobile app.\" class=\"wp-image-24622\" srcset=\"https:\/\/scorecardhub.org\/wp-content\/uploads\/2021\/06\/swp-guide-mobile-app.png 364w, https:\/\/scorecardhub.org\/wp-content\/uploads\/2021\/06\/swp-guide-mobile-app-164x300.png 164w\" sizes=\"auto, (max-width: 364px) 100vw, 364px\" \/><\/figure><\/div>\n\n\n\n<p>L\u2019application mobile de la carte de score comprend plusieurs fonctionnalit\u00e9s :<\/p>\n\n\n\n<p><strong><strong>S\u00e9lection de la r\u00e9gion et de la carte de score (bouton 1 &#8211; trois lignes horizontales) : <\/strong><\/strong>S\u00e9lectionnez votre r\u00e9gion et votre carte de performance. Une fois que vous avez s\u00e9lectionn\u00e9 votre carte de score, cliquez sur ce bouton pour quitter le menu.<\/p>\n\n\n\n<p><strong><strong>Vue sous-nationale (bouton 2 &#8211; trois lignes horizontales dans une zone) : <\/strong><\/strong>S\u00e9lectionnez une r\u00e9gion, puis la p\u00e9riode de temps pour afficher la performance de tous les indicateurs dans cette r\u00e9gion.<\/p>\n\n\n\n<p><strong><strong>Vue d\u2019indicateur (bouton 3 &#8211; trois lignes horizontales dans une liste \u00e0 puces) : <\/strong><\/strong>S\u00e9lectionnez une cat\u00e9gorie, puis s\u00e9lectionnez un indicateur, puis s\u00e9lectionnez le trimestre pour afficher les performances de l\u2019indicateur pour tous les districts d\u2019une r\u00e9gion.<\/p>\n\n\n\n<p><strong><strong>Carte de score (bouton 4 &#8211; un tableau 3 par 3 de 9 cellules) : <\/strong><\/strong>Ce bouton permet d\u2019afficher un fichier PDF de la carte de score.<\/p>\n\n\n\n<p><strong><strong>Cartes (bouton 5 &#8211; un globe)<\/strong> : <\/strong>Voir les cartes des r\u00e9gions et des districts. S\u00e9lectionnez une cat\u00e9gorie, puis s\u00e9lectionnez un indicateur. Les cartes ne sont disponibles que pour les pays qui ont li\u00e9 leur carte de score \u00e0 DHIS2.<\/p>\n\n\n\n<p><strong><strong>Suivi d\u2019action (bouton 6 &#8211; le m\u00e9gaphone) : <\/strong><\/strong>Ajouter ou afficher les actions que les r\u00e9gions ou les districts mettent en \u0153uvre pour r\u00e9soudre les probl\u00e8mes identifi\u00e9s dans la carte de score.<\/p>\n\n\n\n<p><strong><strong>Gestionnaire de plan de travail (bouton 7 &#8211; un panneau sur un support) :<\/strong> <\/strong>Voir et g\u00e9rer les plans de travail op\u00e9rationnels pour surveiller la mise en \u0153uvre des activit\u00e9s. Cette fonctionnalit\u00e9 n\u2019est pas utilis\u00e9 par tous les pays, contactez le responsable de la carte de score de votre pays pour plus d\u2019information.<\/p>\n\n\n\n<p><strong>D\u00e9connectez-vous (bouton 8 &#8211; une fl\u00e8che pointant vers une sortie): <\/strong>Cela vous d\u00e9connectera de votre compte dans l\u2019application.<\/p>\n\n\n\n<p><strong>Revenez en arri\u00e8re (bouton 9 &#8211; une fl\u00e8che pointant vers lagauche):<\/strong> Cela vous ram\u00e8nera une page en arri\u00e8re.<\/p>\n\n\n\n<p><strong>Avancez (bouton 10 &#8211; une fl\u00e8che pointant vers la droite): <\/strong>Cela vous fera avancer d\u2019une page (pour afficher par exemple, les prochains indicateurs ou r\u00e9gions).<\/p>\n\n\n\n<p><strong>Actualiser la page (bouton 11 &#8211; une fl\u00e8che dans un cercle):<\/strong> Cela rechargera la page actuelle dans l\u2019application.<\/p>\n\n\n\n<h2 class=\"wp-block-heading\">Obtenir de l\u2019aide suppl\u00e9mentaire<\/h2>\n\n\n\n<p>Si vous avez besoin d\u2019une assistance suppl\u00e9mentaire avec l\u2019application mobile \u00ab&nbsp;Country Scorecard&nbsp;\u00bb, vous pouvez contacter :<\/p>\n\n\n\n<ul class=\"wp-block-list\"><li>l\u2019administrateur de la carte de score dans votre pays<\/li><li>l\u2019\u00e9quipe ALMA sur <a href=\"mailto:scorecardhub@alma2030.org\">scorecardhub@alma2030.org<\/a><\/li><\/ul>\n","protected":false},"excerpt":{"rendered":"<p>La plate-forme Web de la carte de score est \u00e9galement accessible sur les t\u00e9l\u00e9phones mobiles et les tablettes \u00e0 partir de l\u2019application mobile \u00ab Country Scorecard \u00bb pour les iPhone, iPad et t\u00e9l\u00e9phones et tablettes Android.<\/p>\n","protected":false},"author":14,"featured_media":24858,"parent":25534,"menu_order":0,"comment_status":"closed","ping_status":"closed","template":"resource-like-template.php","meta":{"footnotes":""},"class_list":["post-24874","page","type-page","status-publish","has-post-thumbnail","hentry"],"acf":[],"yoast_head":"<!-- This site is optimized with the Yoast SEO plugin v26.8 - https:\/\/yoast.com\/product\/yoast-seo-wordpress\/ -->\n<title>Utilisation de l\u2019application mobile de la carte de score pour les t\u00e9l\u00e9phones et tablettes (Android et Apple) - ALMA Scorecard Hub<\/title>\n<meta name=\"robots\" content=\"noindex, follow\" \/>\n<meta property=\"og:locale\" content=\"fr_FR\" \/>\n<meta property=\"og:type\" content=\"article\" \/>\n<meta property=\"og:title\" content=\"Utilisation de l\u2019application mobile de la carte de score pour les t\u00e9l\u00e9phones et tablettes (Android et Apple) - ALMA Scorecard Hub\" \/>\n<meta property=\"og:description\" content=\"La plate-forme Web de la carte de score est \u00e9galement accessible sur les t\u00e9l\u00e9phones mobiles et les tablettes \u00e0 partir de l\u2019application mobile \u00ab Country Scorecard \u00bb pour les iPhone, iPad et t\u00e9l\u00e9phones et tablettes Android.\" \/>\n<meta property=\"og:url\" content=\"https:\/\/scorecardhub.org\/fr\/swp-guide\/utilisation-de-lapplication-mobile-de-la-carte-de-score-pour-les-telephones-et-tablettes-android-et-apple\/\" \/>\n<meta property=\"og:site_name\" content=\"ALMA Scorecard Hub\" \/>\n<meta property=\"article:modified_time\" content=\"2021-06-27T11:06:33+00:00\" \/>\n<meta property=\"og:image\" content=\"https:\/\/scorecardhub.org\/wp-content\/uploads\/2021\/06\/thumbnails-swp-guide-mobile-app-fr.png\" \/>\n\t<meta property=\"og:image:width\" content=\"1200\" \/>\n\t<meta property=\"og:image:height\" content=\"630\" \/>\n\t<meta property=\"og:image:type\" content=\"image\/png\" \/>\n<meta name=\"twitter:card\" content=\"summary_large_image\" \/>\n<meta name=\"twitter:image\" content=\"https:\/\/scorecardhub.org\/wp-content\/uploads\/2021\/06\/thumbnails-swp-guide-mobile-app-fr.png\" \/>\n<meta name=\"twitter:site\" content=\"@ALMA_2030\" \/>\n<meta name=\"twitter:label1\" content=\"Dur\u00e9e de lecture estim\u00e9e\" \/>\n\t<meta name=\"twitter:data1\" content=\"3 minutes\" \/>\n<script type=\"application\/ld+json\" class=\"yoast-schema-graph\">{\"@context\":\"https:\/\/schema.org\",\"@graph\":[{\"@type\":\"WebPage\",\"@id\":\"https:\/\/scorecardhub.org\/fr\/swp-guide\/utilisation-de-lapplication-mobile-de-la-carte-de-score-pour-les-telephones-et-tablettes-android-et-apple\/\",\"url\":\"https:\/\/scorecardhub.org\/fr\/swp-guide\/utilisation-de-lapplication-mobile-de-la-carte-de-score-pour-les-telephones-et-tablettes-android-et-apple\/\",\"name\":\"Utilisation de l\u2019application mobile de la carte de score pour les t\u00e9l\u00e9phones et tablettes (Android et Apple) - ALMA Scorecard Hub\",\"isPartOf\":{\"@id\":\"https:\/\/scorecardhub.org\/fr\/#website\"},\"primaryImageOfPage\":{\"@id\":\"https:\/\/scorecardhub.org\/fr\/swp-guide\/utilisation-de-lapplication-mobile-de-la-carte-de-score-pour-les-telephones-et-tablettes-android-et-apple\/#primaryimage\"},\"image\":{\"@id\":\"https:\/\/scorecardhub.org\/fr\/swp-guide\/utilisation-de-lapplication-mobile-de-la-carte-de-score-pour-les-telephones-et-tablettes-android-et-apple\/#primaryimage\"},\"thumbnailUrl\":\"https:\/\/scorecardhub.org\/wp-content\/uploads\/2021\/06\/thumbnails-swp-guide-managing-accounts1.png\",\"datePublished\":\"2021-06-21T14:28:03+00:00\",\"dateModified\":\"2021-06-27T11:06:33+00:00\",\"breadcrumb\":{\"@id\":\"https:\/\/scorecardhub.org\/fr\/swp-guide\/utilisation-de-lapplication-mobile-de-la-carte-de-score-pour-les-telephones-et-tablettes-android-et-apple\/#breadcrumb\"},\"inLanguage\":\"fr-FR\",\"potentialAction\":[{\"@type\":\"ReadAction\",\"target\":[\"https:\/\/scorecardhub.org\/fr\/swp-guide\/utilisation-de-lapplication-mobile-de-la-carte-de-score-pour-les-telephones-et-tablettes-android-et-apple\/\"]}]},{\"@type\":\"ImageObject\",\"inLanguage\":\"fr-FR\",\"@id\":\"https:\/\/scorecardhub.org\/fr\/swp-guide\/utilisation-de-lapplication-mobile-de-la-carte-de-score-pour-les-telephones-et-tablettes-android-et-apple\/#primaryimage\",\"url\":\"https:\/\/scorecardhub.org\/wp-content\/uploads\/2021\/06\/thumbnails-swp-guide-managing-accounts1.png\",\"contentUrl\":\"https:\/\/scorecardhub.org\/wp-content\/uploads\/2021\/06\/thumbnails-swp-guide-managing-accounts1.png\",\"width\":800,\"height\":450},{\"@type\":\"BreadcrumbList\",\"@id\":\"https:\/\/scorecardhub.org\/fr\/swp-guide\/utilisation-de-lapplication-mobile-de-la-carte-de-score-pour-les-telephones-et-tablettes-android-et-apple\/#breadcrumb\",\"itemListElement\":[{\"@type\":\"ListItem\",\"position\":1,\"name\":\"Accueil\",\"item\":\"https:\/\/scorecardhub.org\/fr\/\"},{\"@type\":\"ListItem\",\"position\":2,\"name\":\"Guide de la plateforme Web de la carte de score\",\"item\":\"https:\/\/scorecardhub.org\/fr\/swp-guide\/\"},{\"@type\":\"ListItem\",\"position\":3,\"name\":\"Utilisation de l\u2019application mobile de la carte de score pour les t\u00e9l\u00e9phones et tablettes (Android et Apple)\"}]},{\"@type\":\"WebSite\",\"@id\":\"https:\/\/scorecardhub.org\/fr\/#website\",\"url\":\"https:\/\/scorecardhub.org\/fr\/\",\"name\":\"ALMA Scorecard Hub\",\"description\":\"\",\"publisher\":{\"@id\":\"https:\/\/scorecardhub.org\/fr\/#organization\"},\"potentialAction\":[{\"@type\":\"SearchAction\",\"target\":{\"@type\":\"EntryPoint\",\"urlTemplate\":\"https:\/\/scorecardhub.org\/fr\/?s={search_term_string}\"},\"query-input\":{\"@type\":\"PropertyValueSpecification\",\"valueRequired\":true,\"valueName\":\"search_term_string\"}}],\"inLanguage\":\"fr-FR\"},{\"@type\":\"Organization\",\"@id\":\"https:\/\/scorecardhub.org\/fr\/#organization\",\"name\":\"ALMA Scorecard Hub\",\"url\":\"https:\/\/scorecardhub.org\/fr\/\",\"logo\":{\"@type\":\"ImageObject\",\"inLanguage\":\"fr-FR\",\"@id\":\"https:\/\/scorecardhub.org\/fr\/#\/schema\/logo\/image\/\",\"url\":\"https:\/\/scorecardhub.org\/wp-content\/uploads\/2021\/02\/alma_logo-1.svg\",\"contentUrl\":\"https:\/\/scorecardhub.org\/wp-content\/uploads\/2021\/02\/alma_logo-1.svg\",\"width\":276,\"height\":58,\"caption\":\"ALMA Scorecard Hub\"},\"image\":{\"@id\":\"https:\/\/scorecardhub.org\/fr\/#\/schema\/logo\/image\/\"},\"sameAs\":[\"https:\/\/x.com\/ALMA_2030\"]}]}<\/script>\n<!-- \/ Yoast SEO plugin. -->","yoast_head_json":{"title":"Utilisation de l\u2019application mobile de la carte de score pour les t\u00e9l\u00e9phones et tablettes (Android et Apple) - ALMA Scorecard Hub","robots":{"index":"noindex","follow":"follow"},"og_locale":"fr_FR","og_type":"article","og_title":"Utilisation de l\u2019application mobile de la carte de score pour les t\u00e9l\u00e9phones et tablettes (Android et Apple) - ALMA Scorecard Hub","og_description":"La plate-forme Web de la carte de score est \u00e9galement accessible sur les t\u00e9l\u00e9phones mobiles et les tablettes \u00e0 partir de l\u2019application mobile \u00ab Country Scorecard \u00bb pour les iPhone, iPad et t\u00e9l\u00e9phones et tablettes Android.","og_url":"https:\/\/scorecardhub.org\/fr\/swp-guide\/utilisation-de-lapplication-mobile-de-la-carte-de-score-pour-les-telephones-et-tablettes-android-et-apple\/","og_site_name":"ALMA Scorecard Hub","article_modified_time":"2021-06-27T11:06:33+00:00","og_image":[{"width":1200,"height":630,"url":"https:\/\/scorecardhub.org\/wp-content\/uploads\/2021\/06\/thumbnails-swp-guide-mobile-app-fr.png","type":"image\/png"}],"twitter_card":"summary_large_image","twitter_image":"https:\/\/scorecardhub.org\/wp-content\/uploads\/2021\/06\/thumbnails-swp-guide-mobile-app-fr.png","twitter_site":"@ALMA_2030","twitter_misc":{"Dur\u00e9e de lecture estim\u00e9e":"3 minutes"},"schema":{"@context":"https:\/\/schema.org","@graph":[{"@type":"WebPage","@id":"https:\/\/scorecardhub.org\/fr\/swp-guide\/utilisation-de-lapplication-mobile-de-la-carte-de-score-pour-les-telephones-et-tablettes-android-et-apple\/","url":"https:\/\/scorecardhub.org\/fr\/swp-guide\/utilisation-de-lapplication-mobile-de-la-carte-de-score-pour-les-telephones-et-tablettes-android-et-apple\/","name":"Utilisation de l\u2019application mobile de la carte de score pour les t\u00e9l\u00e9phones et tablettes (Android et Apple) - ALMA Scorecard Hub","isPartOf":{"@id":"https:\/\/scorecardhub.org\/fr\/#website"},"primaryImageOfPage":{"@id":"https:\/\/scorecardhub.org\/fr\/swp-guide\/utilisation-de-lapplication-mobile-de-la-carte-de-score-pour-les-telephones-et-tablettes-android-et-apple\/#primaryimage"},"image":{"@id":"https:\/\/scorecardhub.org\/fr\/swp-guide\/utilisation-de-lapplication-mobile-de-la-carte-de-score-pour-les-telephones-et-tablettes-android-et-apple\/#primaryimage"},"thumbnailUrl":"https:\/\/scorecardhub.org\/wp-content\/uploads\/2021\/06\/thumbnails-swp-guide-managing-accounts1.png","datePublished":"2021-06-21T14:28:03+00:00","dateModified":"2021-06-27T11:06:33+00:00","breadcrumb":{"@id":"https:\/\/scorecardhub.org\/fr\/swp-guide\/utilisation-de-lapplication-mobile-de-la-carte-de-score-pour-les-telephones-et-tablettes-android-et-apple\/#breadcrumb"},"inLanguage":"fr-FR","potentialAction":[{"@type":"ReadAction","target":["https:\/\/scorecardhub.org\/fr\/swp-guide\/utilisation-de-lapplication-mobile-de-la-carte-de-score-pour-les-telephones-et-tablettes-android-et-apple\/"]}]},{"@type":"ImageObject","inLanguage":"fr-FR","@id":"https:\/\/scorecardhub.org\/fr\/swp-guide\/utilisation-de-lapplication-mobile-de-la-carte-de-score-pour-les-telephones-et-tablettes-android-et-apple\/#primaryimage","url":"https:\/\/scorecardhub.org\/wp-content\/uploads\/2021\/06\/thumbnails-swp-guide-managing-accounts1.png","contentUrl":"https:\/\/scorecardhub.org\/wp-content\/uploads\/2021\/06\/thumbnails-swp-guide-managing-accounts1.png","width":800,"height":450},{"@type":"BreadcrumbList","@id":"https:\/\/scorecardhub.org\/fr\/swp-guide\/utilisation-de-lapplication-mobile-de-la-carte-de-score-pour-les-telephones-et-tablettes-android-et-apple\/#breadcrumb","itemListElement":[{"@type":"ListItem","position":1,"name":"Accueil","item":"https:\/\/scorecardhub.org\/fr\/"},{"@type":"ListItem","position":2,"name":"Guide de la plateforme Web de la carte de score","item":"https:\/\/scorecardhub.org\/fr\/swp-guide\/"},{"@type":"ListItem","position":3,"name":"Utilisation de l\u2019application mobile de la carte de score pour les t\u00e9l\u00e9phones et tablettes (Android et Apple)"}]},{"@type":"WebSite","@id":"https:\/\/scorecardhub.org\/fr\/#website","url":"https:\/\/scorecardhub.org\/fr\/","name":"ALMA Scorecard Hub","description":"","publisher":{"@id":"https:\/\/scorecardhub.org\/fr\/#organization"},"potentialAction":[{"@type":"SearchAction","target":{"@type":"EntryPoint","urlTemplate":"https:\/\/scorecardhub.org\/fr\/?s={search_term_string}"},"query-input":{"@type":"PropertyValueSpecification","valueRequired":true,"valueName":"search_term_string"}}],"inLanguage":"fr-FR"},{"@type":"Organization","@id":"https:\/\/scorecardhub.org\/fr\/#organization","name":"ALMA Scorecard Hub","url":"https:\/\/scorecardhub.org\/fr\/","logo":{"@type":"ImageObject","inLanguage":"fr-FR","@id":"https:\/\/scorecardhub.org\/fr\/#\/schema\/logo\/image\/","url":"https:\/\/scorecardhub.org\/wp-content\/uploads\/2021\/02\/alma_logo-1.svg","contentUrl":"https:\/\/scorecardhub.org\/wp-content\/uploads\/2021\/02\/alma_logo-1.svg","width":276,"height":58,"caption":"ALMA Scorecard Hub"},"image":{"@id":"https:\/\/scorecardhub.org\/fr\/#\/schema\/logo\/image\/"},"sameAs":["https:\/\/x.com\/ALMA_2030"]}]}},"_links":{"self":[{"href":"https:\/\/scorecardhub.org\/fr\/wp-json\/wp\/v2\/pages\/24874","targetHints":{"allow":["GET"]}}],"collection":[{"href":"https:\/\/scorecardhub.org\/fr\/wp-json\/wp\/v2\/pages"}],"about":[{"href":"https:\/\/scorecardhub.org\/fr\/wp-json\/wp\/v2\/types\/page"}],"author":[{"embeddable":true,"href":"https:\/\/scorecardhub.org\/fr\/wp-json\/wp\/v2\/users\/14"}],"replies":[{"embeddable":true,"href":"https:\/\/scorecardhub.org\/fr\/wp-json\/wp\/v2\/comments?post=24874"}],"version-history":[{"count":3,"href":"https:\/\/scorecardhub.org\/fr\/wp-json\/wp\/v2\/pages\/24874\/revisions"}],"predecessor-version":[{"id":24892,"href":"https:\/\/scorecardhub.org\/fr\/wp-json\/wp\/v2\/pages\/24874\/revisions\/24892"}],"up":[{"embeddable":true,"href":"https:\/\/scorecardhub.org\/fr\/wp-json\/wp\/v2\/pages\/25534"}],"wp:featuredmedia":[{"embeddable":true,"href":"https:\/\/scorecardhub.org\/fr\/wp-json\/wp\/v2\/media\/24858"}],"wp:attachment":[{"href":"https:\/\/scorecardhub.org\/fr\/wp-json\/wp\/v2\/media?parent=24874"}],"curies":[{"name":"wp","href":"https:\/\/api.w.org\/{rel}","templated":true}]}}