{"id":24043,"date":"2021-03-01T17:09:02","date_gmt":"2021-03-01T17:09:02","guid":{"rendered":"https:\/\/scorecardhub.org\/guides-et-boites-a-outils\/download-course-content-to-access-when-you-do-not-have-an-internet-connection\/"},"modified":"2021-06-08T13:51:34","modified_gmt":"2021-06-08T13:51:34","slug":"telechargez-le-contenu-de-la-formation-pour-y-acceder-lorsque-vous-navez-pas-de-connexion-internet","status":"publish","type":"page","link":"https:\/\/scorecardhub.org\/fr\/guides-et-boites-a-outils\/telechargez-le-contenu-de-la-formation-pour-y-acceder-lorsque-vous-navez-pas-de-connexion-internet\/","title":{"rendered":"T\u00e9l\u00e9chargez le contenu de la formation pour y acc\u00e9der lorsque vous n&rsquo;avez pas de connexion Internet"},"content":{"rendered":"\n<p>Nos formations vous aident \u00e0 acqu\u00e9rir de nouvelles comp\u00e9tences dans la cr\u00e9ation d&rsquo;une carte de score, le renforcement d\u2019une carte de score, l&rsquo;utilisation de la plateforme Web de la carte de score.<\/p>\n\n\n\n<p>Vous pouvez acc\u00e9der \u00e0 nos cours :<\/p>\n\n\n\n<ul class=\"wp-block-list\"><li><a href=\"https:\/\/scorecardhub.org\/fr\/formations\/\">en ligne (vous devrez cr\u00e9er un compte en ligne)<\/a><\/li><li>hors ligne (si vous souhaitez t\u00e9l\u00e9charger le mat\u00e9riel de formations)<\/li><\/ul>\n\n\n\n<p><\/p>\n\n\n\n<h2 class=\"wp-block-heading\">Telecharger les fichiers<\/h2>\n\n\n\n<p>Vous pouvez t\u00e9l\u00e9charger les cours en anglais et en fran\u00e7ais. Les dossiers contiennent les 4 formations avec toutes les vid\u00e9os, quiz et presentations powerpoints, le t\u00e9l\u00e9chargement complet peut donc prendre au moins plusieurs minutes.<\/p>\n\n\n\n<ul class=\"wp-block-list\"><li><a href=\"https:\/\/www.dropbox.com\/sh\/8cvctt9ptb0rm3m\/AABUSX92kjRbBxJAx5vusd0Qa?dl=0\">Formations en anglais<\/a> (1,25GB)<\/li><li><a href=\"https:\/\/www.dropbox.com\/sh\/walzw2z7bpqfmf2\/AABpfQLcGyh91pW-Tuw_Wf08a?dl=0\">Formations en fran\u00e7ais<\/a> (3,3GB)<\/li><\/ul>\n\n\n\n<p><\/p>\n","protected":false},"excerpt":{"rendered":"<p>Nos formations vous aident \u00e0 acqu\u00e9rir de nouvelles comp\u00e9tences dans la cr\u00e9ation d&rsquo;une carte de score, le renforcement d\u2019une carte de score, l&rsquo;utilisation de la plateforme Web de la carte de score.<\/p>\n","protected":false},"author":14,"featured_media":19627,"parent":14834,"menu_order":0,"comment_status":"closed","ping_status":"closed","template":"","meta":{"footnotes":""},"class_list":["post-24043","page","type-page","status-publish","has-post-thumbnail","hentry"],"acf":[],"yoast_head":"<!-- This site is optimized with the Yoast SEO plugin v26.8 - https:\/\/yoast.com\/product\/yoast-seo-wordpress\/ -->\n<title>T\u00e9l\u00e9chargez le contenu de la formation pour y acc\u00e9der lorsque vous n&#039;avez pas de connexion Internet - ALMA Scorecard Hub<\/title>\n<meta name=\"robots\" content=\"index, follow, max-snippet:-1, max-image-preview:large, max-video-preview:-1\" \/>\n<link rel=\"canonical\" href=\"https:\/\/scorecardhub.org\/fr\/guides-et-boites-a-outils\/telechargez-le-contenu-de-la-formation-pour-y-acceder-lorsque-vous-navez-pas-de-connexion-internet\/\" \/>\n<meta property=\"og:locale\" content=\"fr_FR\" \/>\n<meta property=\"og:type\" content=\"article\" \/>\n<meta property=\"og:title\" content=\"T\u00e9l\u00e9chargez le contenu de la formation pour y acc\u00e9der lorsque vous n&#039;avez pas de connexion Internet - ALMA Scorecard Hub\" \/>\n<meta property=\"og:description\" content=\"Nos formations vous aident \u00e0 acqu\u00e9rir de nouvelles comp\u00e9tences dans la cr\u00e9ation d&#039;une carte de score, le renforcement d\u2019une carte de score, l&#039;utilisation de la plateforme Web de la carte de score.\" \/>\n<meta property=\"og:url\" content=\"https:\/\/scorecardhub.org\/fr\/guides-et-boites-a-outils\/telechargez-le-contenu-de-la-formation-pour-y-acceder-lorsque-vous-navez-pas-de-connexion-internet\/\" \/>\n<meta property=\"og:site_name\" content=\"ALMA Scorecard Hub\" \/>\n<meta property=\"article:modified_time\" content=\"2021-06-08T13:51:34+00:00\" \/>\n<meta property=\"og:image\" content=\"https:\/\/scorecardhub.org\/wp-content\/uploads\/2021\/03\/download-courses-thumbnail.png\" \/>\n\t<meta property=\"og:image:width\" content=\"800\" \/>\n\t<meta property=\"og:image:height\" content=\"450\" \/>\n\t<meta property=\"og:image:type\" content=\"image\/png\" \/>\n<meta name=\"twitter:card\" content=\"summary_large_image\" \/>\n<meta name=\"twitter:site\" content=\"@ALMA_2030\" \/>\n<meta name=\"twitter:label1\" content=\"Dur\u00e9e de lecture estim\u00e9e\" \/>\n\t<meta name=\"twitter:data1\" content=\"1 minute\" \/>\n<script type=\"application\/ld+json\" class=\"yoast-schema-graph\">{\"@context\":\"https:\/\/schema.org\",\"@graph\":[{\"@type\":\"WebPage\",\"@id\":\"https:\/\/scorecardhub.org\/fr\/guides-et-boites-a-outils\/telechargez-le-contenu-de-la-formation-pour-y-acceder-lorsque-vous-navez-pas-de-connexion-internet\/\",\"url\":\"https:\/\/scorecardhub.org\/fr\/guides-et-boites-a-outils\/telechargez-le-contenu-de-la-formation-pour-y-acceder-lorsque-vous-navez-pas-de-connexion-internet\/\",\"name\":\"T\u00e9l\u00e9chargez le contenu de la formation pour y acc\u00e9der lorsque vous n'avez pas de connexion Internet - ALMA Scorecard Hub\",\"isPartOf\":{\"@id\":\"https:\/\/scorecardhub.org\/fr\/#website\"},\"primaryImageOfPage\":{\"@id\":\"https:\/\/scorecardhub.org\/fr\/guides-et-boites-a-outils\/telechargez-le-contenu-de-la-formation-pour-y-acceder-lorsque-vous-navez-pas-de-connexion-internet\/#primaryimage\"},\"image\":{\"@id\":\"https:\/\/scorecardhub.org\/fr\/guides-et-boites-a-outils\/telechargez-le-contenu-de-la-formation-pour-y-acceder-lorsque-vous-navez-pas-de-connexion-internet\/#primaryimage\"},\"thumbnailUrl\":\"https:\/\/scorecardhub.org\/wp-content\/uploads\/2021\/03\/download-courses-thumbnail.png\",\"datePublished\":\"2021-03-01T17:09:02+00:00\",\"dateModified\":\"2021-06-08T13:51:34+00:00\",\"breadcrumb\":{\"@id\":\"https:\/\/scorecardhub.org\/fr\/guides-et-boites-a-outils\/telechargez-le-contenu-de-la-formation-pour-y-acceder-lorsque-vous-navez-pas-de-connexion-internet\/#breadcrumb\"},\"inLanguage\":\"fr-FR\",\"potentialAction\":[{\"@type\":\"ReadAction\",\"target\":[\"https:\/\/scorecardhub.org\/fr\/guides-et-boites-a-outils\/telechargez-le-contenu-de-la-formation-pour-y-acceder-lorsque-vous-navez-pas-de-connexion-internet\/\"]}]},{\"@type\":\"ImageObject\",\"inLanguage\":\"fr-FR\",\"@id\":\"https:\/\/scorecardhub.org\/fr\/guides-et-boites-a-outils\/telechargez-le-contenu-de-la-formation-pour-y-acceder-lorsque-vous-navez-pas-de-connexion-internet\/#primaryimage\",\"url\":\"https:\/\/scorecardhub.org\/wp-content\/uploads\/2021\/03\/download-courses-thumbnail.png\",\"contentUrl\":\"https:\/\/scorecardhub.org\/wp-content\/uploads\/2021\/03\/download-courses-thumbnail.png\",\"width\":800,\"height\":450},{\"@type\":\"BreadcrumbList\",\"@id\":\"https:\/\/scorecardhub.org\/fr\/guides-et-boites-a-outils\/telechargez-le-contenu-de-la-formation-pour-y-acceder-lorsque-vous-navez-pas-de-connexion-internet\/#breadcrumb\",\"itemListElement\":[{\"@type\":\"ListItem\",\"position\":1,\"name\":\"Accueil\",\"item\":\"https:\/\/scorecardhub.org\/fr\/\"},{\"@type\":\"ListItem\",\"position\":2,\"name\":\"Guides et bo\u00eetes \u00e0 outils\",\"item\":\"https:\/\/scorecardhub.org\/fr\/guides-et-boites-a-outils\/\"},{\"@type\":\"ListItem\",\"position\":3,\"name\":\"T\u00e9l\u00e9chargez le contenu de la formation pour y acc\u00e9der lorsque vous n&rsquo;avez pas de connexion Internet\"}]},{\"@type\":\"WebSite\",\"@id\":\"https:\/\/scorecardhub.org\/fr\/#website\",\"url\":\"https:\/\/scorecardhub.org\/fr\/\",\"name\":\"ALMA Scorecard Hub\",\"description\":\"\",\"publisher\":{\"@id\":\"https:\/\/scorecardhub.org\/fr\/#organization\"},\"potentialAction\":[{\"@type\":\"SearchAction\",\"target\":{\"@type\":\"EntryPoint\",\"urlTemplate\":\"https:\/\/scorecardhub.org\/fr\/?s={search_term_string}\"},\"query-input\":{\"@type\":\"PropertyValueSpecification\",\"valueRequired\":true,\"valueName\":\"search_term_string\"}}],\"inLanguage\":\"fr-FR\"},{\"@type\":\"Organization\",\"@id\":\"https:\/\/scorecardhub.org\/fr\/#organization\",\"name\":\"ALMA Scorecard Hub\",\"url\":\"https:\/\/scorecardhub.org\/fr\/\",\"logo\":{\"@type\":\"ImageObject\",\"inLanguage\":\"fr-FR\",\"@id\":\"https:\/\/scorecardhub.org\/fr\/#\/schema\/logo\/image\/\",\"url\":\"https:\/\/scorecardhub.org\/wp-content\/uploads\/2021\/02\/alma_logo-1.svg\",\"contentUrl\":\"https:\/\/scorecardhub.org\/wp-content\/uploads\/2021\/02\/alma_logo-1.svg\",\"width\":276,\"height\":58,\"caption\":\"ALMA Scorecard Hub\"},\"image\":{\"@id\":\"https:\/\/scorecardhub.org\/fr\/#\/schema\/logo\/image\/\"},\"sameAs\":[\"https:\/\/x.com\/ALMA_2030\"]}]}<\/script>\n<!-- \/ Yoast SEO plugin. -->","yoast_head_json":{"title":"T\u00e9l\u00e9chargez le contenu de la formation pour y acc\u00e9der lorsque vous n'avez pas de connexion Internet - ALMA Scorecard Hub","robots":{"index":"index","follow":"follow","max-snippet":"max-snippet:-1","max-image-preview":"max-image-preview:large","max-video-preview":"max-video-preview:-1"},"canonical":"https:\/\/scorecardhub.org\/fr\/guides-et-boites-a-outils\/telechargez-le-contenu-de-la-formation-pour-y-acceder-lorsque-vous-navez-pas-de-connexion-internet\/","og_locale":"fr_FR","og_type":"article","og_title":"T\u00e9l\u00e9chargez le contenu de la formation pour y acc\u00e9der lorsque vous n'avez pas de connexion Internet - ALMA Scorecard Hub","og_description":"Nos formations vous aident \u00e0 acqu\u00e9rir de nouvelles comp\u00e9tences dans la cr\u00e9ation d'une carte de score, le renforcement d\u2019une carte de score, l'utilisation de la plateforme Web de la carte de score.","og_url":"https:\/\/scorecardhub.org\/fr\/guides-et-boites-a-outils\/telechargez-le-contenu-de-la-formation-pour-y-acceder-lorsque-vous-navez-pas-de-connexion-internet\/","og_site_name":"ALMA Scorecard Hub","article_modified_time":"2021-06-08T13:51:34+00:00","og_image":[{"width":800,"height":450,"url":"https:\/\/scorecardhub.org\/wp-content\/uploads\/2021\/03\/download-courses-thumbnail.png","type":"image\/png"}],"twitter_card":"summary_large_image","twitter_site":"@ALMA_2030","twitter_misc":{"Dur\u00e9e de lecture estim\u00e9e":"1 minute"},"schema":{"@context":"https:\/\/schema.org","@graph":[{"@type":"WebPage","@id":"https:\/\/scorecardhub.org\/fr\/guides-et-boites-a-outils\/telechargez-le-contenu-de-la-formation-pour-y-acceder-lorsque-vous-navez-pas-de-connexion-internet\/","url":"https:\/\/scorecardhub.org\/fr\/guides-et-boites-a-outils\/telechargez-le-contenu-de-la-formation-pour-y-acceder-lorsque-vous-navez-pas-de-connexion-internet\/","name":"T\u00e9l\u00e9chargez le contenu de la formation pour y acc\u00e9der lorsque vous n'avez pas de connexion Internet - ALMA Scorecard Hub","isPartOf":{"@id":"https:\/\/scorecardhub.org\/fr\/#website"},"primaryImageOfPage":{"@id":"https:\/\/scorecardhub.org\/fr\/guides-et-boites-a-outils\/telechargez-le-contenu-de-la-formation-pour-y-acceder-lorsque-vous-navez-pas-de-connexion-internet\/#primaryimage"},"image":{"@id":"https:\/\/scorecardhub.org\/fr\/guides-et-boites-a-outils\/telechargez-le-contenu-de-la-formation-pour-y-acceder-lorsque-vous-navez-pas-de-connexion-internet\/#primaryimage"},"thumbnailUrl":"https:\/\/scorecardhub.org\/wp-content\/uploads\/2021\/03\/download-courses-thumbnail.png","datePublished":"2021-03-01T17:09:02+00:00","dateModified":"2021-06-08T13:51:34+00:00","breadcrumb":{"@id":"https:\/\/scorecardhub.org\/fr\/guides-et-boites-a-outils\/telechargez-le-contenu-de-la-formation-pour-y-acceder-lorsque-vous-navez-pas-de-connexion-internet\/#breadcrumb"},"inLanguage":"fr-FR","potentialAction":[{"@type":"ReadAction","target":["https:\/\/scorecardhub.org\/fr\/guides-et-boites-a-outils\/telechargez-le-contenu-de-la-formation-pour-y-acceder-lorsque-vous-navez-pas-de-connexion-internet\/"]}]},{"@type":"ImageObject","inLanguage":"fr-FR","@id":"https:\/\/scorecardhub.org\/fr\/guides-et-boites-a-outils\/telechargez-le-contenu-de-la-formation-pour-y-acceder-lorsque-vous-navez-pas-de-connexion-internet\/#primaryimage","url":"https:\/\/scorecardhub.org\/wp-content\/uploads\/2021\/03\/download-courses-thumbnail.png","contentUrl":"https:\/\/scorecardhub.org\/wp-content\/uploads\/2021\/03\/download-courses-thumbnail.png","width":800,"height":450},{"@type":"BreadcrumbList","@id":"https:\/\/scorecardhub.org\/fr\/guides-et-boites-a-outils\/telechargez-le-contenu-de-la-formation-pour-y-acceder-lorsque-vous-navez-pas-de-connexion-internet\/#breadcrumb","itemListElement":[{"@type":"ListItem","position":1,"name":"Accueil","item":"https:\/\/scorecardhub.org\/fr\/"},{"@type":"ListItem","position":2,"name":"Guides et bo\u00eetes \u00e0 outils","item":"https:\/\/scorecardhub.org\/fr\/guides-et-boites-a-outils\/"},{"@type":"ListItem","position":3,"name":"T\u00e9l\u00e9chargez le contenu de la formation pour y acc\u00e9der lorsque vous n&rsquo;avez pas de connexion Internet"}]},{"@type":"WebSite","@id":"https:\/\/scorecardhub.org\/fr\/#website","url":"https:\/\/scorecardhub.org\/fr\/","name":"ALMA Scorecard Hub","description":"","publisher":{"@id":"https:\/\/scorecardhub.org\/fr\/#organization"},"potentialAction":[{"@type":"SearchAction","target":{"@type":"EntryPoint","urlTemplate":"https:\/\/scorecardhub.org\/fr\/?s={search_term_string}"},"query-input":{"@type":"PropertyValueSpecification","valueRequired":true,"valueName":"search_term_string"}}],"inLanguage":"fr-FR"},{"@type":"Organization","@id":"https:\/\/scorecardhub.org\/fr\/#organization","name":"ALMA Scorecard Hub","url":"https:\/\/scorecardhub.org\/fr\/","logo":{"@type":"ImageObject","inLanguage":"fr-FR","@id":"https:\/\/scorecardhub.org\/fr\/#\/schema\/logo\/image\/","url":"https:\/\/scorecardhub.org\/wp-content\/uploads\/2021\/02\/alma_logo-1.svg","contentUrl":"https:\/\/scorecardhub.org\/wp-content\/uploads\/2021\/02\/alma_logo-1.svg","width":276,"height":58,"caption":"ALMA Scorecard Hub"},"image":{"@id":"https:\/\/scorecardhub.org\/fr\/#\/schema\/logo\/image\/"},"sameAs":["https:\/\/x.com\/ALMA_2030"]}]}},"_links":{"self":[{"href":"https:\/\/scorecardhub.org\/fr\/wp-json\/wp\/v2\/pages\/24043","targetHints":{"allow":["GET"]}}],"collection":[{"href":"https:\/\/scorecardhub.org\/fr\/wp-json\/wp\/v2\/pages"}],"about":[{"href":"https:\/\/scorecardhub.org\/fr\/wp-json\/wp\/v2\/types\/page"}],"author":[{"embeddable":true,"href":"https:\/\/scorecardhub.org\/fr\/wp-json\/wp\/v2\/users\/14"}],"replies":[{"embeddable":true,"href":"https:\/\/scorecardhub.org\/fr\/wp-json\/wp\/v2\/comments?post=24043"}],"version-history":[{"count":1,"href":"https:\/\/scorecardhub.org\/fr\/wp-json\/wp\/v2\/pages\/24043\/revisions"}],"predecessor-version":[{"id":24048,"href":"https:\/\/scorecardhub.org\/fr\/wp-json\/wp\/v2\/pages\/24043\/revisions\/24048"}],"up":[{"embeddable":true,"href":"https:\/\/scorecardhub.org\/fr\/wp-json\/wp\/v2\/pages\/14834"}],"wp:featuredmedia":[{"embeddable":true,"href":"https:\/\/scorecardhub.org\/fr\/wp-json\/wp\/v2\/media\/19627"}],"wp:attachment":[{"href":"https:\/\/scorecardhub.org\/fr\/wp-json\/wp\/v2\/media?parent=24043"}],"curies":[{"name":"wp","href":"https:\/\/api.w.org\/{rel}","templated":true}]}}