{"id":17665,"date":"2021-02-10T21:57:35","date_gmt":"2021-02-10T21:57:35","guid":{"rendered":"https:\/\/scorecardhub.org\/guides-et-boites-a-outils\/introduction-to-the-scorecard-web-platform\/"},"modified":"2021-02-11T10:05:17","modified_gmt":"2021-02-11T10:05:17","slug":"introduction-a-la-plateforme-web-de-la-carte-de-score","status":"publish","type":"page","link":"https:\/\/scorecardhub.org\/fr\/swp-guide\/introduction-a-la-plateforme-web-de-la-carte-de-score\/","title":{"rendered":"Introduction \u00e0 la plateforme web de la carte de score"},"content":{"rendered":"\n<h2 class=\"wp-block-heading\">Introduction<\/h2>\n\n\n\n<p>En 2014, ALMA a mis au point un outil en ligne, connu sous le nom de \u00ab plateforme Web de la carte de score\u00bb. Cet outil permet aux pays de cr\u00e9er et de g\u00e9rer eux-m\u00eames leurs cartes de score et leurs actions. La plateforme Web est propos\u00e9e gratuitement aux minist\u00e8res de la sant\u00e9. ALMA assure la maintenance du site, les mises \u00e0 niveau et le support technique continu.<\/p>\n\n\n\n<p>Seuls les utilisateurs titulaires d\u2019un compte peuvent acc\u00e9der aux outils de gestion de la carte de score sur <a href=\"http:\/\/www.malariascorecard.org\">www.malariascorecard.org<\/a> ou <a href=\"http:\/\/www.rmncah.org\">www.rmncah.org<\/a>.<\/p>\n\n\n\n<figure class=\"wp-block-image size-large\"><img loading=\"lazy\" decoding=\"async\" width=\"800\" height=\"450\" src=\"https:\/\/scorecardhub.org\/wp-content\/uploads\/2021\/02\/scorecard-web-platform-thumbnail.png\" alt=\"The Scorecard Web Platform is shown on a laptop and a mobile phone.\" class=\"wp-image-16115\" srcset=\"https:\/\/scorecardhub.org\/wp-content\/uploads\/2021\/02\/scorecard-web-platform-thumbnail.png 800w, https:\/\/scorecardhub.org\/wp-content\/uploads\/2021\/02\/scorecard-web-platform-thumbnail-300x169.png 300w, https:\/\/scorecardhub.org\/wp-content\/uploads\/2021\/02\/scorecard-web-platform-thumbnail-768x432.png 768w\" sizes=\"auto, (max-width: 800px) 100vw, 800px\" \/><figcaption><strong>La plateforme web de la carte de score<\/strong><\/figcaption><\/figure>\n\n\n\n<h2 class=\"wp-block-heading\">Vue d\u2019ensemble des fonctionalit\u00e9s la plateforme web de la carte de score<\/h2>\n\n\n\n<p>Les fonctionnalit\u00e9s de la plateforme Web de la carte de score se r\u00e9partissent en deux cat\u00e9gories :<\/p>\n\n\n\n<ul class=\"wp-block-list\"><li>visualisation des donn\u00e9es<\/li><li>fonctionnalit\u00e9s de gestion<\/li><\/ul>\n\n\n\n<h3 class=\"wp-block-heading\">Visualisation des donn\u00e9es<\/h3>\n\n\n\n<h4 class=\"wp-block-heading\">Carte de score<\/h4>\n\n\n\n<p>La plateforme Web permet aux administrateurs de cr\u00e9er des cartes de score cod\u00e9es en couleur, qui affichent les performances des indicateurs \u00e0 diff\u00e9rents niveaux. Alors que la carte de score pr\u00e9sente un apercu sur une page d\u2019une p\u00e9riode particuli\u00e8re, la vue sous-nationale et la vue d&rsquo;indicateur produisent une image utile \u00e0 la visualisation des tendances au fil du temps \u2013 sur plusieurs p\u00e9riodes. La vue sous-nationale permet la s\u00e9lection d&rsquo;une r\u00e9gion ou zone particuli\u00e8re et d\u2019y visualiser les performances de tous les indicateurs de la carte de score sur une plage de temps s\u00e9lectionn\u00e9e. La vue d&rsquo;indicateur permet la s\u00e9lection d&rsquo;un indicateur et la visualisation de ses performances dans toutes les r\u00e9gions, sur une plage de temps s\u00e9lectionn\u00e9e. Ces repr\u00e9sentations en couleur facilitent la visualisation des performances d&rsquo;indicateurs et de r\u00e9gions g\u00e9ographiques par rapport aux cibles fix\u00e9es dans le plan strat\u00e9gique.<\/p>\n\n\n\n<h4 class=\"wp-block-heading\">Graphs and charts<\/h4>\n\n\n\n<p>La plateforme affiche aussi des tableaux et graphiques, des cartes et d\u2019autres repr\u00e9sentations visuelles des donn\u00e9es qui indiquent les performances d\u2019un indicateur sur une p\u00e9riode de temps. Diff\u00e9rentes r\u00e9gions peuvent \u00eatre compar\u00e9es pour d\u00e9terminer si les m\u00eames tendances se retrouvent dans les zones similaires. Les couleurs de fond r\u00e9v\u00e8lent la progression ou non d&rsquo;une r\u00e9gion vers les cibles. La plateforme Web de la carte de score permet la configuration de cartes, par import de fichiers de contour. Les r\u00e9gions sont color\u00e9es suivant leurs performances par rapport aux seuils de couleur de l\u2019indicateur s\u00e9lectionn\u00e9.<\/p>\n\n\n\n<h3 class=\"wp-block-heading\">Fonctionalit\u00e9s de Gestion<\/h3>\n\n\n\n<p>La plateforme Web inclue deux fonctionnalit\u00e9s de gestion particuli\u00e8rement utiles, qui permettent aux responsables de tous niveaux d\u2019attribuer les actions et d\u2019en suivre la mise en \u0153uvre et ses progr\u00e8s. s donnent \u00e0 la plateforme Web de la carte de score une valeur ajout\u00e9e distincte et rendent le syst\u00e8me compl\u00e9mentaire aux syst\u00e8mes nationaux d&rsquo;information de gestion sanitaire tels que DHIS2.<\/p>\n\n\n\n<p><strong>Le Suivi d\u2019action<\/strong> sert \u00e0 attribuer et suivre les actions adopt\u00e9es pour r\u00e9soudre les indicateurs sous-performants de la carte de score. Lorsque la carte de score met l\u2019accent sur un probl\u00e8me, les donn\u00e9es doivent \u00e9clairer l\u2019action. Les actions qui s&rsquo;imposent peuvent \u00eatre ajout\u00e9es et suivies dans cet outil de suivi d\u2019action en ligne. Le syst\u00e8me envoie automatiquement, par e-mail et par SMS, des avis de d\u00e9lais proches ou \u00e9chus aux titulaires responsables de l\u2019action. Le suivi d\u2019action permet aux responsables de tous niveaux d\u2019acc\u00e9der \u00e0 une information en temps r\u00e9el sur les progr\u00e8s r\u00e9alis\u00e9s, \u00e9galement cod\u00e9s-couleur pour faciliter la reconnaissance des actions en cours. Les responsables peuvent ainsi identifier les actions qui ne progressent pas ou gu\u00e8re et en assurer syst\u00e9matiquement le suivi.<\/p>\n\n\n\n<p><strong>Le Gestionnaire de plan de travail<\/strong> sert \u00e0 la gestion des plans op\u00e9rationnels annuels des gouvernements.&nbsp; L&rsquo;outil permet la cr\u00e9ation de plans de travail group\u00e9s par objectifs, par r\u00e9sultats et par activit\u00e9s. \u00c0 l&rsquo;image du suivi d\u2019action, le gestionnaire de plan de travail permet aux responsables d\u2019attribuer les t\u00e2ches et leurs \u00e9ch\u00e9ances pr\u00e9cises. L&rsquo;outil comprend aussi un syst\u00e8me de notification automatique qui envoie des rappels par SMS aux responsables des actions \u00e0 l\u2019approche des \u00e9ch\u00e9ances fix\u00e9es ou lorsque les d\u00e9lais sont d\u00e9pass\u00e9s.<\/p>\n\n\n\n<h4 class=\"wp-block-heading\">Application mobile pour smartphone<\/h4>\n\n\n\n<p>La plateforme Web de la carte de score est aussi accessible au moyen de l\u2019app mobile \u00ab Country Scorecard \u00bb, disponible sur les t\u00e9l\u00e9phones iPhone et Android.<\/p>\n\n\n\n<h2 class=\"wp-block-heading\">Comment acc\u00e9der \u00e0 la plateforme web de la carte de score<\/h2>\n\n\n\n<p>Seuls les titulaires de compte peuvent acc\u00e9der au syst\u00e8me. Les comptes ne peuvent \u00eatre attribu\u00e9s que par les administrateurs de niveau national ou sous-national du Minist\u00e8re de la Sant\u00e9 des pays.<\/p>\n\n\n\n<p>Sur ordinateur, la plupart des navigateurs Web, tels que Google Chrome et Firefox, donnent acc\u00e8s \u00e0 la carte de score. Pour l\u2019acc\u00e8s aux cartes de score relatives au paludisme et aux MTN, le lien est <a href=\"http:\/\/www.malariascorecard.org\">www.malariascorecard.org<\/a>. Pour les cartes de score relatives \u00e0 la sant\u00e9 reproductive, maternelle, n\u00e9onatale et infantile, \u00e0 la nutrition et aux communaut\u00e9s, le lien est <a href=\"http:\/\/www.rmncah.org\">www.rmncah.org<\/a>. La plateforme Web de la carte de score est aussi accessible au moyen de l\u2019app mobile \u00ab Country Scorecard \u00bb, disponible sur les t\u00e9l\u00e9phones iPhone et Android.<\/p>\n\n\n\n<p>Pour plus d&rsquo;informations, <a href=\"https:\/\/scorecardhub.org\/fr\/cours-utilisation-de-la-plate-forme-web-de-la-carte-de-score-en-anglais\/\">suivez notre formation en ligne pour apprendre \u00e0 utiliser la plateforme Web de la carte de score (en anglais)<\/a>.<\/p>\n","protected":false},"excerpt":{"rendered":"<p>Cet outil permet aux pays de cr\u00e9er et de g\u00e9rer eux-m\u00eames leurs cartes de score et leurs actions. La plateforme Web est propos\u00e9e gratuitement aux minist\u00e8res de la sant\u00e9.<\/p>\n","protected":false},"author":14,"featured_media":16115,"parent":25534,"menu_order":0,"comment_status":"closed","ping_status":"closed","template":"","meta":{"footnotes":""},"class_list":["post-17665","page","type-page","status-publish","has-post-thumbnail","hentry"],"acf":[],"yoast_head":"<!-- This site is optimized with the Yoast SEO plugin v26.8 - https:\/\/yoast.com\/product\/yoast-seo-wordpress\/ -->\n<title>Introduction \u00e0 la plateforme web de la carte de score - ALMA Scorecard Hub<\/title>\n<meta name=\"robots\" content=\"index, follow, max-snippet:-1, max-image-preview:large, max-video-preview:-1\" \/>\n<link rel=\"canonical\" href=\"https:\/\/scorecardhub.org\/fr\/swp-guide\/introduction-a-la-plateforme-web-de-la-carte-de-score\/\" \/>\n<meta property=\"og:locale\" content=\"fr_FR\" \/>\n<meta property=\"og:type\" content=\"article\" \/>\n<meta property=\"og:title\" content=\"Introduction \u00e0 la plateforme web de la carte de score - ALMA Scorecard Hub\" \/>\n<meta property=\"og:description\" content=\"Cet outil permet aux pays de cr\u00e9er et de g\u00e9rer eux-m\u00eames leurs cartes de score et leurs actions. La plateforme Web est propos\u00e9e gratuitement aux minist\u00e8res de la sant\u00e9.\" \/>\n<meta property=\"og:url\" content=\"https:\/\/scorecardhub.org\/fr\/swp-guide\/introduction-a-la-plateforme-web-de-la-carte-de-score\/\" \/>\n<meta property=\"og:site_name\" content=\"ALMA Scorecard Hub\" \/>\n<meta property=\"article:modified_time\" content=\"2021-02-11T10:05:17+00:00\" \/>\n<meta property=\"og:image\" content=\"https:\/\/scorecardhub.org\/wp-content\/uploads\/2021\/02\/scorecard-web-platform-thumbnail.png\" \/>\n\t<meta property=\"og:image:width\" content=\"800\" \/>\n\t<meta property=\"og:image:height\" content=\"450\" \/>\n\t<meta property=\"og:image:type\" content=\"image\/png\" \/>\n<meta name=\"twitter:card\" content=\"summary_large_image\" \/>\n<meta name=\"twitter:site\" content=\"@ALMA_2030\" \/>\n<meta name=\"twitter:label1\" content=\"Dur\u00e9e de lecture estim\u00e9e\" \/>\n\t<meta name=\"twitter:data1\" content=\"4 minutes\" \/>\n<script type=\"application\/ld+json\" class=\"yoast-schema-graph\">{\"@context\":\"https:\/\/schema.org\",\"@graph\":[{\"@type\":\"WebPage\",\"@id\":\"https:\/\/scorecardhub.org\/fr\/swp-guide\/introduction-a-la-plateforme-web-de-la-carte-de-score\/\",\"url\":\"https:\/\/scorecardhub.org\/fr\/swp-guide\/introduction-a-la-plateforme-web-de-la-carte-de-score\/\",\"name\":\"Introduction \u00e0 la plateforme web de la carte de score - ALMA Scorecard Hub\",\"isPartOf\":{\"@id\":\"https:\/\/scorecardhub.org\/fr\/#website\"},\"primaryImageOfPage\":{\"@id\":\"https:\/\/scorecardhub.org\/fr\/swp-guide\/introduction-a-la-plateforme-web-de-la-carte-de-score\/#primaryimage\"},\"image\":{\"@id\":\"https:\/\/scorecardhub.org\/fr\/swp-guide\/introduction-a-la-plateforme-web-de-la-carte-de-score\/#primaryimage\"},\"thumbnailUrl\":\"https:\/\/scorecardhub.org\/wp-content\/uploads\/2021\/02\/scorecard-web-platform-thumbnail.png\",\"datePublished\":\"2021-02-10T21:57:35+00:00\",\"dateModified\":\"2021-02-11T10:05:17+00:00\",\"breadcrumb\":{\"@id\":\"https:\/\/scorecardhub.org\/fr\/swp-guide\/introduction-a-la-plateforme-web-de-la-carte-de-score\/#breadcrumb\"},\"inLanguage\":\"fr-FR\",\"potentialAction\":[{\"@type\":\"ReadAction\",\"target\":[\"https:\/\/scorecardhub.org\/fr\/swp-guide\/introduction-a-la-plateforme-web-de-la-carte-de-score\/\"]}]},{\"@type\":\"ImageObject\",\"inLanguage\":\"fr-FR\",\"@id\":\"https:\/\/scorecardhub.org\/fr\/swp-guide\/introduction-a-la-plateforme-web-de-la-carte-de-score\/#primaryimage\",\"url\":\"https:\/\/scorecardhub.org\/wp-content\/uploads\/2021\/02\/scorecard-web-platform-thumbnail.png\",\"contentUrl\":\"https:\/\/scorecardhub.org\/wp-content\/uploads\/2021\/02\/scorecard-web-platform-thumbnail.png\",\"width\":800,\"height\":450},{\"@type\":\"BreadcrumbList\",\"@id\":\"https:\/\/scorecardhub.org\/fr\/swp-guide\/introduction-a-la-plateforme-web-de-la-carte-de-score\/#breadcrumb\",\"itemListElement\":[{\"@type\":\"ListItem\",\"position\":1,\"name\":\"Accueil\",\"item\":\"https:\/\/scorecardhub.org\/fr\/\"},{\"@type\":\"ListItem\",\"position\":2,\"name\":\"Guide de la plateforme Web de la carte de score\",\"item\":\"https:\/\/scorecardhub.org\/fr\/swp-guide\/\"},{\"@type\":\"ListItem\",\"position\":3,\"name\":\"Introduction \u00e0 la plateforme web de la carte de score\"}]},{\"@type\":\"WebSite\",\"@id\":\"https:\/\/scorecardhub.org\/fr\/#website\",\"url\":\"https:\/\/scorecardhub.org\/fr\/\",\"name\":\"ALMA Scorecard Hub\",\"description\":\"\",\"publisher\":{\"@id\":\"https:\/\/scorecardhub.org\/fr\/#organization\"},\"potentialAction\":[{\"@type\":\"SearchAction\",\"target\":{\"@type\":\"EntryPoint\",\"urlTemplate\":\"https:\/\/scorecardhub.org\/fr\/?s={search_term_string}\"},\"query-input\":{\"@type\":\"PropertyValueSpecification\",\"valueRequired\":true,\"valueName\":\"search_term_string\"}}],\"inLanguage\":\"fr-FR\"},{\"@type\":\"Organization\",\"@id\":\"https:\/\/scorecardhub.org\/fr\/#organization\",\"name\":\"ALMA Scorecard Hub\",\"url\":\"https:\/\/scorecardhub.org\/fr\/\",\"logo\":{\"@type\":\"ImageObject\",\"inLanguage\":\"fr-FR\",\"@id\":\"https:\/\/scorecardhub.org\/fr\/#\/schema\/logo\/image\/\",\"url\":\"https:\/\/scorecardhub.org\/wp-content\/uploads\/2021\/02\/alma_logo-1.svg\",\"contentUrl\":\"https:\/\/scorecardhub.org\/wp-content\/uploads\/2021\/02\/alma_logo-1.svg\",\"width\":276,\"height\":58,\"caption\":\"ALMA Scorecard Hub\"},\"image\":{\"@id\":\"https:\/\/scorecardhub.org\/fr\/#\/schema\/logo\/image\/\"},\"sameAs\":[\"https:\/\/x.com\/ALMA_2030\"]}]}<\/script>\n<!-- \/ Yoast SEO plugin. -->","yoast_head_json":{"title":"Introduction \u00e0 la plateforme web de la carte de score - ALMA Scorecard Hub","robots":{"index":"index","follow":"follow","max-snippet":"max-snippet:-1","max-image-preview":"max-image-preview:large","max-video-preview":"max-video-preview:-1"},"canonical":"https:\/\/scorecardhub.org\/fr\/swp-guide\/introduction-a-la-plateforme-web-de-la-carte-de-score\/","og_locale":"fr_FR","og_type":"article","og_title":"Introduction \u00e0 la plateforme web de la carte de score - ALMA Scorecard Hub","og_description":"Cet outil permet aux pays de cr\u00e9er et de g\u00e9rer eux-m\u00eames leurs cartes de score et leurs actions. La plateforme Web est propos\u00e9e gratuitement aux minist\u00e8res de la sant\u00e9.","og_url":"https:\/\/scorecardhub.org\/fr\/swp-guide\/introduction-a-la-plateforme-web-de-la-carte-de-score\/","og_site_name":"ALMA Scorecard Hub","article_modified_time":"2021-02-11T10:05:17+00:00","og_image":[{"width":800,"height":450,"url":"https:\/\/scorecardhub.org\/wp-content\/uploads\/2021\/02\/scorecard-web-platform-thumbnail.png","type":"image\/png"}],"twitter_card":"summary_large_image","twitter_site":"@ALMA_2030","twitter_misc":{"Dur\u00e9e de lecture estim\u00e9e":"4 minutes"},"schema":{"@context":"https:\/\/schema.org","@graph":[{"@type":"WebPage","@id":"https:\/\/scorecardhub.org\/fr\/swp-guide\/introduction-a-la-plateforme-web-de-la-carte-de-score\/","url":"https:\/\/scorecardhub.org\/fr\/swp-guide\/introduction-a-la-plateforme-web-de-la-carte-de-score\/","name":"Introduction \u00e0 la plateforme web de la carte de score - ALMA Scorecard Hub","isPartOf":{"@id":"https:\/\/scorecardhub.org\/fr\/#website"},"primaryImageOfPage":{"@id":"https:\/\/scorecardhub.org\/fr\/swp-guide\/introduction-a-la-plateforme-web-de-la-carte-de-score\/#primaryimage"},"image":{"@id":"https:\/\/scorecardhub.org\/fr\/swp-guide\/introduction-a-la-plateforme-web-de-la-carte-de-score\/#primaryimage"},"thumbnailUrl":"https:\/\/scorecardhub.org\/wp-content\/uploads\/2021\/02\/scorecard-web-platform-thumbnail.png","datePublished":"2021-02-10T21:57:35+00:00","dateModified":"2021-02-11T10:05:17+00:00","breadcrumb":{"@id":"https:\/\/scorecardhub.org\/fr\/swp-guide\/introduction-a-la-plateforme-web-de-la-carte-de-score\/#breadcrumb"},"inLanguage":"fr-FR","potentialAction":[{"@type":"ReadAction","target":["https:\/\/scorecardhub.org\/fr\/swp-guide\/introduction-a-la-plateforme-web-de-la-carte-de-score\/"]}]},{"@type":"ImageObject","inLanguage":"fr-FR","@id":"https:\/\/scorecardhub.org\/fr\/swp-guide\/introduction-a-la-plateforme-web-de-la-carte-de-score\/#primaryimage","url":"https:\/\/scorecardhub.org\/wp-content\/uploads\/2021\/02\/scorecard-web-platform-thumbnail.png","contentUrl":"https:\/\/scorecardhub.org\/wp-content\/uploads\/2021\/02\/scorecard-web-platform-thumbnail.png","width":800,"height":450},{"@type":"BreadcrumbList","@id":"https:\/\/scorecardhub.org\/fr\/swp-guide\/introduction-a-la-plateforme-web-de-la-carte-de-score\/#breadcrumb","itemListElement":[{"@type":"ListItem","position":1,"name":"Accueil","item":"https:\/\/scorecardhub.org\/fr\/"},{"@type":"ListItem","position":2,"name":"Guide de la plateforme Web de la carte de score","item":"https:\/\/scorecardhub.org\/fr\/swp-guide\/"},{"@type":"ListItem","position":3,"name":"Introduction \u00e0 la plateforme web de la carte de score"}]},{"@type":"WebSite","@id":"https:\/\/scorecardhub.org\/fr\/#website","url":"https:\/\/scorecardhub.org\/fr\/","name":"ALMA Scorecard Hub","description":"","publisher":{"@id":"https:\/\/scorecardhub.org\/fr\/#organization"},"potentialAction":[{"@type":"SearchAction","target":{"@type":"EntryPoint","urlTemplate":"https:\/\/scorecardhub.org\/fr\/?s={search_term_string}"},"query-input":{"@type":"PropertyValueSpecification","valueRequired":true,"valueName":"search_term_string"}}],"inLanguage":"fr-FR"},{"@type":"Organization","@id":"https:\/\/scorecardhub.org\/fr\/#organization","name":"ALMA Scorecard Hub","url":"https:\/\/scorecardhub.org\/fr\/","logo":{"@type":"ImageObject","inLanguage":"fr-FR","@id":"https:\/\/scorecardhub.org\/fr\/#\/schema\/logo\/image\/","url":"https:\/\/scorecardhub.org\/wp-content\/uploads\/2021\/02\/alma_logo-1.svg","contentUrl":"https:\/\/scorecardhub.org\/wp-content\/uploads\/2021\/02\/alma_logo-1.svg","width":276,"height":58,"caption":"ALMA Scorecard Hub"},"image":{"@id":"https:\/\/scorecardhub.org\/fr\/#\/schema\/logo\/image\/"},"sameAs":["https:\/\/x.com\/ALMA_2030"]}]}},"_links":{"self":[{"href":"https:\/\/scorecardhub.org\/fr\/wp-json\/wp\/v2\/pages\/17665","targetHints":{"allow":["GET"]}}],"collection":[{"href":"https:\/\/scorecardhub.org\/fr\/wp-json\/wp\/v2\/pages"}],"about":[{"href":"https:\/\/scorecardhub.org\/fr\/wp-json\/wp\/v2\/types\/page"}],"author":[{"embeddable":true,"href":"https:\/\/scorecardhub.org\/fr\/wp-json\/wp\/v2\/users\/14"}],"replies":[{"embeddable":true,"href":"https:\/\/scorecardhub.org\/fr\/wp-json\/wp\/v2\/comments?post=17665"}],"version-history":[{"count":2,"href":"https:\/\/scorecardhub.org\/fr\/wp-json\/wp\/v2\/pages\/17665\/revisions"}],"predecessor-version":[{"id":17672,"href":"https:\/\/scorecardhub.org\/fr\/wp-json\/wp\/v2\/pages\/17665\/revisions\/17672"}],"up":[{"embeddable":true,"href":"https:\/\/scorecardhub.org\/fr\/wp-json\/wp\/v2\/pages\/25534"}],"wp:featuredmedia":[{"embeddable":true,"href":"https:\/\/scorecardhub.org\/fr\/wp-json\/wp\/v2\/media\/16115"}],"wp:attachment":[{"href":"https:\/\/scorecardhub.org\/fr\/wp-json\/wp\/v2\/media?parent=17665"}],"curies":[{"name":"wp","href":"https:\/\/api.w.org\/{rel}","templated":true}]}}