{"id":16952,"date":"2021-02-08T20:38:00","date_gmt":"2021-02-08T20:38:00","guid":{"rendered":"https:\/\/scorecardhub.org\/guides-et-boites-a-outils\/publish-a-scorecard-to-the-alma-scorecard-hub\/"},"modified":"2021-04-23T08:29:30","modified_gmt":"2021-04-23T08:29:30","slug":"publish-a-scorecard-to-the-alma-scorecard-hub","status":"publish","type":"page","link":"https:\/\/scorecardhub.org\/fr\/swp-guide\/publish-a-scorecard-to-the-alma-scorecard-hub\/","title":{"rendered":"Publier une carte de score sur le Centre de Connaissances ALMA Scorecard Hub"},"content":{"rendered":"\n<p>Nous encourageons tous les pays africains \u00e0 partager publiquement leurs outils de carte de score sur le Centre de Connaissances &lsquo;ALMA Scorecard Hub&rsquo;. Vous pouvez voir les cartes de score qui ont d\u00e9j\u00e0 \u00e9t\u00e9 publi\u00e9es dans la section <a href=\"https:\/\/scorecardhub.org\/scorecards\/\">Cartes de Score<\/a>.<\/p>\n\n\n\n<p>Vous pouvez partager votre carte de score de deux mani\u00e8res diff\u00e9rentes :<\/p>\n\n\n\n<ul class=\"wp-block-list\"><li>directement depuis la plateforme Web de la carte de score (si vous utilisez la plateforme web pour g\u00e9rer votre carte de score)<\/li><li>sous forme de document PDF.<\/li><\/ul>\n\n\n\n<p><\/p>\n\n\n\n<h2 class=\"wp-block-heading\">Comment partager la carte de score \u00e0 partir de la plateforme web <\/h2>\n\n\n\n<p>Cet <a href=\"https:\/\/scorecardhub.org\/scorecards\/kenya-rmncah-scorecard-quarter-4-2020\/\">exemple du Burkina Faso<\/a> vous montre comment serait affich\u00e9e votre outil de carte de score si vous la partagiez directement depuis la plateforme Web.<\/p>\n\n\n\n<h3 class=\"wp-block-heading\">Avant de commencer<\/h3>\n\n\n\n<p>Avant de pouvoir publier votre carte de score, vous devez demander \u00e0 l&rsquo;\u00e9quipe ALMA d&rsquo;activer la publication. Ceci permet de s&rsquo;assurer que les outils de carte de score ne sont pas partag\u00e9s accidentellement. Contactez-nous par email \u00e0 <a href=\"mailto:knowledgehub@alma2030.org\">scorecardhub@alma2030.org<\/a> et nous pourrons activer la publication.<\/p>\n\n\n\n<h3 class=\"wp-block-heading\">\u00c9tape par \u00e9tape: Publier une carte de score sur le ALMA Scorecard Hub<\/h3>\n\n\n\n<div class=\"wp-block-image\"><figure class=\"alignright size-large is-resized\"><img loading=\"lazy\" decoding=\"async\" src=\"https:\/\/scorecardhub.org\/wp-content\/uploads\/2021\/04\/publish-from-scorecard-web-platform-01-fr.png\" alt=\"\" class=\"wp-image-21623\" width=\"126\" height=\"235\" srcset=\"https:\/\/scorecardhub.org\/wp-content\/uploads\/2021\/04\/publish-from-scorecard-web-platform-01-fr.png 297w, https:\/\/scorecardhub.org\/wp-content\/uploads\/2021\/04\/publish-from-scorecard-web-platform-01-fr-161x300.png 161w\" sizes=\"auto, (max-width: 126px) 100vw, 126px\" \/><\/figure><\/div>\n\n\n\n<p>Une fois que ALMA a activ\u00e9 la publication, proc\u00e9dez comme suit:<\/p>\n\n\n\n<p>1. Activez le mode administrateur en haut \u00e0 droite en cliquant sur cette ic\u00f4ne: \u2699<\/p>\n\n\n\n<p>2. Cliquez sur \u00ab\u00a0Publier\u00a0\u00bb en bas du panneau d&rsquo;administrateur \u00e0 droite<\/p>\n\n\n\n<p>3. Cliquez sur le bouton bleu avec une ic\u00f4ne en forme d&rsquo;\u0153il<\/p>\n\n\n\n<p>4. Une petite fen\u00eatre appara\u00eetra. Cette fen\u00eatre vous permet de contr\u00f4ler la mani\u00e8re dont vous partagez vos outils de carte de score. Les options comprennent:<\/p>\n\n\n\n<div class=\"wp-block-image\"><figure class=\"alignright size-large is-resized\"><img loading=\"lazy\" decoding=\"async\" src=\"https:\/\/scorecardhub.org\/wp-content\/uploads\/2021\/04\/publish-from-scorecard-web-platform-02a-fr.png\" alt=\"The user interface in the Scorecard Web Platform that lets you control how to share scorecard tools.\" class=\"wp-image-16094\" width=\"355\" height=\"259\"\/><\/figure><\/div>\n\n\n\n<ul class=\"wp-block-list\"><li><strong>Int\u00e9grer la carte de score en direct sur le ALMA Scorecard Hub:<\/strong> cela publiera une version interactive de l&rsquo;outil de carte de score. Cela permettra aux gens d&rsquo;ouvrir des r\u00e9gions et des districts et de trier par valeurs d&rsquo;indicateur.<\/li><li><strong>Partager la carte de score sous forme de PDF t\u00e9l\u00e9chargeable:<\/strong> cela permettra aux utilisateurs du Hub de t\u00e9l\u00e9charger une version PDF de votre carte de score.<\/li><li>P<strong>ublier la carte de score pour plusieurs p\u00e9riodes:<\/strong> cela vous permettra de publier plusieurs p\u00e9riodes \u00e0 la fois (par exemple plusieurs trimestres). Si vous choisissez cette option, vous pouvez d\u00e9cider de la plage de p\u00e9riodes que vous souhaitez publier.<\/li><\/ul>\n\n\n\n<p>5. Cliquez sur le bouton rouge \u00ab\u00a0<strong>Publier<\/strong>\u00a0\u00bb pour confirmer la demande de publication.<\/p>\n\n\n\n<p>L&rsquo;\u00e9quipe du ALMA Scorecard Hub recevra cette demande et examinera la page pour s&rsquo;assurer que tout fonctionne correctement avant de la publier.<\/p>\n\n\n\n<p>Nous nous effor\u00e7ons de publier les cartes de score dans les deux jours suivant la r\u00e9ception de la demande.<\/p>\n\n\n\n<h2 class=\"wp-block-heading\">Partager votre carte de score sous forme de PDF uniquement<\/h2>\n\n\n\n<p>Certains pays, comme <a href=\"https:\/\/scorecardhub.org\/fr\/cartes-de-score\/rwanda-carte-de-score-paludisme-troisieme-trimestre-2020\/\">le Rwanda<\/a>, n&rsquo;utilisent pas la plateforme web de la carte de score. Ils peuvent ainsi publier la carte de score sous forme de PDF.<\/p>\n\n\n\n<p>Si vous souhaitez partager une version PDF de votre carte de score, veuillez nous contacter \u00e0 l&rsquo;adresse suivante <a href=\"mailto:scorecardhub@alma2030.org\">scorecardhub<\/a><a href=\"mailto:knowledgehub@alma2030.org\">@alma2030.org<\/a>.<\/p>\n","protected":false},"excerpt":{"rendered":"<p>You can share your scorecard directly from the Scorecard Web Platform or as a PDF.<\/p>\n","protected":false},"author":14,"featured_media":16886,"parent":25534,"menu_order":0,"comment_status":"closed","ping_status":"closed","template":"","meta":{"footnotes":""},"class_list":["post-16952","page","type-page","status-publish","has-post-thumbnail","hentry"],"acf":[],"yoast_head":"<!-- This site is optimized with the Yoast SEO plugin v26.8 - https:\/\/yoast.com\/product\/yoast-seo-wordpress\/ -->\n<title>Publier une carte de score sur le Centre de Connaissances ALMA Scorecard Hub - ALMA Scorecard Hub<\/title>\n<meta name=\"robots\" content=\"index, follow, max-snippet:-1, max-image-preview:large, max-video-preview:-1\" \/>\n<link rel=\"canonical\" href=\"https:\/\/scorecardhub.org\/fr\/swp-guide\/publish-a-scorecard-to-the-alma-scorecard-hub\/\" \/>\n<meta property=\"og:locale\" content=\"fr_FR\" \/>\n<meta property=\"og:type\" content=\"article\" \/>\n<meta property=\"og:title\" content=\"Publier une carte de score sur le Centre de Connaissances ALMA Scorecard Hub - ALMA Scorecard Hub\" \/>\n<meta property=\"og:description\" content=\"You can share your scorecard directly from the Scorecard Web Platform or as a PDF.\" \/>\n<meta property=\"og:url\" content=\"https:\/\/scorecardhub.org\/fr\/swp-guide\/publish-a-scorecard-to-the-alma-scorecard-hub\/\" \/>\n<meta property=\"og:site_name\" content=\"ALMA Scorecard Hub\" \/>\n<meta property=\"article:modified_time\" content=\"2021-04-23T08:29:30+00:00\" \/>\n<meta property=\"og:image\" content=\"https:\/\/scorecardhub.org\/wp-content\/uploads\/2021\/02\/thumbnail-scorecard-hub-logo.png\" \/>\n\t<meta property=\"og:image:width\" content=\"800\" \/>\n\t<meta property=\"og:image:height\" content=\"450\" \/>\n\t<meta property=\"og:image:type\" content=\"image\/png\" \/>\n<meta name=\"twitter:card\" content=\"summary_large_image\" \/>\n<meta name=\"twitter:site\" content=\"@ALMA_2030\" \/>\n<meta name=\"twitter:label1\" content=\"Dur\u00e9e de lecture estim\u00e9e\" \/>\n\t<meta name=\"twitter:data1\" content=\"3 minutes\" \/>\n<script type=\"application\/ld+json\" class=\"yoast-schema-graph\">{\"@context\":\"https:\/\/schema.org\",\"@graph\":[{\"@type\":\"WebPage\",\"@id\":\"https:\/\/scorecardhub.org\/fr\/swp-guide\/publish-a-scorecard-to-the-alma-scorecard-hub\/\",\"url\":\"https:\/\/scorecardhub.org\/fr\/swp-guide\/publish-a-scorecard-to-the-alma-scorecard-hub\/\",\"name\":\"Publier une carte de score sur le Centre de Connaissances ALMA Scorecard Hub - ALMA Scorecard Hub\",\"isPartOf\":{\"@id\":\"https:\/\/scorecardhub.org\/fr\/#website\"},\"primaryImageOfPage\":{\"@id\":\"https:\/\/scorecardhub.org\/fr\/swp-guide\/publish-a-scorecard-to-the-alma-scorecard-hub\/#primaryimage\"},\"image\":{\"@id\":\"https:\/\/scorecardhub.org\/fr\/swp-guide\/publish-a-scorecard-to-the-alma-scorecard-hub\/#primaryimage\"},\"thumbnailUrl\":\"https:\/\/scorecardhub.org\/wp-content\/uploads\/2021\/02\/thumbnail-scorecard-hub-logo.png\",\"datePublished\":\"2021-02-08T20:38:00+00:00\",\"dateModified\":\"2021-04-23T08:29:30+00:00\",\"breadcrumb\":{\"@id\":\"https:\/\/scorecardhub.org\/fr\/swp-guide\/publish-a-scorecard-to-the-alma-scorecard-hub\/#breadcrumb\"},\"inLanguage\":\"fr-FR\",\"potentialAction\":[{\"@type\":\"ReadAction\",\"target\":[\"https:\/\/scorecardhub.org\/fr\/swp-guide\/publish-a-scorecard-to-the-alma-scorecard-hub\/\"]}]},{\"@type\":\"ImageObject\",\"inLanguage\":\"fr-FR\",\"@id\":\"https:\/\/scorecardhub.org\/fr\/swp-guide\/publish-a-scorecard-to-the-alma-scorecard-hub\/#primaryimage\",\"url\":\"https:\/\/scorecardhub.org\/wp-content\/uploads\/2021\/02\/thumbnail-scorecard-hub-logo.png\",\"contentUrl\":\"https:\/\/scorecardhub.org\/wp-content\/uploads\/2021\/02\/thumbnail-scorecard-hub-logo.png\",\"width\":800,\"height\":450},{\"@type\":\"BreadcrumbList\",\"@id\":\"https:\/\/scorecardhub.org\/fr\/swp-guide\/publish-a-scorecard-to-the-alma-scorecard-hub\/#breadcrumb\",\"itemListElement\":[{\"@type\":\"ListItem\",\"position\":1,\"name\":\"Accueil\",\"item\":\"https:\/\/scorecardhub.org\/fr\/\"},{\"@type\":\"ListItem\",\"position\":2,\"name\":\"Guide de la plateforme Web de la carte de score\",\"item\":\"https:\/\/scorecardhub.org\/fr\/swp-guide\/\"},{\"@type\":\"ListItem\",\"position\":3,\"name\":\"Publier une carte de score sur le Centre de Connaissances ALMA Scorecard Hub\"}]},{\"@type\":\"WebSite\",\"@id\":\"https:\/\/scorecardhub.org\/fr\/#website\",\"url\":\"https:\/\/scorecardhub.org\/fr\/\",\"name\":\"ALMA Scorecard Hub\",\"description\":\"\",\"publisher\":{\"@id\":\"https:\/\/scorecardhub.org\/fr\/#organization\"},\"potentialAction\":[{\"@type\":\"SearchAction\",\"target\":{\"@type\":\"EntryPoint\",\"urlTemplate\":\"https:\/\/scorecardhub.org\/fr\/?s={search_term_string}\"},\"query-input\":{\"@type\":\"PropertyValueSpecification\",\"valueRequired\":true,\"valueName\":\"search_term_string\"}}],\"inLanguage\":\"fr-FR\"},{\"@type\":\"Organization\",\"@id\":\"https:\/\/scorecardhub.org\/fr\/#organization\",\"name\":\"ALMA Scorecard Hub\",\"url\":\"https:\/\/scorecardhub.org\/fr\/\",\"logo\":{\"@type\":\"ImageObject\",\"inLanguage\":\"fr-FR\",\"@id\":\"https:\/\/scorecardhub.org\/fr\/#\/schema\/logo\/image\/\",\"url\":\"https:\/\/scorecardhub.org\/wp-content\/uploads\/2021\/02\/alma_logo-1.svg\",\"contentUrl\":\"https:\/\/scorecardhub.org\/wp-content\/uploads\/2021\/02\/alma_logo-1.svg\",\"width\":276,\"height\":58,\"caption\":\"ALMA Scorecard Hub\"},\"image\":{\"@id\":\"https:\/\/scorecardhub.org\/fr\/#\/schema\/logo\/image\/\"},\"sameAs\":[\"https:\/\/x.com\/ALMA_2030\"]}]}<\/script>\n<!-- \/ Yoast SEO plugin. -->","yoast_head_json":{"title":"Publier une carte de score sur le Centre de Connaissances ALMA Scorecard Hub - ALMA Scorecard Hub","robots":{"index":"index","follow":"follow","max-snippet":"max-snippet:-1","max-image-preview":"max-image-preview:large","max-video-preview":"max-video-preview:-1"},"canonical":"https:\/\/scorecardhub.org\/fr\/swp-guide\/publish-a-scorecard-to-the-alma-scorecard-hub\/","og_locale":"fr_FR","og_type":"article","og_title":"Publier une carte de score sur le Centre de Connaissances ALMA Scorecard Hub - ALMA Scorecard Hub","og_description":"You can share your scorecard directly from the Scorecard Web Platform or as a PDF.","og_url":"https:\/\/scorecardhub.org\/fr\/swp-guide\/publish-a-scorecard-to-the-alma-scorecard-hub\/","og_site_name":"ALMA Scorecard Hub","article_modified_time":"2021-04-23T08:29:30+00:00","og_image":[{"width":800,"height":450,"url":"https:\/\/scorecardhub.org\/wp-content\/uploads\/2021\/02\/thumbnail-scorecard-hub-logo.png","type":"image\/png"}],"twitter_card":"summary_large_image","twitter_site":"@ALMA_2030","twitter_misc":{"Dur\u00e9e de lecture estim\u00e9e":"3 minutes"},"schema":{"@context":"https:\/\/schema.org","@graph":[{"@type":"WebPage","@id":"https:\/\/scorecardhub.org\/fr\/swp-guide\/publish-a-scorecard-to-the-alma-scorecard-hub\/","url":"https:\/\/scorecardhub.org\/fr\/swp-guide\/publish-a-scorecard-to-the-alma-scorecard-hub\/","name":"Publier une carte de score sur le Centre de Connaissances ALMA Scorecard Hub - ALMA Scorecard Hub","isPartOf":{"@id":"https:\/\/scorecardhub.org\/fr\/#website"},"primaryImageOfPage":{"@id":"https:\/\/scorecardhub.org\/fr\/swp-guide\/publish-a-scorecard-to-the-alma-scorecard-hub\/#primaryimage"},"image":{"@id":"https:\/\/scorecardhub.org\/fr\/swp-guide\/publish-a-scorecard-to-the-alma-scorecard-hub\/#primaryimage"},"thumbnailUrl":"https:\/\/scorecardhub.org\/wp-content\/uploads\/2021\/02\/thumbnail-scorecard-hub-logo.png","datePublished":"2021-02-08T20:38:00+00:00","dateModified":"2021-04-23T08:29:30+00:00","breadcrumb":{"@id":"https:\/\/scorecardhub.org\/fr\/swp-guide\/publish-a-scorecard-to-the-alma-scorecard-hub\/#breadcrumb"},"inLanguage":"fr-FR","potentialAction":[{"@type":"ReadAction","target":["https:\/\/scorecardhub.org\/fr\/swp-guide\/publish-a-scorecard-to-the-alma-scorecard-hub\/"]}]},{"@type":"ImageObject","inLanguage":"fr-FR","@id":"https:\/\/scorecardhub.org\/fr\/swp-guide\/publish-a-scorecard-to-the-alma-scorecard-hub\/#primaryimage","url":"https:\/\/scorecardhub.org\/wp-content\/uploads\/2021\/02\/thumbnail-scorecard-hub-logo.png","contentUrl":"https:\/\/scorecardhub.org\/wp-content\/uploads\/2021\/02\/thumbnail-scorecard-hub-logo.png","width":800,"height":450},{"@type":"BreadcrumbList","@id":"https:\/\/scorecardhub.org\/fr\/swp-guide\/publish-a-scorecard-to-the-alma-scorecard-hub\/#breadcrumb","itemListElement":[{"@type":"ListItem","position":1,"name":"Accueil","item":"https:\/\/scorecardhub.org\/fr\/"},{"@type":"ListItem","position":2,"name":"Guide de la plateforme Web de la carte de score","item":"https:\/\/scorecardhub.org\/fr\/swp-guide\/"},{"@type":"ListItem","position":3,"name":"Publier une carte de score sur le Centre de Connaissances ALMA Scorecard Hub"}]},{"@type":"WebSite","@id":"https:\/\/scorecardhub.org\/fr\/#website","url":"https:\/\/scorecardhub.org\/fr\/","name":"ALMA Scorecard Hub","description":"","publisher":{"@id":"https:\/\/scorecardhub.org\/fr\/#organization"},"potentialAction":[{"@type":"SearchAction","target":{"@type":"EntryPoint","urlTemplate":"https:\/\/scorecardhub.org\/fr\/?s={search_term_string}"},"query-input":{"@type":"PropertyValueSpecification","valueRequired":true,"valueName":"search_term_string"}}],"inLanguage":"fr-FR"},{"@type":"Organization","@id":"https:\/\/scorecardhub.org\/fr\/#organization","name":"ALMA Scorecard Hub","url":"https:\/\/scorecardhub.org\/fr\/","logo":{"@type":"ImageObject","inLanguage":"fr-FR","@id":"https:\/\/scorecardhub.org\/fr\/#\/schema\/logo\/image\/","url":"https:\/\/scorecardhub.org\/wp-content\/uploads\/2021\/02\/alma_logo-1.svg","contentUrl":"https:\/\/scorecardhub.org\/wp-content\/uploads\/2021\/02\/alma_logo-1.svg","width":276,"height":58,"caption":"ALMA Scorecard Hub"},"image":{"@id":"https:\/\/scorecardhub.org\/fr\/#\/schema\/logo\/image\/"},"sameAs":["https:\/\/x.com\/ALMA_2030"]}]}},"_links":{"self":[{"href":"https:\/\/scorecardhub.org\/fr\/wp-json\/wp\/v2\/pages\/16952","targetHints":{"allow":["GET"]}}],"collection":[{"href":"https:\/\/scorecardhub.org\/fr\/wp-json\/wp\/v2\/pages"}],"about":[{"href":"https:\/\/scorecardhub.org\/fr\/wp-json\/wp\/v2\/types\/page"}],"author":[{"embeddable":true,"href":"https:\/\/scorecardhub.org\/fr\/wp-json\/wp\/v2\/users\/14"}],"replies":[{"embeddable":true,"href":"https:\/\/scorecardhub.org\/fr\/wp-json\/wp\/v2\/comments?post=16952"}],"version-history":[{"count":5,"href":"https:\/\/scorecardhub.org\/fr\/wp-json\/wp\/v2\/pages\/16952\/revisions"}],"predecessor-version":[{"id":21665,"href":"https:\/\/scorecardhub.org\/fr\/wp-json\/wp\/v2\/pages\/16952\/revisions\/21665"}],"up":[{"embeddable":true,"href":"https:\/\/scorecardhub.org\/fr\/wp-json\/wp\/v2\/pages\/25534"}],"wp:featuredmedia":[{"embeddable":true,"href":"https:\/\/scorecardhub.org\/fr\/wp-json\/wp\/v2\/media\/16886"}],"wp:attachment":[{"href":"https:\/\/scorecardhub.org\/fr\/wp-json\/wp\/v2\/media?parent=16952"}],"curies":[{"name":"wp","href":"https:\/\/api.w.org\/{rel}","templated":true}]}}