{"id":16229,"date":"2021-02-09T08:55:15","date_gmt":"2021-02-09T08:55:15","guid":{"rendered":"https:\/\/scorecardhub.org\/guides-et-boites-a-outils\/country-level-scorecard-tool-introduction\/"},"modified":"2025-08-01T10:10:54","modified_gmt":"2025-08-01T10:10:54","slug":"introduction-a-l-outil-de-carte-de-score-pays","status":"publish","type":"page","link":"https:\/\/scorecardhub.org\/fr\/guides-et-boites-a-outils\/introduction-a-l-outil-de-carte-de-score-pays\/","title":{"rendered":"Introduction \u00e0 l\u2019outil de carte de score pays"},"content":{"rendered":"\n<h2 class=\"wp-block-heading\">Qu\u2019est-ce qu\u2019un outil de carte de score pays<\/h2>\n\n\n\n<p>Les cartes de score pays sont des outils g\u00e9r\u00e9s par les pays, utilis\u00e9s pour :<\/p>\n\n\n\n<ul class=\"wp-block-list\">\n<li>Effectuer le suivi des performances de sant\u00e9 nationales et sous-nationales ;<\/li>\n\n\n\n<li>Identifier les goulots d\u2019\u00e9tranglement ou les lacunes ;<\/li>\n\n\n\n<li>Augmenter la redevabilit\u00e9 ;<\/li>\n\n\n\n<li>Am\u00e9liorer la prise de d\u00e9cision pour conduire l\u2019action.<\/li>\n<\/ul>\n\n\n\n<p>Un outil de carte de score pays fournit un instantan\u00e9 de la performance d\u2019un pays en mati\u00e8re de sant\u00e9 \u00e0 travers :<\/p>\n\n\n\n<ul class=\"wp-block-list\">\n<li>Un outil de carte de score \u00e0 code couleur pour aider \u00e0 effectuer le suivi de la performance des indicateurs prioritaires ;<\/li>\n\n\n\n<li>L\u2019utilisation des donn\u00e9es existantes obtenues trimestriellement de sources r\u00e9guli\u00e8res comme le DHIS2 ainsi que de tous les autres syst\u00e8mes d\u2019information de gestion de sant\u00e9 ;<\/li>\n\n\n\n<li>Int\u00e9grer l\u2019outil de carte de score dans les processus de redevabilit\u00e9 et de gestion existants.<\/li>\n<\/ul>\n\n\n\n<p class=\"has-white-color has-text-color has-background\" style=\"background-color:#6f0710\"><strong>Derni\u00e8res donn\u00e9es des cartes de score&nbsp;<\/strong><br>Le Centre de Connaissances \u00b4ALMA Scorecard Hub\u2019 h\u00e9bergent les donn\u00e9es de sant\u00e9 des cartes de scores publi\u00e9es directement par les minist\u00e8res africains de la sant\u00e9.<br><br><a href=\"https:\/\/scorecardhub.org\/fr\/cartes-de-score\/\">Afficher les cartes de scores les plus r\u00e9centes<\/a><\/p>\n\n\n\n<h3 class=\"wp-block-heading\">Types d\u2019outils de carte de score pays<\/h3>\n\n\n\n<p>Chaque outil de carte de score pays est compos\u00e9 de plusieurs indicateurs utilis\u00e9s pour \u00e9valuer les priorit\u00e9s en mati\u00e8re de sant\u00e9 nationale. Chez l\u2019Alliance des Dirigeants Africains contre le Paludisme (African Leaders Malaria Alliance, ou ALMA), nous avons aid\u00e9 40 pays \u00e0 travers l\u2019Afrique \u00e0 int\u00e9grer les outils de carte de score pays. Il existe \u00e0 l\u2019heure actuelle :<\/p>\n\n\n\n<ul class=\"wp-block-list\">\n<li>43 outils de carte de score pays Paludisme ;<\/li>\n\n\n\n<li>32 outils de carte de score pays SRMNIA (sant\u00e9 de la reproduction, maternelle, n\u00e9onatale, infantile, des adolescents et de la nutrition) ;<\/li>\n\n\n\n<li>22 outils de carte de score pays MTN (maladies tropicales n\u00e9glig\u00e9es) ;<\/li>\n\n\n\n<li>4 outils de carte de score pays nutrition.<\/li>\n<\/ul>\n\n\n\n<h3 class=\"wp-block-heading\">Utilisation de la plateforme web de la carte de score pour g\u00e9rer l\u2019outil de carte de score pays<\/h3>\n\n\n\n<p>La plateforme web de la carte de score est un service en ligne que vous pouvez utiliser pour g\u00e9rer votre outil de carte de score. La plateforme web permet aux pays de :<\/p>\n\n\n\n<ul class=\"wp-block-list\">\n<li>Consulter et analyser leur outil de carte de score \u00e0 code couleur ;<\/li>\n\n\n\n<li>Visualiser les donn\u00e9es sous la forme de diagrammes et de graphiques ;<\/li>\n\n\n\n<li>Surveiller les progr\u00e8s r\u00e9alis\u00e9s par les actions avec la fonctionnalit\u00e9 de suivi des actions ;<\/li>\n\n\n\n<li>Surveiller la mise en \u0153uvre des plans de travail avec le gestionnaire de plan de travail.<\/li>\n<\/ul>\n\n\n\n<p>Vous pouvez acc\u00e9der \u00e0 la plateforme web \u00e0 travers un navigateur web (Chrome, Safari ou Firefox par exemple) ou par le biais d\u2019applications mobiles pour les appareils Android, les iPhone et les iPad.<\/p>\n\n\n\n<p>Nous avons cr\u00e9\u00e9 \u00e0 ALMA la plateforme web. Nous continuons d\u2019entretenir, de soutenir et de mettre \u00e0 jour le service en ligne. Les minist\u00e8res de la sant\u00e9 africains peuvent l\u2019utiliser gratuitement. Contactez-nous pour obtenir un acc\u00e8s \u00e0 la plateforme web de la carte de score.<\/p>\n\n\n\n<h2 class=\"wp-block-heading\">B\u00e9n\u00e9fices des outils de carte de score pays<\/h2>\n\n\n\n<p>De nombreux b\u00e9n\u00e9fices existent \u00e0 l\u2019introduction d\u2019un outil de carte de score pays. L\u2019outil peut servir \u00e0 large \u00e9ventail d\u2019individus occupant diff\u00e9rents postes, comme :<\/p>\n\n\n\n<figure class=\"wp-block-table\"><table><tbody><tr><td><strong>Postes<\/strong><\/td><td><strong>B\u00e9n\u00e9fices<\/strong><\/td><\/tr><tr><td><strong>Responsables politiques (chefs d\u2019Etat et de gouvernement, Ministres de la Sant\u00e9, d\u00e9put\u00e9s et chefs locaux)<\/strong><\/td><td>Deviennent conscients des progr\u00e8s, lacunes et bonnes pratiques Utilisent leurs ressources et pr\u00e9rogatives politiques pour soutenir les programmes de sant\u00e9 qui importent le plus Peuvent voir en temps r\u00e9el les donn\u00e9es sur l\u2019application mobile de la plateforme web de la carte de score<\/td><\/tr><tr><td><strong>Directeurs et responsables du Minist\u00e8re de la Sant\u00e9<\/strong><\/td><td>Deviennent conscients des progr\u00e8s, lacunes et meilleures pratiques Deviennent redevables quant \u00e0 leur performance devant leurs sup\u00e9rieurs et leurs pairs Utilisent le gestionnaire de plan de travail de la carte de score pour suivre les \u00e9tapes cl\u00e9s de la mise en \u0153uvre afin de donner forme \u00e0 la programmation<\/td><\/tr><tr><td><strong>Partenaires internationaux et nationaux<\/strong><\/td><td>Conduisent des analyses jointes en collaboration avec les programmes pertinents sur les \u00e9ventuels goulots d\u2019\u00e9tranglement Proposent et mettent en \u0153uvre les points d\u2019action Privil\u00e9gient le soutien et \u00e9valuent l\u2019impact des investissements<\/td><\/tr><tr><td><strong>Repr\u00e9sentants des communaut\u00e9s<\/strong><\/td><td>Fournissent des informations sur la qualit\u00e9 de soin Poussent les communaut\u00e9s \u00e0 agir sur les indicateurs sous-performants<\/td><\/tr><\/tbody><\/table><\/figure>\n\n\n\n<h2 class=\"wp-block-heading\">Comment l\u2019outil de carte de score pays fonctionne<\/h2>\n\n\n\n<p>Le processus de l\u2019outil de carte de score pays comporte 4 \u00e9tapes. En suivant ces 4 \u00e9tapes et en int\u00e9grant l\u2019outil dans les structures de redevabilit\u00e9 existantes, l\u2019outil de carte de score peut avoir un futur durable.<\/p>\n\n\n\n<p>Ce processus survient de mani\u00e8re r\u00e9guli\u00e8re (chaque trimestre par exemple). Les 4 \u00e9tapes sont :<\/p>\n\n\n\n<ol class=\"wp-block-list\">\n<li>Nourrir l\u2019outil de carte de score pays avec des donn\u00e9es provenant de sources pr\u00e9-existantes ;<\/li>\n\n\n\n<li>Passer en revue et programmer des solutions aux probl\u00e8mes au sein des processus de gestion existants ;<\/li>\n\n\n\n<li>Mener les actions ;<\/li>\n\n\n\n<li>Effectuer le suivi des progr\u00e8s relatifs aux actions men\u00e9es.<\/li>\n<\/ol>\n\n\n\n<p>Ce cycle compos\u00e9 de 4 \u00e9tapes est r\u00e9p\u00e9t\u00e9 de mani\u00e8re r\u00e9guli\u00e8re selon les besoins de votre pays. Si les actions sont mises en \u0153uvre avec succ\u00e8s vous devriez constater une am\u00e9lioration de la performance sur l\u2019outil de gestion de la carte de score.<\/p>\n\n\n\n<h3 class=\"wp-block-heading\">Etape 1 : Nourrir l\u2019outil de carte de score avec des donn\u00e9es provenant de sources existantes<\/h3>\n\n\n\n<p>De mani\u00e8re r\u00e9guli\u00e8re (chaque trimestre par exemple), l\u2019outil de gestion de la carte de score est mis \u00e0 jour avec les derni\u00e8res donn\u00e9es disponibles.<\/p>\n\n\n\n<p>Certains pays utilisent la plateforme web de carte de score afin de cr\u00e9er rapidement des cartes de score \u00e0 code couleur pour identifier ais\u00e9ment les probl\u00e8mes et concentrer les efforts sur les points n\u00e9cessaires.<\/p>\n\n\n\n<h3 class=\"wp-block-heading\">Etape 2 : Passer en revue et programmer des solutions aux probl\u00e8mes au sein des processus de gestion existants<\/h3>\n\n\n\n<p>L\u2019outil de gestion de la carte de score est discut\u00e9 dans le cadre des processus de gestion existants (tels que les r\u00e9unions trimestrielles d\u2019examen au niveau national et sous-national). Au cours de ces r\u00e9unions :<\/p>\n\n\n\n<ul class=\"wp-block-list\">\n<li>Les indicateurs et outils de carte de score sont pass\u00e9s en revue ;<\/li>\n\n\n\n<li>Les actions sont cr\u00e9\u00e9es afin de r\u00e9pondre aux indicateurs sous-performants ;<\/li>\n\n\n\n<li>Les actions sont assign\u00e9es \u00e0 des personnes sp\u00e9cifiques ;<\/li>\n\n\n\n<li>Les actions sont document\u00e9es sous la forme de plans d\u2019action pour une meilleure redevabilit\u00e9.<\/li>\n<\/ul>\n\n\n\n<p>Nous recommandons de reporter les actions dans la fonctionnalit\u00e9 de suivi de la plateforme web de la carte de score pour de meilleurs suivi, transparence et redevabilit\u00e9.<\/p>\n\n\n\n<h3 class=\"wp-block-heading\">Etape 3 : Mener les actions<\/h3>\n\n\n\n<p>Les repr\u00e9sentants du gouvernement et les partenaires travaillent ensemble afin de mener \u00e0 bien les actions d\u00e9finies \u00e0 l\u2019\u00e9tape 2.<\/p>\n\n\n\n<h3 class=\"wp-block-heading\">Etape 4 : Effectuer le suivi des progr\u00e8s relatifs aux actions men\u00e9es<\/h3>\n\n\n\n<p>Les repr\u00e9sentants du gouvernement et les partenaires effectuent un suivi des progr\u00e8s men\u00e9s par les actions. Ils doivent fournir un soutien additionnel aux actions qui sont dans le rouge pour s\u2019assurer que les probl\u00e8mes sont r\u00e9gl\u00e9s. Les progr\u00e8s men\u00e9s par les actions font l\u2019objet d\u2019un rapport lors de la prochaine session de notation (trois mois plus tard par exemple).<\/p>\n\n\n\n<h2 class=\"wp-block-heading\">Types d\u2019indicateurs utilis\u00e9s dans les outils de carte de score pays<\/h2>\n\n\n\n<p>Les indicateurs sur les outils de carte de score pays peuvent d\u00e9pendre d\u2019un pays \u00e0 un autre. Les pays choisissent en g\u00e9n\u00e9ral des indicateurs qui refl\u00e8tent leurs priorit\u00e9s bas\u00e9es sur leurs strat\u00e9gies de sant\u00e9 nationales.<\/p>\n\n\n\n<p>Les indicateurs doivent \u00eatre faciles \u00e0 comprendre et poss\u00e9der des donn\u00e9es qui puissent faire l\u2019objet d\u2019un suivi. Voici des exemples d\u2019indicateurs :<\/p>\n\n\n\n<ul class=\"wp-block-list\">\n<li>La proportion de la population cible ayant re\u00e7u des moustiquaires impr\u00e9gn\u00e9es \u00e0 action durable (MILDA) ;<\/li>\n\n\n\n<li>La proportion des cas de paludisme d\u00e9tect\u00e9s par les syst\u00e8mes de surveillance ;<\/li>\n\n\n\n<li>Le nombre de morts li\u00e9s au paludisme par 100 000 personnes et par an.<\/li>\n<\/ul>\n\n\n\n<h2 class=\"wp-block-heading\">Exemples de pays ayant recours \u00e0 des outils de carte de score pays<\/h2>\n\n\n\n<p>Chez ALMA nous avons aid\u00e9 40 pays \u00e0 travers l\u2019Afrique \u00e0 introduire des outils de carte de score pays. Voici des exemples d\u2019outils de carte de score Paludisme et SRMNIA.<\/p>\n\n\n\n<h3 class=\"wp-block-heading\">L\u2019exp\u00e9rience de la Zambie avec les outils de carte de score pays paludisme<\/h3>\n\n\n\n<p>En analysant la carte de score, les repr\u00e9sentants gouvernementaux ont vu que la proportion de femmes enceintes recevant 3 doses de TPI dans le cadre des soins ant\u00e9natals \u00e9tait bas dans tous les districts de la province de Luapula. Sur l\u2019outil de carte de score \u00e0 code couleur l\u2019indicateur correspondant \u00e9tait rouge, illustrant les lacunes en la mati\u00e8re.<\/p>\n\n\n\n<p>Une fois le probl\u00e8me identifi\u00e9, le bureau de sant\u00e9 de province a conseill\u00e9 aux districts d\u2019avoir recours \u00e0 un financement bas\u00e9 sur les r\u00e9sultats afin de se procurer de la sulfadoxine-pyrim\u00e9thamine localement. Cela a conduit \u00e0 une augmentation de la couverture du traitement pr\u00e9ventif intermittent du paludisme pour les femmes enceintes de 42% \u00e0 83% dans la province.<\/p>\n\n\n\n<p><a href=\"https:\/\/scorecardhub.org\/fr\/bonnes-pratiques\/?c=zambie-fr&amp;y=all&amp;cat=carte-de-score-paludisme&amp;k=\">En savoir plus sur l\u2019exp\u00e9rience de la Zambie avec l\u2019outil de carte de score pays Paludisme<\/a>.<\/p>\n\n\n\n<h3 class=\"wp-block-heading\">L\u2019exp\u00e9rience du Kenya avec les outils de carte de score pays SRMNIA<\/h3>\n\n\n\n<p>En analysant la carte de score, les repr\u00e9sentants gouvernementaux ont r\u00e9alis\u00e9 que le taux d\u2019immunisation compl\u00e8te des enfants baissait dans le comt\u00e9 de Bungoma.<\/p>\n\n\n\n<p>Les repr\u00e9sentants gouvernementaux ont travaill\u00e9 avec les partenaires pour r\u00e9soudre ce probl\u00e8me. Ils se sont assur\u00e9s que tous les \u00e9tablissements de vaccination offraient des services d\u2019immunisation quotidiens et ont augment\u00e9 leur port\u00e9e aupr\u00e8s de la communaut\u00e9. Cela a conduit \u00e0 une augmentation de 48% \u00e0 82% du taux de couverture d\u2019immunisation.<\/p>\n\n\n\n<p><a href=\"https:\/\/scorecardhub.org\/fr\/bonnes-pratiques\/?c=kenya&amp;y=all&amp;cat=carte-de-score-srmnia&amp;k=\">En savoir plus sur l\u2019exp\u00e9rience du Kenya avec l\u2019outil de carte de score pays SRMNIA<\/a>.<\/p>\n","protected":false},"excerpt":{"rendered":"<p>Les pays utilisent les cartes de score nationales pour suivre les progr\u00e8s en mati\u00e8re de paludisme, de SRMNIA, de MTN, de nutrition et de sant\u00e9 communautaire.<\/p>\n","protected":false},"author":14,"featured_media":11899,"parent":14834,"menu_order":0,"comment_status":"closed","ping_status":"closed","template":"resource-like-template.php","meta":{"footnotes":""},"class_list":["post-16229","page","type-page","status-publish","has-post-thumbnail","hentry"],"acf":[],"yoast_head":"<!-- This site is optimized with the Yoast SEO plugin v26.8 - https:\/\/yoast.com\/product\/yoast-seo-wordpress\/ -->\n<title>Introduction \u00e0 l\u2019outil de carte de score pays - ALMA Scorecard Hub<\/title>\n<meta name=\"robots\" content=\"index, follow, max-snippet:-1, max-image-preview:large, max-video-preview:-1\" \/>\n<link rel=\"canonical\" href=\"https:\/\/scorecardhub.org\/fr\/guides-et-boites-a-outils\/introduction-a-l-outil-de-carte-de-score-pays\/\" \/>\n<meta property=\"og:locale\" content=\"fr_FR\" \/>\n<meta property=\"og:type\" content=\"article\" \/>\n<meta property=\"og:title\" content=\"Introduction \u00e0 l\u2019outil de carte de score pays - ALMA Scorecard Hub\" \/>\n<meta property=\"og:description\" content=\"Les pays utilisent les cartes de score nationales pour suivre les progr\u00e8s en mati\u00e8re de paludisme, de SRMNIA, de MTN, de nutrition et de sant\u00e9 communautaire.\" \/>\n<meta property=\"og:url\" content=\"https:\/\/scorecardhub.org\/fr\/guides-et-boites-a-outils\/introduction-a-l-outil-de-carte-de-score-pays\/\" \/>\n<meta property=\"og:site_name\" content=\"ALMA Scorecard Hub\" \/>\n<meta property=\"article:modified_time\" content=\"2025-08-01T10:10:54+00:00\" \/>\n<meta property=\"og:image\" content=\"https:\/\/scorecardhub.org\/wp-content\/uploads\/2021\/01\/ghana-summary.png\" \/>\n\t<meta property=\"og:image:width\" content=\"674\" \/>\n\t<meta property=\"og:image:height\" content=\"450\" \/>\n\t<meta property=\"og:image:type\" content=\"image\/png\" \/>\n<meta name=\"twitter:card\" content=\"summary_large_image\" \/>\n<meta name=\"twitter:site\" content=\"@ALMA_2030\" \/>\n<meta name=\"twitter:label1\" content=\"Dur\u00e9e de lecture estim\u00e9e\" \/>\n\t<meta name=\"twitter:data1\" content=\"7 minutes\" \/>\n<script type=\"application\/ld+json\" class=\"yoast-schema-graph\">{\"@context\":\"https:\/\/schema.org\",\"@graph\":[{\"@type\":\"WebPage\",\"@id\":\"https:\/\/scorecardhub.org\/fr\/guides-et-boites-a-outils\/introduction-a-l-outil-de-carte-de-score-pays\/\",\"url\":\"https:\/\/scorecardhub.org\/fr\/guides-et-boites-a-outils\/introduction-a-l-outil-de-carte-de-score-pays\/\",\"name\":\"Introduction \u00e0 l\u2019outil de carte de score pays - ALMA Scorecard Hub\",\"isPartOf\":{\"@id\":\"https:\/\/scorecardhub.org\/fr\/#website\"},\"primaryImageOfPage\":{\"@id\":\"https:\/\/scorecardhub.org\/fr\/guides-et-boites-a-outils\/introduction-a-l-outil-de-carte-de-score-pays\/#primaryimage\"},\"image\":{\"@id\":\"https:\/\/scorecardhub.org\/fr\/guides-et-boites-a-outils\/introduction-a-l-outil-de-carte-de-score-pays\/#primaryimage\"},\"thumbnailUrl\":\"https:\/\/scorecardhub.org\/wp-content\/uploads\/2021\/01\/ghana-summary.png\",\"datePublished\":\"2021-02-09T08:55:15+00:00\",\"dateModified\":\"2025-08-01T10:10:54+00:00\",\"breadcrumb\":{\"@id\":\"https:\/\/scorecardhub.org\/fr\/guides-et-boites-a-outils\/introduction-a-l-outil-de-carte-de-score-pays\/#breadcrumb\"},\"inLanguage\":\"fr-FR\",\"potentialAction\":[{\"@type\":\"ReadAction\",\"target\":[\"https:\/\/scorecardhub.org\/fr\/guides-et-boites-a-outils\/introduction-a-l-outil-de-carte-de-score-pays\/\"]}]},{\"@type\":\"ImageObject\",\"inLanguage\":\"fr-FR\",\"@id\":\"https:\/\/scorecardhub.org\/fr\/guides-et-boites-a-outils\/introduction-a-l-outil-de-carte-de-score-pays\/#primaryimage\",\"url\":\"https:\/\/scorecardhub.org\/wp-content\/uploads\/2021\/01\/ghana-summary.png\",\"contentUrl\":\"https:\/\/scorecardhub.org\/wp-content\/uploads\/2021\/01\/ghana-summary.png\",\"width\":674,\"height\":450},{\"@type\":\"BreadcrumbList\",\"@id\":\"https:\/\/scorecardhub.org\/fr\/guides-et-boites-a-outils\/introduction-a-l-outil-de-carte-de-score-pays\/#breadcrumb\",\"itemListElement\":[{\"@type\":\"ListItem\",\"position\":1,\"name\":\"Accueil\",\"item\":\"https:\/\/scorecardhub.org\/fr\/\"},{\"@type\":\"ListItem\",\"position\":2,\"name\":\"Guides et bo\u00eetes \u00e0 outils\",\"item\":\"https:\/\/scorecardhub.org\/fr\/guides-et-boites-a-outils\/\"},{\"@type\":\"ListItem\",\"position\":3,\"name\":\"Introduction \u00e0 l\u2019outil de carte de score pays\"}]},{\"@type\":\"WebSite\",\"@id\":\"https:\/\/scorecardhub.org\/fr\/#website\",\"url\":\"https:\/\/scorecardhub.org\/fr\/\",\"name\":\"ALMA Scorecard Hub\",\"description\":\"\",\"publisher\":{\"@id\":\"https:\/\/scorecardhub.org\/fr\/#organization\"},\"potentialAction\":[{\"@type\":\"SearchAction\",\"target\":{\"@type\":\"EntryPoint\",\"urlTemplate\":\"https:\/\/scorecardhub.org\/fr\/?s={search_term_string}\"},\"query-input\":{\"@type\":\"PropertyValueSpecification\",\"valueRequired\":true,\"valueName\":\"search_term_string\"}}],\"inLanguage\":\"fr-FR\"},{\"@type\":\"Organization\",\"@id\":\"https:\/\/scorecardhub.org\/fr\/#organization\",\"name\":\"ALMA Scorecard Hub\",\"url\":\"https:\/\/scorecardhub.org\/fr\/\",\"logo\":{\"@type\":\"ImageObject\",\"inLanguage\":\"fr-FR\",\"@id\":\"https:\/\/scorecardhub.org\/fr\/#\/schema\/logo\/image\/\",\"url\":\"https:\/\/scorecardhub.org\/wp-content\/uploads\/2021\/02\/alma_logo-1.svg\",\"contentUrl\":\"https:\/\/scorecardhub.org\/wp-content\/uploads\/2021\/02\/alma_logo-1.svg\",\"width\":276,\"height\":58,\"caption\":\"ALMA Scorecard Hub\"},\"image\":{\"@id\":\"https:\/\/scorecardhub.org\/fr\/#\/schema\/logo\/image\/\"},\"sameAs\":[\"https:\/\/x.com\/ALMA_2030\"]}]}<\/script>\n<!-- \/ Yoast SEO plugin. -->","yoast_head_json":{"title":"Introduction \u00e0 l\u2019outil de carte de score pays - ALMA Scorecard Hub","robots":{"index":"index","follow":"follow","max-snippet":"max-snippet:-1","max-image-preview":"max-image-preview:large","max-video-preview":"max-video-preview:-1"},"canonical":"https:\/\/scorecardhub.org\/fr\/guides-et-boites-a-outils\/introduction-a-l-outil-de-carte-de-score-pays\/","og_locale":"fr_FR","og_type":"article","og_title":"Introduction \u00e0 l\u2019outil de carte de score pays - ALMA Scorecard Hub","og_description":"Les pays utilisent les cartes de score nationales pour suivre les progr\u00e8s en mati\u00e8re de paludisme, de SRMNIA, de MTN, de nutrition et de sant\u00e9 communautaire.","og_url":"https:\/\/scorecardhub.org\/fr\/guides-et-boites-a-outils\/introduction-a-l-outil-de-carte-de-score-pays\/","og_site_name":"ALMA Scorecard Hub","article_modified_time":"2025-08-01T10:10:54+00:00","og_image":[{"width":674,"height":450,"url":"https:\/\/scorecardhub.org\/wp-content\/uploads\/2021\/01\/ghana-summary.png","type":"image\/png"}],"twitter_card":"summary_large_image","twitter_site":"@ALMA_2030","twitter_misc":{"Dur\u00e9e de lecture estim\u00e9e":"7 minutes"},"schema":{"@context":"https:\/\/schema.org","@graph":[{"@type":"WebPage","@id":"https:\/\/scorecardhub.org\/fr\/guides-et-boites-a-outils\/introduction-a-l-outil-de-carte-de-score-pays\/","url":"https:\/\/scorecardhub.org\/fr\/guides-et-boites-a-outils\/introduction-a-l-outil-de-carte-de-score-pays\/","name":"Introduction \u00e0 l\u2019outil de carte de score pays - ALMA Scorecard Hub","isPartOf":{"@id":"https:\/\/scorecardhub.org\/fr\/#website"},"primaryImageOfPage":{"@id":"https:\/\/scorecardhub.org\/fr\/guides-et-boites-a-outils\/introduction-a-l-outil-de-carte-de-score-pays\/#primaryimage"},"image":{"@id":"https:\/\/scorecardhub.org\/fr\/guides-et-boites-a-outils\/introduction-a-l-outil-de-carte-de-score-pays\/#primaryimage"},"thumbnailUrl":"https:\/\/scorecardhub.org\/wp-content\/uploads\/2021\/01\/ghana-summary.png","datePublished":"2021-02-09T08:55:15+00:00","dateModified":"2025-08-01T10:10:54+00:00","breadcrumb":{"@id":"https:\/\/scorecardhub.org\/fr\/guides-et-boites-a-outils\/introduction-a-l-outil-de-carte-de-score-pays\/#breadcrumb"},"inLanguage":"fr-FR","potentialAction":[{"@type":"ReadAction","target":["https:\/\/scorecardhub.org\/fr\/guides-et-boites-a-outils\/introduction-a-l-outil-de-carte-de-score-pays\/"]}]},{"@type":"ImageObject","inLanguage":"fr-FR","@id":"https:\/\/scorecardhub.org\/fr\/guides-et-boites-a-outils\/introduction-a-l-outil-de-carte-de-score-pays\/#primaryimage","url":"https:\/\/scorecardhub.org\/wp-content\/uploads\/2021\/01\/ghana-summary.png","contentUrl":"https:\/\/scorecardhub.org\/wp-content\/uploads\/2021\/01\/ghana-summary.png","width":674,"height":450},{"@type":"BreadcrumbList","@id":"https:\/\/scorecardhub.org\/fr\/guides-et-boites-a-outils\/introduction-a-l-outil-de-carte-de-score-pays\/#breadcrumb","itemListElement":[{"@type":"ListItem","position":1,"name":"Accueil","item":"https:\/\/scorecardhub.org\/fr\/"},{"@type":"ListItem","position":2,"name":"Guides et bo\u00eetes \u00e0 outils","item":"https:\/\/scorecardhub.org\/fr\/guides-et-boites-a-outils\/"},{"@type":"ListItem","position":3,"name":"Introduction \u00e0 l\u2019outil de carte de score pays"}]},{"@type":"WebSite","@id":"https:\/\/scorecardhub.org\/fr\/#website","url":"https:\/\/scorecardhub.org\/fr\/","name":"ALMA Scorecard Hub","description":"","publisher":{"@id":"https:\/\/scorecardhub.org\/fr\/#organization"},"potentialAction":[{"@type":"SearchAction","target":{"@type":"EntryPoint","urlTemplate":"https:\/\/scorecardhub.org\/fr\/?s={search_term_string}"},"query-input":{"@type":"PropertyValueSpecification","valueRequired":true,"valueName":"search_term_string"}}],"inLanguage":"fr-FR"},{"@type":"Organization","@id":"https:\/\/scorecardhub.org\/fr\/#organization","name":"ALMA Scorecard Hub","url":"https:\/\/scorecardhub.org\/fr\/","logo":{"@type":"ImageObject","inLanguage":"fr-FR","@id":"https:\/\/scorecardhub.org\/fr\/#\/schema\/logo\/image\/","url":"https:\/\/scorecardhub.org\/wp-content\/uploads\/2021\/02\/alma_logo-1.svg","contentUrl":"https:\/\/scorecardhub.org\/wp-content\/uploads\/2021\/02\/alma_logo-1.svg","width":276,"height":58,"caption":"ALMA Scorecard Hub"},"image":{"@id":"https:\/\/scorecardhub.org\/fr\/#\/schema\/logo\/image\/"},"sameAs":["https:\/\/x.com\/ALMA_2030"]}]}},"_links":{"self":[{"href":"https:\/\/scorecardhub.org\/fr\/wp-json\/wp\/v2\/pages\/16229","targetHints":{"allow":["GET"]}}],"collection":[{"href":"https:\/\/scorecardhub.org\/fr\/wp-json\/wp\/v2\/pages"}],"about":[{"href":"https:\/\/scorecardhub.org\/fr\/wp-json\/wp\/v2\/types\/page"}],"author":[{"embeddable":true,"href":"https:\/\/scorecardhub.org\/fr\/wp-json\/wp\/v2\/users\/14"}],"replies":[{"embeddable":true,"href":"https:\/\/scorecardhub.org\/fr\/wp-json\/wp\/v2\/comments?post=16229"}],"version-history":[{"count":5,"href":"https:\/\/scorecardhub.org\/fr\/wp-json\/wp\/v2\/pages\/16229\/revisions"}],"predecessor-version":[{"id":108448,"href":"https:\/\/scorecardhub.org\/fr\/wp-json\/wp\/v2\/pages\/16229\/revisions\/108448"}],"up":[{"embeddable":true,"href":"https:\/\/scorecardhub.org\/fr\/wp-json\/wp\/v2\/pages\/14834"}],"wp:featuredmedia":[{"embeddable":true,"href":"https:\/\/scorecardhub.org\/fr\/wp-json\/wp\/v2\/media\/11899"}],"wp:attachment":[{"href":"https:\/\/scorecardhub.org\/fr\/wp-json\/wp\/v2\/media?parent=16229"}],"curies":[{"name":"wp","href":"https:\/\/api.w.org\/{rel}","templated":true}]}}